{"id":99,"date":"2021-03-09T21:54:41","date_gmt":"2021-03-09T20:54:41","guid":{"rendered":"https:\/\/pb.edu.pl\/auich\/?page_id=99"},"modified":"2025-07-14T13:36:09","modified_gmt":"2025-07-14T11:36:09","slug":"edukacja","status":"publish","type":"page","link":"https:\/\/pb.edu.pl\/auich\/centrum-historii\/edukacja\/","title":{"rendered":"Edukacja"},"content":{"rendered":"<p>Porozmawiajmy o historii Bia\u0142egostoku i regionu, przemianach technologicznych i kolejnych etapach rozwoju Uczelni.<\/p>\n<p>Wsp\u00f3lnie zastan\u00f3wmy si\u0119 nad elementami stroju rektorskiego, symbolik\u0105 god\u0142a PB i poznajmy elementy dokumentacji studenckiej.<\/p>\n<p>Zapraszamy!<\/p>\n<p>&nbsp;<\/p>\n","protected":false},"excerpt":{"rendered":"<p>Porozmawiajmy o historii Bia\u0142egostoku i regionu, przemianach technologicznych i kolejnych etapach rozwoju Uczelni. Wsp\u00f3lnie zastan\u00f3wmy<\/p>\n","protected":false},"author":2,"featured_media":0,"parent":39,"menu_order":4,"comment_status":"closed","ping_status":"closed","template":"","meta":{"_acf_changed":false,"ngg_post_thumbnail":0,"footnotes":""},"class_list":["post-99","page","type-page","status-publish","hentry"],"acf":[],"yoast_head":"<!-- This site is optimized with the Yoast SEO plugin v27.0 - https:\/\/yoast.com\/product\/yoast-seo-wordpress\/ -->\n<title>Edukacja - Archiwum Uczelniane i Centrum Historii PB<\/title>\n<meta name=\"description\" content=\"Porozmawiajmy o historii Bia\u0142egostoku i regionu, przemianach technologicznych i kolejnych etapach rozwoju Uczelni. Wsp\u00f3lnie zastan\u00f3wmy si\u0119 nad elementami\" \/>\n<meta name=\"robots\" content=\"index, follow, max-snippet:-1, max-image-preview:large, max-video-preview:-1\" \/>\n<link rel=\"canonical\" href=\"https:\/\/pb.edu.pl\/auich\/centrum-historii\/edukacja\/\" \/>\n<meta property=\"og:locale\" content=\"pl_PL\" \/>\n<meta property=\"og:type\" content=\"article\" \/>\n<meta property=\"og:title\" content=\"Edukacja - Archiwum Uczelniane i Centrum Historii PB\" \/>\n<meta property=\"og:description\" content=\"Porozmawiajmy o historii Bia\u0142egostoku i regionu, przemianach technologicznych i kolejnych etapach rozwoju Uczelni. Wsp\u00f3lnie zastan\u00f3wmy si\u0119 nad elementami\" \/>\n<meta property=\"og:url\" content=\"https:\/\/pb.edu.pl\/auich\/centrum-historii\/edukacja\/\" \/>\n<meta property=\"og:site_name\" content=\"Archiwum Uczelniane i Centrum Historii PB\" \/>\n<meta property=\"article:modified_time\" content=\"2025-07-14T11:36:09+00:00\" \/>\n<meta name=\"twitter:card\" content=\"summary_large_image\" \/>\n<script type=\"application\/ld+json\" class=\"yoast-schema-graph\">{\"@context\":\"https:\/\/schema.org\",\"@graph\":[{\"@type\":\"WebPage\",\"@id\":\"https:\/\/pb.edu.pl\/auich\/centrum-historii\/edukacja\/\",\"url\":\"https:\/\/pb.edu.pl\/auich\/centrum-historii\/edukacja\/\",\"name\":\"Edukacja - Archiwum Uczelniane i Centrum Historii PB\",\"isPartOf\":{\"@id\":\"https:\/\/pb.edu.pl\/auich\/#website\"},\"datePublished\":\"2021-03-09T20:54:41+00:00\",\"dateModified\":\"2025-07-14T11:36:09+00:00\",\"description\":\"Porozmawiajmy o historii Bia\u0142egostoku i regionu, przemianach technologicznych i kolejnych etapach rozwoju Uczelni. Wsp\u00f3lnie zastan\u00f3wmy si\u0119 nad elementami\",\"breadcrumb\":{\"@id\":\"https:\/\/pb.edu.pl\/auich\/centrum-historii\/edukacja\/#breadcrumb\"},\"inLanguage\":\"pl-PL\",\"potentialAction\":[{\"@type\":\"ReadAction\",\"target\":[\"https:\/\/pb.edu.pl\/auich\/centrum-historii\/edukacja\/\"]}]},{\"@type\":\"BreadcrumbList\",\"@id\":\"https:\/\/pb.edu.pl\/auich\/centrum-historii\/edukacja\/#breadcrumb\",\"itemListElement\":[{\"@type\":\"ListItem\",\"position\":1,\"name\":\"Strona g\u0142\u00f3wna\",\"item\":\"https:\/\/pb.edu.pl\/auich\/\"},{\"@type\":\"ListItem\",\"position\":2,\"name\":\"Centrum Historii\",\"item\":\"https:\/\/pb.edu.pl\/auich\/centrum-historii\/\"},{\"@type\":\"ListItem\",\"position\":3,\"name\":\"Edukacja\"}]},{\"@type\":\"WebSite\",\"@id\":\"https:\/\/pb.edu.pl\/auich\/#website\",\"url\":\"https:\/\/pb.edu.pl\/auich\/\",\"name\":\"Archiwum Uczelniane i Centrum Historii PB\",\"description\":\"\",\"potentialAction\":[{\"@type\":\"SearchAction\",\"target\":{\"@type\":\"EntryPoint\",\"urlTemplate\":\"https:\/\/pb.edu.pl\/auich\/?s={search_term_string}\"},\"query-input\":{\"@type\":\"PropertyValueSpecification\",\"valueRequired\":true,\"valueName\":\"search_term_string\"}}],\"inLanguage\":\"pl-PL\"}]}<\/script>\n<!-- \/ Yoast SEO plugin. -->","yoast_head_json":{"title":"Edukacja - Archiwum Uczelniane i Centrum Historii PB","description":"Porozmawiajmy o historii Bia\u0142egostoku i regionu, przemianach technologicznych i kolejnych etapach rozwoju Uczelni. Wsp\u00f3lnie zastan\u00f3wmy si\u0119 nad elementami","robots":{"index":"index","follow":"follow","max-snippet":"max-snippet:-1","max-image-preview":"max-image-preview:large","max-video-preview":"max-video-preview:-1"},"canonical":"https:\/\/pb.edu.pl\/auich\/centrum-historii\/edukacja\/","og_locale":"pl_PL","og_type":"article","og_title":"Edukacja - Archiwum Uczelniane i Centrum Historii PB","og_description":"Porozmawiajmy o historii Bia\u0142egostoku i regionu, przemianach technologicznych i kolejnych etapach rozwoju Uczelni. Wsp\u00f3lnie zastan\u00f3wmy si\u0119 nad elementami","og_url":"https:\/\/pb.edu.pl\/auich\/centrum-historii\/edukacja\/","og_site_name":"Archiwum Uczelniane i Centrum Historii PB","article_modified_time":"2025-07-14T11:36:09+00:00","twitter_card":"summary_large_image","schema":{"@context":"https:\/\/schema.org","@graph":[{"@type":"WebPage","@id":"https:\/\/pb.edu.pl\/auich\/centrum-historii\/edukacja\/","url":"https:\/\/pb.edu.pl\/auich\/centrum-historii\/edukacja\/","name":"Edukacja - Archiwum Uczelniane i Centrum Historii PB","isPartOf":{"@id":"https:\/\/pb.edu.pl\/auich\/#website"},"datePublished":"2021-03-09T20:54:41+00:00","dateModified":"2025-07-14T11:36:09+00:00","description":"Porozmawiajmy o historii Bia\u0142egostoku i regionu, przemianach technologicznych i kolejnych etapach rozwoju Uczelni. Wsp\u00f3lnie zastan\u00f3wmy si\u0119 nad elementami","breadcrumb":{"@id":"https:\/\/pb.edu.pl\/auich\/centrum-historii\/edukacja\/#breadcrumb"},"inLanguage":"pl-PL","potentialAction":[{"@type":"ReadAction","target":["https:\/\/pb.edu.pl\/auich\/centrum-historii\/edukacja\/"]}]},{"@type":"BreadcrumbList","@id":"https:\/\/pb.edu.pl\/auich\/centrum-historii\/edukacja\/#breadcrumb","itemListElement":[{"@type":"ListItem","position":1,"name":"Strona g\u0142\u00f3wna","item":"https:\/\/pb.edu.pl\/auich\/"},{"@type":"ListItem","position":2,"name":"Centrum Historii","item":"https:\/\/pb.edu.pl\/auich\/centrum-historii\/"},{"@type":"ListItem","position":3,"name":"Edukacja"}]},{"@type":"WebSite","@id":"https:\/\/pb.edu.pl\/auich\/#website","url":"https:\/\/pb.edu.pl\/auich\/","name":"Archiwum Uczelniane i Centrum Historii PB","description":"","potentialAction":[{"@type":"SearchAction","target":{"@type":"EntryPoint","urlTemplate":"https:\/\/pb.edu.pl\/auich\/?s={search_term_string}"},"query-input":{"@type":"PropertyValueSpecification","valueRequired":true,"valueName":"search_term_string"}}],"inLanguage":"pl-PL"}]}},"_links":{"self":[{"href":"https:\/\/pb.edu.pl\/auich\/wp-json\/wp\/v2\/pages\/99","targetHints":{"allow":["GET"]}}],"collection":[{"href":"https:\/\/pb.edu.pl\/auich\/wp-json\/wp\/v2\/pages"}],"about":[{"href":"https:\/\/pb.edu.pl\/auich\/wp-json\/wp\/v2\/types\/page"}],"author":[{"embeddable":true,"href":"https:\/\/pb.edu.pl\/auich\/wp-json\/wp\/v2\/users\/2"}],"replies":[{"embeddable":true,"href":"https:\/\/pb.edu.pl\/auich\/wp-json\/wp\/v2\/comments?post=99"}],"version-history":[{"count":0,"href":"https:\/\/pb.edu.pl\/auich\/wp-json\/wp\/v2\/pages\/99\/revisions"}],"up":[{"embeddable":true,"href":"https:\/\/pb.edu.pl\/auich\/wp-json\/wp\/v2\/pages\/39"}],"wp:attachment":[{"href":"https:\/\/pb.edu.pl\/auich\/wp-json\/wp\/v2\/media?parent=99"}],"curies":[{"name":"wp","href":"https:\/\/api.w.org\/{rel}","templated":true}]}}