{"id":97,"date":"2021-03-09T21:54:09","date_gmt":"2021-03-09T20:54:09","guid":{"rendered":"https:\/\/pb.edu.pl\/auich\/?page_id=97"},"modified":"2021-12-20T13:49:44","modified_gmt":"2021-12-20T12:49:44","slug":"zwiedzanie-odwiedziny-wizyta","status":"publish","type":"page","link":"https:\/\/pb.edu.pl\/auich\/centrum-historii\/zwiedzanie-odwiedziny-wizyta\/","title":{"rendered":"Zwiedzanie"},"content":{"rendered":"<div class=\"h2\">Zaplanuj wizyt\u0119 w Centrum Historii<\/div>\n<p>Z przyjemno\u015bci\u0105 informujemy, \u017ce Centrum Historii Politechniki Bia\u0142ostockiej jest ju\u017c otwarte dla zwiedzaj\u0105cych.<\/p>\n<p><strong>Wst\u0119p bezp\u0142atny.<\/strong><\/p>\n<div class=\"h3\">Godziny otwarcia Centrum:<\/div>\n<p><strong>czwartek:<\/strong> 9:00 -14:00<br \/>\n<strong>pi\u0105tek:<\/strong> 9:00 -14:00<\/p>\n<div class=\"h3\">W celu um\u00f3wienia terminu wizyty prosimy o kontakt:<\/div>\n<ul>\n<li>telefoniczny:<br \/>\n<i class=\"fal fa-phone-alt\"><\/i> 85 746-91-36<br \/>\n<i class=\"fal fa-mobile\"><\/i> 513-065-411<\/li>\n<li>lub mailowy:<br \/>\n<i class=\"fal fa-envelope\"><\/i> <a href=\"#\" rel=\"nofollow\"  onclick=\"this.href='mailto:' + 'centrumhistorii' + '@' + 'pb.edu.pl'\">centrumhistorii [at] pb.edu.pl<\/a><\/li>\n<\/ul>\n<p><strong>W wiadomo\u015bci e-mail prosimy o zawarcie nast\u0119puj\u0105cych informacji:<\/strong><\/p>\n<ul>\n<li>preferowana data odwiedzin,<\/li>\n<li>preferowana godzina.<\/li>\n<\/ul>\n<p>&nbsp;<\/p>\n","protected":false},"excerpt":{"rendered":"<p>Zaplanuj wizyt\u0119 w Centrum Historii Z przyjemno\u015bci\u0105 informujemy, \u017ce Centrum Historii Politechniki Bia\u0142ostockiej jest ju\u017c<\/p>\n","protected":false},"author":2,"featured_media":0,"parent":39,"menu_order":3,"comment_status":"closed","ping_status":"closed","template":"","meta":{"_acf_changed":false,"ngg_post_thumbnail":0,"footnotes":""},"class_list":["post-97","page","type-page","status-publish","hentry"],"acf":[],"yoast_head":"<!-- This site is optimized with the Yoast SEO plugin v27.0 - https:\/\/yoast.com\/product\/yoast-seo-wordpress\/ -->\n<title>Zwiedzanie - Archiwum Uczelniane i Centrum Historii PB<\/title>\n<meta name=\"description\" content=\"Zaplanuj wizyt\u0119 w Centrum Historii Z przyjemno\u015bci\u0105 informujemy, \u017ce Centrum Historii Politechniki Bia\u0142ostockiej jest ju\u017c otwarte dla zwiedzaj\u0105cych. Wst\u0119p\" \/>\n<meta name=\"robots\" content=\"index, follow, max-snippet:-1, max-image-preview:large, max-video-preview:-1\" \/>\n<link rel=\"canonical\" href=\"https:\/\/pb.edu.pl\/auich\/centrum-historii\/zwiedzanie-odwiedziny-wizyta\/\" \/>\n<meta property=\"og:locale\" content=\"pl_PL\" \/>\n<meta property=\"og:type\" content=\"article\" \/>\n<meta property=\"og:title\" content=\"Zwiedzanie - Archiwum Uczelniane i Centrum Historii PB\" \/>\n<meta property=\"og:description\" content=\"Zaplanuj wizyt\u0119 w Centrum Historii Z przyjemno\u015bci\u0105 informujemy, \u017ce Centrum Historii Politechniki Bia\u0142ostockiej jest ju\u017c otwarte dla zwiedzaj\u0105cych. Wst\u0119p\" \/>\n<meta property=\"og:url\" content=\"https:\/\/pb.edu.pl\/auich\/centrum-historii\/zwiedzanie-odwiedziny-wizyta\/\" \/>\n<meta property=\"og:site_name\" content=\"Archiwum Uczelniane i Centrum Historii PB\" \/>\n<meta property=\"article:modified_time\" content=\"2021-12-20T12:49:44+00:00\" \/>\n<meta name=\"twitter:card\" content=\"summary_large_image\" \/>\n<script type=\"application\/ld+json\" class=\"yoast-schema-graph\">{\"@context\":\"https:\/\/schema.org\",\"@graph\":[{\"@type\":\"WebPage\",\"@id\":\"https:\/\/pb.edu.pl\/auich\/centrum-historii\/zwiedzanie-odwiedziny-wizyta\/\",\"url\":\"https:\/\/pb.edu.pl\/auich\/centrum-historii\/zwiedzanie-odwiedziny-wizyta\/\",\"name\":\"Zwiedzanie - Archiwum Uczelniane i Centrum Historii PB\",\"isPartOf\":{\"@id\":\"https:\/\/pb.edu.pl\/auich\/#website\"},\"datePublished\":\"2021-03-09T20:54:09+00:00\",\"dateModified\":\"2021-12-20T12:49:44+00:00\",\"description\":\"Zaplanuj wizyt\u0119 w Centrum Historii Z przyjemno\u015bci\u0105 informujemy, \u017ce Centrum Historii Politechniki Bia\u0142ostockiej jest ju\u017c otwarte dla zwiedzaj\u0105cych. Wst\u0119p\",\"breadcrumb\":{\"@id\":\"https:\/\/pb.edu.pl\/auich\/centrum-historii\/zwiedzanie-odwiedziny-wizyta\/#breadcrumb\"},\"inLanguage\":\"pl-PL\",\"potentialAction\":[{\"@type\":\"ReadAction\",\"target\":[\"https:\/\/pb.edu.pl\/auich\/centrum-historii\/zwiedzanie-odwiedziny-wizyta\/\"]}]},{\"@type\":\"BreadcrumbList\",\"@id\":\"https:\/\/pb.edu.pl\/auich\/centrum-historii\/zwiedzanie-odwiedziny-wizyta\/#breadcrumb\",\"itemListElement\":[{\"@type\":\"ListItem\",\"position\":1,\"name\":\"Strona g\u0142\u00f3wna\",\"item\":\"https:\/\/pb.edu.pl\/auich\/\"},{\"@type\":\"ListItem\",\"position\":2,\"name\":\"Centrum Historii\",\"item\":\"https:\/\/pb.edu.pl\/auich\/centrum-historii\/\"},{\"@type\":\"ListItem\",\"position\":3,\"name\":\"Zwiedzanie\"}]},{\"@type\":\"WebSite\",\"@id\":\"https:\/\/pb.edu.pl\/auich\/#website\",\"url\":\"https:\/\/pb.edu.pl\/auich\/\",\"name\":\"Archiwum Uczelniane i Centrum Historii PB\",\"description\":\"\",\"potentialAction\":[{\"@type\":\"SearchAction\",\"target\":{\"@type\":\"EntryPoint\",\"urlTemplate\":\"https:\/\/pb.edu.pl\/auich\/?s={search_term_string}\"},\"query-input\":{\"@type\":\"PropertyValueSpecification\",\"valueRequired\":true,\"valueName\":\"search_term_string\"}}],\"inLanguage\":\"pl-PL\"}]}<\/script>\n<!-- \/ Yoast SEO plugin. -->","yoast_head_json":{"title":"Zwiedzanie - Archiwum Uczelniane i Centrum Historii PB","description":"Zaplanuj wizyt\u0119 w Centrum Historii Z przyjemno\u015bci\u0105 informujemy, \u017ce Centrum Historii Politechniki Bia\u0142ostockiej jest ju\u017c otwarte dla zwiedzaj\u0105cych. Wst\u0119p","robots":{"index":"index","follow":"follow","max-snippet":"max-snippet:-1","max-image-preview":"max-image-preview:large","max-video-preview":"max-video-preview:-1"},"canonical":"https:\/\/pb.edu.pl\/auich\/centrum-historii\/zwiedzanie-odwiedziny-wizyta\/","og_locale":"pl_PL","og_type":"article","og_title":"Zwiedzanie - Archiwum Uczelniane i Centrum Historii PB","og_description":"Zaplanuj wizyt\u0119 w Centrum Historii Z przyjemno\u015bci\u0105 informujemy, \u017ce Centrum Historii Politechniki Bia\u0142ostockiej jest ju\u017c otwarte dla zwiedzaj\u0105cych. Wst\u0119p","og_url":"https:\/\/pb.edu.pl\/auich\/centrum-historii\/zwiedzanie-odwiedziny-wizyta\/","og_site_name":"Archiwum Uczelniane i Centrum Historii PB","article_modified_time":"2021-12-20T12:49:44+00:00","twitter_card":"summary_large_image","schema":{"@context":"https:\/\/schema.org","@graph":[{"@type":"WebPage","@id":"https:\/\/pb.edu.pl\/auich\/centrum-historii\/zwiedzanie-odwiedziny-wizyta\/","url":"https:\/\/pb.edu.pl\/auich\/centrum-historii\/zwiedzanie-odwiedziny-wizyta\/","name":"Zwiedzanie - Archiwum Uczelniane i Centrum Historii PB","isPartOf":{"@id":"https:\/\/pb.edu.pl\/auich\/#website"},"datePublished":"2021-03-09T20:54:09+00:00","dateModified":"2021-12-20T12:49:44+00:00","description":"Zaplanuj wizyt\u0119 w Centrum Historii Z przyjemno\u015bci\u0105 informujemy, \u017ce Centrum Historii Politechniki Bia\u0142ostockiej jest ju\u017c otwarte dla zwiedzaj\u0105cych. Wst\u0119p","breadcrumb":{"@id":"https:\/\/pb.edu.pl\/auich\/centrum-historii\/zwiedzanie-odwiedziny-wizyta\/#breadcrumb"},"inLanguage":"pl-PL","potentialAction":[{"@type":"ReadAction","target":["https:\/\/pb.edu.pl\/auich\/centrum-historii\/zwiedzanie-odwiedziny-wizyta\/"]}]},{"@type":"BreadcrumbList","@id":"https:\/\/pb.edu.pl\/auich\/centrum-historii\/zwiedzanie-odwiedziny-wizyta\/#breadcrumb","itemListElement":[{"@type":"ListItem","position":1,"name":"Strona g\u0142\u00f3wna","item":"https:\/\/pb.edu.pl\/auich\/"},{"@type":"ListItem","position":2,"name":"Centrum Historii","item":"https:\/\/pb.edu.pl\/auich\/centrum-historii\/"},{"@type":"ListItem","position":3,"name":"Zwiedzanie"}]},{"@type":"WebSite","@id":"https:\/\/pb.edu.pl\/auich\/#website","url":"https:\/\/pb.edu.pl\/auich\/","name":"Archiwum Uczelniane i Centrum Historii PB","description":"","potentialAction":[{"@type":"SearchAction","target":{"@type":"EntryPoint","urlTemplate":"https:\/\/pb.edu.pl\/auich\/?s={search_term_string}"},"query-input":{"@type":"PropertyValueSpecification","valueRequired":true,"valueName":"search_term_string"}}],"inLanguage":"pl-PL"}]}},"_links":{"self":[{"href":"https:\/\/pb.edu.pl\/auich\/wp-json\/wp\/v2\/pages\/97","targetHints":{"allow":["GET"]}}],"collection":[{"href":"https:\/\/pb.edu.pl\/auich\/wp-json\/wp\/v2\/pages"}],"about":[{"href":"https:\/\/pb.edu.pl\/auich\/wp-json\/wp\/v2\/types\/page"}],"author":[{"embeddable":true,"href":"https:\/\/pb.edu.pl\/auich\/wp-json\/wp\/v2\/users\/2"}],"replies":[{"embeddable":true,"href":"https:\/\/pb.edu.pl\/auich\/wp-json\/wp\/v2\/comments?post=97"}],"version-history":[{"count":0,"href":"https:\/\/pb.edu.pl\/auich\/wp-json\/wp\/v2\/pages\/97\/revisions"}],"up":[{"embeddable":true,"href":"https:\/\/pb.edu.pl\/auich\/wp-json\/wp\/v2\/pages\/39"}],"wp:attachment":[{"href":"https:\/\/pb.edu.pl\/auich\/wp-json\/wp\/v2\/media?parent=97"}],"curies":[{"name":"wp","href":"https:\/\/api.w.org\/{rel}","templated":true}]}}