{"id":94,"date":"2021-03-09T21:53:37","date_gmt":"2021-03-09T20:53:37","guid":{"rendered":"https:\/\/pb.edu.pl\/auich\/?page_id=94"},"modified":"2021-12-17T11:42:20","modified_gmt":"2021-12-17T10:42:20","slug":"wystawa-stale","status":"publish","type":"page","link":"https:\/\/pb.edu.pl\/auich\/centrum-historii\/wystawa-stale\/","title":{"rendered":"Wystawa sta\u0142a \u201eHistoria, wiedza, potencja\u0142\u201d"},"content":{"rendered":"<p><img decoding=\"async\" class=\"ngg-singlepic ngg-none\" src=\"https:\/\/pb.edu.pl\/auich\/wp-content\/uploads\/sites\/63\/nggallery\/wystawa-stala-historia-wiedza-potencjal\/GRAFIKA_CH.jpg\" alt=\"Wystawa sta\u0142a \u201eHistoria, wiedza, potencja\u0142\u201d\"><\/p>\n<p>Ekspozycja przedstawia proces przemian na Uczelni, pocz\u0105wszy od dawnych lat do czas\u00f3w wsp\u00f3\u0142czesnych. Bogaty zbi\u00f3r eksponat\u00f3w tworz\u0105 r\u00f3\u017cnego rodzaju urz\u0105dzenia, aparatura techniczna, filmy, a tak\u017ce fotografie i dokumenty. O potencjale Uczelni \u015bwiadcz\u0105 sukcesy student\u00f3w i absolwent\u00f3w, dzia\u0142alno\u015b\u0107 badawcza kadry akademickiej czy te\u017c wsp\u00f3\u0142praca mi\u0119dzynarodowa. &nbsp;<\/p>\n","protected":false},"excerpt":{"rendered":"<p>Ekspozycja przedstawia proces przemian na Uczelni, pocz\u0105wszy od dawnych lat do czas\u00f3w wsp\u00f3\u0142czesnych. Bogaty zbi\u00f3r<\/p>\n","protected":false},"author":2,"featured_media":0,"parent":39,"menu_order":1,"comment_status":"closed","ping_status":"closed","template":"","meta":{"_acf_changed":false,"ngg_post_thumbnail":0,"footnotes":""},"class_list":["post-94","page","type-page","status-publish","hentry"],"acf":[],"yoast_head":"<!-- This site is optimized with the Yoast SEO plugin v27.0 - https:\/\/yoast.com\/product\/yoast-seo-wordpress\/ -->\n<title>Wystawa sta\u0142a \u201eHistoria, wiedza, potencja\u0142\u201d - Archiwum Uczelniane i Centrum Historii PB<\/title>\n<meta name=\"description\" content=\"Ekspozycja przedstawia proces przemian na Uczelni, pocz\u0105wszy od dawnych lat do czas\u00f3w wsp\u00f3\u0142czesnych. Bogaty zbi\u00f3r eksponat\u00f3w tworz\u0105 r\u00f3\u017cnego rodzaju\" \/>\n<meta name=\"robots\" content=\"index, follow, max-snippet:-1, max-image-preview:large, max-video-preview:-1\" \/>\n<link rel=\"canonical\" href=\"https:\/\/pb.edu.pl\/auich\/centrum-historii\/wystawa-stale\/\" \/>\n<meta property=\"og:locale\" content=\"pl_PL\" \/>\n<meta property=\"og:type\" content=\"article\" \/>\n<meta property=\"og:title\" content=\"Wystawa sta\u0142a \u201eHistoria, wiedza, potencja\u0142\u201d - Archiwum Uczelniane i Centrum Historii PB\" \/>\n<meta property=\"og:description\" content=\"Ekspozycja przedstawia proces przemian na Uczelni, pocz\u0105wszy od dawnych lat do czas\u00f3w wsp\u00f3\u0142czesnych. Bogaty zbi\u00f3r eksponat\u00f3w tworz\u0105 r\u00f3\u017cnego rodzaju\" \/>\n<meta property=\"og:url\" content=\"https:\/\/pb.edu.pl\/auich\/centrum-historii\/wystawa-stale\/\" \/>\n<meta property=\"og:site_name\" content=\"Archiwum Uczelniane i Centrum Historii PB\" \/>\n<meta property=\"article:modified_time\" content=\"2021-12-17T10:42:20+00:00\" \/>\n<meta property=\"og:image\" content=\"https:\/\/pb.edu.pl\/auich\/wp-content\/uploads\/sites\/63\/nggallery\/wystawa-stala-historia-wiedza-potencjal\/GRAFIKA_CH.jpg\" \/>\n<meta name=\"twitter:card\" content=\"summary_large_image\" \/>\n<script type=\"application\/ld+json\" class=\"yoast-schema-graph\">{\"@context\":\"https:\/\/schema.org\",\"@graph\":[{\"@type\":\"WebPage\",\"@id\":\"https:\/\/pb.edu.pl\/auich\/centrum-historii\/wystawa-stale\/\",\"url\":\"https:\/\/pb.edu.pl\/auich\/centrum-historii\/wystawa-stale\/\",\"name\":\"Wystawa sta\u0142a \u201eHistoria, wiedza, potencja\u0142\u201d - Archiwum Uczelniane i Centrum Historii PB\",\"isPartOf\":{\"@id\":\"https:\/\/pb.edu.pl\/auich\/#website\"},\"primaryImageOfPage\":{\"@id\":\"https:\/\/pb.edu.pl\/auich\/centrum-historii\/wystawa-stale\/#primaryimage\"},\"image\":{\"@id\":\"https:\/\/pb.edu.pl\/auich\/centrum-historii\/wystawa-stale\/#primaryimage\"},\"thumbnailUrl\":\"https:\/\/pb.edu.pl\/auich\/wp-content\/uploads\/sites\/63\/nggallery\/wystawa-stala-historia-wiedza-potencjal\/GRAFIKA_CH.jpg\",\"datePublished\":\"2021-03-09T20:53:37+00:00\",\"dateModified\":\"2021-12-17T10:42:20+00:00\",\"description\":\"Ekspozycja przedstawia proces przemian na Uczelni, pocz\u0105wszy od dawnych lat do czas\u00f3w wsp\u00f3\u0142czesnych. Bogaty zbi\u00f3r eksponat\u00f3w tworz\u0105 r\u00f3\u017cnego rodzaju\",\"breadcrumb\":{\"@id\":\"https:\/\/pb.edu.pl\/auich\/centrum-historii\/wystawa-stale\/#breadcrumb\"},\"inLanguage\":\"pl-PL\",\"potentialAction\":[{\"@type\":\"ReadAction\",\"target\":[\"https:\/\/pb.edu.pl\/auich\/centrum-historii\/wystawa-stale\/\"]}]},{\"@type\":\"ImageObject\",\"inLanguage\":\"pl-PL\",\"@id\":\"https:\/\/pb.edu.pl\/auich\/centrum-historii\/wystawa-stale\/#primaryimage\",\"url\":\"https:\/\/pb.edu.pl\/auich\/wp-content\/uploads\/sites\/63\/nggallery\/wystawa-stala-historia-wiedza-potencjal\/GRAFIKA_CH.jpg\",\"contentUrl\":\"https:\/\/pb.edu.pl\/auich\/wp-content\/uploads\/sites\/63\/nggallery\/wystawa-stala-historia-wiedza-potencjal\/GRAFIKA_CH.jpg\"},{\"@type\":\"BreadcrumbList\",\"@id\":\"https:\/\/pb.edu.pl\/auich\/centrum-historii\/wystawa-stale\/#breadcrumb\",\"itemListElement\":[{\"@type\":\"ListItem\",\"position\":1,\"name\":\"Strona g\u0142\u00f3wna\",\"item\":\"https:\/\/pb.edu.pl\/auich\/\"},{\"@type\":\"ListItem\",\"position\":2,\"name\":\"Centrum Historii\",\"item\":\"https:\/\/pb.edu.pl\/auich\/centrum-historii\/\"},{\"@type\":\"ListItem\",\"position\":3,\"name\":\"Wystawa sta\u0142a \u201eHistoria, wiedza, potencja\u0142\u201d\"}]},{\"@type\":\"WebSite\",\"@id\":\"https:\/\/pb.edu.pl\/auich\/#website\",\"url\":\"https:\/\/pb.edu.pl\/auich\/\",\"name\":\"Archiwum Uczelniane i Centrum Historii PB\",\"description\":\"\",\"potentialAction\":[{\"@type\":\"SearchAction\",\"target\":{\"@type\":\"EntryPoint\",\"urlTemplate\":\"https:\/\/pb.edu.pl\/auich\/?s={search_term_string}\"},\"query-input\":{\"@type\":\"PropertyValueSpecification\",\"valueRequired\":true,\"valueName\":\"search_term_string\"}}],\"inLanguage\":\"pl-PL\"}]}<\/script>\n<!-- \/ Yoast SEO plugin. -->","yoast_head_json":{"title":"Wystawa sta\u0142a \u201eHistoria, wiedza, potencja\u0142\u201d - Archiwum Uczelniane i Centrum Historii PB","description":"Ekspozycja przedstawia proces przemian na Uczelni, pocz\u0105wszy od dawnych lat do czas\u00f3w wsp\u00f3\u0142czesnych. Bogaty zbi\u00f3r eksponat\u00f3w tworz\u0105 r\u00f3\u017cnego rodzaju","robots":{"index":"index","follow":"follow","max-snippet":"max-snippet:-1","max-image-preview":"max-image-preview:large","max-video-preview":"max-video-preview:-1"},"canonical":"https:\/\/pb.edu.pl\/auich\/centrum-historii\/wystawa-stale\/","og_locale":"pl_PL","og_type":"article","og_title":"Wystawa sta\u0142a \u201eHistoria, wiedza, potencja\u0142\u201d - Archiwum Uczelniane i Centrum Historii PB","og_description":"Ekspozycja przedstawia proces przemian na Uczelni, pocz\u0105wszy od dawnych lat do czas\u00f3w wsp\u00f3\u0142czesnych. Bogaty zbi\u00f3r eksponat\u00f3w tworz\u0105 r\u00f3\u017cnego rodzaju","og_url":"https:\/\/pb.edu.pl\/auich\/centrum-historii\/wystawa-stale\/","og_site_name":"Archiwum Uczelniane i Centrum Historii PB","article_modified_time":"2021-12-17T10:42:20+00:00","og_image":[{"url":"https:\/\/pb.edu.pl\/auich\/wp-content\/uploads\/sites\/63\/nggallery\/wystawa-stala-historia-wiedza-potencjal\/GRAFIKA_CH.jpg","type":"","width":"","height":""}],"twitter_card":"summary_large_image","schema":{"@context":"https:\/\/schema.org","@graph":[{"@type":"WebPage","@id":"https:\/\/pb.edu.pl\/auich\/centrum-historii\/wystawa-stale\/","url":"https:\/\/pb.edu.pl\/auich\/centrum-historii\/wystawa-stale\/","name":"Wystawa sta\u0142a \u201eHistoria, wiedza, potencja\u0142\u201d - Archiwum Uczelniane i Centrum Historii PB","isPartOf":{"@id":"https:\/\/pb.edu.pl\/auich\/#website"},"primaryImageOfPage":{"@id":"https:\/\/pb.edu.pl\/auich\/centrum-historii\/wystawa-stale\/#primaryimage"},"image":{"@id":"https:\/\/pb.edu.pl\/auich\/centrum-historii\/wystawa-stale\/#primaryimage"},"thumbnailUrl":"https:\/\/pb.edu.pl\/auich\/wp-content\/uploads\/sites\/63\/nggallery\/wystawa-stala-historia-wiedza-potencjal\/GRAFIKA_CH.jpg","datePublished":"2021-03-09T20:53:37+00:00","dateModified":"2021-12-17T10:42:20+00:00","description":"Ekspozycja przedstawia proces przemian na Uczelni, pocz\u0105wszy od dawnych lat do czas\u00f3w wsp\u00f3\u0142czesnych. Bogaty zbi\u00f3r eksponat\u00f3w tworz\u0105 r\u00f3\u017cnego rodzaju","breadcrumb":{"@id":"https:\/\/pb.edu.pl\/auich\/centrum-historii\/wystawa-stale\/#breadcrumb"},"inLanguage":"pl-PL","potentialAction":[{"@type":"ReadAction","target":["https:\/\/pb.edu.pl\/auich\/centrum-historii\/wystawa-stale\/"]}]},{"@type":"ImageObject","inLanguage":"pl-PL","@id":"https:\/\/pb.edu.pl\/auich\/centrum-historii\/wystawa-stale\/#primaryimage","url":"https:\/\/pb.edu.pl\/auich\/wp-content\/uploads\/sites\/63\/nggallery\/wystawa-stala-historia-wiedza-potencjal\/GRAFIKA_CH.jpg","contentUrl":"https:\/\/pb.edu.pl\/auich\/wp-content\/uploads\/sites\/63\/nggallery\/wystawa-stala-historia-wiedza-potencjal\/GRAFIKA_CH.jpg"},{"@type":"BreadcrumbList","@id":"https:\/\/pb.edu.pl\/auich\/centrum-historii\/wystawa-stale\/#breadcrumb","itemListElement":[{"@type":"ListItem","position":1,"name":"Strona g\u0142\u00f3wna","item":"https:\/\/pb.edu.pl\/auich\/"},{"@type":"ListItem","position":2,"name":"Centrum Historii","item":"https:\/\/pb.edu.pl\/auich\/centrum-historii\/"},{"@type":"ListItem","position":3,"name":"Wystawa sta\u0142a \u201eHistoria, wiedza, potencja\u0142\u201d"}]},{"@type":"WebSite","@id":"https:\/\/pb.edu.pl\/auich\/#website","url":"https:\/\/pb.edu.pl\/auich\/","name":"Archiwum Uczelniane i Centrum Historii PB","description":"","potentialAction":[{"@type":"SearchAction","target":{"@type":"EntryPoint","urlTemplate":"https:\/\/pb.edu.pl\/auich\/?s={search_term_string}"},"query-input":{"@type":"PropertyValueSpecification","valueRequired":true,"valueName":"search_term_string"}}],"inLanguage":"pl-PL"}]}},"_links":{"self":[{"href":"https:\/\/pb.edu.pl\/auich\/wp-json\/wp\/v2\/pages\/94","targetHints":{"allow":["GET"]}}],"collection":[{"href":"https:\/\/pb.edu.pl\/auich\/wp-json\/wp\/v2\/pages"}],"about":[{"href":"https:\/\/pb.edu.pl\/auich\/wp-json\/wp\/v2\/types\/page"}],"author":[{"embeddable":true,"href":"https:\/\/pb.edu.pl\/auich\/wp-json\/wp\/v2\/users\/2"}],"replies":[{"embeddable":true,"href":"https:\/\/pb.edu.pl\/auich\/wp-json\/wp\/v2\/comments?post=94"}],"version-history":[{"count":0,"href":"https:\/\/pb.edu.pl\/auich\/wp-json\/wp\/v2\/pages\/94\/revisions"}],"up":[{"embeddable":true,"href":"https:\/\/pb.edu.pl\/auich\/wp-json\/wp\/v2\/pages\/39"}],"wp:attachment":[{"href":"https:\/\/pb.edu.pl\/auich\/wp-json\/wp\/v2\/media?parent=94"}],"curies":[{"name":"wp","href":"https:\/\/api.w.org\/{rel}","templated":true}]}}