{"id":90,"date":"2021-03-09T21:45:19","date_gmt":"2021-03-09T20:45:19","guid":{"rendered":"https:\/\/pb.edu.pl\/auich\/?page_id=90"},"modified":"2025-10-23T14:07:08","modified_gmt":"2025-10-23T12:07:08","slug":"pracownicy","status":"publish","type":"page","link":"https:\/\/pb.edu.pl\/auich\/o-nas\/pracownicy\/","title":{"rendered":"Pracownicy"},"content":{"rendered":"<p>dr in\u017c. arch. Maciej K\u0142opotowski &#8211; dyrektor tel. 502-055-477<br \/>\n<i class=\"fal fa-envelope\"><\/i> <a href=\"#\" rel=\"nofollow\"  onclick=\"this.href='mailto:' + 'm.klopotowski' + '@' + 'pb.edu.pl'\">m.klopotowski [at] pb.edu.pl<\/a>,&nbsp;<br \/>\n&nbsp;<br \/>\nmgr Beata Fiedorowicz &#8211; starszy specjalista ds. archiwizacji<br \/>\n<i class=\"fal fa-envelope\"><\/i> <a href=\"#\" rel=\"nofollow\"  onclick=\"this.href='mailto:' + 'b.fiedorowicz' + '@' + 'pb.edu.pl'\">b.fiedorowicz [at] pb.edu.pl<\/a>, tel. 513-065-411<br \/>\n&nbsp;<br \/>\nmgr Agnieszka Halicka &#8211; starszy specjalista ds. archiwizacji<br \/>\n<i class=\"fal fa-envelope\"><\/i> <a href=\"#\" rel=\"nofollow\"  onclick=\"this.href='mailto:' + 'a.halicka' + '@' + 'pb.edu.pl'\">a.halicka [at] pb.edu.pl<\/a>, tel. 513-065-411<br \/>\n&nbsp;<br \/>\nmgr Kamila Koroniecka &#8211; specjalista ds. archiwizacji<br \/>\n<i class=\"fal fa-envelope\"><\/i><a href=\"#\" rel=\"nofollow\"  onclick=\"this.href='mailto:' + ' k.koroniecka' + '@' + 'pb.edu.pl'\"> k.koroniecka [at] pb.edu.pl<\/a>,tel. 513-065-411<\/p>\n<p>mgr in\u017c. arch. El\u017cbieta Kud\u0142owska &#8211; samodzielny referent ds. archiwizacji<br \/>\n<i class=\"fal fa-envelope\"><\/i><a href=\"#\" rel=\"nofollow\"  onclick=\"this.href='mailto:' + ' elzbieta.kudlowska' + '@' + 'pb.edu.pl'\"> elzbieta.kudlowska [at] pb.edu.pl<\/a>, tel. 513-065-411<\/p>\n<p>mgr Agnieszka Kami\u0144ska &#8211; Czech samodzielny referent ds. archiwizacji<br \/>\n<i class=\"fal fa-envelope\"><\/i> <a href=\"#\" rel=\"nofollow\"  onclick=\"this.href='mailto:' + ' agnieszka.kaminska-czech' + '@' + 'pb.edu.pl'\"> agnieszka.kaminska-czech [at] pb.edu.pl<\/a>, tel. 513-065-411<\/p>\n","protected":false},"excerpt":{"rendered":"<p>dr in\u017c. arch. Maciej K\u0142opotowski &#8211; dyrektor tel. 502-055-477 ,&nbsp; &nbsp; mgr Beata Fiedorowicz &#8211;<\/p>\n","protected":false},"author":2,"featured_media":0,"parent":47,"menu_order":1,"comment_status":"closed","ping_status":"closed","template":"","meta":{"_acf_changed":false,"ngg_post_thumbnail":0,"footnotes":""},"class_list":["post-90","page","type-page","status-publish","hentry"],"acf":[],"yoast_head":"<!-- This site is optimized with the Yoast SEO plugin v27.0 - https:\/\/yoast.com\/product\/yoast-seo-wordpress\/ -->\n<title>Pracownicy - Archiwum Uczelniane i Centrum Historii PB<\/title>\n<meta name=\"description\" content=\"dr in\u017c. arch. Maciej K\u0142opotowski - dyrektor tel. 502-055-477 ,&nbsp; &nbsp; mgr Beata Fiedorowicz - starszy specjalista ds. archiwizacji , tel.\" \/>\n<meta name=\"robots\" content=\"index, follow, max-snippet:-1, max-image-preview:large, max-video-preview:-1\" \/>\n<link rel=\"canonical\" href=\"https:\/\/pb.edu.pl\/auich\/o-nas\/pracownicy\/\" \/>\n<meta property=\"og:locale\" content=\"pl_PL\" \/>\n<meta property=\"og:type\" content=\"article\" \/>\n<meta property=\"og:title\" content=\"Pracownicy - Archiwum Uczelniane i Centrum Historii PB\" \/>\n<meta property=\"og:description\" content=\"dr in\u017c. arch. Maciej K\u0142opotowski - dyrektor tel. 502-055-477 ,&nbsp; &nbsp; mgr Beata Fiedorowicz - starszy specjalista ds. archiwizacji , tel.\" \/>\n<meta property=\"og:url\" content=\"https:\/\/pb.edu.pl\/auich\/o-nas\/pracownicy\/\" \/>\n<meta property=\"og:site_name\" content=\"Archiwum Uczelniane i Centrum Historii PB\" \/>\n<meta property=\"article:modified_time\" content=\"2025-10-23T12:07:08+00:00\" \/>\n<meta name=\"twitter:card\" content=\"summary_large_image\" \/>\n<meta name=\"twitter:label1\" content=\"Szacowany czas czytania\" \/>\n\t<meta name=\"twitter:data1\" content=\"1 minuta\" \/>\n<script type=\"application\/ld+json\" class=\"yoast-schema-graph\">{\"@context\":\"https:\/\/schema.org\",\"@graph\":[{\"@type\":\"WebPage\",\"@id\":\"https:\/\/pb.edu.pl\/auich\/o-nas\/pracownicy\/\",\"url\":\"https:\/\/pb.edu.pl\/auich\/o-nas\/pracownicy\/\",\"name\":\"Pracownicy - Archiwum Uczelniane i Centrum Historii PB\",\"isPartOf\":{\"@id\":\"https:\/\/pb.edu.pl\/auich\/#website\"},\"datePublished\":\"2021-03-09T20:45:19+00:00\",\"dateModified\":\"2025-10-23T12:07:08+00:00\",\"description\":\"dr in\u017c. arch. Maciej K\u0142opotowski - dyrektor tel. 502-055-477 ,&nbsp; &nbsp; mgr Beata Fiedorowicz - starszy specjalista ds. archiwizacji , tel.\",\"breadcrumb\":{\"@id\":\"https:\/\/pb.edu.pl\/auich\/o-nas\/pracownicy\/#breadcrumb\"},\"inLanguage\":\"pl-PL\",\"potentialAction\":[{\"@type\":\"ReadAction\",\"target\":[\"https:\/\/pb.edu.pl\/auich\/o-nas\/pracownicy\/\"]}]},{\"@type\":\"BreadcrumbList\",\"@id\":\"https:\/\/pb.edu.pl\/auich\/o-nas\/pracownicy\/#breadcrumb\",\"itemListElement\":[{\"@type\":\"ListItem\",\"position\":1,\"name\":\"Strona g\u0142\u00f3wna\",\"item\":\"https:\/\/pb.edu.pl\/auich\/\"},{\"@type\":\"ListItem\",\"position\":2,\"name\":\"O nas\",\"item\":\"https:\/\/pb.edu.pl\/auich\/o-nas\/\"},{\"@type\":\"ListItem\",\"position\":3,\"name\":\"Pracownicy\"}]},{\"@type\":\"WebSite\",\"@id\":\"https:\/\/pb.edu.pl\/auich\/#website\",\"url\":\"https:\/\/pb.edu.pl\/auich\/\",\"name\":\"Archiwum Uczelniane i Centrum Historii PB\",\"description\":\"\",\"potentialAction\":[{\"@type\":\"SearchAction\",\"target\":{\"@type\":\"EntryPoint\",\"urlTemplate\":\"https:\/\/pb.edu.pl\/auich\/?s={search_term_string}\"},\"query-input\":{\"@type\":\"PropertyValueSpecification\",\"valueRequired\":true,\"valueName\":\"search_term_string\"}}],\"inLanguage\":\"pl-PL\"}]}<\/script>\n<!-- \/ Yoast SEO plugin. -->","yoast_head_json":{"title":"Pracownicy - Archiwum Uczelniane i Centrum Historii PB","description":"dr in\u017c. arch. Maciej K\u0142opotowski - dyrektor tel. 502-055-477 ,&nbsp; &nbsp; mgr Beata Fiedorowicz - starszy specjalista ds. archiwizacji , tel.","robots":{"index":"index","follow":"follow","max-snippet":"max-snippet:-1","max-image-preview":"max-image-preview:large","max-video-preview":"max-video-preview:-1"},"canonical":"https:\/\/pb.edu.pl\/auich\/o-nas\/pracownicy\/","og_locale":"pl_PL","og_type":"article","og_title":"Pracownicy - Archiwum Uczelniane i Centrum Historii PB","og_description":"dr in\u017c. arch. Maciej K\u0142opotowski - dyrektor tel. 502-055-477 ,&nbsp; &nbsp; mgr Beata Fiedorowicz - starszy specjalista ds. archiwizacji , tel.","og_url":"https:\/\/pb.edu.pl\/auich\/o-nas\/pracownicy\/","og_site_name":"Archiwum Uczelniane i Centrum Historii PB","article_modified_time":"2025-10-23T12:07:08+00:00","twitter_card":"summary_large_image","twitter_misc":{"Szacowany czas czytania":"1 minuta"},"schema":{"@context":"https:\/\/schema.org","@graph":[{"@type":"WebPage","@id":"https:\/\/pb.edu.pl\/auich\/o-nas\/pracownicy\/","url":"https:\/\/pb.edu.pl\/auich\/o-nas\/pracownicy\/","name":"Pracownicy - Archiwum Uczelniane i Centrum Historii PB","isPartOf":{"@id":"https:\/\/pb.edu.pl\/auich\/#website"},"datePublished":"2021-03-09T20:45:19+00:00","dateModified":"2025-10-23T12:07:08+00:00","description":"dr in\u017c. arch. Maciej K\u0142opotowski - dyrektor tel. 502-055-477 ,&nbsp; &nbsp; mgr Beata Fiedorowicz - starszy specjalista ds. archiwizacji , tel.","breadcrumb":{"@id":"https:\/\/pb.edu.pl\/auich\/o-nas\/pracownicy\/#breadcrumb"},"inLanguage":"pl-PL","potentialAction":[{"@type":"ReadAction","target":["https:\/\/pb.edu.pl\/auich\/o-nas\/pracownicy\/"]}]},{"@type":"BreadcrumbList","@id":"https:\/\/pb.edu.pl\/auich\/o-nas\/pracownicy\/#breadcrumb","itemListElement":[{"@type":"ListItem","position":1,"name":"Strona g\u0142\u00f3wna","item":"https:\/\/pb.edu.pl\/auich\/"},{"@type":"ListItem","position":2,"name":"O nas","item":"https:\/\/pb.edu.pl\/auich\/o-nas\/"},{"@type":"ListItem","position":3,"name":"Pracownicy"}]},{"@type":"WebSite","@id":"https:\/\/pb.edu.pl\/auich\/#website","url":"https:\/\/pb.edu.pl\/auich\/","name":"Archiwum Uczelniane i Centrum Historii PB","description":"","potentialAction":[{"@type":"SearchAction","target":{"@type":"EntryPoint","urlTemplate":"https:\/\/pb.edu.pl\/auich\/?s={search_term_string}"},"query-input":{"@type":"PropertyValueSpecification","valueRequired":true,"valueName":"search_term_string"}}],"inLanguage":"pl-PL"}]}},"_links":{"self":[{"href":"https:\/\/pb.edu.pl\/auich\/wp-json\/wp\/v2\/pages\/90","targetHints":{"allow":["GET"]}}],"collection":[{"href":"https:\/\/pb.edu.pl\/auich\/wp-json\/wp\/v2\/pages"}],"about":[{"href":"https:\/\/pb.edu.pl\/auich\/wp-json\/wp\/v2\/types\/page"}],"author":[{"embeddable":true,"href":"https:\/\/pb.edu.pl\/auich\/wp-json\/wp\/v2\/users\/2"}],"replies":[{"embeddable":true,"href":"https:\/\/pb.edu.pl\/auich\/wp-json\/wp\/v2\/comments?post=90"}],"version-history":[{"count":0,"href":"https:\/\/pb.edu.pl\/auich\/wp-json\/wp\/v2\/pages\/90\/revisions"}],"up":[{"embeddable":true,"href":"https:\/\/pb.edu.pl\/auich\/wp-json\/wp\/v2\/pages\/47"}],"wp:attachment":[{"href":"https:\/\/pb.edu.pl\/auich\/wp-json\/wp\/v2\/media?parent=90"}],"curies":[{"name":"wp","href":"https:\/\/api.w.org\/{rel}","templated":true}]}}