{"id":77,"date":"2021-03-09T18:17:58","date_gmt":"2021-03-09T17:17:58","guid":{"rendered":"https:\/\/pb.edu.pl\/auich\/?page_id=77"},"modified":"2021-12-07T11:40:22","modified_gmt":"2021-12-07T10:40:22","slug":"baza-formularzy-i-zalacznikow","status":"publish","type":"page","link":"https:\/\/pb.edu.pl\/auich\/aktualnosci\/archiwum-uczelniane\/baza-formularzy-i-zalacznikow\/","title":{"rendered":"Baza formularzy i za\u0142\u0105cznik\u00f3w"},"content":{"rendered":"<p>&nbsp;<\/p>\n<p><a class=\"pdf\" title=\"otworzy si\u0119 w nowej karcie\" href=\"https:\/\/pb.edu.pl\/auich\/wp-content\/uploads\/sites\/63\/2021\/03\/wniosek_-_zaswiadczenie_z_archiwum.pdf\" target=\"_blank\" rel=\"noopener\" data-id=\"272\">wniosek o wydanie za\u015bwiadczenia z archiwum (PDF, wersja dost\u0119pna cyfrowo, 202 KB)<\/a><\/p>\n<p><a class=\"docx\" title=\"pobierz plik\" href=\"https:\/\/pb.edu.pl\/auich\/wp-content\/uploads\/sites\/63\/2021\/12\/wniosek_-_zaswiadczenie_z_archiwum.docx\" data-id=\"728\">wniosek o wydanie za\u015bwiadczenia z archiwum (DOCX, 25 KB)<\/a><br \/>\n&nbsp;<br \/>\n<a class=\"pdf\" title=\"otworzy si\u0119 w nowej karcie\" href=\"https:\/\/pb.edu.pl\/auich\/wp-content\/uploads\/sites\/63\/2021\/03\/Wniosek-o-udostepnienie-prac-dyplomowych.pdf\" target=\"_blank\" rel=\"noopener\" data-id=\"189\">Wniosek o udost\u0119pnienie prac dyplomowych studentom (PDF, wersja dost\u0119pna cyfrowo, 101 KB)<\/a><\/p>\n<p><a class=\"docx\" title=\"pobierz plik\" href=\"https:\/\/pb.edu.pl\/auich\/wp-content\/uploads\/sites\/63\/2021\/03\/Wniosek-o-udostepnienie-prac-dyplomowych.docx\" data-id=\"191\">Wniosek o udost\u0119pnienie prac dyplomowych (DOCX, 13 KB)<\/a><br \/>\n<a class=\"pdf\" title=\"otworzy si\u0119 w nowej karcie\" href=\"https:\/\/pb.edu.pl\/auich\/wp-content\/uploads\/sites\/63\/2021\/03\/Wniosek-do-rektora-o-udostepnienie-dokumentacji-osobom-spoza-Uczelni.pdf\" target=\"_blank\" rel=\"noopener\" data-id=\"195\">Wniosek do rektora o udost\u0119pnienie dokumentacji osobom spoza Uczelni (PDF, wersja dost\u0119pna cyfrowo, 112 KB)<\/a><\/p>\n<p><a class=\"docx\" title=\"pobierz plik\" href=\"https:\/\/pb.edu.pl\/auich\/wp-content\/uploads\/sites\/63\/2021\/03\/Wniosek-do-rektora-o-udostepnienie-dokumentacji-osobom-spoza-Uczelni.docx\" data-id=\"194\">Wniosek do rektora o udost\u0119pnienie dokumentacji osobom spoza Uczelni (DOCX, 13 KB)<\/a><br \/>\n&nbsp;<br \/>\n<a class=\"pdf\" title=\"otworzy si\u0119 w nowej karcie\" href=\"https:\/\/pb.edu.pl\/auich\/wp-content\/uploads\/sites\/63\/2021\/03\/Karta-udostepniania-akt.pdf\" target=\"_blank\" rel=\"noopener\" data-id=\"210\">Karta udost\u0119pniania akt (PDF, wersja dost\u0119pna cyfrowo, 93 KB)<\/a><\/p>\n<p><a class=\"docx\" title=\"pobierz plik\" href=\"https:\/\/pb.edu.pl\/auich\/wp-content\/uploads\/sites\/63\/2021\/03\/Karta-udostepniania-akt.docx\" data-id=\"211\">Karta udost\u0119pniania akt (DOCX, 17 KB)<\/a><\/p>\n","protected":false},"excerpt":{"rendered":"<p>&nbsp; wniosek o wydanie za\u015bwiadczenia z archiwum (PDF, wersja dost\u0119pna cyfrowo, 202 KB) wniosek o<\/p>\n","protected":false},"author":2,"featured_media":0,"parent":37,"menu_order":6,"comment_status":"closed","ping_status":"closed","template":"","meta":{"_acf_changed":false,"ngg_post_thumbnail":0,"footnotes":""},"class_list":["post-77","page","type-page","status-publish","hentry"],"acf":[],"yoast_head":"<!-- This site is optimized with the Yoast SEO plugin v27.0 - https:\/\/yoast.com\/product\/yoast-seo-wordpress\/ -->\n<title>Baza formularzy i za\u0142\u0105cznik\u00f3w - Archiwum Uczelniane i Centrum Historii PB<\/title>\n<meta name=\"description\" content=\"&nbsp; wniosek o wydanie za\u015bwiadczenia z archiwum (PDF, wersja dost\u0119pna cyfrowo, 202 KB) wniosek o wydanie za\u015bwiadczenia z archiwum (DOCX, 25 KB) &nbsp;\" \/>\n<meta name=\"robots\" content=\"index, follow, max-snippet:-1, max-image-preview:large, max-video-preview:-1\" \/>\n<link rel=\"canonical\" href=\"https:\/\/pb.edu.pl\/auich\/aktualnosci\/archiwum-uczelniane\/baza-formularzy-i-zalacznikow\/\" \/>\n<meta property=\"og:locale\" content=\"pl_PL\" \/>\n<meta property=\"og:type\" content=\"article\" \/>\n<meta property=\"og:title\" content=\"Baza formularzy i za\u0142\u0105cznik\u00f3w - Archiwum Uczelniane i Centrum Historii PB\" \/>\n<meta property=\"og:description\" content=\"&nbsp; wniosek o wydanie za\u015bwiadczenia z archiwum (PDF, wersja dost\u0119pna cyfrowo, 202 KB) wniosek o wydanie za\u015bwiadczenia z archiwum (DOCX, 25 KB) &nbsp;\" \/>\n<meta property=\"og:url\" content=\"https:\/\/pb.edu.pl\/auich\/aktualnosci\/archiwum-uczelniane\/baza-formularzy-i-zalacznikow\/\" \/>\n<meta property=\"og:site_name\" content=\"Archiwum Uczelniane i Centrum Historii PB\" \/>\n<meta property=\"article:modified_time\" content=\"2021-12-07T10:40:22+00:00\" \/>\n<meta name=\"twitter:card\" content=\"summary_large_image\" \/>\n<script type=\"application\/ld+json\" class=\"yoast-schema-graph\">{\"@context\":\"https:\/\/schema.org\",\"@graph\":[{\"@type\":\"WebPage\",\"@id\":\"https:\/\/pb.edu.pl\/auich\/aktualnosci\/archiwum-uczelniane\/baza-formularzy-i-zalacznikow\/\",\"url\":\"https:\/\/pb.edu.pl\/auich\/aktualnosci\/archiwum-uczelniane\/baza-formularzy-i-zalacznikow\/\",\"name\":\"Baza formularzy i za\u0142\u0105cznik\u00f3w - Archiwum Uczelniane i Centrum Historii PB\",\"isPartOf\":{\"@id\":\"https:\/\/pb.edu.pl\/auich\/#website\"},\"datePublished\":\"2021-03-09T17:17:58+00:00\",\"dateModified\":\"2021-12-07T10:40:22+00:00\",\"description\":\"&nbsp; wniosek o wydanie za\u015bwiadczenia z archiwum (PDF, wersja dost\u0119pna cyfrowo, 202 KB) wniosek o wydanie za\u015bwiadczenia z archiwum (DOCX, 25 KB) &nbsp;\",\"breadcrumb\":{\"@id\":\"https:\/\/pb.edu.pl\/auich\/aktualnosci\/archiwum-uczelniane\/baza-formularzy-i-zalacznikow\/#breadcrumb\"},\"inLanguage\":\"pl-PL\",\"potentialAction\":[{\"@type\":\"ReadAction\",\"target\":[\"https:\/\/pb.edu.pl\/auich\/aktualnosci\/archiwum-uczelniane\/baza-formularzy-i-zalacznikow\/\"]}]},{\"@type\":\"BreadcrumbList\",\"@id\":\"https:\/\/pb.edu.pl\/auich\/aktualnosci\/archiwum-uczelniane\/baza-formularzy-i-zalacznikow\/#breadcrumb\",\"itemListElement\":[{\"@type\":\"ListItem\",\"position\":1,\"name\":\"Strona g\u0142\u00f3wna\",\"item\":\"https:\/\/pb.edu.pl\/auich\/\"},{\"@type\":\"ListItem\",\"position\":2,\"name\":\"Aktualno\u015bci\",\"item\":\"https:\/\/pb.edu.pl\/auich\/aktualnosci\/\"},{\"@type\":\"ListItem\",\"position\":3,\"name\":\"Archiwum Uczelniane\",\"item\":\"https:\/\/pb.edu.pl\/auich\/aktualnosci\/archiwum-uczelniane\/\"},{\"@type\":\"ListItem\",\"position\":4,\"name\":\"Baza formularzy i za\u0142\u0105cznik\u00f3w\"}]},{\"@type\":\"WebSite\",\"@id\":\"https:\/\/pb.edu.pl\/auich\/#website\",\"url\":\"https:\/\/pb.edu.pl\/auich\/\",\"name\":\"Archiwum Uczelniane i Centrum Historii PB\",\"description\":\"\",\"potentialAction\":[{\"@type\":\"SearchAction\",\"target\":{\"@type\":\"EntryPoint\",\"urlTemplate\":\"https:\/\/pb.edu.pl\/auich\/?s={search_term_string}\"},\"query-input\":{\"@type\":\"PropertyValueSpecification\",\"valueRequired\":true,\"valueName\":\"search_term_string\"}}],\"inLanguage\":\"pl-PL\"}]}<\/script>\n<!-- \/ Yoast SEO plugin. -->","yoast_head_json":{"title":"Baza formularzy i za\u0142\u0105cznik\u00f3w - Archiwum Uczelniane i Centrum Historii PB","description":"&nbsp; wniosek o wydanie za\u015bwiadczenia z archiwum (PDF, wersja dost\u0119pna cyfrowo, 202 KB) wniosek o wydanie za\u015bwiadczenia z archiwum (DOCX, 25 KB) &nbsp;","robots":{"index":"index","follow":"follow","max-snippet":"max-snippet:-1","max-image-preview":"max-image-preview:large","max-video-preview":"max-video-preview:-1"},"canonical":"https:\/\/pb.edu.pl\/auich\/aktualnosci\/archiwum-uczelniane\/baza-formularzy-i-zalacznikow\/","og_locale":"pl_PL","og_type":"article","og_title":"Baza formularzy i za\u0142\u0105cznik\u00f3w - Archiwum Uczelniane i Centrum Historii PB","og_description":"&nbsp; wniosek o wydanie za\u015bwiadczenia z archiwum (PDF, wersja dost\u0119pna cyfrowo, 202 KB) wniosek o wydanie za\u015bwiadczenia z archiwum (DOCX, 25 KB) &nbsp;","og_url":"https:\/\/pb.edu.pl\/auich\/aktualnosci\/archiwum-uczelniane\/baza-formularzy-i-zalacznikow\/","og_site_name":"Archiwum Uczelniane i Centrum Historii PB","article_modified_time":"2021-12-07T10:40:22+00:00","twitter_card":"summary_large_image","schema":{"@context":"https:\/\/schema.org","@graph":[{"@type":"WebPage","@id":"https:\/\/pb.edu.pl\/auich\/aktualnosci\/archiwum-uczelniane\/baza-formularzy-i-zalacznikow\/","url":"https:\/\/pb.edu.pl\/auich\/aktualnosci\/archiwum-uczelniane\/baza-formularzy-i-zalacznikow\/","name":"Baza formularzy i za\u0142\u0105cznik\u00f3w - Archiwum Uczelniane i Centrum Historii PB","isPartOf":{"@id":"https:\/\/pb.edu.pl\/auich\/#website"},"datePublished":"2021-03-09T17:17:58+00:00","dateModified":"2021-12-07T10:40:22+00:00","description":"&nbsp; wniosek o wydanie za\u015bwiadczenia z archiwum (PDF, wersja dost\u0119pna cyfrowo, 202 KB) wniosek o wydanie za\u015bwiadczenia z archiwum (DOCX, 25 KB) &nbsp;","breadcrumb":{"@id":"https:\/\/pb.edu.pl\/auich\/aktualnosci\/archiwum-uczelniane\/baza-formularzy-i-zalacznikow\/#breadcrumb"},"inLanguage":"pl-PL","potentialAction":[{"@type":"ReadAction","target":["https:\/\/pb.edu.pl\/auich\/aktualnosci\/archiwum-uczelniane\/baza-formularzy-i-zalacznikow\/"]}]},{"@type":"BreadcrumbList","@id":"https:\/\/pb.edu.pl\/auich\/aktualnosci\/archiwum-uczelniane\/baza-formularzy-i-zalacznikow\/#breadcrumb","itemListElement":[{"@type":"ListItem","position":1,"name":"Strona g\u0142\u00f3wna","item":"https:\/\/pb.edu.pl\/auich\/"},{"@type":"ListItem","position":2,"name":"Aktualno\u015bci","item":"https:\/\/pb.edu.pl\/auich\/aktualnosci\/"},{"@type":"ListItem","position":3,"name":"Archiwum Uczelniane","item":"https:\/\/pb.edu.pl\/auich\/aktualnosci\/archiwum-uczelniane\/"},{"@type":"ListItem","position":4,"name":"Baza formularzy i za\u0142\u0105cznik\u00f3w"}]},{"@type":"WebSite","@id":"https:\/\/pb.edu.pl\/auich\/#website","url":"https:\/\/pb.edu.pl\/auich\/","name":"Archiwum Uczelniane i Centrum Historii PB","description":"","potentialAction":[{"@type":"SearchAction","target":{"@type":"EntryPoint","urlTemplate":"https:\/\/pb.edu.pl\/auich\/?s={search_term_string}"},"query-input":{"@type":"PropertyValueSpecification","valueRequired":true,"valueName":"search_term_string"}}],"inLanguage":"pl-PL"}]}},"_links":{"self":[{"href":"https:\/\/pb.edu.pl\/auich\/wp-json\/wp\/v2\/pages\/77","targetHints":{"allow":["GET"]}}],"collection":[{"href":"https:\/\/pb.edu.pl\/auich\/wp-json\/wp\/v2\/pages"}],"about":[{"href":"https:\/\/pb.edu.pl\/auich\/wp-json\/wp\/v2\/types\/page"}],"author":[{"embeddable":true,"href":"https:\/\/pb.edu.pl\/auich\/wp-json\/wp\/v2\/users\/2"}],"replies":[{"embeddable":true,"href":"https:\/\/pb.edu.pl\/auich\/wp-json\/wp\/v2\/comments?post=77"}],"version-history":[{"count":0,"href":"https:\/\/pb.edu.pl\/auich\/wp-json\/wp\/v2\/pages\/77\/revisions"}],"up":[{"embeddable":true,"href":"https:\/\/pb.edu.pl\/auich\/wp-json\/wp\/v2\/pages\/37"}],"wp:attachment":[{"href":"https:\/\/pb.edu.pl\/auich\/wp-json\/wp\/v2\/media?parent=77"}],"curies":[{"name":"wp","href":"https:\/\/api.w.org\/{rel}","templated":true}]}}