{"id":75,"date":"2021-03-09T18:17:15","date_gmt":"2021-03-09T17:17:15","guid":{"rendered":"https:\/\/pb.edu.pl\/auich\/?page_id=75"},"modified":"2021-11-22T19:00:28","modified_gmt":"2021-11-22T18:00:28","slug":"podstawa-prawna-i-zadania","status":"publish","type":"page","link":"https:\/\/pb.edu.pl\/auich\/aktualnosci\/archiwum-uczelniane\/podstawa-prawna-i-zadania\/","title":{"rendered":"Podstawa prawna i zadania"},"content":{"rendered":"<div class=\"h2\">Zadania<\/div>\n<p>Do podstawowych zada\u0144 Archiwum PB nale\u017cy prowadzenie dzia\u0142alno\u015bci:<\/p>\n<ol>\n<li>Archiwalnej:\n<ol type=\"a\">\n<li>wsp\u00f3\u0142praca z jednostkami organizacyjnymi Uczelni w zakresie prawid\u0142owego post\u0119powania z dokumentacj\u0105 oraz przygotowania jej do przekazania do Archiwum,<\/li>\n<li>przyjmowanie materia\u0142\u00f3w archiwalnych i dokumentacji niearchiwalnej (aktowej) z jednostek organizacyjnych PB oraz prowadzenie ich ewidencji,<\/li>\n<li>przechowywanie, opracowywanie, zabezpieczanie i udost\u0119pnianie przej\u0119tej dokumentacji,<\/p>\n<li>brakowanie dokumentacji niearchiwalnej.<\/li>\n<\/ol>\n<\/li>\n<li>Informacyjno-naukowej:\n<ol type=\"a\">\n<li>prowadzenie kwerend wewn\u0105trz posiadanego zasobu do cel\u00f3w s\u0142u\u017cbowych i naukowo-badawczych na wniosek pracownik\u00f3w Uczelni i os\u00f3b prywatnych,<\/li>\n<li>udost\u0119pnianie materia\u0142\u00f3w archiwalnych i dokumentacji niearchiwalnej,<\/li>\n<li>udost\u0119pnianie niepublikowanych prac dyplomowych (licencjackich, in\u017cynierskich, magisterskich) oraz rozpraw doktorskich (po uzyskaniu zgody autora).<\/li>\n<\/ol>\n<\/li>\n<\/ol>\n<div class=\"h2\">Podstawa prawna<\/div>\n<p>Centrum Historii PB funkcjonuje w oparciu o nast\u0119puj\u0105ce dokumenty:<\/p>\n<ol>\n<li><a title=\"\" href=\"https:\/\/isap.sejm.gov.pl\/isap.nsf\/download.xsp\/WDU19830380173\/U\/D19830173Lj.pdf\">Ustawy z 14 lipca 1983 r. o narodowym zasobie archiwalnym i archiwach (Dz. U. z 2020 r. poz. 164.)<\/a><\/li>\n<li><a title=\"BIP PB. Otworzy si\u0119 w nowej karcie.\" href=\"https:\/\/bip.pb.edu.pl\/?event=informacja&amp;id=17775\" target=\"_blank\" rel=\"noopener\">Statut Politechniki Bia\u0142ostockiej<\/a><\/li>\n<li><a title=\"BIP PB. Otworzy si\u0119 w nowej karcie.\" href=\"https:\/\/bip.pb.edu.pl\/?event=informacja&amp;id=14036\" target=\"_blank\" rel=\"noopener\">Instrukcj\u0119 kancelaryjn\u0105 i instrukcj\u0119 o organizacji i zakresie dzia\u0142ania Archiwum Uczelnianego i Centrum Historii PB<\/a><\/li>\n<\/ol>\n","protected":false},"excerpt":{"rendered":"<p>Zadania Do podstawowych zada\u0144 Archiwum PB nale\u017cy prowadzenie dzia\u0142alno\u015bci: Archiwalnej: wsp\u00f3\u0142praca z jednostkami organizacyjnymi Uczelni<\/p>\n","protected":false},"author":2,"featured_media":0,"parent":37,"menu_order":5,"comment_status":"closed","ping_status":"closed","template":"","meta":{"_acf_changed":false,"ngg_post_thumbnail":0,"footnotes":""},"class_list":["post-75","page","type-page","status-publish","hentry"],"acf":[],"yoast_head":"<!-- This site is optimized with the Yoast SEO plugin v27.0 - https:\/\/yoast.com\/product\/yoast-seo-wordpress\/ -->\n<title>Podstawa prawna i zadania - Archiwum Uczelniane i Centrum Historii PB<\/title>\n<meta name=\"description\" content=\"Zadania Do podstawowych zada\u0144 Archiwum PB nale\u017cy prowadzenie dzia\u0142alno\u015bci: Archiwalnej: wsp\u00f3\u0142praca z jednostkami organizacyjnymi Uczelni w zakresie\" \/>\n<meta name=\"robots\" content=\"index, follow, max-snippet:-1, max-image-preview:large, max-video-preview:-1\" \/>\n<link rel=\"canonical\" href=\"https:\/\/pb.edu.pl\/auich\/aktualnosci\/archiwum-uczelniane\/podstawa-prawna-i-zadania\/\" \/>\n<meta property=\"og:locale\" content=\"pl_PL\" \/>\n<meta property=\"og:type\" content=\"article\" \/>\n<meta property=\"og:title\" content=\"Podstawa prawna i zadania - Archiwum Uczelniane i Centrum Historii PB\" \/>\n<meta property=\"og:description\" content=\"Zadania Do podstawowych zada\u0144 Archiwum PB nale\u017cy prowadzenie dzia\u0142alno\u015bci: Archiwalnej: wsp\u00f3\u0142praca z jednostkami organizacyjnymi Uczelni w zakresie\" \/>\n<meta property=\"og:url\" content=\"https:\/\/pb.edu.pl\/auich\/aktualnosci\/archiwum-uczelniane\/podstawa-prawna-i-zadania\/\" \/>\n<meta property=\"og:site_name\" content=\"Archiwum Uczelniane i Centrum Historii PB\" \/>\n<meta property=\"article:modified_time\" content=\"2021-11-22T18:00:28+00:00\" \/>\n<meta name=\"twitter:card\" content=\"summary_large_image\" \/>\n<meta name=\"twitter:label1\" content=\"Szacowany czas czytania\" \/>\n\t<meta name=\"twitter:data1\" content=\"1 minuta\" \/>\n<script type=\"application\/ld+json\" class=\"yoast-schema-graph\">{\"@context\":\"https:\/\/schema.org\",\"@graph\":[{\"@type\":\"WebPage\",\"@id\":\"https:\/\/pb.edu.pl\/auich\/aktualnosci\/archiwum-uczelniane\/podstawa-prawna-i-zadania\/\",\"url\":\"https:\/\/pb.edu.pl\/auich\/aktualnosci\/archiwum-uczelniane\/podstawa-prawna-i-zadania\/\",\"name\":\"Podstawa prawna i zadania - Archiwum Uczelniane i Centrum Historii PB\",\"isPartOf\":{\"@id\":\"https:\/\/pb.edu.pl\/auich\/#website\"},\"datePublished\":\"2021-03-09T17:17:15+00:00\",\"dateModified\":\"2021-11-22T18:00:28+00:00\",\"description\":\"Zadania Do podstawowych zada\u0144 Archiwum PB nale\u017cy prowadzenie dzia\u0142alno\u015bci: Archiwalnej: wsp\u00f3\u0142praca z jednostkami organizacyjnymi Uczelni w zakresie\",\"breadcrumb\":{\"@id\":\"https:\/\/pb.edu.pl\/auich\/aktualnosci\/archiwum-uczelniane\/podstawa-prawna-i-zadania\/#breadcrumb\"},\"inLanguage\":\"pl-PL\",\"potentialAction\":[{\"@type\":\"ReadAction\",\"target\":[\"https:\/\/pb.edu.pl\/auich\/aktualnosci\/archiwum-uczelniane\/podstawa-prawna-i-zadania\/\"]}]},{\"@type\":\"BreadcrumbList\",\"@id\":\"https:\/\/pb.edu.pl\/auich\/aktualnosci\/archiwum-uczelniane\/podstawa-prawna-i-zadania\/#breadcrumb\",\"itemListElement\":[{\"@type\":\"ListItem\",\"position\":1,\"name\":\"Strona g\u0142\u00f3wna\",\"item\":\"https:\/\/pb.edu.pl\/auich\/\"},{\"@type\":\"ListItem\",\"position\":2,\"name\":\"Aktualno\u015bci\",\"item\":\"https:\/\/pb.edu.pl\/auich\/aktualnosci\/\"},{\"@type\":\"ListItem\",\"position\":3,\"name\":\"Archiwum Uczelniane\",\"item\":\"https:\/\/pb.edu.pl\/auich\/aktualnosci\/archiwum-uczelniane\/\"},{\"@type\":\"ListItem\",\"position\":4,\"name\":\"Podstawa prawna i zadania\"}]},{\"@type\":\"WebSite\",\"@id\":\"https:\/\/pb.edu.pl\/auich\/#website\",\"url\":\"https:\/\/pb.edu.pl\/auich\/\",\"name\":\"Archiwum Uczelniane i Centrum Historii PB\",\"description\":\"\",\"potentialAction\":[{\"@type\":\"SearchAction\",\"target\":{\"@type\":\"EntryPoint\",\"urlTemplate\":\"https:\/\/pb.edu.pl\/auich\/?s={search_term_string}\"},\"query-input\":{\"@type\":\"PropertyValueSpecification\",\"valueRequired\":true,\"valueName\":\"search_term_string\"}}],\"inLanguage\":\"pl-PL\"}]}<\/script>\n<!-- \/ Yoast SEO plugin. -->","yoast_head_json":{"title":"Podstawa prawna i zadania - Archiwum Uczelniane i Centrum Historii PB","description":"Zadania Do podstawowych zada\u0144 Archiwum PB nale\u017cy prowadzenie dzia\u0142alno\u015bci: Archiwalnej: wsp\u00f3\u0142praca z jednostkami organizacyjnymi Uczelni w zakresie","robots":{"index":"index","follow":"follow","max-snippet":"max-snippet:-1","max-image-preview":"max-image-preview:large","max-video-preview":"max-video-preview:-1"},"canonical":"https:\/\/pb.edu.pl\/auich\/aktualnosci\/archiwum-uczelniane\/podstawa-prawna-i-zadania\/","og_locale":"pl_PL","og_type":"article","og_title":"Podstawa prawna i zadania - Archiwum Uczelniane i Centrum Historii PB","og_description":"Zadania Do podstawowych zada\u0144 Archiwum PB nale\u017cy prowadzenie dzia\u0142alno\u015bci: Archiwalnej: wsp\u00f3\u0142praca z jednostkami organizacyjnymi Uczelni w zakresie","og_url":"https:\/\/pb.edu.pl\/auich\/aktualnosci\/archiwum-uczelniane\/podstawa-prawna-i-zadania\/","og_site_name":"Archiwum Uczelniane i Centrum Historii PB","article_modified_time":"2021-11-22T18:00:28+00:00","twitter_card":"summary_large_image","twitter_misc":{"Szacowany czas czytania":"1 minuta"},"schema":{"@context":"https:\/\/schema.org","@graph":[{"@type":"WebPage","@id":"https:\/\/pb.edu.pl\/auich\/aktualnosci\/archiwum-uczelniane\/podstawa-prawna-i-zadania\/","url":"https:\/\/pb.edu.pl\/auich\/aktualnosci\/archiwum-uczelniane\/podstawa-prawna-i-zadania\/","name":"Podstawa prawna i zadania - Archiwum Uczelniane i Centrum Historii PB","isPartOf":{"@id":"https:\/\/pb.edu.pl\/auich\/#website"},"datePublished":"2021-03-09T17:17:15+00:00","dateModified":"2021-11-22T18:00:28+00:00","description":"Zadania Do podstawowych zada\u0144 Archiwum PB nale\u017cy prowadzenie dzia\u0142alno\u015bci: Archiwalnej: wsp\u00f3\u0142praca z jednostkami organizacyjnymi Uczelni w zakresie","breadcrumb":{"@id":"https:\/\/pb.edu.pl\/auich\/aktualnosci\/archiwum-uczelniane\/podstawa-prawna-i-zadania\/#breadcrumb"},"inLanguage":"pl-PL","potentialAction":[{"@type":"ReadAction","target":["https:\/\/pb.edu.pl\/auich\/aktualnosci\/archiwum-uczelniane\/podstawa-prawna-i-zadania\/"]}]},{"@type":"BreadcrumbList","@id":"https:\/\/pb.edu.pl\/auich\/aktualnosci\/archiwum-uczelniane\/podstawa-prawna-i-zadania\/#breadcrumb","itemListElement":[{"@type":"ListItem","position":1,"name":"Strona g\u0142\u00f3wna","item":"https:\/\/pb.edu.pl\/auich\/"},{"@type":"ListItem","position":2,"name":"Aktualno\u015bci","item":"https:\/\/pb.edu.pl\/auich\/aktualnosci\/"},{"@type":"ListItem","position":3,"name":"Archiwum Uczelniane","item":"https:\/\/pb.edu.pl\/auich\/aktualnosci\/archiwum-uczelniane\/"},{"@type":"ListItem","position":4,"name":"Podstawa prawna i zadania"}]},{"@type":"WebSite","@id":"https:\/\/pb.edu.pl\/auich\/#website","url":"https:\/\/pb.edu.pl\/auich\/","name":"Archiwum Uczelniane i Centrum Historii PB","description":"","potentialAction":[{"@type":"SearchAction","target":{"@type":"EntryPoint","urlTemplate":"https:\/\/pb.edu.pl\/auich\/?s={search_term_string}"},"query-input":{"@type":"PropertyValueSpecification","valueRequired":true,"valueName":"search_term_string"}}],"inLanguage":"pl-PL"}]}},"_links":{"self":[{"href":"https:\/\/pb.edu.pl\/auich\/wp-json\/wp\/v2\/pages\/75","targetHints":{"allow":["GET"]}}],"collection":[{"href":"https:\/\/pb.edu.pl\/auich\/wp-json\/wp\/v2\/pages"}],"about":[{"href":"https:\/\/pb.edu.pl\/auich\/wp-json\/wp\/v2\/types\/page"}],"author":[{"embeddable":true,"href":"https:\/\/pb.edu.pl\/auich\/wp-json\/wp\/v2\/users\/2"}],"replies":[{"embeddable":true,"href":"https:\/\/pb.edu.pl\/auich\/wp-json\/wp\/v2\/comments?post=75"}],"version-history":[{"count":0,"href":"https:\/\/pb.edu.pl\/auich\/wp-json\/wp\/v2\/pages\/75\/revisions"}],"up":[{"embeddable":true,"href":"https:\/\/pb.edu.pl\/auich\/wp-json\/wp\/v2\/pages\/37"}],"wp:attachment":[{"href":"https:\/\/pb.edu.pl\/auich\/wp-json\/wp\/v2\/media?parent=75"}],"curies":[{"name":"wp","href":"https:\/\/api.w.org\/{rel}","templated":true}]}}