{"id":612,"date":"2021-11-22T20:34:35","date_gmt":"2021-11-22T19:34:35","guid":{"rendered":"https:\/\/pb.edu.pl\/auich\/?page_id=612"},"modified":"2021-12-08T18:25:57","modified_gmt":"2021-12-08T17:25:57","slug":"informacje-o-archiwum-uczelnianym-i-centrum-historii-pb-w-tekscie-latwym-do-czytania-etr","status":"publish","type":"page","link":"https:\/\/pb.edu.pl\/auich\/informacje-o-archiwum-uczelnianym-i-centrum-historii-pb-w-tekscie-latwym-do-czytania-etr\/","title":{"rendered":"Informacje o Archiwum Uczelnianym i Centrum Historii PB w tek\u015bcie \u0142atwym do czytania \u2013 ETR"},"content":{"rendered":"<div style=\"font-size:1.8rem\">\nArchiwum Uczelnianym i Centrum  Historii jest to jednostka organizacyjna w Uczelni.<\/p>\n<p>Archiwum i Centrum gromadzi, przechowuje materia\u0142y archiwalne i historyczne. Udost\u0119pnia je pracownikom uczelni i jej absolwentom.<\/p>\n<p>Archiwum wydaje za\u015bwiadczenia z toku studi\u00f3w oraz udost\u0119pnia prace dyplomowe studentom. Centrum prowadzi muzeum uczelniane.<\/p>\n<p>Jednostka znajduje si\u0119 w budynku Wydzia\u0142u Mechanicznego, przy ul. Wiejskiej 45C w Bia\u0142ymstoku.<br \/>\n<strong><br \/>\nJe\u015bli chcesz si\u0119 skontaktowa\u0107 z Archiwum Uczelnianym i Centrum Historii Politechniki Bia\u0142ostockiej mo\u017cesz:<\/strong><\/p>\n<ul>\n<li>napisa\u0107 pismo i wys\u0142a\u0107 je na adres:<br \/>\nArchiwum Uczelnianym i Centrum Historii Politechniki Bia\u0142ostockiej<br \/>\nWiejska 45C<br \/>\n15-351 Bia\u0142ystok<\/li>\n<li>mo\u017cesz wys\u0142a\u0107 e-mail na adres: archiwum@pb.edu.pl lub centrumhistorii@pb.edu.pl. <\/li>\n<li>mo\u017cesz zadzwoni\u0107 sam lub przy pomocy innej osoby na numer telefonu:<br \/>\n85 746-91-36 lub 513-065-411<\/li>\n<\/ul>\n<p>Mo\u017cesz tak\u017ce przyj\u015b\u0107 do Biura ds. Os\u00f3b z Niepe\u0142nosprawno\u015bciami Politechniki Bia\u0142ostockiej<br \/>\nBiura jest otwarte od poniedzia\u0142ku do pi\u0105tku, w godzinach 8:00-15:00.<br \/>\nBiuro znajduje si\u0119 w budynku g\u0142\u00f3wnym uczelni, przy ulicy Wiejskiej 45A, w pokoju 39C na pi\u0119trze.\n<\/p><\/div>\n","protected":false},"excerpt":{"rendered":"<p>Archiwum Uczelnianym i Centrum Historii jest to jednostka organizacyjna w Uczelni. Archiwum i Centrum gromadzi,<\/p>\n","protected":false},"author":2,"featured_media":0,"parent":0,"menu_order":0,"comment_status":"closed","ping_status":"closed","template":"","meta":{"_acf_changed":false,"ngg_post_thumbnail":0,"footnotes":""},"class_list":["post-612","page","type-page","status-publish","hentry"],"acf":[],"yoast_head":"<!-- This site is optimized with the Yoast SEO plugin v27.0 - https:\/\/yoast.com\/product\/yoast-seo-wordpress\/ -->\n<title>Informacje o Archiwum Uczelnianym i Centrum Historii PB w tek\u015bcie \u0142atwym do czytania \u2013 ETR - Archiwum Uczelniane i Centrum Historii PB<\/title>\n<meta name=\"description\" content=\"Archiwum Uczelnianym i Centrum Historii jest to jednostka organizacyjna w Uczelni. Archiwum i Centrum gromadzi, przechowuje materia\u0142y archiwalne i\" \/>\n<meta name=\"robots\" content=\"index, follow, max-snippet:-1, max-image-preview:large, max-video-preview:-1\" \/>\n<link rel=\"canonical\" href=\"https:\/\/pb.edu.pl\/auich\/informacje-o-archiwum-uczelnianym-i-centrum-historii-pb-w-tekscie-latwym-do-czytania-etr\/\" \/>\n<meta property=\"og:locale\" content=\"pl_PL\" \/>\n<meta property=\"og:type\" content=\"article\" \/>\n<meta property=\"og:title\" content=\"Informacje o Archiwum Uczelnianym i Centrum Historii PB w tek\u015bcie \u0142atwym do czytania \u2013 ETR - Archiwum Uczelniane i Centrum Historii PB\" \/>\n<meta property=\"og:description\" content=\"Archiwum Uczelnianym i Centrum Historii jest to jednostka organizacyjna w Uczelni. Archiwum i Centrum gromadzi, przechowuje materia\u0142y archiwalne i\" \/>\n<meta property=\"og:url\" content=\"https:\/\/pb.edu.pl\/auich\/informacje-o-archiwum-uczelnianym-i-centrum-historii-pb-w-tekscie-latwym-do-czytania-etr\/\" \/>\n<meta property=\"og:site_name\" content=\"Archiwum Uczelniane i Centrum Historii PB\" \/>\n<meta property=\"article:modified_time\" content=\"2021-12-08T17:25:57+00:00\" \/>\n<meta name=\"twitter:card\" content=\"summary_large_image\" \/>\n<meta name=\"twitter:label1\" content=\"Szacowany czas czytania\" \/>\n\t<meta name=\"twitter:data1\" content=\"1 minuta\" \/>\n<script type=\"application\/ld+json\" class=\"yoast-schema-graph\">{\"@context\":\"https:\/\/schema.org\",\"@graph\":[{\"@type\":\"WebPage\",\"@id\":\"https:\/\/pb.edu.pl\/auich\/informacje-o-archiwum-uczelnianym-i-centrum-historii-pb-w-tekscie-latwym-do-czytania-etr\/\",\"url\":\"https:\/\/pb.edu.pl\/auich\/informacje-o-archiwum-uczelnianym-i-centrum-historii-pb-w-tekscie-latwym-do-czytania-etr\/\",\"name\":\"Informacje o Archiwum Uczelnianym i Centrum Historii PB w tek\u015bcie \u0142atwym do czytania \u2013 ETR - Archiwum Uczelniane i Centrum Historii PB\",\"isPartOf\":{\"@id\":\"https:\/\/pb.edu.pl\/auich\/#website\"},\"datePublished\":\"2021-11-22T19:34:35+00:00\",\"dateModified\":\"2021-12-08T17:25:57+00:00\",\"description\":\"Archiwum Uczelnianym i Centrum Historii jest to jednostka organizacyjna w Uczelni. Archiwum i Centrum gromadzi, przechowuje materia\u0142y archiwalne i\",\"breadcrumb\":{\"@id\":\"https:\/\/pb.edu.pl\/auich\/informacje-o-archiwum-uczelnianym-i-centrum-historii-pb-w-tekscie-latwym-do-czytania-etr\/#breadcrumb\"},\"inLanguage\":\"pl-PL\",\"potentialAction\":[{\"@type\":\"ReadAction\",\"target\":[\"https:\/\/pb.edu.pl\/auich\/informacje-o-archiwum-uczelnianym-i-centrum-historii-pb-w-tekscie-latwym-do-czytania-etr\/\"]}]},{\"@type\":\"BreadcrumbList\",\"@id\":\"https:\/\/pb.edu.pl\/auich\/informacje-o-archiwum-uczelnianym-i-centrum-historii-pb-w-tekscie-latwym-do-czytania-etr\/#breadcrumb\",\"itemListElement\":[{\"@type\":\"ListItem\",\"position\":1,\"name\":\"Strona g\u0142\u00f3wna\",\"item\":\"https:\/\/pb.edu.pl\/auich\/\"},{\"@type\":\"ListItem\",\"position\":2,\"name\":\"Informacje o Archiwum Uczelnianym i Centrum Historii PB w tek\u015bcie \u0142atwym do czytania \u2013 ETR\"}]},{\"@type\":\"WebSite\",\"@id\":\"https:\/\/pb.edu.pl\/auich\/#website\",\"url\":\"https:\/\/pb.edu.pl\/auich\/\",\"name\":\"Archiwum Uczelniane i Centrum Historii PB\",\"description\":\"\",\"potentialAction\":[{\"@type\":\"SearchAction\",\"target\":{\"@type\":\"EntryPoint\",\"urlTemplate\":\"https:\/\/pb.edu.pl\/auich\/?s={search_term_string}\"},\"query-input\":{\"@type\":\"PropertyValueSpecification\",\"valueRequired\":true,\"valueName\":\"search_term_string\"}}],\"inLanguage\":\"pl-PL\"}]}<\/script>\n<!-- \/ Yoast SEO plugin. -->","yoast_head_json":{"title":"Informacje o Archiwum Uczelnianym i Centrum Historii PB w tek\u015bcie \u0142atwym do czytania \u2013 ETR - Archiwum Uczelniane i Centrum Historii PB","description":"Archiwum Uczelnianym i Centrum Historii jest to jednostka organizacyjna w Uczelni. Archiwum i Centrum gromadzi, przechowuje materia\u0142y archiwalne i","robots":{"index":"index","follow":"follow","max-snippet":"max-snippet:-1","max-image-preview":"max-image-preview:large","max-video-preview":"max-video-preview:-1"},"canonical":"https:\/\/pb.edu.pl\/auich\/informacje-o-archiwum-uczelnianym-i-centrum-historii-pb-w-tekscie-latwym-do-czytania-etr\/","og_locale":"pl_PL","og_type":"article","og_title":"Informacje o Archiwum Uczelnianym i Centrum Historii PB w tek\u015bcie \u0142atwym do czytania \u2013 ETR - Archiwum Uczelniane i Centrum Historii PB","og_description":"Archiwum Uczelnianym i Centrum Historii jest to jednostka organizacyjna w Uczelni. Archiwum i Centrum gromadzi, przechowuje materia\u0142y archiwalne i","og_url":"https:\/\/pb.edu.pl\/auich\/informacje-o-archiwum-uczelnianym-i-centrum-historii-pb-w-tekscie-latwym-do-czytania-etr\/","og_site_name":"Archiwum Uczelniane i Centrum Historii PB","article_modified_time":"2021-12-08T17:25:57+00:00","twitter_card":"summary_large_image","twitter_misc":{"Szacowany czas czytania":"1 minuta"},"schema":{"@context":"https:\/\/schema.org","@graph":[{"@type":"WebPage","@id":"https:\/\/pb.edu.pl\/auich\/informacje-o-archiwum-uczelnianym-i-centrum-historii-pb-w-tekscie-latwym-do-czytania-etr\/","url":"https:\/\/pb.edu.pl\/auich\/informacje-o-archiwum-uczelnianym-i-centrum-historii-pb-w-tekscie-latwym-do-czytania-etr\/","name":"Informacje o Archiwum Uczelnianym i Centrum Historii PB w tek\u015bcie \u0142atwym do czytania \u2013 ETR - Archiwum Uczelniane i Centrum Historii PB","isPartOf":{"@id":"https:\/\/pb.edu.pl\/auich\/#website"},"datePublished":"2021-11-22T19:34:35+00:00","dateModified":"2021-12-08T17:25:57+00:00","description":"Archiwum Uczelnianym i Centrum Historii jest to jednostka organizacyjna w Uczelni. Archiwum i Centrum gromadzi, przechowuje materia\u0142y archiwalne i","breadcrumb":{"@id":"https:\/\/pb.edu.pl\/auich\/informacje-o-archiwum-uczelnianym-i-centrum-historii-pb-w-tekscie-latwym-do-czytania-etr\/#breadcrumb"},"inLanguage":"pl-PL","potentialAction":[{"@type":"ReadAction","target":["https:\/\/pb.edu.pl\/auich\/informacje-o-archiwum-uczelnianym-i-centrum-historii-pb-w-tekscie-latwym-do-czytania-etr\/"]}]},{"@type":"BreadcrumbList","@id":"https:\/\/pb.edu.pl\/auich\/informacje-o-archiwum-uczelnianym-i-centrum-historii-pb-w-tekscie-latwym-do-czytania-etr\/#breadcrumb","itemListElement":[{"@type":"ListItem","position":1,"name":"Strona g\u0142\u00f3wna","item":"https:\/\/pb.edu.pl\/auich\/"},{"@type":"ListItem","position":2,"name":"Informacje o Archiwum Uczelnianym i Centrum Historii PB w tek\u015bcie \u0142atwym do czytania \u2013 ETR"}]},{"@type":"WebSite","@id":"https:\/\/pb.edu.pl\/auich\/#website","url":"https:\/\/pb.edu.pl\/auich\/","name":"Archiwum Uczelniane i Centrum Historii PB","description":"","potentialAction":[{"@type":"SearchAction","target":{"@type":"EntryPoint","urlTemplate":"https:\/\/pb.edu.pl\/auich\/?s={search_term_string}"},"query-input":{"@type":"PropertyValueSpecification","valueRequired":true,"valueName":"search_term_string"}}],"inLanguage":"pl-PL"}]}},"_links":{"self":[{"href":"https:\/\/pb.edu.pl\/auich\/wp-json\/wp\/v2\/pages\/612","targetHints":{"allow":["GET"]}}],"collection":[{"href":"https:\/\/pb.edu.pl\/auich\/wp-json\/wp\/v2\/pages"}],"about":[{"href":"https:\/\/pb.edu.pl\/auich\/wp-json\/wp\/v2\/types\/page"}],"author":[{"embeddable":true,"href":"https:\/\/pb.edu.pl\/auich\/wp-json\/wp\/v2\/users\/2"}],"replies":[{"embeddable":true,"href":"https:\/\/pb.edu.pl\/auich\/wp-json\/wp\/v2\/comments?post=612"}],"version-history":[{"count":0,"href":"https:\/\/pb.edu.pl\/auich\/wp-json\/wp\/v2\/pages\/612\/revisions"}],"wp:attachment":[{"href":"https:\/\/pb.edu.pl\/auich\/wp-json\/wp\/v2\/media?parent=612"}],"curies":[{"name":"wp","href":"https:\/\/api.w.org\/{rel}","templated":true}]}}