{"id":58,"date":"2021-03-09T18:08:35","date_gmt":"2021-03-09T17:08:35","guid":{"rendered":"https:\/\/pb.edu.pl\/auich\/?page_id=58"},"modified":"2021-11-22T19:06:30","modified_gmt":"2021-11-22T18:06:30","slug":"udostepnianie-dokumentacji","status":"publish","type":"page","link":"https:\/\/pb.edu.pl\/auich\/aktualnosci\/archiwum-uczelniane\/udostepnianie-dokumentacji\/","title":{"rendered":"Udost\u0119pnianie dokumentacji"},"content":{"rendered":"<div class=\"h2\">Regulamin udost\u0119pniania dokumentacji<\/div>\n<p class=\"text-center\"><strong>Regulamin udost\u0119pniania dokumentacji w Archiwum Uczelnianym PB<\/strong><\/p>\n<p>Na podstawie Ustawy z 14 lipca 1983 r. o narodowym zasobie archiwalnym i archiwach (Dz. U. z 2016 r. poz. 1506, z p\u00f3\u017an. zm.) oraz Instrukcji o organizacji i zakresie dzia\u0142ania Archiwum Uczelnianego i Centrum Historii PB wprowadzonej Zarz\u0105dzeniem Nr 748 Rektora Politechniki Bia\u0142ostockiej z dnia 15 grudnia 2017 roku.<\/p>\n<p style=\"text-align: center\">\u00a71<\/p>\n<p>Regulamin okre\u015bla zasady dotycz\u0105ce udost\u0119pniania i korzystania z dokumentacji archiwalnej kategorii A oraz dokumentacji niearchiwalnej kategorii B przechowywanej w Archiwum Uczelnianym Politechniki Bia\u0142ostockiej.<\/p>\n<p style=\"text-align: center\">\u00a72<\/p>\n<p>Zasady dotycz\u0105ce korzystania ze zbior\u00f3w archiwalnych:<\/p>\n<ol>\n<li>ze zbior\u00f3w, do cel\u00f3w naukowo-badawczych i urz\u0119dowych, maj\u0105 prawo korzysta\u0107:\n<ul style=\"list-style-type: lower-alpha\">\n<li>pracownicy Uczelni (za\u0142\u0105cznik nr 2);<\/li>\n<li>pracownicy naukowi innych instytucji (np. szk\u00f3\u0142 wy\u017cszych, PAN, bibliotek, archiw\u00f3w i organizacji naukowych &#8211; za\u0142\u0105cznik nr 4);<\/li>\n<li>osoby zajmuj\u0105ce si\u0119 tw\u00f3rczo\u015bci\u0105 naukow\u0105 i literack\u0105 (za\u0142\u0105cznik nr 4);<\/li>\n<li>studenci Uczelni i innych szk\u00f3\u0142 wy\u017cszych (za\u0142\u0105cznik nr 3 i 4);<\/li>\n<li>upowa\u017cnieni przedstawiciele urz\u0119d\u00f3w pa\u0144stwowych;<\/li>\n<li>osoby, kt\u00f3re uzyska\u0142y zgod\u0119 w\u0142adz Uczelni (za\u0142\u0105cznik nr 4).<\/li>\n<\/ul>\n<\/li>\n<li>pracownikom urz\u0119d\u00f3w pa\u0144stwowych Archiwum udost\u0119pnia dokumentacj\u0119 dla cel\u00f3w s\u0142u\u017cbowych, na podstawie okazanego upowa\u017cnienia (pe\u0142nomocnictwa);<\/li>\n<li>osoby spoza Uczelni musz\u0105 uzyska\u0107 zgod\u0119 rektora, kt\u00f3ry akceptuje w\u0142asnor\u0119cznym podpisem zaopiniowane przez pracownika Archiwum \u201eZam\u00f3wienie na dokumentacj\u0119\u201d (za\u0142\u0105cznik nr 4);<\/li>\n<li>w uzasadnionych przypadkach pracownik Archiwum mo\u017ce odm\u00f3wi\u0107 zezwolenia na korzystanie z dokumentacji ze wzgl\u0119du na jej z\u0142y stan, nieuporz\u0105dkowanie lub z innych szczeg\u00f3lnych przyczyn, wzgl\u0119dnie cofn\u0105\u0107 zezwolenie w przypadku nie przestrzegania przepis\u00f3w niniejszego regulaminu;<\/li>\n<li>rektor Uczelni z w\u0142asnej inicjatywy lub na wniosek pracownika Archiwum mo\u017ce wy\u0142\u0105czy\u0107 z udost\u0119pniania na czas okre\u015blony cz\u0119\u015b\u0107 dokumentacji; korzystanie z tej dokumentacji wymaga w\u00f3wczas specjalnego zezwolenia w\u0142adz Uczelni;<\/li>\n<li>Archiwum na \u017c\u0105danie w\u0142adz Uczelni (rektora, prorektor\u00f3w lub dziekan\u00f3w) wypo\u017cycza do cel\u00f3w s\u0142u\u017cbowych dokumentacj\u0119 wy\u0142\u0105cznie na podstawie karty udost\u0119pnienia akt (za\u0142\u0105cznik nr 2) podpisanej przez kierownika danej jednostki organizacyjnej, okre\u015blaj\u0105cej dok\u0142adn\u0105 dat\u0119 zwrotu;<\/li>\n<li>nie wypo\u017cycza si\u0119 zinwentaryzowanych materia\u0142\u00f3w o warto\u015bci historycznej, uj\u0119tych w inwentarzach i katalogach Archiwum.<\/li>\n<\/ol>\n<p style=\"text-align: center\">\u00a73<\/p>\n<ol>\n<li>Wniosek o udost\u0119pnienie jednostek archiwalnych nale\u017cy sk\u0142ada\u0107 osobi\u015bcie. Zam\u00f3wienia s\u0105 realizowane w mo\u017cliwie najkr\u00f3tszym terminie. Pracownik Archiwum okre\u015bla termin udost\u0119pnienia dokumentacji w pracowni Archiwum Uczelnianego PB. \u200b<\/li>\n<li>Prawa i obowi\u0105zki os\u00f3b korzystaj\u0105cych z Archiwum: \u200b\n<ol>\n<li>osoby korzystaj\u0105ce z zasobu Archiwum s\u0105 uprawnione do przegl\u0105dania katalog\u00f3w, inwentarzy, spis\u00f3w i innych pomocy archiwalnych niezb\u0119dnych im w pracy;<\/li>\n<li>osoby korzystaj\u0105ce ze zbior\u00f3w Archiwum zobowi\u0105zane s\u0105 do:\n<ul style=\"list-style-type: lower-alpha\">\n<li>stosowania przepis\u00f3w niniejszego regulaminu;<\/li>\n<li>osobistego odbierania od pracownika Archiwum zam\u00f3wionej dokumentacji, a po zako\u0144czeniu pracy w danym dniu jej zwrotu;<\/li>\n<li>zwr\u00f3cenia w nale\u017cytym porz\u0105dku dokumentacji po jej wykorzystaniu;<\/li>\n<li>po opublikowaniu pracy opartej na dokumentacji przechowywanej w Archiwum \u2013 z\u0142o\u017cenie jednego egzemplarza tej pracy do Archiwum.<\/li>\n<\/ul>\n<\/li>\n<li>Osobie korzystaj\u0105cej z Archiwum nie wolno:\n<ul style=\"list-style-type: lower-alpha\">\n<li>zmienia\u0107 porz\u0105dku uk\u0142adu dokumentacji, z kt\u00f3rej korzysta, wprowadza\u0107 jakichkolwiek zmian;<\/li>\n<li>udost\u0119pnia\u0107 dokumentacji innym osobom;<\/li>\n<li>sporz\u0105dza\u0107 kserokopii z udost\u0119pnianej dokumentacji.<\/li>\n<\/ul>\n<\/li>\n<\/ol>\n<\/li>\n<\/ol>\n<div class=\"h2\">Za\u0142\u0105czniki do pobrania<\/div>\n<p><a class=\"pdf\" title=\"otworzy si\u0119 w nowej karcie\" href=\"https:\/\/pb.edu.pl\/auich\/wp-content\/uploads\/sites\/63\/2021\/03\/Karta-udostepniania-akt.pdf\" target=\"_blank\" rel=\"noopener\" data-id=\"210\">Za\u0142\u0105cznik nr 2 &#8211; Karta udost\u0119pniania akt (PDF, wersja dost\u0119pna cyfrowo, 93 KB)<\/a><\/p>\n<p><a class=\"docx\" title=\"pobierz plik\" href=\"https:\/\/pb.edu.pl\/auich\/wp-content\/uploads\/sites\/63\/2021\/03\/Karta-udostepniania-akt.docx\" data-id=\"211\">Za\u0142\u0105cznik nr 2 &#8211; Karta udost\u0119pniania akt (DOCX, 17 KB)<\/a><\/p>\n<p><a class=\"pdf\" title=\"otworzy si\u0119 w nowej karcie\" href=\"https:\/\/pb.edu.pl\/auich\/wp-content\/uploads\/sites\/63\/2021\/03\/zal._nr_3_wniosek_o_udostepnienie_prac_dyplomowych_studentom.pdf\" target=\"_blank\" rel=\"noopener\" data-id=\"280\">Za\u0142\u0105cznik_nr_3_wniosek_o_udostepnienie_prac_dyplomowych_studentom (PDF, wersja dost\u0119pna cyfrowo, 270 KB)<\/a><br \/>\n<a class=\"docx\" title=\"pobierz plik\" href=\"https:\/\/pb.edu.pl\/auich\/wp-content\/uploads\/sites\/63\/2021\/03\/zal._nr_3_wniosek_o_udostepnienie_prac_dyplomowych_studentom-1.docx\" data-id=\"279\">Za\u0142\u0105cznik_nr_3_wniosek_o_udostepnienie_prac_dyplomowych_studentom (1) (DOCX, 15 KB)<\/a><\/p>\n<p><a class=\"pdf\" title=\"otworzy si\u0119 w nowej karcie\" href=\"https:\/\/pb.edu.pl\/auich\/wp-content\/uploads\/sites\/63\/2021\/03\/Wniosek-do-rektora-o-udostepnienie-dokumentacji-osobom-spoza-Uczelni.pdf\" target=\"_blank\" rel=\"noopener\" data-id=\"195\">Za\u0142\u0105cznik nr 4 &#8211; Wniosek do rektora o udost\u0119pnienie dokumentacji osobom spoza Uczelni (PDF, wersja dost\u0119pna cyfrowo, 112 KB)<\/a><\/p>\n<p><a class=\"docx\" title=\"pobierz plik\" href=\"https:\/\/pb.edu.pl\/auich\/wp-content\/uploads\/sites\/63\/2021\/03\/Wniosek-do-rektora-o-udostepnienie-dokumentacji-osobom-spoza-Uczelni.docx\" data-id=\"194\">Za\u0142\u0105cznik nr 4 &#8211; Wniosek do rektora o udost\u0119pnienie dokumentacji osobom spoza Uczelni (DOCX, 13 KB)<\/a><\/p>\n","protected":false},"excerpt":{"rendered":"<p>Regulamin udost\u0119pniania dokumentacji Regulamin udost\u0119pniania dokumentacji w Archiwum Uczelnianym PB Na podstawie Ustawy z 14<\/p>\n","protected":false},"author":2,"featured_media":0,"parent":37,"menu_order":3,"comment_status":"closed","ping_status":"closed","template":"","meta":{"_acf_changed":false,"ngg_post_thumbnail":0,"footnotes":""},"class_list":["post-58","page","type-page","status-publish","hentry"],"acf":[],"yoast_head":"<!-- This site is optimized with the Yoast SEO plugin v27.0 - https:\/\/yoast.com\/product\/yoast-seo-wordpress\/ -->\n<title>Udost\u0119pnianie dokumentacji - Archiwum Uczelniane i Centrum Historii PB<\/title>\n<meta name=\"description\" content=\"Regulamin udost\u0119pniania dokumentacji Regulamin udost\u0119pniania dokumentacji w Archiwum Uczelnianym PB Na podstawie Ustawy z 14 lipca 1983 r. o narodowym\" \/>\n<meta name=\"robots\" content=\"index, follow, max-snippet:-1, max-image-preview:large, max-video-preview:-1\" \/>\n<link rel=\"canonical\" href=\"https:\/\/pb.edu.pl\/auich\/aktualnosci\/archiwum-uczelniane\/udostepnianie-dokumentacji\/\" \/>\n<meta property=\"og:locale\" content=\"pl_PL\" \/>\n<meta property=\"og:type\" content=\"article\" \/>\n<meta property=\"og:title\" content=\"Udost\u0119pnianie dokumentacji - Archiwum Uczelniane i Centrum Historii PB\" \/>\n<meta property=\"og:description\" content=\"Regulamin udost\u0119pniania dokumentacji Regulamin udost\u0119pniania dokumentacji w Archiwum Uczelnianym PB Na podstawie Ustawy z 14 lipca 1983 r. o narodowym\" \/>\n<meta property=\"og:url\" content=\"https:\/\/pb.edu.pl\/auich\/aktualnosci\/archiwum-uczelniane\/udostepnianie-dokumentacji\/\" \/>\n<meta property=\"og:site_name\" content=\"Archiwum Uczelniane i Centrum Historii PB\" \/>\n<meta property=\"article:modified_time\" content=\"2021-11-22T18:06:30+00:00\" \/>\n<meta name=\"twitter:card\" content=\"summary_large_image\" \/>\n<meta name=\"twitter:label1\" content=\"Szacowany czas czytania\" \/>\n\t<meta name=\"twitter:data1\" content=\"3 minuty\" \/>\n<script type=\"application\/ld+json\" class=\"yoast-schema-graph\">{\"@context\":\"https:\/\/schema.org\",\"@graph\":[{\"@type\":\"WebPage\",\"@id\":\"https:\/\/pb.edu.pl\/auich\/aktualnosci\/archiwum-uczelniane\/udostepnianie-dokumentacji\/\",\"url\":\"https:\/\/pb.edu.pl\/auich\/aktualnosci\/archiwum-uczelniane\/udostepnianie-dokumentacji\/\",\"name\":\"Udost\u0119pnianie dokumentacji - Archiwum Uczelniane i Centrum Historii PB\",\"isPartOf\":{\"@id\":\"https:\/\/pb.edu.pl\/auich\/#website\"},\"datePublished\":\"2021-03-09T17:08:35+00:00\",\"dateModified\":\"2021-11-22T18:06:30+00:00\",\"description\":\"Regulamin udost\u0119pniania dokumentacji Regulamin udost\u0119pniania dokumentacji w Archiwum Uczelnianym PB Na podstawie Ustawy z 14 lipca 1983 r. o narodowym\",\"breadcrumb\":{\"@id\":\"https:\/\/pb.edu.pl\/auich\/aktualnosci\/archiwum-uczelniane\/udostepnianie-dokumentacji\/#breadcrumb\"},\"inLanguage\":\"pl-PL\",\"potentialAction\":[{\"@type\":\"ReadAction\",\"target\":[\"https:\/\/pb.edu.pl\/auich\/aktualnosci\/archiwum-uczelniane\/udostepnianie-dokumentacji\/\"]}]},{\"@type\":\"BreadcrumbList\",\"@id\":\"https:\/\/pb.edu.pl\/auich\/aktualnosci\/archiwum-uczelniane\/udostepnianie-dokumentacji\/#breadcrumb\",\"itemListElement\":[{\"@type\":\"ListItem\",\"position\":1,\"name\":\"Strona g\u0142\u00f3wna\",\"item\":\"https:\/\/pb.edu.pl\/auich\/\"},{\"@type\":\"ListItem\",\"position\":2,\"name\":\"Aktualno\u015bci\",\"item\":\"https:\/\/pb.edu.pl\/auich\/aktualnosci\/\"},{\"@type\":\"ListItem\",\"position\":3,\"name\":\"Archiwum Uczelniane\",\"item\":\"https:\/\/pb.edu.pl\/auich\/aktualnosci\/archiwum-uczelniane\/\"},{\"@type\":\"ListItem\",\"position\":4,\"name\":\"Udost\u0119pnianie dokumentacji\"}]},{\"@type\":\"WebSite\",\"@id\":\"https:\/\/pb.edu.pl\/auich\/#website\",\"url\":\"https:\/\/pb.edu.pl\/auich\/\",\"name\":\"Archiwum Uczelniane i Centrum Historii PB\",\"description\":\"\",\"potentialAction\":[{\"@type\":\"SearchAction\",\"target\":{\"@type\":\"EntryPoint\",\"urlTemplate\":\"https:\/\/pb.edu.pl\/auich\/?s={search_term_string}\"},\"query-input\":{\"@type\":\"PropertyValueSpecification\",\"valueRequired\":true,\"valueName\":\"search_term_string\"}}],\"inLanguage\":\"pl-PL\"}]}<\/script>\n<!-- \/ Yoast SEO plugin. -->","yoast_head_json":{"title":"Udost\u0119pnianie dokumentacji - Archiwum Uczelniane i Centrum Historii PB","description":"Regulamin udost\u0119pniania dokumentacji Regulamin udost\u0119pniania dokumentacji w Archiwum Uczelnianym PB Na podstawie Ustawy z 14 lipca 1983 r. o narodowym","robots":{"index":"index","follow":"follow","max-snippet":"max-snippet:-1","max-image-preview":"max-image-preview:large","max-video-preview":"max-video-preview:-1"},"canonical":"https:\/\/pb.edu.pl\/auich\/aktualnosci\/archiwum-uczelniane\/udostepnianie-dokumentacji\/","og_locale":"pl_PL","og_type":"article","og_title":"Udost\u0119pnianie dokumentacji - Archiwum Uczelniane i Centrum Historii PB","og_description":"Regulamin udost\u0119pniania dokumentacji Regulamin udost\u0119pniania dokumentacji w Archiwum Uczelnianym PB Na podstawie Ustawy z 14 lipca 1983 r. o narodowym","og_url":"https:\/\/pb.edu.pl\/auich\/aktualnosci\/archiwum-uczelniane\/udostepnianie-dokumentacji\/","og_site_name":"Archiwum Uczelniane i Centrum Historii PB","article_modified_time":"2021-11-22T18:06:30+00:00","twitter_card":"summary_large_image","twitter_misc":{"Szacowany czas czytania":"3 minuty"},"schema":{"@context":"https:\/\/schema.org","@graph":[{"@type":"WebPage","@id":"https:\/\/pb.edu.pl\/auich\/aktualnosci\/archiwum-uczelniane\/udostepnianie-dokumentacji\/","url":"https:\/\/pb.edu.pl\/auich\/aktualnosci\/archiwum-uczelniane\/udostepnianie-dokumentacji\/","name":"Udost\u0119pnianie dokumentacji - Archiwum Uczelniane i Centrum Historii PB","isPartOf":{"@id":"https:\/\/pb.edu.pl\/auich\/#website"},"datePublished":"2021-03-09T17:08:35+00:00","dateModified":"2021-11-22T18:06:30+00:00","description":"Regulamin udost\u0119pniania dokumentacji Regulamin udost\u0119pniania dokumentacji w Archiwum Uczelnianym PB Na podstawie Ustawy z 14 lipca 1983 r. o narodowym","breadcrumb":{"@id":"https:\/\/pb.edu.pl\/auich\/aktualnosci\/archiwum-uczelniane\/udostepnianie-dokumentacji\/#breadcrumb"},"inLanguage":"pl-PL","potentialAction":[{"@type":"ReadAction","target":["https:\/\/pb.edu.pl\/auich\/aktualnosci\/archiwum-uczelniane\/udostepnianie-dokumentacji\/"]}]},{"@type":"BreadcrumbList","@id":"https:\/\/pb.edu.pl\/auich\/aktualnosci\/archiwum-uczelniane\/udostepnianie-dokumentacji\/#breadcrumb","itemListElement":[{"@type":"ListItem","position":1,"name":"Strona g\u0142\u00f3wna","item":"https:\/\/pb.edu.pl\/auich\/"},{"@type":"ListItem","position":2,"name":"Aktualno\u015bci","item":"https:\/\/pb.edu.pl\/auich\/aktualnosci\/"},{"@type":"ListItem","position":3,"name":"Archiwum Uczelniane","item":"https:\/\/pb.edu.pl\/auich\/aktualnosci\/archiwum-uczelniane\/"},{"@type":"ListItem","position":4,"name":"Udost\u0119pnianie dokumentacji"}]},{"@type":"WebSite","@id":"https:\/\/pb.edu.pl\/auich\/#website","url":"https:\/\/pb.edu.pl\/auich\/","name":"Archiwum Uczelniane i Centrum Historii PB","description":"","potentialAction":[{"@type":"SearchAction","target":{"@type":"EntryPoint","urlTemplate":"https:\/\/pb.edu.pl\/auich\/?s={search_term_string}"},"query-input":{"@type":"PropertyValueSpecification","valueRequired":true,"valueName":"search_term_string"}}],"inLanguage":"pl-PL"}]}},"_links":{"self":[{"href":"https:\/\/pb.edu.pl\/auich\/wp-json\/wp\/v2\/pages\/58","targetHints":{"allow":["GET"]}}],"collection":[{"href":"https:\/\/pb.edu.pl\/auich\/wp-json\/wp\/v2\/pages"}],"about":[{"href":"https:\/\/pb.edu.pl\/auich\/wp-json\/wp\/v2\/types\/page"}],"author":[{"embeddable":true,"href":"https:\/\/pb.edu.pl\/auich\/wp-json\/wp\/v2\/users\/2"}],"replies":[{"embeddable":true,"href":"https:\/\/pb.edu.pl\/auich\/wp-json\/wp\/v2\/comments?post=58"}],"version-history":[{"count":0,"href":"https:\/\/pb.edu.pl\/auich\/wp-json\/wp\/v2\/pages\/58\/revisions"}],"up":[{"embeddable":true,"href":"https:\/\/pb.edu.pl\/auich\/wp-json\/wp\/v2\/pages\/37"}],"wp:attachment":[{"href":"https:\/\/pb.edu.pl\/auich\/wp-json\/wp\/v2\/media?parent=58"}],"curies":[{"name":"wp","href":"https:\/\/api.w.org\/{rel}","templated":true}]}}