{"id":49,"date":"2021-03-03T23:46:45","date_gmt":"2021-03-03T22:46:45","guid":{"rendered":"https:\/\/pb.edu.pl\/auich\/?page_id=49"},"modified":"2024-08-28T13:34:15","modified_gmt":"2024-08-28T11:34:15","slug":"kontakt","status":"publish","type":"page","link":"https:\/\/pb.edu.pl\/auich\/o-nas\/kontakt\/","title":{"rendered":"Kontakt"},"content":{"rendered":"<div class=\"h3\">Archiwum Uczelniane i Centrum Historii Politechniki Bia\u0142ostockiej<\/div>\n<p>ul. Wiejska 45 C, 15-351 Bia\u0142ystok<br \/>\n<strong>pok\u00f3j 436, 437<\/strong><\/p>\n<p>magazyn 058<\/p>\n<p><i class=\"fal fa-phone-alt\"><\/i> 85 746-91-36, &nbsp; <i class=\"fal fa-mobile\"><\/i> 513-065-411<\/p>\n<p><i class=\"fal fa-envelope\"><\/i> <a href=\"#\" rel=\"nofollow\"  onclick=\"this.href='mailto:' + 'archiwum' + '@' + 'pb.edu.pl'\">archiwum [at] pb.edu.pl<\/a>&nbsp;<\/p>\n","protected":false},"excerpt":{"rendered":"<p>Archiwum Uczelniane i Centrum Historii Politechniki Bia\u0142ostockiej ul. Wiejska 45 C, 15-351 Bia\u0142ystok pok\u00f3j 436,<\/p>\n","protected":false},"author":2,"featured_media":0,"parent":47,"menu_order":3,"comment_status":"closed","ping_status":"closed","template":"","meta":{"_acf_changed":false,"ngg_post_thumbnail":0,"footnotes":""},"class_list":["post-49","page","type-page","status-publish","hentry"],"acf":[],"yoast_head":"<!-- This site is optimized with the Yoast SEO plugin v27.0 - https:\/\/yoast.com\/product\/yoast-seo-wordpress\/ -->\n<title>Kontakt - Archiwum Uczelniane i Centrum Historii PB<\/title>\n<meta name=\"description\" content=\"Archiwum Uczelniane i Centrum Historii Politechniki Bia\u0142ostockiej ul. Wiejska 45 C, 15-351 Bia\u0142ystok pok\u00f3j 436, 437 magazyn 058 85 746-91-36, &nbsp;\" \/>\n<meta name=\"robots\" content=\"index, follow, max-snippet:-1, max-image-preview:large, max-video-preview:-1\" \/>\n<link rel=\"canonical\" href=\"https:\/\/pb.edu.pl\/auich\/o-nas\/kontakt\/\" \/>\n<meta property=\"og:locale\" content=\"pl_PL\" \/>\n<meta property=\"og:type\" content=\"article\" \/>\n<meta property=\"og:title\" content=\"Kontakt - Archiwum Uczelniane i Centrum Historii PB\" \/>\n<meta property=\"og:description\" content=\"Archiwum Uczelniane i Centrum Historii Politechniki Bia\u0142ostockiej ul. Wiejska 45 C, 15-351 Bia\u0142ystok pok\u00f3j 436, 437 magazyn 058 85 746-91-36, &nbsp;\" \/>\n<meta property=\"og:url\" content=\"https:\/\/pb.edu.pl\/auich\/o-nas\/kontakt\/\" \/>\n<meta property=\"og:site_name\" content=\"Archiwum Uczelniane i Centrum Historii PB\" \/>\n<meta property=\"article:modified_time\" content=\"2024-08-28T11:34:15+00:00\" \/>\n<meta name=\"twitter:card\" content=\"summary_large_image\" \/>\n<script type=\"application\/ld+json\" class=\"yoast-schema-graph\">{\"@context\":\"https:\/\/schema.org\",\"@graph\":[{\"@type\":\"WebPage\",\"@id\":\"https:\/\/pb.edu.pl\/auich\/o-nas\/kontakt\/\",\"url\":\"https:\/\/pb.edu.pl\/auich\/o-nas\/kontakt\/\",\"name\":\"Kontakt - Archiwum Uczelniane i Centrum Historii PB\",\"isPartOf\":{\"@id\":\"https:\/\/pb.edu.pl\/auich\/#website\"},\"datePublished\":\"2021-03-03T22:46:45+00:00\",\"dateModified\":\"2024-08-28T11:34:15+00:00\",\"description\":\"Archiwum Uczelniane i Centrum Historii Politechniki Bia\u0142ostockiej ul. Wiejska 45 C, 15-351 Bia\u0142ystok pok\u00f3j 436, 437 magazyn 058 85 746-91-36, &nbsp;\",\"breadcrumb\":{\"@id\":\"https:\/\/pb.edu.pl\/auich\/o-nas\/kontakt\/#breadcrumb\"},\"inLanguage\":\"pl-PL\",\"potentialAction\":[{\"@type\":\"ReadAction\",\"target\":[\"https:\/\/pb.edu.pl\/auich\/o-nas\/kontakt\/\"]}]},{\"@type\":\"BreadcrumbList\",\"@id\":\"https:\/\/pb.edu.pl\/auich\/o-nas\/kontakt\/#breadcrumb\",\"itemListElement\":[{\"@type\":\"ListItem\",\"position\":1,\"name\":\"Strona g\u0142\u00f3wna\",\"item\":\"https:\/\/pb.edu.pl\/auich\/\"},{\"@type\":\"ListItem\",\"position\":2,\"name\":\"O nas\",\"item\":\"https:\/\/pb.edu.pl\/auich\/o-nas\/\"},{\"@type\":\"ListItem\",\"position\":3,\"name\":\"Kontakt\"}]},{\"@type\":\"WebSite\",\"@id\":\"https:\/\/pb.edu.pl\/auich\/#website\",\"url\":\"https:\/\/pb.edu.pl\/auich\/\",\"name\":\"Archiwum Uczelniane i Centrum Historii PB\",\"description\":\"\",\"potentialAction\":[{\"@type\":\"SearchAction\",\"target\":{\"@type\":\"EntryPoint\",\"urlTemplate\":\"https:\/\/pb.edu.pl\/auich\/?s={search_term_string}\"},\"query-input\":{\"@type\":\"PropertyValueSpecification\",\"valueRequired\":true,\"valueName\":\"search_term_string\"}}],\"inLanguage\":\"pl-PL\"}]}<\/script>\n<!-- \/ Yoast SEO plugin. -->","yoast_head_json":{"title":"Kontakt - Archiwum Uczelniane i Centrum Historii PB","description":"Archiwum Uczelniane i Centrum Historii Politechniki Bia\u0142ostockiej ul. Wiejska 45 C, 15-351 Bia\u0142ystok pok\u00f3j 436, 437 magazyn 058 85 746-91-36, &nbsp;","robots":{"index":"index","follow":"follow","max-snippet":"max-snippet:-1","max-image-preview":"max-image-preview:large","max-video-preview":"max-video-preview:-1"},"canonical":"https:\/\/pb.edu.pl\/auich\/o-nas\/kontakt\/","og_locale":"pl_PL","og_type":"article","og_title":"Kontakt - Archiwum Uczelniane i Centrum Historii PB","og_description":"Archiwum Uczelniane i Centrum Historii Politechniki Bia\u0142ostockiej ul. Wiejska 45 C, 15-351 Bia\u0142ystok pok\u00f3j 436, 437 magazyn 058 85 746-91-36, &nbsp;","og_url":"https:\/\/pb.edu.pl\/auich\/o-nas\/kontakt\/","og_site_name":"Archiwum Uczelniane i Centrum Historii PB","article_modified_time":"2024-08-28T11:34:15+00:00","twitter_card":"summary_large_image","schema":{"@context":"https:\/\/schema.org","@graph":[{"@type":"WebPage","@id":"https:\/\/pb.edu.pl\/auich\/o-nas\/kontakt\/","url":"https:\/\/pb.edu.pl\/auich\/o-nas\/kontakt\/","name":"Kontakt - Archiwum Uczelniane i Centrum Historii PB","isPartOf":{"@id":"https:\/\/pb.edu.pl\/auich\/#website"},"datePublished":"2021-03-03T22:46:45+00:00","dateModified":"2024-08-28T11:34:15+00:00","description":"Archiwum Uczelniane i Centrum Historii Politechniki Bia\u0142ostockiej ul. Wiejska 45 C, 15-351 Bia\u0142ystok pok\u00f3j 436, 437 magazyn 058 85 746-91-36, &nbsp;","breadcrumb":{"@id":"https:\/\/pb.edu.pl\/auich\/o-nas\/kontakt\/#breadcrumb"},"inLanguage":"pl-PL","potentialAction":[{"@type":"ReadAction","target":["https:\/\/pb.edu.pl\/auich\/o-nas\/kontakt\/"]}]},{"@type":"BreadcrumbList","@id":"https:\/\/pb.edu.pl\/auich\/o-nas\/kontakt\/#breadcrumb","itemListElement":[{"@type":"ListItem","position":1,"name":"Strona g\u0142\u00f3wna","item":"https:\/\/pb.edu.pl\/auich\/"},{"@type":"ListItem","position":2,"name":"O nas","item":"https:\/\/pb.edu.pl\/auich\/o-nas\/"},{"@type":"ListItem","position":3,"name":"Kontakt"}]},{"@type":"WebSite","@id":"https:\/\/pb.edu.pl\/auich\/#website","url":"https:\/\/pb.edu.pl\/auich\/","name":"Archiwum Uczelniane i Centrum Historii PB","description":"","potentialAction":[{"@type":"SearchAction","target":{"@type":"EntryPoint","urlTemplate":"https:\/\/pb.edu.pl\/auich\/?s={search_term_string}"},"query-input":{"@type":"PropertyValueSpecification","valueRequired":true,"valueName":"search_term_string"}}],"inLanguage":"pl-PL"}]}},"_links":{"self":[{"href":"https:\/\/pb.edu.pl\/auich\/wp-json\/wp\/v2\/pages\/49","targetHints":{"allow":["GET"]}}],"collection":[{"href":"https:\/\/pb.edu.pl\/auich\/wp-json\/wp\/v2\/pages"}],"about":[{"href":"https:\/\/pb.edu.pl\/auich\/wp-json\/wp\/v2\/types\/page"}],"author":[{"embeddable":true,"href":"https:\/\/pb.edu.pl\/auich\/wp-json\/wp\/v2\/users\/2"}],"replies":[{"embeddable":true,"href":"https:\/\/pb.edu.pl\/auich\/wp-json\/wp\/v2\/comments?post=49"}],"version-history":[{"count":0,"href":"https:\/\/pb.edu.pl\/auich\/wp-json\/wp\/v2\/pages\/49\/revisions"}],"up":[{"embeddable":true,"href":"https:\/\/pb.edu.pl\/auich\/wp-json\/wp\/v2\/pages\/47"}],"wp:attachment":[{"href":"https:\/\/pb.edu.pl\/auich\/wp-json\/wp\/v2\/media?parent=49"}],"curies":[{"name":"wp","href":"https:\/\/api.w.org\/{rel}","templated":true}]}}