{"id":47,"date":"2021-03-03T23:46:33","date_gmt":"2021-03-03T22:46:33","guid":{"rendered":"https:\/\/pb.edu.pl\/auich\/?page_id=47"},"modified":"2021-12-08T18:20:50","modified_gmt":"2021-12-08T17:20:50","slug":"o-nas","status":"publish","type":"page","link":"https:\/\/pb.edu.pl\/auich\/o-nas\/","title":{"rendered":"O nas"},"content":{"rendered":"<p><a class=\"h3 lead\" href=\"\/auich\/informacje-o-archiwum-uczelnianym-i-centrum-historii-pb-w-tekscie-latwym-do-czytania-etr\/\">Informacje o Archiwum Uczelnianym i Centrum Historii PB w tek\u015bcie \u0142atwym do czytania \u2013 ETR (EASY TO READ)<\/a><br \/>\n&nbsp;<\/p>\n<p>Artyku\u0142 poni\u017cej zawiera:<\/p>\n<ul>\n<li>informacje og\u00f3lne o Archiwum Uczelnianym i Centrum Historii Politechniki Bia\u0142ostockiej,<\/li>\n<li>dzia\u0142alno\u015b\u0107 archiwalna, informacyjna i edukacyjna.<\/li>\n<\/ul>\n<div class=\"h3\">Informacje og\u00f3lne o Archiwum Uczelnianym i Centrum Historii Politechniki Bia\u0142ostockiej<\/div>\n<p>Archiwum Uczelniane i Centrum Historii sk\u0142ada si\u0119 z dw\u00f3ch cz\u0119\u015bci: Archiwum i Centrum. Archiwum Uczelniane powsta\u0142o jako sk\u0142adnica akt 1 kwietnia 1957 r. przy \u00f3wczesnej Wieczorowej Szkole In\u017cynierskiej. Sk\u0142adnica mie\u015bci\u0142a si\u0119 w budynku szko\u0142y przy ul. Grunwaldzkiej 11\/15.<\/p>\n<p>W marcu 1975 r. nast\u0105pi\u0142o przekszta\u0142cenie sk\u0142adnicy akt w archiwum zak\u0142adowe Politechniki Bia\u0142ostockiej. Archiwum przenios\u0142o si\u0119 do dw\u00f3ch pomieszcze\u0144 obiektu Instytutu Mechaniki w Kleosinie. W 1987 r. now\u0105 siedzib\u0105 archiwum staj\u0105 si\u0119 dwa pomieszczenia na Wydziale Mechanicznym przy ulicy Wiejskiej 45 C.<\/p>\n<p>Do 2009 r. Archiwum funkcjonowa\u0142o w strukturze organizacyjnej przy Biurze Rektora, natomiast w 2010 r. zosta\u0142o w\u0142\u0105czone w struktur\u0119 organizacyjn\u0105 Biblioteki. Od 1 wrze\u015bnia 2021 r. Archiwum Uczelniane i Centrum Historii jest jednostk\u0105 administracji centralnej Uczelni.<\/p>\n<p>Ekspozycja znajduje si\u0119 w by\u0142ej sali senatu na Wydziale Mechanicznym przy ulicy Wiejskiej 45 C. Oficjalne otwarcie Centrum Historii Politechniki Bia\u0142ostockiej im. in\u017c. Miros\u0142awa Bujanowskiego odby\u0142o si\u0119 1 grudnia 2021 r.<\/p>\n<div class=\"h3\">Dzia\u0142alno\u015b\u0107 archiwalna, informacyjna i edukacyjna<\/div>\n<p>Archiwum Uczelniane i Centrum Historii prowadzi dzia\u0142alno\u015b\u0107 archiwaln\u0105 i informacyjno-naukow\u0105. Wsp\u00f3\u0142pracuje z jednostkami organizacyjnymi Uczelni w zakresie prawid\u0142owego post\u0119powania z dokumentacj\u0105 oraz przygotowania jej do przekazania.<\/p>\n<p>Ponadto przechowuje, opracowuje i zabezpiecza przej\u0119t\u0105 dokumentacj\u0119. Gromadzi tak\u017ce obiekty zwi\u0105zane z histori\u0105 Uczelni. Prowadzi r\u00f3wnie\u017c kwerendy wewn\u0105trz posiadanego zasobu do cel\u00f3w s\u0142u\u017cbowych i naukowo-badawczych. Udost\u0119pnia materia\u0142y archiwalne i dokumentacj\u0119 niearchiwaln\u0105 oraz udost\u0119pnianie niepublikowane prace dyplomowe oraz rozprawy doktorskie. Prowadzi te\u017c dzia\u0142alno\u015b\u0107 informacyjn\u0105, edukacyjn\u0105 oraz popularyzatorsk\u0105.<\/p>\n","protected":false},"excerpt":{"rendered":"<p>Informacje o Archiwum Uczelnianym i Centrum Historii PB w tek\u015bcie \u0142atwym do czytania \u2013 ETR<\/p>\n","protected":false},"author":2,"featured_media":0,"parent":0,"menu_order":5,"comment_status":"closed","ping_status":"closed","template":"","meta":{"_acf_changed":false,"ngg_post_thumbnail":0,"footnotes":""},"class_list":["post-47","page","type-page","status-publish","hentry"],"acf":[],"yoast_head":"<!-- This site is optimized with the Yoast SEO plugin v27.0 - https:\/\/yoast.com\/product\/yoast-seo-wordpress\/ -->\n<title>O nas - Archiwum Uczelniane i Centrum Historii PB<\/title>\n<meta name=\"description\" content=\"Informacje o Archiwum Uczelnianym i Centrum Historii PB w tek\u015bcie \u0142atwym do czytania \u2013 ETR (EASY TO READ) &nbsp; Artyku\u0142 poni\u017cej zawiera: informacje\" \/>\n<meta name=\"robots\" content=\"index, follow, max-snippet:-1, max-image-preview:large, max-video-preview:-1\" \/>\n<link rel=\"canonical\" href=\"https:\/\/pb.edu.pl\/auich\/o-nas\/\" \/>\n<meta property=\"og:locale\" content=\"pl_PL\" \/>\n<meta property=\"og:type\" content=\"article\" \/>\n<meta property=\"og:title\" content=\"O nas - Archiwum Uczelniane i Centrum Historii PB\" \/>\n<meta property=\"og:description\" content=\"Informacje o Archiwum Uczelnianym i Centrum Historii PB w tek\u015bcie \u0142atwym do czytania \u2013 ETR (EASY TO READ) &nbsp; Artyku\u0142 poni\u017cej zawiera: informacje\" \/>\n<meta property=\"og:url\" content=\"https:\/\/pb.edu.pl\/auich\/o-nas\/\" \/>\n<meta property=\"og:site_name\" content=\"Archiwum Uczelniane i Centrum Historii PB\" \/>\n<meta property=\"article:modified_time\" content=\"2021-12-08T17:20:50+00:00\" \/>\n<meta name=\"twitter:card\" content=\"summary_large_image\" \/>\n<meta name=\"twitter:label1\" content=\"Szacowany czas czytania\" \/>\n\t<meta name=\"twitter:data1\" content=\"2 minuty\" \/>\n<script type=\"application\/ld+json\" class=\"yoast-schema-graph\">{\"@context\":\"https:\/\/schema.org\",\"@graph\":[{\"@type\":\"WebPage\",\"@id\":\"https:\/\/pb.edu.pl\/auich\/o-nas\/\",\"url\":\"https:\/\/pb.edu.pl\/auich\/o-nas\/\",\"name\":\"O nas - Archiwum Uczelniane i Centrum Historii PB\",\"isPartOf\":{\"@id\":\"https:\/\/pb.edu.pl\/auich\/#website\"},\"datePublished\":\"2021-03-03T22:46:33+00:00\",\"dateModified\":\"2021-12-08T17:20:50+00:00\",\"description\":\"Informacje o Archiwum Uczelnianym i Centrum Historii PB w tek\u015bcie \u0142atwym do czytania \u2013 ETR (EASY TO READ) &nbsp; Artyku\u0142 poni\u017cej zawiera: informacje\",\"breadcrumb\":{\"@id\":\"https:\/\/pb.edu.pl\/auich\/o-nas\/#breadcrumb\"},\"inLanguage\":\"pl-PL\",\"potentialAction\":[{\"@type\":\"ReadAction\",\"target\":[\"https:\/\/pb.edu.pl\/auich\/o-nas\/\"]}]},{\"@type\":\"BreadcrumbList\",\"@id\":\"https:\/\/pb.edu.pl\/auich\/o-nas\/#breadcrumb\",\"itemListElement\":[{\"@type\":\"ListItem\",\"position\":1,\"name\":\"Strona g\u0142\u00f3wna\",\"item\":\"https:\/\/pb.edu.pl\/auich\/\"},{\"@type\":\"ListItem\",\"position\":2,\"name\":\"O nas\"}]},{\"@type\":\"WebSite\",\"@id\":\"https:\/\/pb.edu.pl\/auich\/#website\",\"url\":\"https:\/\/pb.edu.pl\/auich\/\",\"name\":\"Archiwum Uczelniane i Centrum Historii PB\",\"description\":\"\",\"potentialAction\":[{\"@type\":\"SearchAction\",\"target\":{\"@type\":\"EntryPoint\",\"urlTemplate\":\"https:\/\/pb.edu.pl\/auich\/?s={search_term_string}\"},\"query-input\":{\"@type\":\"PropertyValueSpecification\",\"valueRequired\":true,\"valueName\":\"search_term_string\"}}],\"inLanguage\":\"pl-PL\"}]}<\/script>\n<!-- \/ Yoast SEO plugin. -->","yoast_head_json":{"title":"O nas - Archiwum Uczelniane i Centrum Historii PB","description":"Informacje o Archiwum Uczelnianym i Centrum Historii PB w tek\u015bcie \u0142atwym do czytania \u2013 ETR (EASY TO READ) &nbsp; Artyku\u0142 poni\u017cej zawiera: informacje","robots":{"index":"index","follow":"follow","max-snippet":"max-snippet:-1","max-image-preview":"max-image-preview:large","max-video-preview":"max-video-preview:-1"},"canonical":"https:\/\/pb.edu.pl\/auich\/o-nas\/","og_locale":"pl_PL","og_type":"article","og_title":"O nas - Archiwum Uczelniane i Centrum Historii PB","og_description":"Informacje o Archiwum Uczelnianym i Centrum Historii PB w tek\u015bcie \u0142atwym do czytania \u2013 ETR (EASY TO READ) &nbsp; Artyku\u0142 poni\u017cej zawiera: informacje","og_url":"https:\/\/pb.edu.pl\/auich\/o-nas\/","og_site_name":"Archiwum Uczelniane i Centrum Historii PB","article_modified_time":"2021-12-08T17:20:50+00:00","twitter_card":"summary_large_image","twitter_misc":{"Szacowany czas czytania":"2 minuty"},"schema":{"@context":"https:\/\/schema.org","@graph":[{"@type":"WebPage","@id":"https:\/\/pb.edu.pl\/auich\/o-nas\/","url":"https:\/\/pb.edu.pl\/auich\/o-nas\/","name":"O nas - Archiwum Uczelniane i Centrum Historii PB","isPartOf":{"@id":"https:\/\/pb.edu.pl\/auich\/#website"},"datePublished":"2021-03-03T22:46:33+00:00","dateModified":"2021-12-08T17:20:50+00:00","description":"Informacje o Archiwum Uczelnianym i Centrum Historii PB w tek\u015bcie \u0142atwym do czytania \u2013 ETR (EASY TO READ) &nbsp; Artyku\u0142 poni\u017cej zawiera: informacje","breadcrumb":{"@id":"https:\/\/pb.edu.pl\/auich\/o-nas\/#breadcrumb"},"inLanguage":"pl-PL","potentialAction":[{"@type":"ReadAction","target":["https:\/\/pb.edu.pl\/auich\/o-nas\/"]}]},{"@type":"BreadcrumbList","@id":"https:\/\/pb.edu.pl\/auich\/o-nas\/#breadcrumb","itemListElement":[{"@type":"ListItem","position":1,"name":"Strona g\u0142\u00f3wna","item":"https:\/\/pb.edu.pl\/auich\/"},{"@type":"ListItem","position":2,"name":"O nas"}]},{"@type":"WebSite","@id":"https:\/\/pb.edu.pl\/auich\/#website","url":"https:\/\/pb.edu.pl\/auich\/","name":"Archiwum Uczelniane i Centrum Historii PB","description":"","potentialAction":[{"@type":"SearchAction","target":{"@type":"EntryPoint","urlTemplate":"https:\/\/pb.edu.pl\/auich\/?s={search_term_string}"},"query-input":{"@type":"PropertyValueSpecification","valueRequired":true,"valueName":"search_term_string"}}],"inLanguage":"pl-PL"}]}},"_links":{"self":[{"href":"https:\/\/pb.edu.pl\/auich\/wp-json\/wp\/v2\/pages\/47","targetHints":{"allow":["GET"]}}],"collection":[{"href":"https:\/\/pb.edu.pl\/auich\/wp-json\/wp\/v2\/pages"}],"about":[{"href":"https:\/\/pb.edu.pl\/auich\/wp-json\/wp\/v2\/types\/page"}],"author":[{"embeddable":true,"href":"https:\/\/pb.edu.pl\/auich\/wp-json\/wp\/v2\/users\/2"}],"replies":[{"embeddable":true,"href":"https:\/\/pb.edu.pl\/auich\/wp-json\/wp\/v2\/comments?post=47"}],"version-history":[{"count":0,"href":"https:\/\/pb.edu.pl\/auich\/wp-json\/wp\/v2\/pages\/47\/revisions"}],"wp:attachment":[{"href":"https:\/\/pb.edu.pl\/auich\/wp-json\/wp\/v2\/media?parent=47"}],"curies":[{"name":"wp","href":"https:\/\/api.w.org\/{rel}","templated":true}]}}