{"id":460,"date":"2021-11-20T20:50:47","date_gmt":"2021-11-20T19:50:47","guid":{"rendered":"https:\/\/pb.edu.pl\/auich\/?page_id=460"},"modified":"2025-08-21T13:48:32","modified_gmt":"2025-08-21T11:48:32","slug":"460-2","status":"publish","type":"page","link":"https:\/\/pb.edu.pl\/auich\/centrum-historii\/wystawa-stale\/460-2\/","title":{"rendered":"Absolwenci"},"content":{"rendered":"<p>Bohaterami dziesi\u0105tej strefy ekspozycji s\u0105 <strong>Absolwenci<\/strong>. W tej cz\u0119\u015bci zobaczymy tak\u017ce has\u0142a ze Strategii Rozwoju Politechniki Bia\u0142ostockiej.<\/p>\n<p>Pod has\u0142em<strong> Dyplom, kt\u00f3ry ma warto\u015b\u0107 <\/strong>prezentujemy absolwent\u00f3w Politechniki Bia\u0142ostockiej. To in\u017cynierowie, licencjaci, magistrowie, dla kt\u00f3rych dylom PB sta\u0142 si\u0119 pocz\u0105tkiem \u015bcie\u017cki zawodowej i sukcesu zawodowego.<\/p>\n<p><strong>Honorowy Ambasador Politechniki Bia\u0142ostockiej<\/strong> statuetka przyznawana szczeg\u00f3lnie zas\u0142u\u017conym absolwentom Politechniki Bia\u0142ostockiej, kt\u00f3rzy s\u0105 wizyt\u00f3wk\u0105 Uczelni, a statuetki to podzi\u0119kowanie za ich niezwyk\u0142e dokonania, postaw\u0119, a tak\u017ce promowanie marki i dobrego imienia PB. W\u015br\u00f3d utytu\u0142owanych os\u00f3b znale\u017ali si\u0119: prezesi wiod\u0105cych przedsi\u0119biorstw regionalnych, utalentowani architekci, m\u0142odzi in\u017cynierowie, utytu\u0142owany mistrz sportu, a tak\u017ce naukowiec. <strong>Z\u0142oty Absolwent<\/strong> to konkurs organizowany przez uczelni\u0119 a przeznaczony dla absolwent\u00f3w, kt\u00f3rzy osi\u0105gn\u0119li sukces i chcieliby si\u0119 nim podzieli\u0107 z szerszym gronem. Spo\u015br\u00f3d kandydat\u00f3w Kapitu\u0142a Konkursu wybiera nie wi\u0119cej ni\u017c czterech Laureat\u00f3w w nast\u0119puj\u0105cych kategoriach: nauka, menad\u017cer, wynalazca, m\u0142ody in\u017cynier, sztuka, sport i inne osi\u0105gni\u0119cia. Oba tet tytu\u0142y ma na swoim koncie <strong>Wojcich Nowicki<\/strong>. Ten mistrz olimpijski w rzucie m\u0142otem (Tokio 2020) jest absolwentem Wydzia\u0142u Mechanicznego (2013 r.).<\/p>\n<p>Poznamy tu tak\u017ce<strong> Photona. <\/strong>To system sk\u0142adaj\u0105cy si\u0119 z robota oraz aplikacji, za pomoc\u0105 kt\u00f3rej robot jest programowany. Z ich pomoc\u0105 u\u017cytkownicy ucz\u0105 si\u0119 programowania i logicznego my\u015blenia, a tak\u017ce rozwijaj\u0105 swoje kompetencje&nbsp; spo\u0142eczne i emocjonalne. Pomys\u0142 na stworzenie Photona zrodzi\u0142 si\u0119 w trakcie przygotowa\u0144 do studenckiego konkursu technologicznego firmy Microsoft \u2013 Imagine Cup w 2015 roku.&nbsp; Stworzyli go \u00f3wcze\u015bni studenci Politechniki Bia\u0142ostockiej: Marcin Joka, Micha\u0142 Grze\u015b, Krzysztof Dziemia\u0144czuk, Micha\u0142 Bogucki oraz m\u0142ody pracownik naukowy Maciej Kopczy\u0144ski. Firma stale si\u0119 rozwija i jest przyk\u0142adem przedsi\u0119wzi\u0119cia, kt\u00f3re ma na celu nie tylko sukces biznesowy, lecz tak\u017ce edukacj\u0119. Photon obecny jest w szko\u0142ach i przedszkolach blisko 70 kraj\u00f3w \u015bwiata.<\/p>\n<p>&nbsp;<\/p>\n<p><img decoding=\"async\" class=\"ngg-singlepic ngg-center alignleft\" src=\"https:\/\/pb.edu.pl\/auich\/wp-content\/uploads\/sites\/63\/nggallery\/absolwenci\/absolwenci.jpg\" alt=\"Strefa 10 Absolwenci\"><\/p>\n","protected":false},"excerpt":{"rendered":"<p>Bohaterami dziesi\u0105tej strefy ekspozycji s\u0105 Absolwenci. W tej cz\u0119\u015bci zobaczymy tak\u017ce has\u0142a ze Strategii Rozwoju<\/p>\n","protected":false},"author":2,"featured_media":0,"parent":94,"menu_order":10,"comment_status":"closed","ping_status":"closed","template":"","meta":{"_acf_changed":false,"ngg_post_thumbnail":0,"footnotes":""},"class_list":["post-460","page","type-page","status-publish","hentry"],"acf":[],"yoast_head":"<!-- This site is optimized with the Yoast SEO plugin v27.0 - https:\/\/yoast.com\/product\/yoast-seo-wordpress\/ -->\n<title>Absolwenci - Archiwum Uczelniane i Centrum Historii PB<\/title>\n<meta name=\"description\" content=\"Bohaterami dziesi\u0105tej strefy ekspozycji s\u0105 Absolwenci. W tej cz\u0119\u015bci zobaczymy tak\u017ce has\u0142a ze Strategii Rozwoju Politechniki Bia\u0142ostockiej. Pod has\u0142em\" \/>\n<meta name=\"robots\" content=\"index, follow, max-snippet:-1, max-image-preview:large, max-video-preview:-1\" \/>\n<link rel=\"canonical\" href=\"https:\/\/pb.edu.pl\/auich\/centrum-historii\/wystawa-stale\/460-2\/\" \/>\n<meta property=\"og:locale\" content=\"pl_PL\" \/>\n<meta property=\"og:type\" content=\"article\" \/>\n<meta property=\"og:title\" content=\"Absolwenci - Archiwum Uczelniane i Centrum Historii PB\" \/>\n<meta property=\"og:description\" content=\"Bohaterami dziesi\u0105tej strefy ekspozycji s\u0105 Absolwenci. W tej cz\u0119\u015bci zobaczymy tak\u017ce has\u0142a ze Strategii Rozwoju Politechniki Bia\u0142ostockiej. Pod has\u0142em\" \/>\n<meta property=\"og:url\" content=\"https:\/\/pb.edu.pl\/auich\/centrum-historii\/wystawa-stale\/460-2\/\" \/>\n<meta property=\"og:site_name\" content=\"Archiwum Uczelniane i Centrum Historii PB\" \/>\n<meta property=\"article:modified_time\" content=\"2025-08-21T11:48:32+00:00\" \/>\n<meta property=\"og:image\" content=\"https:\/\/pb.edu.pl\/auich\/wp-content\/uploads\/sites\/63\/nggallery\/absolwenci\/absolwenci.jpg\" \/>\n<meta name=\"twitter:card\" content=\"summary_large_image\" \/>\n<meta name=\"twitter:label1\" content=\"Szacowany czas czytania\" \/>\n\t<meta name=\"twitter:data1\" content=\"2 minuty\" \/>\n<script type=\"application\/ld+json\" class=\"yoast-schema-graph\">{\"@context\":\"https:\/\/schema.org\",\"@graph\":[{\"@type\":\"WebPage\",\"@id\":\"https:\/\/pb.edu.pl\/auich\/centrum-historii\/wystawa-stale\/460-2\/\",\"url\":\"https:\/\/pb.edu.pl\/auich\/centrum-historii\/wystawa-stale\/460-2\/\",\"name\":\"Absolwenci - Archiwum Uczelniane i Centrum Historii PB\",\"isPartOf\":{\"@id\":\"https:\/\/pb.edu.pl\/auich\/#website\"},\"primaryImageOfPage\":{\"@id\":\"https:\/\/pb.edu.pl\/auich\/centrum-historii\/wystawa-stale\/460-2\/#primaryimage\"},\"image\":{\"@id\":\"https:\/\/pb.edu.pl\/auich\/centrum-historii\/wystawa-stale\/460-2\/#primaryimage\"},\"thumbnailUrl\":\"https:\/\/pb.edu.pl\/auich\/wp-content\/uploads\/sites\/63\/nggallery\/absolwenci\/absolwenci.jpg\",\"datePublished\":\"2021-11-20T19:50:47+00:00\",\"dateModified\":\"2025-08-21T11:48:32+00:00\",\"description\":\"Bohaterami dziesi\u0105tej strefy ekspozycji s\u0105 Absolwenci. W tej cz\u0119\u015bci zobaczymy tak\u017ce has\u0142a ze Strategii Rozwoju Politechniki Bia\u0142ostockiej. Pod has\u0142em\",\"breadcrumb\":{\"@id\":\"https:\/\/pb.edu.pl\/auich\/centrum-historii\/wystawa-stale\/460-2\/#breadcrumb\"},\"inLanguage\":\"pl-PL\",\"potentialAction\":[{\"@type\":\"ReadAction\",\"target\":[\"https:\/\/pb.edu.pl\/auich\/centrum-historii\/wystawa-stale\/460-2\/\"]}]},{\"@type\":\"ImageObject\",\"inLanguage\":\"pl-PL\",\"@id\":\"https:\/\/pb.edu.pl\/auich\/centrum-historii\/wystawa-stale\/460-2\/#primaryimage\",\"url\":\"https:\/\/pb.edu.pl\/auich\/wp-content\/uploads\/sites\/63\/nggallery\/absolwenci\/absolwenci.jpg\",\"contentUrl\":\"https:\/\/pb.edu.pl\/auich\/wp-content\/uploads\/sites\/63\/nggallery\/absolwenci\/absolwenci.jpg\"},{\"@type\":\"BreadcrumbList\",\"@id\":\"https:\/\/pb.edu.pl\/auich\/centrum-historii\/wystawa-stale\/460-2\/#breadcrumb\",\"itemListElement\":[{\"@type\":\"ListItem\",\"position\":1,\"name\":\"Strona g\u0142\u00f3wna\",\"item\":\"https:\/\/pb.edu.pl\/auich\/\"},{\"@type\":\"ListItem\",\"position\":2,\"name\":\"Centrum Historii\",\"item\":\"https:\/\/pb.edu.pl\/auich\/centrum-historii\/\"},{\"@type\":\"ListItem\",\"position\":3,\"name\":\"Wystawa sta\u0142a \u201eHistoria, wiedza, potencja\u0142\u201d\",\"item\":\"https:\/\/pb.edu.pl\/auich\/centrum-historii\/wystawa-stale\/\"},{\"@type\":\"ListItem\",\"position\":4,\"name\":\"Absolwenci\"}]},{\"@type\":\"WebSite\",\"@id\":\"https:\/\/pb.edu.pl\/auich\/#website\",\"url\":\"https:\/\/pb.edu.pl\/auich\/\",\"name\":\"Archiwum Uczelniane i Centrum Historii PB\",\"description\":\"\",\"potentialAction\":[{\"@type\":\"SearchAction\",\"target\":{\"@type\":\"EntryPoint\",\"urlTemplate\":\"https:\/\/pb.edu.pl\/auich\/?s={search_term_string}\"},\"query-input\":{\"@type\":\"PropertyValueSpecification\",\"valueRequired\":true,\"valueName\":\"search_term_string\"}}],\"inLanguage\":\"pl-PL\"}]}<\/script>\n<!-- \/ Yoast SEO plugin. -->","yoast_head_json":{"title":"Absolwenci - Archiwum Uczelniane i Centrum Historii PB","description":"Bohaterami dziesi\u0105tej strefy ekspozycji s\u0105 Absolwenci. W tej cz\u0119\u015bci zobaczymy tak\u017ce has\u0142a ze Strategii Rozwoju Politechniki Bia\u0142ostockiej. Pod has\u0142em","robots":{"index":"index","follow":"follow","max-snippet":"max-snippet:-1","max-image-preview":"max-image-preview:large","max-video-preview":"max-video-preview:-1"},"canonical":"https:\/\/pb.edu.pl\/auich\/centrum-historii\/wystawa-stale\/460-2\/","og_locale":"pl_PL","og_type":"article","og_title":"Absolwenci - Archiwum Uczelniane i Centrum Historii PB","og_description":"Bohaterami dziesi\u0105tej strefy ekspozycji s\u0105 Absolwenci. W tej cz\u0119\u015bci zobaczymy tak\u017ce has\u0142a ze Strategii Rozwoju Politechniki Bia\u0142ostockiej. Pod has\u0142em","og_url":"https:\/\/pb.edu.pl\/auich\/centrum-historii\/wystawa-stale\/460-2\/","og_site_name":"Archiwum Uczelniane i Centrum Historii PB","article_modified_time":"2025-08-21T11:48:32+00:00","og_image":[{"url":"https:\/\/pb.edu.pl\/auich\/wp-content\/uploads\/sites\/63\/nggallery\/absolwenci\/absolwenci.jpg","type":"","width":"","height":""}],"twitter_card":"summary_large_image","twitter_misc":{"Szacowany czas czytania":"2 minuty"},"schema":{"@context":"https:\/\/schema.org","@graph":[{"@type":"WebPage","@id":"https:\/\/pb.edu.pl\/auich\/centrum-historii\/wystawa-stale\/460-2\/","url":"https:\/\/pb.edu.pl\/auich\/centrum-historii\/wystawa-stale\/460-2\/","name":"Absolwenci - Archiwum Uczelniane i Centrum Historii PB","isPartOf":{"@id":"https:\/\/pb.edu.pl\/auich\/#website"},"primaryImageOfPage":{"@id":"https:\/\/pb.edu.pl\/auich\/centrum-historii\/wystawa-stale\/460-2\/#primaryimage"},"image":{"@id":"https:\/\/pb.edu.pl\/auich\/centrum-historii\/wystawa-stale\/460-2\/#primaryimage"},"thumbnailUrl":"https:\/\/pb.edu.pl\/auich\/wp-content\/uploads\/sites\/63\/nggallery\/absolwenci\/absolwenci.jpg","datePublished":"2021-11-20T19:50:47+00:00","dateModified":"2025-08-21T11:48:32+00:00","description":"Bohaterami dziesi\u0105tej strefy ekspozycji s\u0105 Absolwenci. W tej cz\u0119\u015bci zobaczymy tak\u017ce has\u0142a ze Strategii Rozwoju Politechniki Bia\u0142ostockiej. Pod has\u0142em","breadcrumb":{"@id":"https:\/\/pb.edu.pl\/auich\/centrum-historii\/wystawa-stale\/460-2\/#breadcrumb"},"inLanguage":"pl-PL","potentialAction":[{"@type":"ReadAction","target":["https:\/\/pb.edu.pl\/auich\/centrum-historii\/wystawa-stale\/460-2\/"]}]},{"@type":"ImageObject","inLanguage":"pl-PL","@id":"https:\/\/pb.edu.pl\/auich\/centrum-historii\/wystawa-stale\/460-2\/#primaryimage","url":"https:\/\/pb.edu.pl\/auich\/wp-content\/uploads\/sites\/63\/nggallery\/absolwenci\/absolwenci.jpg","contentUrl":"https:\/\/pb.edu.pl\/auich\/wp-content\/uploads\/sites\/63\/nggallery\/absolwenci\/absolwenci.jpg"},{"@type":"BreadcrumbList","@id":"https:\/\/pb.edu.pl\/auich\/centrum-historii\/wystawa-stale\/460-2\/#breadcrumb","itemListElement":[{"@type":"ListItem","position":1,"name":"Strona g\u0142\u00f3wna","item":"https:\/\/pb.edu.pl\/auich\/"},{"@type":"ListItem","position":2,"name":"Centrum Historii","item":"https:\/\/pb.edu.pl\/auich\/centrum-historii\/"},{"@type":"ListItem","position":3,"name":"Wystawa sta\u0142a \u201eHistoria, wiedza, potencja\u0142\u201d","item":"https:\/\/pb.edu.pl\/auich\/centrum-historii\/wystawa-stale\/"},{"@type":"ListItem","position":4,"name":"Absolwenci"}]},{"@type":"WebSite","@id":"https:\/\/pb.edu.pl\/auich\/#website","url":"https:\/\/pb.edu.pl\/auich\/","name":"Archiwum Uczelniane i Centrum Historii PB","description":"","potentialAction":[{"@type":"SearchAction","target":{"@type":"EntryPoint","urlTemplate":"https:\/\/pb.edu.pl\/auich\/?s={search_term_string}"},"query-input":{"@type":"PropertyValueSpecification","valueRequired":true,"valueName":"search_term_string"}}],"inLanguage":"pl-PL"}]}},"_links":{"self":[{"href":"https:\/\/pb.edu.pl\/auich\/wp-json\/wp\/v2\/pages\/460","targetHints":{"allow":["GET"]}}],"collection":[{"href":"https:\/\/pb.edu.pl\/auich\/wp-json\/wp\/v2\/pages"}],"about":[{"href":"https:\/\/pb.edu.pl\/auich\/wp-json\/wp\/v2\/types\/page"}],"author":[{"embeddable":true,"href":"https:\/\/pb.edu.pl\/auich\/wp-json\/wp\/v2\/users\/2"}],"replies":[{"embeddable":true,"href":"https:\/\/pb.edu.pl\/auich\/wp-json\/wp\/v2\/comments?post=460"}],"version-history":[{"count":0,"href":"https:\/\/pb.edu.pl\/auich\/wp-json\/wp\/v2\/pages\/460\/revisions"}],"up":[{"embeddable":true,"href":"https:\/\/pb.edu.pl\/auich\/wp-json\/wp\/v2\/pages\/94"}],"wp:attachment":[{"href":"https:\/\/pb.edu.pl\/auich\/wp-json\/wp\/v2\/media?parent=460"}],"curies":[{"name":"wp","href":"https:\/\/api.w.org\/{rel}","templated":true}]}}