{"id":458,"date":"2021-11-20T20:50:15","date_gmt":"2021-11-20T19:50:15","guid":{"rendered":"https:\/\/pb.edu.pl\/auich\/?page_id=458"},"modified":"2025-08-21T13:17:25","modified_gmt":"2025-08-21T11:17:25","slug":"studenci","status":"publish","type":"page","link":"https:\/\/pb.edu.pl\/auich\/centrum-historii\/wystawa-stale\/studenci\/","title":{"rendered":"Studenci"},"content":{"rendered":"<p><img decoding=\"async\" class=\"ngg-singlepic ngg-center\" src=\"https:\/\/pb.edu.pl\/auich\/wp-content\/uploads\/sites\/63\/nggallery\/studenci\/centrum_historii_07.jpg\" alt=\"Strefa 9 Studenci\"><\/p>\n<p><strong>Studenci<\/strong> pog\u0142\u0119biaj\u0105 swoje zainteresowania naukowe w ko\u0142ach naukowych i agendach studenckich. K\u00f3\u0142 naukowych w uczelni jest blisko 60. Dzia\u0142aj\u0105 na ka\u017cdym wydziale i gromadz\u0105 osoby, kt\u00f3re chc\u0105 uczestniczy\u0107 i organizowa\u0107 studenckie seminaria i konferencje naukowe czy startowa\u0107 w konkursach. Studenci konstruuj\u0105 w nich r\u00f3\u017cne pojazdy, protezy, programuj\u0105, buduj\u0105 mosty z papieru, zg\u0142\u0119biaj\u0105 tajniki projektowania miast, ogrod\u00f3w czy techniki \u015bwietlnej. Osoby, kt\u00f3re chc\u0105 rozwija\u0107 swoje zainteresowania pozanaukowe, mog\u0105 to robi\u0107 w agendach studenckich, np. ch\u00f3rze czy agencji fotograficznej.<\/p>\n<p>W tej strefie przedstawiamy tak\u017ce <strong>analogi \u0142azik\u00f3w marsja\u0144skich<\/strong>, w tym \u2013 robota <strong>Hyperion<\/strong>.<\/p>\n<p>Analogi \u0142azik\u00f3w marsja\u0144skich to wielozadaniowe roboty, z kt\u00f3rymi studenci Politechniki Bia\u0142ostockiej startowali w mi\u0119dzynarodowych zawodach, w tym \u2013 trzykrotnie wygrywali w University Rover Challenge w Stanach Zjednoczonych. Podczas tych zawod\u00f3w roboty musia\u0142y m.in. przejecha\u0107 po trudnym terenie, pobiera\u0107 pr\u00f3bki z terenu czy w\u0142\u0105czy\u0107 w\u0142\u0105czniki. Dru\u017cyna z robotem Hyperion w 2013 roku zdoby\u0142a a\u017c 493 punkty na 500. Ten robot potrafi\u0142 np. pokona\u0107 wzniesienia o k\u0105cie nachylenia do 60 stopni, a ka\u017cde z jego k\u00f3\u0142 dysponowa\u0142o niezale\u017cnym nap\u0119dem.&nbsp;<\/p>\n","protected":false},"excerpt":{"rendered":"<p>Studenci pog\u0142\u0119biaj\u0105 swoje zainteresowania naukowe w ko\u0142ach naukowych i agendach studenckich. K\u00f3\u0142 naukowych w uczelni<\/p>\n","protected":false},"author":2,"featured_media":0,"parent":94,"menu_order":9,"comment_status":"closed","ping_status":"closed","template":"","meta":{"_acf_changed":false,"ngg_post_thumbnail":0,"footnotes":""},"class_list":["post-458","page","type-page","status-publish","hentry"],"acf":[],"yoast_head":"<!-- This site is optimized with the Yoast SEO plugin v27.0 - https:\/\/yoast.com\/product\/yoast-seo-wordpress\/ -->\n<title>Studenci - Archiwum Uczelniane i Centrum Historii PB<\/title>\n<meta name=\"description\" content=\"Studenci pog\u0142\u0119biaj\u0105 swoje zainteresowania naukowe w ko\u0142ach naukowych i agendach studenckich. K\u00f3\u0142 naukowych w uczelni jest blisko 60. Dzia\u0142aj\u0105 na ka\u017cdym\" \/>\n<meta name=\"robots\" content=\"index, follow, max-snippet:-1, max-image-preview:large, max-video-preview:-1\" \/>\n<link rel=\"canonical\" href=\"https:\/\/pb.edu.pl\/auich\/centrum-historii\/wystawa-stale\/studenci\/\" \/>\n<meta property=\"og:locale\" content=\"pl_PL\" \/>\n<meta property=\"og:type\" content=\"article\" \/>\n<meta property=\"og:title\" content=\"Studenci - Archiwum Uczelniane i Centrum Historii PB\" \/>\n<meta property=\"og:description\" content=\"Studenci pog\u0142\u0119biaj\u0105 swoje zainteresowania naukowe w ko\u0142ach naukowych i agendach studenckich. K\u00f3\u0142 naukowych w uczelni jest blisko 60. Dzia\u0142aj\u0105 na ka\u017cdym\" \/>\n<meta property=\"og:url\" content=\"https:\/\/pb.edu.pl\/auich\/centrum-historii\/wystawa-stale\/studenci\/\" \/>\n<meta property=\"og:site_name\" content=\"Archiwum Uczelniane i Centrum Historii PB\" \/>\n<meta property=\"article:modified_time\" content=\"2025-08-21T11:17:25+00:00\" \/>\n<meta property=\"og:image\" content=\"https:\/\/pb.edu.pl\/auich\/wp-content\/uploads\/sites\/63\/nggallery\/studenci\/centrum_historii_07.jpg\" \/>\n<meta name=\"twitter:card\" content=\"summary_large_image\" \/>\n<meta name=\"twitter:label1\" content=\"Szacowany czas czytania\" \/>\n\t<meta name=\"twitter:data1\" content=\"1 minuta\" \/>\n<script type=\"application\/ld+json\" class=\"yoast-schema-graph\">{\"@context\":\"https:\/\/schema.org\",\"@graph\":[{\"@type\":\"WebPage\",\"@id\":\"https:\/\/pb.edu.pl\/auich\/centrum-historii\/wystawa-stale\/studenci\/\",\"url\":\"https:\/\/pb.edu.pl\/auich\/centrum-historii\/wystawa-stale\/studenci\/\",\"name\":\"Studenci - Archiwum Uczelniane i Centrum Historii PB\",\"isPartOf\":{\"@id\":\"https:\/\/pb.edu.pl\/auich\/#website\"},\"primaryImageOfPage\":{\"@id\":\"https:\/\/pb.edu.pl\/auich\/centrum-historii\/wystawa-stale\/studenci\/#primaryimage\"},\"image\":{\"@id\":\"https:\/\/pb.edu.pl\/auich\/centrum-historii\/wystawa-stale\/studenci\/#primaryimage\"},\"thumbnailUrl\":\"https:\/\/pb.edu.pl\/auich\/wp-content\/uploads\/sites\/63\/nggallery\/studenci\/centrum_historii_07.jpg\",\"datePublished\":\"2021-11-20T19:50:15+00:00\",\"dateModified\":\"2025-08-21T11:17:25+00:00\",\"description\":\"Studenci pog\u0142\u0119biaj\u0105 swoje zainteresowania naukowe w ko\u0142ach naukowych i agendach studenckich. K\u00f3\u0142 naukowych w uczelni jest blisko 60. Dzia\u0142aj\u0105 na ka\u017cdym\",\"breadcrumb\":{\"@id\":\"https:\/\/pb.edu.pl\/auich\/centrum-historii\/wystawa-stale\/studenci\/#breadcrumb\"},\"inLanguage\":\"pl-PL\",\"potentialAction\":[{\"@type\":\"ReadAction\",\"target\":[\"https:\/\/pb.edu.pl\/auich\/centrum-historii\/wystawa-stale\/studenci\/\"]}]},{\"@type\":\"ImageObject\",\"inLanguage\":\"pl-PL\",\"@id\":\"https:\/\/pb.edu.pl\/auich\/centrum-historii\/wystawa-stale\/studenci\/#primaryimage\",\"url\":\"https:\/\/pb.edu.pl\/auich\/wp-content\/uploads\/sites\/63\/nggallery\/studenci\/centrum_historii_07.jpg\",\"contentUrl\":\"https:\/\/pb.edu.pl\/auich\/wp-content\/uploads\/sites\/63\/nggallery\/studenci\/centrum_historii_07.jpg\"},{\"@type\":\"BreadcrumbList\",\"@id\":\"https:\/\/pb.edu.pl\/auich\/centrum-historii\/wystawa-stale\/studenci\/#breadcrumb\",\"itemListElement\":[{\"@type\":\"ListItem\",\"position\":1,\"name\":\"Strona g\u0142\u00f3wna\",\"item\":\"https:\/\/pb.edu.pl\/auich\/\"},{\"@type\":\"ListItem\",\"position\":2,\"name\":\"Centrum Historii\",\"item\":\"https:\/\/pb.edu.pl\/auich\/centrum-historii\/\"},{\"@type\":\"ListItem\",\"position\":3,\"name\":\"Wystawa sta\u0142a \u201eHistoria, wiedza, potencja\u0142\u201d\",\"item\":\"https:\/\/pb.edu.pl\/auich\/centrum-historii\/wystawa-stale\/\"},{\"@type\":\"ListItem\",\"position\":4,\"name\":\"Studenci\"}]},{\"@type\":\"WebSite\",\"@id\":\"https:\/\/pb.edu.pl\/auich\/#website\",\"url\":\"https:\/\/pb.edu.pl\/auich\/\",\"name\":\"Archiwum Uczelniane i Centrum Historii PB\",\"description\":\"\",\"potentialAction\":[{\"@type\":\"SearchAction\",\"target\":{\"@type\":\"EntryPoint\",\"urlTemplate\":\"https:\/\/pb.edu.pl\/auich\/?s={search_term_string}\"},\"query-input\":{\"@type\":\"PropertyValueSpecification\",\"valueRequired\":true,\"valueName\":\"search_term_string\"}}],\"inLanguage\":\"pl-PL\"}]}<\/script>\n<!-- \/ Yoast SEO plugin. -->","yoast_head_json":{"title":"Studenci - Archiwum Uczelniane i Centrum Historii PB","description":"Studenci pog\u0142\u0119biaj\u0105 swoje zainteresowania naukowe w ko\u0142ach naukowych i agendach studenckich. K\u00f3\u0142 naukowych w uczelni jest blisko 60. Dzia\u0142aj\u0105 na ka\u017cdym","robots":{"index":"index","follow":"follow","max-snippet":"max-snippet:-1","max-image-preview":"max-image-preview:large","max-video-preview":"max-video-preview:-1"},"canonical":"https:\/\/pb.edu.pl\/auich\/centrum-historii\/wystawa-stale\/studenci\/","og_locale":"pl_PL","og_type":"article","og_title":"Studenci - Archiwum Uczelniane i Centrum Historii PB","og_description":"Studenci pog\u0142\u0119biaj\u0105 swoje zainteresowania naukowe w ko\u0142ach naukowych i agendach studenckich. K\u00f3\u0142 naukowych w uczelni jest blisko 60. Dzia\u0142aj\u0105 na ka\u017cdym","og_url":"https:\/\/pb.edu.pl\/auich\/centrum-historii\/wystawa-stale\/studenci\/","og_site_name":"Archiwum Uczelniane i Centrum Historii PB","article_modified_time":"2025-08-21T11:17:25+00:00","og_image":[{"url":"https:\/\/pb.edu.pl\/auich\/wp-content\/uploads\/sites\/63\/nggallery\/studenci\/centrum_historii_07.jpg","type":"","width":"","height":""}],"twitter_card":"summary_large_image","twitter_misc":{"Szacowany czas czytania":"1 minuta"},"schema":{"@context":"https:\/\/schema.org","@graph":[{"@type":"WebPage","@id":"https:\/\/pb.edu.pl\/auich\/centrum-historii\/wystawa-stale\/studenci\/","url":"https:\/\/pb.edu.pl\/auich\/centrum-historii\/wystawa-stale\/studenci\/","name":"Studenci - Archiwum Uczelniane i Centrum Historii PB","isPartOf":{"@id":"https:\/\/pb.edu.pl\/auich\/#website"},"primaryImageOfPage":{"@id":"https:\/\/pb.edu.pl\/auich\/centrum-historii\/wystawa-stale\/studenci\/#primaryimage"},"image":{"@id":"https:\/\/pb.edu.pl\/auich\/centrum-historii\/wystawa-stale\/studenci\/#primaryimage"},"thumbnailUrl":"https:\/\/pb.edu.pl\/auich\/wp-content\/uploads\/sites\/63\/nggallery\/studenci\/centrum_historii_07.jpg","datePublished":"2021-11-20T19:50:15+00:00","dateModified":"2025-08-21T11:17:25+00:00","description":"Studenci pog\u0142\u0119biaj\u0105 swoje zainteresowania naukowe w ko\u0142ach naukowych i agendach studenckich. K\u00f3\u0142 naukowych w uczelni jest blisko 60. Dzia\u0142aj\u0105 na ka\u017cdym","breadcrumb":{"@id":"https:\/\/pb.edu.pl\/auich\/centrum-historii\/wystawa-stale\/studenci\/#breadcrumb"},"inLanguage":"pl-PL","potentialAction":[{"@type":"ReadAction","target":["https:\/\/pb.edu.pl\/auich\/centrum-historii\/wystawa-stale\/studenci\/"]}]},{"@type":"ImageObject","inLanguage":"pl-PL","@id":"https:\/\/pb.edu.pl\/auich\/centrum-historii\/wystawa-stale\/studenci\/#primaryimage","url":"https:\/\/pb.edu.pl\/auich\/wp-content\/uploads\/sites\/63\/nggallery\/studenci\/centrum_historii_07.jpg","contentUrl":"https:\/\/pb.edu.pl\/auich\/wp-content\/uploads\/sites\/63\/nggallery\/studenci\/centrum_historii_07.jpg"},{"@type":"BreadcrumbList","@id":"https:\/\/pb.edu.pl\/auich\/centrum-historii\/wystawa-stale\/studenci\/#breadcrumb","itemListElement":[{"@type":"ListItem","position":1,"name":"Strona g\u0142\u00f3wna","item":"https:\/\/pb.edu.pl\/auich\/"},{"@type":"ListItem","position":2,"name":"Centrum Historii","item":"https:\/\/pb.edu.pl\/auich\/centrum-historii\/"},{"@type":"ListItem","position":3,"name":"Wystawa sta\u0142a \u201eHistoria, wiedza, potencja\u0142\u201d","item":"https:\/\/pb.edu.pl\/auich\/centrum-historii\/wystawa-stale\/"},{"@type":"ListItem","position":4,"name":"Studenci"}]},{"@type":"WebSite","@id":"https:\/\/pb.edu.pl\/auich\/#website","url":"https:\/\/pb.edu.pl\/auich\/","name":"Archiwum Uczelniane i Centrum Historii PB","description":"","potentialAction":[{"@type":"SearchAction","target":{"@type":"EntryPoint","urlTemplate":"https:\/\/pb.edu.pl\/auich\/?s={search_term_string}"},"query-input":{"@type":"PropertyValueSpecification","valueRequired":true,"valueName":"search_term_string"}}],"inLanguage":"pl-PL"}]}},"_links":{"self":[{"href":"https:\/\/pb.edu.pl\/auich\/wp-json\/wp\/v2\/pages\/458","targetHints":{"allow":["GET"]}}],"collection":[{"href":"https:\/\/pb.edu.pl\/auich\/wp-json\/wp\/v2\/pages"}],"about":[{"href":"https:\/\/pb.edu.pl\/auich\/wp-json\/wp\/v2\/types\/page"}],"author":[{"embeddable":true,"href":"https:\/\/pb.edu.pl\/auich\/wp-json\/wp\/v2\/users\/2"}],"replies":[{"embeddable":true,"href":"https:\/\/pb.edu.pl\/auich\/wp-json\/wp\/v2\/comments?post=458"}],"version-history":[{"count":0,"href":"https:\/\/pb.edu.pl\/auich\/wp-json\/wp\/v2\/pages\/458\/revisions"}],"up":[{"embeddable":true,"href":"https:\/\/pb.edu.pl\/auich\/wp-json\/wp\/v2\/pages\/94"}],"wp:attachment":[{"href":"https:\/\/pb.edu.pl\/auich\/wp-json\/wp\/v2\/media?parent=458"}],"curies":[{"name":"wp","href":"https:\/\/api.w.org\/{rel}","templated":true}]}}