{"id":455,"date":"2021-11-20T20:49:23","date_gmt":"2021-11-20T19:49:23","guid":{"rendered":"https:\/\/pb.edu.pl\/auich\/?page_id=455"},"modified":"2025-08-21T09:43:38","modified_gmt":"2025-08-21T07:43:38","slug":"juwenalia","status":"publish","type":"page","link":"https:\/\/pb.edu.pl\/auich\/centrum-historii\/wystawa-stale\/juwenalia\/","title":{"rendered":"Juwenalia"},"content":{"rendered":"<p>Kiedy barwny korow\u00f3d oryginalnych pojazd\u00f3w, kolorowych przebiera\u0144c\u00f3w i m\u0142odych ludzi przemierza z centrum Bia\u0142egostoku na kampus Politechniki Bia\u0142ostockiej to znak, \u017ce zaczynaj\u0105 si\u0119 <strong>Juwenalia<\/strong>. Rokrocznie, przez kilka wiosennych dni na terenie miasteczka akademickiego odbywaj\u0105 si\u0119 koncerty, zabawy i zawody sportowe. Kr\u00f3luj\u0105 \u015bmiech i dobra zabawa. Na wystawie widzimy zdj\u0119cia i teledysk z Juwenali\u00f3w 2019 i 2023 roku.<\/p>\n<p>Zobaczy\u0107 tu mo\u017cna tak\u017ce <strong>gitar\u0119 elektryczno-akustyczn\u0105 Tornado typu Arch Top<\/strong> (wyprodukowana w firmie Jolana, Czechos\u0142owacja). To instrument zespo\u0142u muzycznego powsta\u0142ego w 1966 roku w Wy\u017cszej Szkole In\u017cynierskiej w klubie studenckim. Klub o nazwie \u201eProton\u201d mie\u015bci\u0142 si\u0119 w Domu Studenta przy ul. Krakowskiej 9.<\/p>\n<p><img loading=\"lazy\" decoding=\"async\" class=\"ngg-singlepic ngg-center alignleft\" src=\"https:\/\/pb.edu.pl\/auich\/wp-content\/uploads\/sites\/63\/nggallery\/juwenalia\/wnetrza_centrum_historii_gabriela_kosciuk_pb-133.jpg\" alt=\"Strefa 8 Juwenalia\" width=\"978\" height=\"652\"><\/p>\n","protected":false},"excerpt":{"rendered":"<p>Kiedy barwny korow\u00f3d oryginalnych pojazd\u00f3w, kolorowych przebiera\u0144c\u00f3w i m\u0142odych ludzi przemierza z centrum Bia\u0142egostoku na<\/p>\n","protected":false},"author":2,"featured_media":0,"parent":94,"menu_order":8,"comment_status":"closed","ping_status":"closed","template":"","meta":{"_acf_changed":false,"ngg_post_thumbnail":0,"footnotes":""},"class_list":["post-455","page","type-page","status-publish","hentry"],"acf":[],"yoast_head":"<!-- This site is optimized with the Yoast SEO plugin v27.0 - https:\/\/yoast.com\/product\/yoast-seo-wordpress\/ -->\n<title>Juwenalia - Archiwum Uczelniane i Centrum Historii PB<\/title>\n<meta name=\"description\" content=\"Kiedy barwny korow\u00f3d oryginalnych pojazd\u00f3w, kolorowych przebiera\u0144c\u00f3w i m\u0142odych ludzi przemierza z centrum Bia\u0142egostoku na kampus Politechniki\" \/>\n<meta name=\"robots\" content=\"index, follow, max-snippet:-1, max-image-preview:large, max-video-preview:-1\" \/>\n<link rel=\"canonical\" href=\"https:\/\/pb.edu.pl\/auich\/centrum-historii\/wystawa-stale\/juwenalia\/\" \/>\n<meta property=\"og:locale\" content=\"pl_PL\" \/>\n<meta property=\"og:type\" content=\"article\" \/>\n<meta property=\"og:title\" content=\"Juwenalia - Archiwum Uczelniane i Centrum Historii PB\" \/>\n<meta property=\"og:description\" content=\"Kiedy barwny korow\u00f3d oryginalnych pojazd\u00f3w, kolorowych przebiera\u0144c\u00f3w i m\u0142odych ludzi przemierza z centrum Bia\u0142egostoku na kampus Politechniki\" \/>\n<meta property=\"og:url\" content=\"https:\/\/pb.edu.pl\/auich\/centrum-historii\/wystawa-stale\/juwenalia\/\" \/>\n<meta property=\"og:site_name\" content=\"Archiwum Uczelniane i Centrum Historii PB\" \/>\n<meta property=\"article:modified_time\" content=\"2025-08-21T07:43:38+00:00\" \/>\n<meta property=\"og:image\" content=\"https:\/\/pb.edu.pl\/auich\/wp-content\/uploads\/sites\/63\/nggallery\/juwenalia\/wnetrza_centrum_historii_gabriela_kosciuk_pb-133.jpg\" \/>\n<meta name=\"twitter:card\" content=\"summary_large_image\" \/>\n<meta name=\"twitter:label1\" content=\"Szacowany czas czytania\" \/>\n\t<meta name=\"twitter:data1\" content=\"1 minuta\" \/>\n<script type=\"application\/ld+json\" class=\"yoast-schema-graph\">{\"@context\":\"https:\/\/schema.org\",\"@graph\":[{\"@type\":\"WebPage\",\"@id\":\"https:\/\/pb.edu.pl\/auich\/centrum-historii\/wystawa-stale\/juwenalia\/\",\"url\":\"https:\/\/pb.edu.pl\/auich\/centrum-historii\/wystawa-stale\/juwenalia\/\",\"name\":\"Juwenalia - Archiwum Uczelniane i Centrum Historii PB\",\"isPartOf\":{\"@id\":\"https:\/\/pb.edu.pl\/auich\/#website\"},\"primaryImageOfPage\":{\"@id\":\"https:\/\/pb.edu.pl\/auich\/centrum-historii\/wystawa-stale\/juwenalia\/#primaryimage\"},\"image\":{\"@id\":\"https:\/\/pb.edu.pl\/auich\/centrum-historii\/wystawa-stale\/juwenalia\/#primaryimage\"},\"thumbnailUrl\":\"https:\/\/pb.edu.pl\/auich\/wp-content\/uploads\/sites\/63\/nggallery\/juwenalia\/wnetrza_centrum_historii_gabriela_kosciuk_pb-133.jpg\",\"datePublished\":\"2021-11-20T19:49:23+00:00\",\"dateModified\":\"2025-08-21T07:43:38+00:00\",\"description\":\"Kiedy barwny korow\u00f3d oryginalnych pojazd\u00f3w, kolorowych przebiera\u0144c\u00f3w i m\u0142odych ludzi przemierza z centrum Bia\u0142egostoku na kampus Politechniki\",\"breadcrumb\":{\"@id\":\"https:\/\/pb.edu.pl\/auich\/centrum-historii\/wystawa-stale\/juwenalia\/#breadcrumb\"},\"inLanguage\":\"pl-PL\",\"potentialAction\":[{\"@type\":\"ReadAction\",\"target\":[\"https:\/\/pb.edu.pl\/auich\/centrum-historii\/wystawa-stale\/juwenalia\/\"]}]},{\"@type\":\"ImageObject\",\"inLanguage\":\"pl-PL\",\"@id\":\"https:\/\/pb.edu.pl\/auich\/centrum-historii\/wystawa-stale\/juwenalia\/#primaryimage\",\"url\":\"https:\/\/pb.edu.pl\/auich\/wp-content\/uploads\/sites\/63\/nggallery\/juwenalia\/wnetrza_centrum_historii_gabriela_kosciuk_pb-133.jpg\",\"contentUrl\":\"https:\/\/pb.edu.pl\/auich\/wp-content\/uploads\/sites\/63\/nggallery\/juwenalia\/wnetrza_centrum_historii_gabriela_kosciuk_pb-133.jpg\"},{\"@type\":\"BreadcrumbList\",\"@id\":\"https:\/\/pb.edu.pl\/auich\/centrum-historii\/wystawa-stale\/juwenalia\/#breadcrumb\",\"itemListElement\":[{\"@type\":\"ListItem\",\"position\":1,\"name\":\"Strona g\u0142\u00f3wna\",\"item\":\"https:\/\/pb.edu.pl\/auich\/\"},{\"@type\":\"ListItem\",\"position\":2,\"name\":\"Centrum Historii\",\"item\":\"https:\/\/pb.edu.pl\/auich\/centrum-historii\/\"},{\"@type\":\"ListItem\",\"position\":3,\"name\":\"Wystawa sta\u0142a \u201eHistoria, wiedza, potencja\u0142\u201d\",\"item\":\"https:\/\/pb.edu.pl\/auich\/centrum-historii\/wystawa-stale\/\"},{\"@type\":\"ListItem\",\"position\":4,\"name\":\"Juwenalia\"}]},{\"@type\":\"WebSite\",\"@id\":\"https:\/\/pb.edu.pl\/auich\/#website\",\"url\":\"https:\/\/pb.edu.pl\/auich\/\",\"name\":\"Archiwum Uczelniane i Centrum Historii PB\",\"description\":\"\",\"potentialAction\":[{\"@type\":\"SearchAction\",\"target\":{\"@type\":\"EntryPoint\",\"urlTemplate\":\"https:\/\/pb.edu.pl\/auich\/?s={search_term_string}\"},\"query-input\":{\"@type\":\"PropertyValueSpecification\",\"valueRequired\":true,\"valueName\":\"search_term_string\"}}],\"inLanguage\":\"pl-PL\"}]}<\/script>\n<!-- \/ Yoast SEO plugin. -->","yoast_head_json":{"title":"Juwenalia - Archiwum Uczelniane i Centrum Historii PB","description":"Kiedy barwny korow\u00f3d oryginalnych pojazd\u00f3w, kolorowych przebiera\u0144c\u00f3w i m\u0142odych ludzi przemierza z centrum Bia\u0142egostoku na kampus Politechniki","robots":{"index":"index","follow":"follow","max-snippet":"max-snippet:-1","max-image-preview":"max-image-preview:large","max-video-preview":"max-video-preview:-1"},"canonical":"https:\/\/pb.edu.pl\/auich\/centrum-historii\/wystawa-stale\/juwenalia\/","og_locale":"pl_PL","og_type":"article","og_title":"Juwenalia - Archiwum Uczelniane i Centrum Historii PB","og_description":"Kiedy barwny korow\u00f3d oryginalnych pojazd\u00f3w, kolorowych przebiera\u0144c\u00f3w i m\u0142odych ludzi przemierza z centrum Bia\u0142egostoku na kampus Politechniki","og_url":"https:\/\/pb.edu.pl\/auich\/centrum-historii\/wystawa-stale\/juwenalia\/","og_site_name":"Archiwum Uczelniane i Centrum Historii PB","article_modified_time":"2025-08-21T07:43:38+00:00","og_image":[{"url":"https:\/\/pb.edu.pl\/auich\/wp-content\/uploads\/sites\/63\/nggallery\/juwenalia\/wnetrza_centrum_historii_gabriela_kosciuk_pb-133.jpg","type":"","width":"","height":""}],"twitter_card":"summary_large_image","twitter_misc":{"Szacowany czas czytania":"1 minuta"},"schema":{"@context":"https:\/\/schema.org","@graph":[{"@type":"WebPage","@id":"https:\/\/pb.edu.pl\/auich\/centrum-historii\/wystawa-stale\/juwenalia\/","url":"https:\/\/pb.edu.pl\/auich\/centrum-historii\/wystawa-stale\/juwenalia\/","name":"Juwenalia - Archiwum Uczelniane i Centrum Historii PB","isPartOf":{"@id":"https:\/\/pb.edu.pl\/auich\/#website"},"primaryImageOfPage":{"@id":"https:\/\/pb.edu.pl\/auich\/centrum-historii\/wystawa-stale\/juwenalia\/#primaryimage"},"image":{"@id":"https:\/\/pb.edu.pl\/auich\/centrum-historii\/wystawa-stale\/juwenalia\/#primaryimage"},"thumbnailUrl":"https:\/\/pb.edu.pl\/auich\/wp-content\/uploads\/sites\/63\/nggallery\/juwenalia\/wnetrza_centrum_historii_gabriela_kosciuk_pb-133.jpg","datePublished":"2021-11-20T19:49:23+00:00","dateModified":"2025-08-21T07:43:38+00:00","description":"Kiedy barwny korow\u00f3d oryginalnych pojazd\u00f3w, kolorowych przebiera\u0144c\u00f3w i m\u0142odych ludzi przemierza z centrum Bia\u0142egostoku na kampus Politechniki","breadcrumb":{"@id":"https:\/\/pb.edu.pl\/auich\/centrum-historii\/wystawa-stale\/juwenalia\/#breadcrumb"},"inLanguage":"pl-PL","potentialAction":[{"@type":"ReadAction","target":["https:\/\/pb.edu.pl\/auich\/centrum-historii\/wystawa-stale\/juwenalia\/"]}]},{"@type":"ImageObject","inLanguage":"pl-PL","@id":"https:\/\/pb.edu.pl\/auich\/centrum-historii\/wystawa-stale\/juwenalia\/#primaryimage","url":"https:\/\/pb.edu.pl\/auich\/wp-content\/uploads\/sites\/63\/nggallery\/juwenalia\/wnetrza_centrum_historii_gabriela_kosciuk_pb-133.jpg","contentUrl":"https:\/\/pb.edu.pl\/auich\/wp-content\/uploads\/sites\/63\/nggallery\/juwenalia\/wnetrza_centrum_historii_gabriela_kosciuk_pb-133.jpg"},{"@type":"BreadcrumbList","@id":"https:\/\/pb.edu.pl\/auich\/centrum-historii\/wystawa-stale\/juwenalia\/#breadcrumb","itemListElement":[{"@type":"ListItem","position":1,"name":"Strona g\u0142\u00f3wna","item":"https:\/\/pb.edu.pl\/auich\/"},{"@type":"ListItem","position":2,"name":"Centrum Historii","item":"https:\/\/pb.edu.pl\/auich\/centrum-historii\/"},{"@type":"ListItem","position":3,"name":"Wystawa sta\u0142a \u201eHistoria, wiedza, potencja\u0142\u201d","item":"https:\/\/pb.edu.pl\/auich\/centrum-historii\/wystawa-stale\/"},{"@type":"ListItem","position":4,"name":"Juwenalia"}]},{"@type":"WebSite","@id":"https:\/\/pb.edu.pl\/auich\/#website","url":"https:\/\/pb.edu.pl\/auich\/","name":"Archiwum Uczelniane i Centrum Historii PB","description":"","potentialAction":[{"@type":"SearchAction","target":{"@type":"EntryPoint","urlTemplate":"https:\/\/pb.edu.pl\/auich\/?s={search_term_string}"},"query-input":{"@type":"PropertyValueSpecification","valueRequired":true,"valueName":"search_term_string"}}],"inLanguage":"pl-PL"}]}},"_links":{"self":[{"href":"https:\/\/pb.edu.pl\/auich\/wp-json\/wp\/v2\/pages\/455","targetHints":{"allow":["GET"]}}],"collection":[{"href":"https:\/\/pb.edu.pl\/auich\/wp-json\/wp\/v2\/pages"}],"about":[{"href":"https:\/\/pb.edu.pl\/auich\/wp-json\/wp\/v2\/types\/page"}],"author":[{"embeddable":true,"href":"https:\/\/pb.edu.pl\/auich\/wp-json\/wp\/v2\/users\/2"}],"replies":[{"embeddable":true,"href":"https:\/\/pb.edu.pl\/auich\/wp-json\/wp\/v2\/comments?post=455"}],"version-history":[{"count":0,"href":"https:\/\/pb.edu.pl\/auich\/wp-json\/wp\/v2\/pages\/455\/revisions"}],"up":[{"embeddable":true,"href":"https:\/\/pb.edu.pl\/auich\/wp-json\/wp\/v2\/pages\/94"}],"wp:attachment":[{"href":"https:\/\/pb.edu.pl\/auich\/wp-json\/wp\/v2\/media?parent=455"}],"curies":[{"name":"wp","href":"https:\/\/api.w.org\/{rel}","templated":true}]}}