{"id":453,"date":"2021-11-20T20:49:01","date_gmt":"2021-11-20T19:49:01","guid":{"rendered":"https:\/\/pb.edu.pl\/auich\/?page_id=453"},"modified":"2025-08-21T09:56:19","modified_gmt":"2025-08-21T07:56:19","slug":"politechnika-dzis","status":"publish","type":"page","link":"https:\/\/pb.edu.pl\/auich\/centrum-historii\/wystawa-stale\/politechnika-dzis\/","title":{"rendered":"Politechnika dzi\u015b"},"content":{"rendered":"<p>W strefie <strong>Politechnika dzi\u015b<\/strong> w symboliczny spos\u00f3b przedstawiamy tu struktur\u0119 uczelni oraz obszary, w kt\u00f3rych prowadzone s\u0105 badania naukowe. St\u0105d \u2013 obecno\u015b\u0107 na ekspozycji popio\u0142u, huby, uk\u0142adu scalonego czy element\u00f3w protez, a tak\u017ce fotografia publikacji naukowych wydawanych przez Oficyn\u0119 Wydawnicz\u0105 Politechniki Bia\u0142ostockiej.<\/p>\n<p>&nbsp;Uczelnia prowadzi szeroko zakrojon\u0105 wsp\u00f3\u0142prac\u0119 mi\u0119dzynarodow\u0105. Obcokrajowc\u00f3w pytamy:<strong> Where are You from?<\/strong> I zach\u0119camy do odpowiedzi poprzez zaznaczenie magnesem na mapie \u015bwiata swojej ojczyzny. Pokazujemy r\u00f3wnie\u017c upominki wymieniane przez pracownik\u00f3w uczelni podczas wizyt zagranicznych. &nbsp;<\/p>\n<p>&nbsp;<\/p>\n<p><img loading=\"lazy\" decoding=\"async\" class=\"ngg-singlepic ngg-center alignnone\" src=\"https:\/\/pb.edu.pl\/auich\/wp-content\/uploads\/sites\/63\/nggallery\/politechniki-dzis\/wnetrza_centrum_historii_gabriela_kosciuk_pb-127.jpg\" alt=\"Strefa 7 Politechnika dzi\u015b\" width=\"1052\" height=\"701\"><\/p>\n<p>&nbsp;<\/p>\n","protected":false},"excerpt":{"rendered":"<p>W strefie Politechnika dzi\u015b w symboliczny spos\u00f3b przedstawiamy tu struktur\u0119 uczelni oraz obszary, w kt\u00f3rych<\/p>\n","protected":false},"author":2,"featured_media":0,"parent":94,"menu_order":7,"comment_status":"closed","ping_status":"closed","template":"","meta":{"_acf_changed":false,"ngg_post_thumbnail":0,"footnotes":""},"class_list":["post-453","page","type-page","status-publish","hentry"],"acf":[],"yoast_head":"<!-- This site is optimized with the Yoast SEO plugin v27.0 - https:\/\/yoast.com\/product\/yoast-seo-wordpress\/ -->\n<title>Politechnika dzi\u015b - Archiwum Uczelniane i Centrum Historii PB<\/title>\n<meta name=\"description\" content=\"W strefie Politechnika dzi\u015b w symboliczny spos\u00f3b przedstawiamy tu struktur\u0119 uczelni oraz obszary, w kt\u00f3rych prowadzone s\u0105 badania naukowe. St\u0105d \u2013 obecno\u015b\u0107\" \/>\n<meta name=\"robots\" content=\"index, follow, max-snippet:-1, max-image-preview:large, max-video-preview:-1\" \/>\n<link rel=\"canonical\" href=\"https:\/\/pb.edu.pl\/auich\/centrum-historii\/wystawa-stale\/politechnika-dzis\/\" \/>\n<meta property=\"og:locale\" content=\"pl_PL\" \/>\n<meta property=\"og:type\" content=\"article\" \/>\n<meta property=\"og:title\" content=\"Politechnika dzi\u015b - Archiwum Uczelniane i Centrum Historii PB\" \/>\n<meta property=\"og:description\" content=\"W strefie Politechnika dzi\u015b w symboliczny spos\u00f3b przedstawiamy tu struktur\u0119 uczelni oraz obszary, w kt\u00f3rych prowadzone s\u0105 badania naukowe. St\u0105d \u2013 obecno\u015b\u0107\" \/>\n<meta property=\"og:url\" content=\"https:\/\/pb.edu.pl\/auich\/centrum-historii\/wystawa-stale\/politechnika-dzis\/\" \/>\n<meta property=\"og:site_name\" content=\"Archiwum Uczelniane i Centrum Historii PB\" \/>\n<meta property=\"article:modified_time\" content=\"2025-08-21T07:56:19+00:00\" \/>\n<meta property=\"og:image\" content=\"https:\/\/pb.edu.pl\/auich\/wp-content\/uploads\/sites\/63\/nggallery\/politechniki-dzis\/wnetrza_centrum_historii_gabriela_kosciuk_pb-127.jpg\" \/>\n<meta name=\"twitter:card\" content=\"summary_large_image\" \/>\n<script type=\"application\/ld+json\" class=\"yoast-schema-graph\">{\"@context\":\"https:\/\/schema.org\",\"@graph\":[{\"@type\":\"WebPage\",\"@id\":\"https:\/\/pb.edu.pl\/auich\/centrum-historii\/wystawa-stale\/politechnika-dzis\/\",\"url\":\"https:\/\/pb.edu.pl\/auich\/centrum-historii\/wystawa-stale\/politechnika-dzis\/\",\"name\":\"Politechnika dzi\u015b - Archiwum Uczelniane i Centrum Historii PB\",\"isPartOf\":{\"@id\":\"https:\/\/pb.edu.pl\/auich\/#website\"},\"primaryImageOfPage\":{\"@id\":\"https:\/\/pb.edu.pl\/auich\/centrum-historii\/wystawa-stale\/politechnika-dzis\/#primaryimage\"},\"image\":{\"@id\":\"https:\/\/pb.edu.pl\/auich\/centrum-historii\/wystawa-stale\/politechnika-dzis\/#primaryimage\"},\"thumbnailUrl\":\"https:\/\/pb.edu.pl\/auich\/wp-content\/uploads\/sites\/63\/nggallery\/politechniki-dzis\/wnetrza_centrum_historii_gabriela_kosciuk_pb-127.jpg\",\"datePublished\":\"2021-11-20T19:49:01+00:00\",\"dateModified\":\"2025-08-21T07:56:19+00:00\",\"description\":\"W strefie Politechnika dzi\u015b w symboliczny spos\u00f3b przedstawiamy tu struktur\u0119 uczelni oraz obszary, w kt\u00f3rych prowadzone s\u0105 badania naukowe. St\u0105d \u2013 obecno\u015b\u0107\",\"breadcrumb\":{\"@id\":\"https:\/\/pb.edu.pl\/auich\/centrum-historii\/wystawa-stale\/politechnika-dzis\/#breadcrumb\"},\"inLanguage\":\"pl-PL\",\"potentialAction\":[{\"@type\":\"ReadAction\",\"target\":[\"https:\/\/pb.edu.pl\/auich\/centrum-historii\/wystawa-stale\/politechnika-dzis\/\"]}]},{\"@type\":\"ImageObject\",\"inLanguage\":\"pl-PL\",\"@id\":\"https:\/\/pb.edu.pl\/auich\/centrum-historii\/wystawa-stale\/politechnika-dzis\/#primaryimage\",\"url\":\"https:\/\/pb.edu.pl\/auich\/wp-content\/uploads\/sites\/63\/nggallery\/politechniki-dzis\/wnetrza_centrum_historii_gabriela_kosciuk_pb-127.jpg\",\"contentUrl\":\"https:\/\/pb.edu.pl\/auich\/wp-content\/uploads\/sites\/63\/nggallery\/politechniki-dzis\/wnetrza_centrum_historii_gabriela_kosciuk_pb-127.jpg\"},{\"@type\":\"BreadcrumbList\",\"@id\":\"https:\/\/pb.edu.pl\/auich\/centrum-historii\/wystawa-stale\/politechnika-dzis\/#breadcrumb\",\"itemListElement\":[{\"@type\":\"ListItem\",\"position\":1,\"name\":\"Strona g\u0142\u00f3wna\",\"item\":\"https:\/\/pb.edu.pl\/auich\/\"},{\"@type\":\"ListItem\",\"position\":2,\"name\":\"Centrum Historii\",\"item\":\"https:\/\/pb.edu.pl\/auich\/centrum-historii\/\"},{\"@type\":\"ListItem\",\"position\":3,\"name\":\"Wystawa sta\u0142a \u201eHistoria, wiedza, potencja\u0142\u201d\",\"item\":\"https:\/\/pb.edu.pl\/auich\/centrum-historii\/wystawa-stale\/\"},{\"@type\":\"ListItem\",\"position\":4,\"name\":\"Politechnika dzi\u015b\"}]},{\"@type\":\"WebSite\",\"@id\":\"https:\/\/pb.edu.pl\/auich\/#website\",\"url\":\"https:\/\/pb.edu.pl\/auich\/\",\"name\":\"Archiwum Uczelniane i Centrum Historii PB\",\"description\":\"\",\"potentialAction\":[{\"@type\":\"SearchAction\",\"target\":{\"@type\":\"EntryPoint\",\"urlTemplate\":\"https:\/\/pb.edu.pl\/auich\/?s={search_term_string}\"},\"query-input\":{\"@type\":\"PropertyValueSpecification\",\"valueRequired\":true,\"valueName\":\"search_term_string\"}}],\"inLanguage\":\"pl-PL\"}]}<\/script>\n<!-- \/ Yoast SEO plugin. -->","yoast_head_json":{"title":"Politechnika dzi\u015b - Archiwum Uczelniane i Centrum Historii PB","description":"W strefie Politechnika dzi\u015b w symboliczny spos\u00f3b przedstawiamy tu struktur\u0119 uczelni oraz obszary, w kt\u00f3rych prowadzone s\u0105 badania naukowe. St\u0105d \u2013 obecno\u015b\u0107","robots":{"index":"index","follow":"follow","max-snippet":"max-snippet:-1","max-image-preview":"max-image-preview:large","max-video-preview":"max-video-preview:-1"},"canonical":"https:\/\/pb.edu.pl\/auich\/centrum-historii\/wystawa-stale\/politechnika-dzis\/","og_locale":"pl_PL","og_type":"article","og_title":"Politechnika dzi\u015b - Archiwum Uczelniane i Centrum Historii PB","og_description":"W strefie Politechnika dzi\u015b w symboliczny spos\u00f3b przedstawiamy tu struktur\u0119 uczelni oraz obszary, w kt\u00f3rych prowadzone s\u0105 badania naukowe. St\u0105d \u2013 obecno\u015b\u0107","og_url":"https:\/\/pb.edu.pl\/auich\/centrum-historii\/wystawa-stale\/politechnika-dzis\/","og_site_name":"Archiwum Uczelniane i Centrum Historii PB","article_modified_time":"2025-08-21T07:56:19+00:00","og_image":[{"url":"https:\/\/pb.edu.pl\/auich\/wp-content\/uploads\/sites\/63\/nggallery\/politechniki-dzis\/wnetrza_centrum_historii_gabriela_kosciuk_pb-127.jpg","type":"","width":"","height":""}],"twitter_card":"summary_large_image","schema":{"@context":"https:\/\/schema.org","@graph":[{"@type":"WebPage","@id":"https:\/\/pb.edu.pl\/auich\/centrum-historii\/wystawa-stale\/politechnika-dzis\/","url":"https:\/\/pb.edu.pl\/auich\/centrum-historii\/wystawa-stale\/politechnika-dzis\/","name":"Politechnika dzi\u015b - Archiwum Uczelniane i Centrum Historii PB","isPartOf":{"@id":"https:\/\/pb.edu.pl\/auich\/#website"},"primaryImageOfPage":{"@id":"https:\/\/pb.edu.pl\/auich\/centrum-historii\/wystawa-stale\/politechnika-dzis\/#primaryimage"},"image":{"@id":"https:\/\/pb.edu.pl\/auich\/centrum-historii\/wystawa-stale\/politechnika-dzis\/#primaryimage"},"thumbnailUrl":"https:\/\/pb.edu.pl\/auich\/wp-content\/uploads\/sites\/63\/nggallery\/politechniki-dzis\/wnetrza_centrum_historii_gabriela_kosciuk_pb-127.jpg","datePublished":"2021-11-20T19:49:01+00:00","dateModified":"2025-08-21T07:56:19+00:00","description":"W strefie Politechnika dzi\u015b w symboliczny spos\u00f3b przedstawiamy tu struktur\u0119 uczelni oraz obszary, w kt\u00f3rych prowadzone s\u0105 badania naukowe. St\u0105d \u2013 obecno\u015b\u0107","breadcrumb":{"@id":"https:\/\/pb.edu.pl\/auich\/centrum-historii\/wystawa-stale\/politechnika-dzis\/#breadcrumb"},"inLanguage":"pl-PL","potentialAction":[{"@type":"ReadAction","target":["https:\/\/pb.edu.pl\/auich\/centrum-historii\/wystawa-stale\/politechnika-dzis\/"]}]},{"@type":"ImageObject","inLanguage":"pl-PL","@id":"https:\/\/pb.edu.pl\/auich\/centrum-historii\/wystawa-stale\/politechnika-dzis\/#primaryimage","url":"https:\/\/pb.edu.pl\/auich\/wp-content\/uploads\/sites\/63\/nggallery\/politechniki-dzis\/wnetrza_centrum_historii_gabriela_kosciuk_pb-127.jpg","contentUrl":"https:\/\/pb.edu.pl\/auich\/wp-content\/uploads\/sites\/63\/nggallery\/politechniki-dzis\/wnetrza_centrum_historii_gabriela_kosciuk_pb-127.jpg"},{"@type":"BreadcrumbList","@id":"https:\/\/pb.edu.pl\/auich\/centrum-historii\/wystawa-stale\/politechnika-dzis\/#breadcrumb","itemListElement":[{"@type":"ListItem","position":1,"name":"Strona g\u0142\u00f3wna","item":"https:\/\/pb.edu.pl\/auich\/"},{"@type":"ListItem","position":2,"name":"Centrum Historii","item":"https:\/\/pb.edu.pl\/auich\/centrum-historii\/"},{"@type":"ListItem","position":3,"name":"Wystawa sta\u0142a \u201eHistoria, wiedza, potencja\u0142\u201d","item":"https:\/\/pb.edu.pl\/auich\/centrum-historii\/wystawa-stale\/"},{"@type":"ListItem","position":4,"name":"Politechnika dzi\u015b"}]},{"@type":"WebSite","@id":"https:\/\/pb.edu.pl\/auich\/#website","url":"https:\/\/pb.edu.pl\/auich\/","name":"Archiwum Uczelniane i Centrum Historii PB","description":"","potentialAction":[{"@type":"SearchAction","target":{"@type":"EntryPoint","urlTemplate":"https:\/\/pb.edu.pl\/auich\/?s={search_term_string}"},"query-input":{"@type":"PropertyValueSpecification","valueRequired":true,"valueName":"search_term_string"}}],"inLanguage":"pl-PL"}]}},"_links":{"self":[{"href":"https:\/\/pb.edu.pl\/auich\/wp-json\/wp\/v2\/pages\/453","targetHints":{"allow":["GET"]}}],"collection":[{"href":"https:\/\/pb.edu.pl\/auich\/wp-json\/wp\/v2\/pages"}],"about":[{"href":"https:\/\/pb.edu.pl\/auich\/wp-json\/wp\/v2\/types\/page"}],"author":[{"embeddable":true,"href":"https:\/\/pb.edu.pl\/auich\/wp-json\/wp\/v2\/users\/2"}],"replies":[{"embeddable":true,"href":"https:\/\/pb.edu.pl\/auich\/wp-json\/wp\/v2\/comments?post=453"}],"version-history":[{"count":0,"href":"https:\/\/pb.edu.pl\/auich\/wp-json\/wp\/v2\/pages\/453\/revisions"}],"up":[{"embeddable":true,"href":"https:\/\/pb.edu.pl\/auich\/wp-json\/wp\/v2\/pages\/94"}],"wp:attachment":[{"href":"https:\/\/pb.edu.pl\/auich\/wp-json\/wp\/v2\/media?parent=453"}],"curies":[{"name":"wp","href":"https:\/\/api.w.org\/{rel}","templated":true}]}}