{"id":451,"date":"2021-11-20T20:48:34","date_gmt":"2021-11-20T19:48:34","guid":{"rendered":"https:\/\/pb.edu.pl\/auich\/?page_id=451"},"modified":"2025-07-14T11:21:43","modified_gmt":"2025-07-14T09:21:43","slug":"kapsula-czasu","status":"publish","type":"page","link":"https:\/\/pb.edu.pl\/auich\/centrum-historii\/wystawa-stale\/kapsula-czasu\/","title":{"rendered":"Kapsu\u0142a czasu"},"content":{"rendered":"<p>&nbsp;<\/p>\n<p>Strefa ta nazw\u0119 swoj\u0105 zawdzi\u0119cza obeliskowi Kapsu\u0142a czasu, kt\u00f3ry stoi na placu przed Centrum Nowoczesnego Kszta\u0142cenia.. Autorem obelisku i klucza jest artysta rze\u017abiarz, wyk\u0142adowca Wydzia\u0142u Architektury prof. Jaros\u0142aw Perszko.<\/p>\n<p><strong>#DepozytyPB<\/strong><\/p>\n<p>W Kapsule czasu zamkn\u0119li\u015bmy 22 r\u00f3\u017cnego rodzaju depozyty z\u0142o\u017cone przez wydzia\u0142y i jednostki uczelniane. S\u0105 to m.in. dokumenty, dyski z zapisami danych i lista unijnych grant\u00f3w zrealizowanych przez uczelni\u0119. Umie\u015bcili\u015bmy w niej tak\u017ce nasiona drzew zebrane w Puszczy Bia\u0142owieskiej i fragment konaru 250-letniego drzewa z parku w Ho\u0142nach Mejera. W niej tak\u017ce ukryli\u015bmy Podlask\u0105 Mark\u0119 Pokole\u0144 \u2013 nagrod\u0119 przyznana w 2019 roku Politechnice przez Marsza\u0142ka Wojew\u00f3dztwa Podlaskiego. Kapsu\u0142\u0119 uroczy\u015bcie ods\u0142onili 22 czerwca 2019 roku \u00f3wczesny rektor PB prof. Lech Dzienis i studentka Katarzyna Buczkowska. Ustalono, \u017ce Kapsu\u0142\u0119 b\u0119dzie mo\u017cna otworzy\u0107 w 2049 roku \u2013 w stulecie powo\u0142ania uczelni.<\/p>\n<p>Jedyny i niepowtarzalny klucz do Kapsu\u0142y oraz fotografie depozyt\u00f3w znajduj\u0105 si\u0119 na \u015bcianie Centrum Historii.<\/p>\n<p><strong>Rzutniki, projektory, serwery<\/strong><\/p>\n<p>Wy\u017csza uczelnia techniczna to przede wszystkim instytucja, w kt\u00f3rej odbywa si\u0119 kszta\u0142cenie pokole\u0144 in\u017cynier\u00f3w. Narz\u0119dziami niezb\u0119dnymi do pracy dydaktyka by\u0142y nie tylko tablica i kreda, lecz tak\u017ce r\u00f3\u017cnego rodzaju rzutniki i projektory. W tej strefie mo\u017cna zobaczy\u0107 datowany na 1963 rok projektor z \u0141\u00f3dzkich Zak\u0142ad\u00f3w Kinotechnicznych \u2013 TYP ED 750 NR 1026, rzutnik folii Diapol Automat z Polskich Zak\u0142ad\u00f3w Optycznych czy projektor Ukraina produkcji ZSRR.<\/p>\n<p>Swoje miejsce znalaz\u0142 tu tak\u017ce sieciowy serwer \u015brodowiskowy. Ten zakupiony w 1996 r. serwer \u015brodowiskowy by\u0142 oparty na komputerze SUN ENTERPRISE 5000 w nast\u0119puj\u0105cej konfiguracji: HDD 18 GB, RAM 256 MB (max 14GB), karta ATM 155, 2 procesory ULTRASPRC 167 MHZ (max 14 CPU), X-terminal SUN NETRA 535, streamer 16\/32 GB.<\/p>\n<p>Na serwerze tym instalowano zbiory w celu ograniczenia zb\u0119dnego ruchu w sieci krajowej jak i mi\u0119dzynarodowej: serwer W3Cache, kt\u00f3ry automatycznie przechowywa\u0142 zbiory WWW najcz\u0119\u015bciej \u015bci\u0105gane przez u\u017cytkownik\u00f3w BIAMAN; serwer anonymous ftp, kt\u00f3ry r\u00f3wnie\u017c automatycznie przechowa\u0142 og\u00f3lnodost\u0119pne pliki, znajduj\u0105ce si\u0119 w sieciach poza BIAMAN; uruchamiano regionaln\u0105 baz\u0119 danych z informacjami o \u015brodowisku przyrodniczym Polski P\u00f3\u0142nocno &#8211; Wschodniej.<\/p>\n<p>Zaj\u0119to\u015b\u0107 pami\u0119ci dyskowej na dzie\u0144 08.05.1997 wynosi\u0142a 12.5 GB czyli 69,44%.<\/p>\n<p><strong>#Ch\u00f3rPB<\/strong><\/p>\n<p>W strefie Kapsu\u0142a czasu przedstawiono r\u00f3wnie\u017c histori\u0119 Ch\u00f3ru Politechniki Bia\u0142ostockiej. Powsta\u0142 w 1977 roku i pocz\u0105tkowo by\u0142 to ch\u00f3r m\u0119ski, a jego pierwszym dyrygentem by\u0142a Zofia Hamerlak- G\u0142adyszewska. Ju\u017c w pierwszych latach swojego istnienia wyst\u0119powa\u0142 w Polsce, w Bu\u0142garii, na Litwie i we Francji. W 1981 roku w zwi\u0105zku z wprowadzeniem stanu wojennego ch\u00f3r musia\u0142 zawiesi\u0107 swoj\u0105 dzia\u0142alno\u015b\u0107, kt\u00f3r\u0105 wznowi\u0142 w 1983. Od grudnia 1997 roku Ch\u00f3rem kieruje prof. Wioletta Mi\u0142kowska. W repertuarze Ch\u00f3ru znajduj\u0105 si\u0119 utwory a capella, zar\u00f3wno \u015bwieckie, jak i sakralne z r\u00f3\u017cnych epok, a tak\u017ce formy wokalno-instrumentalne. Ch\u00f3r Politechniki Bia\u0142ostockiej ma w swoim dorobku tak\u017ce nagrania radiowe, p\u0142yty CD oraz nagrody zdobyte na licznych konkursach w Polsce i za granic\u0105. Obok znajduje si\u0119<strong> Pianino Bia\u0142oru\u015b<\/strong> u\u017cywane przez Ch\u00f3r Politechniki Bia\u0142ostockiej podczas pr\u00f3b.<\/p>\n<p>Ponadto, w tej strefie realizowane s\u0105 wystawy czasowe.<\/p>\n","protected":false},"excerpt":{"rendered":"<p>&nbsp; Strefa ta nazw\u0119 swoj\u0105 zawdzi\u0119cza obeliskowi Kapsu\u0142a czasu, kt\u00f3ry stoi na placu przed Centrum<\/p>\n","protected":false},"author":2,"featured_media":0,"parent":94,"menu_order":6,"comment_status":"closed","ping_status":"closed","template":"","meta":{"_acf_changed":false,"ngg_post_thumbnail":0,"footnotes":""},"class_list":["post-451","page","type-page","status-publish","hentry"],"acf":[],"yoast_head":"<!-- This site is optimized with the Yoast SEO plugin v27.0 - https:\/\/yoast.com\/product\/yoast-seo-wordpress\/ -->\n<title>Kapsu\u0142a czasu - Archiwum Uczelniane i Centrum Historii PB<\/title>\n<meta name=\"description\" content=\"&nbsp; Strefa ta nazw\u0119 swoj\u0105 zawdzi\u0119cza obeliskowi Kapsu\u0142a czasu, kt\u00f3ry stoi na placu przed Centrum Nowoczesnego Kszta\u0142cenia.. Autorem obelisku i klucza\" \/>\n<meta name=\"robots\" content=\"index, follow, max-snippet:-1, max-image-preview:large, max-video-preview:-1\" \/>\n<link rel=\"canonical\" href=\"https:\/\/pb.edu.pl\/auich\/centrum-historii\/wystawa-stale\/kapsula-czasu\/\" \/>\n<meta property=\"og:locale\" content=\"pl_PL\" \/>\n<meta property=\"og:type\" content=\"article\" \/>\n<meta property=\"og:title\" content=\"Kapsu\u0142a czasu - Archiwum Uczelniane i Centrum Historii PB\" \/>\n<meta property=\"og:description\" content=\"&nbsp; Strefa ta nazw\u0119 swoj\u0105 zawdzi\u0119cza obeliskowi Kapsu\u0142a czasu, kt\u00f3ry stoi na placu przed Centrum Nowoczesnego Kszta\u0142cenia.. Autorem obelisku i klucza\" \/>\n<meta property=\"og:url\" content=\"https:\/\/pb.edu.pl\/auich\/centrum-historii\/wystawa-stale\/kapsula-czasu\/\" \/>\n<meta property=\"og:site_name\" content=\"Archiwum Uczelniane i Centrum Historii PB\" \/>\n<meta property=\"article:modified_time\" content=\"2025-07-14T09:21:43+00:00\" \/>\n<meta name=\"twitter:card\" content=\"summary_large_image\" \/>\n<meta name=\"twitter:label1\" content=\"Szacowany czas czytania\" \/>\n\t<meta name=\"twitter:data1\" content=\"3 minuty\" \/>\n<script type=\"application\/ld+json\" class=\"yoast-schema-graph\">{\"@context\":\"https:\/\/schema.org\",\"@graph\":[{\"@type\":\"WebPage\",\"@id\":\"https:\/\/pb.edu.pl\/auich\/centrum-historii\/wystawa-stale\/kapsula-czasu\/\",\"url\":\"https:\/\/pb.edu.pl\/auich\/centrum-historii\/wystawa-stale\/kapsula-czasu\/\",\"name\":\"Kapsu\u0142a czasu - Archiwum Uczelniane i Centrum Historii PB\",\"isPartOf\":{\"@id\":\"https:\/\/pb.edu.pl\/auich\/#website\"},\"datePublished\":\"2021-11-20T19:48:34+00:00\",\"dateModified\":\"2025-07-14T09:21:43+00:00\",\"description\":\"&nbsp; Strefa ta nazw\u0119 swoj\u0105 zawdzi\u0119cza obeliskowi Kapsu\u0142a czasu, kt\u00f3ry stoi na placu przed Centrum Nowoczesnego Kszta\u0142cenia.. Autorem obelisku i klucza\",\"breadcrumb\":{\"@id\":\"https:\/\/pb.edu.pl\/auich\/centrum-historii\/wystawa-stale\/kapsula-czasu\/#breadcrumb\"},\"inLanguage\":\"pl-PL\",\"potentialAction\":[{\"@type\":\"ReadAction\",\"target\":[\"https:\/\/pb.edu.pl\/auich\/centrum-historii\/wystawa-stale\/kapsula-czasu\/\"]}]},{\"@type\":\"BreadcrumbList\",\"@id\":\"https:\/\/pb.edu.pl\/auich\/centrum-historii\/wystawa-stale\/kapsula-czasu\/#breadcrumb\",\"itemListElement\":[{\"@type\":\"ListItem\",\"position\":1,\"name\":\"Strona g\u0142\u00f3wna\",\"item\":\"https:\/\/pb.edu.pl\/auich\/\"},{\"@type\":\"ListItem\",\"position\":2,\"name\":\"Centrum Historii\",\"item\":\"https:\/\/pb.edu.pl\/auich\/centrum-historii\/\"},{\"@type\":\"ListItem\",\"position\":3,\"name\":\"Wystawa sta\u0142a \u201eHistoria, wiedza, potencja\u0142\u201d\",\"item\":\"https:\/\/pb.edu.pl\/auich\/centrum-historii\/wystawa-stale\/\"},{\"@type\":\"ListItem\",\"position\":4,\"name\":\"Kapsu\u0142a czasu\"}]},{\"@type\":\"WebSite\",\"@id\":\"https:\/\/pb.edu.pl\/auich\/#website\",\"url\":\"https:\/\/pb.edu.pl\/auich\/\",\"name\":\"Archiwum Uczelniane i Centrum Historii PB\",\"description\":\"\",\"potentialAction\":[{\"@type\":\"SearchAction\",\"target\":{\"@type\":\"EntryPoint\",\"urlTemplate\":\"https:\/\/pb.edu.pl\/auich\/?s={search_term_string}\"},\"query-input\":{\"@type\":\"PropertyValueSpecification\",\"valueRequired\":true,\"valueName\":\"search_term_string\"}}],\"inLanguage\":\"pl-PL\"}]}<\/script>\n<!-- \/ Yoast SEO plugin. -->","yoast_head_json":{"title":"Kapsu\u0142a czasu - Archiwum Uczelniane i Centrum Historii PB","description":"&nbsp; Strefa ta nazw\u0119 swoj\u0105 zawdzi\u0119cza obeliskowi Kapsu\u0142a czasu, kt\u00f3ry stoi na placu przed Centrum Nowoczesnego Kszta\u0142cenia.. Autorem obelisku i klucza","robots":{"index":"index","follow":"follow","max-snippet":"max-snippet:-1","max-image-preview":"max-image-preview:large","max-video-preview":"max-video-preview:-1"},"canonical":"https:\/\/pb.edu.pl\/auich\/centrum-historii\/wystawa-stale\/kapsula-czasu\/","og_locale":"pl_PL","og_type":"article","og_title":"Kapsu\u0142a czasu - Archiwum Uczelniane i Centrum Historii PB","og_description":"&nbsp; Strefa ta nazw\u0119 swoj\u0105 zawdzi\u0119cza obeliskowi Kapsu\u0142a czasu, kt\u00f3ry stoi na placu przed Centrum Nowoczesnego Kszta\u0142cenia.. Autorem obelisku i klucza","og_url":"https:\/\/pb.edu.pl\/auich\/centrum-historii\/wystawa-stale\/kapsula-czasu\/","og_site_name":"Archiwum Uczelniane i Centrum Historii PB","article_modified_time":"2025-07-14T09:21:43+00:00","twitter_card":"summary_large_image","twitter_misc":{"Szacowany czas czytania":"3 minuty"},"schema":{"@context":"https:\/\/schema.org","@graph":[{"@type":"WebPage","@id":"https:\/\/pb.edu.pl\/auich\/centrum-historii\/wystawa-stale\/kapsula-czasu\/","url":"https:\/\/pb.edu.pl\/auich\/centrum-historii\/wystawa-stale\/kapsula-czasu\/","name":"Kapsu\u0142a czasu - Archiwum Uczelniane i Centrum Historii PB","isPartOf":{"@id":"https:\/\/pb.edu.pl\/auich\/#website"},"datePublished":"2021-11-20T19:48:34+00:00","dateModified":"2025-07-14T09:21:43+00:00","description":"&nbsp; Strefa ta nazw\u0119 swoj\u0105 zawdzi\u0119cza obeliskowi Kapsu\u0142a czasu, kt\u00f3ry stoi na placu przed Centrum Nowoczesnego Kszta\u0142cenia.. Autorem obelisku i klucza","breadcrumb":{"@id":"https:\/\/pb.edu.pl\/auich\/centrum-historii\/wystawa-stale\/kapsula-czasu\/#breadcrumb"},"inLanguage":"pl-PL","potentialAction":[{"@type":"ReadAction","target":["https:\/\/pb.edu.pl\/auich\/centrum-historii\/wystawa-stale\/kapsula-czasu\/"]}]},{"@type":"BreadcrumbList","@id":"https:\/\/pb.edu.pl\/auich\/centrum-historii\/wystawa-stale\/kapsula-czasu\/#breadcrumb","itemListElement":[{"@type":"ListItem","position":1,"name":"Strona g\u0142\u00f3wna","item":"https:\/\/pb.edu.pl\/auich\/"},{"@type":"ListItem","position":2,"name":"Centrum Historii","item":"https:\/\/pb.edu.pl\/auich\/centrum-historii\/"},{"@type":"ListItem","position":3,"name":"Wystawa sta\u0142a \u201eHistoria, wiedza, potencja\u0142\u201d","item":"https:\/\/pb.edu.pl\/auich\/centrum-historii\/wystawa-stale\/"},{"@type":"ListItem","position":4,"name":"Kapsu\u0142a czasu"}]},{"@type":"WebSite","@id":"https:\/\/pb.edu.pl\/auich\/#website","url":"https:\/\/pb.edu.pl\/auich\/","name":"Archiwum Uczelniane i Centrum Historii PB","description":"","potentialAction":[{"@type":"SearchAction","target":{"@type":"EntryPoint","urlTemplate":"https:\/\/pb.edu.pl\/auich\/?s={search_term_string}"},"query-input":{"@type":"PropertyValueSpecification","valueRequired":true,"valueName":"search_term_string"}}],"inLanguage":"pl-PL"}]}},"_links":{"self":[{"href":"https:\/\/pb.edu.pl\/auich\/wp-json\/wp\/v2\/pages\/451","targetHints":{"allow":["GET"]}}],"collection":[{"href":"https:\/\/pb.edu.pl\/auich\/wp-json\/wp\/v2\/pages"}],"about":[{"href":"https:\/\/pb.edu.pl\/auich\/wp-json\/wp\/v2\/types\/page"}],"author":[{"embeddable":true,"href":"https:\/\/pb.edu.pl\/auich\/wp-json\/wp\/v2\/users\/2"}],"replies":[{"embeddable":true,"href":"https:\/\/pb.edu.pl\/auich\/wp-json\/wp\/v2\/comments?post=451"}],"version-history":[{"count":0,"href":"https:\/\/pb.edu.pl\/auich\/wp-json\/wp\/v2\/pages\/451\/revisions"}],"up":[{"embeddable":true,"href":"https:\/\/pb.edu.pl\/auich\/wp-json\/wp\/v2\/pages\/94"}],"wp:attachment":[{"href":"https:\/\/pb.edu.pl\/auich\/wp-json\/wp\/v2\/media?parent=451"}],"curies":[{"name":"wp","href":"https:\/\/api.w.org\/{rel}","templated":true}]}}