{"id":45,"date":"2021-03-03T23:46:11","date_gmt":"2021-03-03T22:46:11","guid":{"rendered":"https:\/\/pb.edu.pl\/auich\/?page_id=45"},"modified":"2023-02-09T08:34:04","modified_gmt":"2023-02-09T07:34:04","slug":"udostepnianie-prac-dyplomowych","status":"publish","type":"page","link":"https:\/\/pb.edu.pl\/auich\/aktualnosci\/archiwum-uczelniane\/udostepnianie-prac-dyplomowych\/","title":{"rendered":"Udost\u0119pnianie prac dyplomowych"},"content":{"rendered":"<div>Zasady udost\u0119pniania prac dyplomowych<\/div>\n<p>Archiwum PB jest miejscem docelowym przechowywania i udost\u0119pniania prac dyplomowych w formie tradycyjnej. Przed wype\u0142nieniem wniosku o udost\u0119pnienie pracy dyplomowej zalecany jest kontakt mailowy z pracownikiem Archiwum w celu upewnienia si\u0119, \u017ce realizacja zam\u00f3wienia b\u0119dzie mo\u017cliwa.<\/p>\n<p style=\"text-align: center\"><strong>Prace dyplomowe z ostatnich dw\u00f3ch lat nie s\u0105 dost\u0119pne.<\/strong><\/p>\n<p>Zgodnie z INSTRUKCJ\u0104 DOTYCZ\u0104C\u0104 ORGANIZACJI I ZAKRESU DZIA\u0141ANIA ARCHIWUM UCZELNIANEGO POLITECHNIKI BIA\u0141OSTOCKIEJ &#8222;Jednostki organizacyjne Uczelni przechowuj\u0105 akta po zako\u0144czeniu sprawy przez okres dw\u00f3ch lat, a po tym terminie przekazuj\u0105 je do Archiwum Uczelnianego&#8221;.<\/p>\n<div class=\"h2\">Baza prac dyplomowych<\/div>\n<p><a title=\"otworzy si\u0119 w nowej karcie\" href=\"http:\/\/katalog.pb.edu.pl\/F\/?func=find-b-0&amp;local_base=bpb04\" target=\"_blank\" rel=\"noopener\">Baza prac dyplomowych student\u00f3w Politechniki Bia\u0142ostockiej<\/a><\/p>\n<div class=\"h2\">Wniosek o udost\u0119pnienie pracy<\/div>\n<p><a class=\"pdf\" title=\"otworzy si\u0119 w nowej karcie\" href=\"https:\/\/pb.edu.pl\/auich\/wp-content\/uploads\/sites\/63\/2021\/03\/Wniosek-o-udostepnienie-prac-dyplomowych.pdf\" target=\"_blank\" rel=\"noopener\" data-id=\"189\">Wniosek o udost\u0119pnienie prac dyplomowych studentom (PDF, wersja dost\u0119pna cyfrowo, 101 KB)<\/a><\/p>\n<p><a class=\"docx\" title=\"pobierz plik\" href=\"https:\/\/pb.edu.pl\/auich\/wp-content\/uploads\/sites\/63\/2021\/03\/Wniosek-o-udostepnienie-prac-dyplomowych.docx\" data-id=\"191\">Wniosek o udost\u0119pnienie prac dyplomowych (DOCX, 13 KB)<\/a><\/p>\n<p><a class=\"pdf\" title=\"otworzy si\u0119 w nowej karcie\" href=\"https:\/\/pb.edu.pl\/auich\/wp-content\/uploads\/sites\/63\/2021\/03\/Wniosek-do-rektora-o-udostepnienie-dokumentacji-osobom-spoza-Uczelni.pdf\" target=\"_blank\" rel=\"noopener\" data-id=\"195\">Wniosek do rektora o udost\u0119pnienie dokumentacji osobom spoza Uczelni (PDF, wersja dost\u0119pna cyfrowo, 112 KB)<\/a><\/p>\n<p><a class=\"docx\" title=\"pobierz plik\" href=\"https:\/\/pb.edu.pl\/auich\/wp-content\/uploads\/sites\/63\/2021\/03\/Wniosek-do-rektora-o-udostepnienie-dokumentacji-osobom-spoza-Uczelni.docx\" data-id=\"194\">Wniosek do rektora o udost\u0119pnienie dokumentacji osobom spoza Uczelni (DOCX, 13 KB)<\/a><\/p>\n","protected":false},"excerpt":{"rendered":"<p>Zasady udost\u0119pniania prac dyplomowych Archiwum PB jest miejscem docelowym przechowywania i udost\u0119pniania prac dyplomowych w<\/p>\n","protected":false},"author":2,"featured_media":0,"parent":37,"menu_order":2,"comment_status":"closed","ping_status":"closed","template":"","meta":{"_acf_changed":false,"ngg_post_thumbnail":0,"footnotes":""},"class_list":["post-45","page","type-page","status-publish","hentry"],"acf":[],"yoast_head":"<!-- This site is optimized with the Yoast SEO plugin v27.0 - https:\/\/yoast.com\/product\/yoast-seo-wordpress\/ -->\n<title>Udost\u0119pnianie prac dyplomowych - Archiwum Uczelniane i Centrum Historii PB<\/title>\n<meta name=\"description\" content=\"Zasady udost\u0119pniania prac dyplomowych Archiwum PB jest miejscem docelowym przechowywania i udost\u0119pniania prac dyplomowych w formie tradycyjnej. Przed\" \/>\n<meta name=\"robots\" content=\"index, follow, max-snippet:-1, max-image-preview:large, max-video-preview:-1\" \/>\n<link rel=\"canonical\" href=\"https:\/\/pb.edu.pl\/auich\/aktualnosci\/archiwum-uczelniane\/udostepnianie-prac-dyplomowych\/\" \/>\n<meta property=\"og:locale\" content=\"pl_PL\" \/>\n<meta property=\"og:type\" content=\"article\" \/>\n<meta property=\"og:title\" content=\"Udost\u0119pnianie prac dyplomowych - Archiwum Uczelniane i Centrum Historii PB\" \/>\n<meta property=\"og:description\" content=\"Zasady udost\u0119pniania prac dyplomowych Archiwum PB jest miejscem docelowym przechowywania i udost\u0119pniania prac dyplomowych w formie tradycyjnej. Przed\" \/>\n<meta property=\"og:url\" content=\"https:\/\/pb.edu.pl\/auich\/aktualnosci\/archiwum-uczelniane\/udostepnianie-prac-dyplomowych\/\" \/>\n<meta property=\"og:site_name\" content=\"Archiwum Uczelniane i Centrum Historii PB\" \/>\n<meta property=\"article:modified_time\" content=\"2023-02-09T07:34:04+00:00\" \/>\n<meta name=\"twitter:card\" content=\"summary_large_image\" \/>\n<meta name=\"twitter:label1\" content=\"Szacowany czas czytania\" \/>\n\t<meta name=\"twitter:data1\" content=\"1 minuta\" \/>\n<script type=\"application\/ld+json\" class=\"yoast-schema-graph\">{\"@context\":\"https:\/\/schema.org\",\"@graph\":[{\"@type\":\"WebPage\",\"@id\":\"https:\/\/pb.edu.pl\/auich\/aktualnosci\/archiwum-uczelniane\/udostepnianie-prac-dyplomowych\/\",\"url\":\"https:\/\/pb.edu.pl\/auich\/aktualnosci\/archiwum-uczelniane\/udostepnianie-prac-dyplomowych\/\",\"name\":\"Udost\u0119pnianie prac dyplomowych - Archiwum Uczelniane i Centrum Historii PB\",\"isPartOf\":{\"@id\":\"https:\/\/pb.edu.pl\/auich\/#website\"},\"datePublished\":\"2021-03-03T22:46:11+00:00\",\"dateModified\":\"2023-02-09T07:34:04+00:00\",\"description\":\"Zasady udost\u0119pniania prac dyplomowych Archiwum PB jest miejscem docelowym przechowywania i udost\u0119pniania prac dyplomowych w formie tradycyjnej. Przed\",\"breadcrumb\":{\"@id\":\"https:\/\/pb.edu.pl\/auich\/aktualnosci\/archiwum-uczelniane\/udostepnianie-prac-dyplomowych\/#breadcrumb\"},\"inLanguage\":\"pl-PL\",\"potentialAction\":[{\"@type\":\"ReadAction\",\"target\":[\"https:\/\/pb.edu.pl\/auich\/aktualnosci\/archiwum-uczelniane\/udostepnianie-prac-dyplomowych\/\"]}]},{\"@type\":\"BreadcrumbList\",\"@id\":\"https:\/\/pb.edu.pl\/auich\/aktualnosci\/archiwum-uczelniane\/udostepnianie-prac-dyplomowych\/#breadcrumb\",\"itemListElement\":[{\"@type\":\"ListItem\",\"position\":1,\"name\":\"Strona g\u0142\u00f3wna\",\"item\":\"https:\/\/pb.edu.pl\/auich\/\"},{\"@type\":\"ListItem\",\"position\":2,\"name\":\"Aktualno\u015bci\",\"item\":\"https:\/\/pb.edu.pl\/auich\/aktualnosci\/\"},{\"@type\":\"ListItem\",\"position\":3,\"name\":\"Archiwum Uczelniane\",\"item\":\"https:\/\/pb.edu.pl\/auich\/aktualnosci\/archiwum-uczelniane\/\"},{\"@type\":\"ListItem\",\"position\":4,\"name\":\"Udost\u0119pnianie prac dyplomowych\"}]},{\"@type\":\"WebSite\",\"@id\":\"https:\/\/pb.edu.pl\/auich\/#website\",\"url\":\"https:\/\/pb.edu.pl\/auich\/\",\"name\":\"Archiwum Uczelniane i Centrum Historii PB\",\"description\":\"\",\"potentialAction\":[{\"@type\":\"SearchAction\",\"target\":{\"@type\":\"EntryPoint\",\"urlTemplate\":\"https:\/\/pb.edu.pl\/auich\/?s={search_term_string}\"},\"query-input\":{\"@type\":\"PropertyValueSpecification\",\"valueRequired\":true,\"valueName\":\"search_term_string\"}}],\"inLanguage\":\"pl-PL\"}]}<\/script>\n<!-- \/ Yoast SEO plugin. -->","yoast_head_json":{"title":"Udost\u0119pnianie prac dyplomowych - Archiwum Uczelniane i Centrum Historii PB","description":"Zasady udost\u0119pniania prac dyplomowych Archiwum PB jest miejscem docelowym przechowywania i udost\u0119pniania prac dyplomowych w formie tradycyjnej. Przed","robots":{"index":"index","follow":"follow","max-snippet":"max-snippet:-1","max-image-preview":"max-image-preview:large","max-video-preview":"max-video-preview:-1"},"canonical":"https:\/\/pb.edu.pl\/auich\/aktualnosci\/archiwum-uczelniane\/udostepnianie-prac-dyplomowych\/","og_locale":"pl_PL","og_type":"article","og_title":"Udost\u0119pnianie prac dyplomowych - Archiwum Uczelniane i Centrum Historii PB","og_description":"Zasady udost\u0119pniania prac dyplomowych Archiwum PB jest miejscem docelowym przechowywania i udost\u0119pniania prac dyplomowych w formie tradycyjnej. Przed","og_url":"https:\/\/pb.edu.pl\/auich\/aktualnosci\/archiwum-uczelniane\/udostepnianie-prac-dyplomowych\/","og_site_name":"Archiwum Uczelniane i Centrum Historii PB","article_modified_time":"2023-02-09T07:34:04+00:00","twitter_card":"summary_large_image","twitter_misc":{"Szacowany czas czytania":"1 minuta"},"schema":{"@context":"https:\/\/schema.org","@graph":[{"@type":"WebPage","@id":"https:\/\/pb.edu.pl\/auich\/aktualnosci\/archiwum-uczelniane\/udostepnianie-prac-dyplomowych\/","url":"https:\/\/pb.edu.pl\/auich\/aktualnosci\/archiwum-uczelniane\/udostepnianie-prac-dyplomowych\/","name":"Udost\u0119pnianie prac dyplomowych - Archiwum Uczelniane i Centrum Historii PB","isPartOf":{"@id":"https:\/\/pb.edu.pl\/auich\/#website"},"datePublished":"2021-03-03T22:46:11+00:00","dateModified":"2023-02-09T07:34:04+00:00","description":"Zasady udost\u0119pniania prac dyplomowych Archiwum PB jest miejscem docelowym przechowywania i udost\u0119pniania prac dyplomowych w formie tradycyjnej. Przed","breadcrumb":{"@id":"https:\/\/pb.edu.pl\/auich\/aktualnosci\/archiwum-uczelniane\/udostepnianie-prac-dyplomowych\/#breadcrumb"},"inLanguage":"pl-PL","potentialAction":[{"@type":"ReadAction","target":["https:\/\/pb.edu.pl\/auich\/aktualnosci\/archiwum-uczelniane\/udostepnianie-prac-dyplomowych\/"]}]},{"@type":"BreadcrumbList","@id":"https:\/\/pb.edu.pl\/auich\/aktualnosci\/archiwum-uczelniane\/udostepnianie-prac-dyplomowych\/#breadcrumb","itemListElement":[{"@type":"ListItem","position":1,"name":"Strona g\u0142\u00f3wna","item":"https:\/\/pb.edu.pl\/auich\/"},{"@type":"ListItem","position":2,"name":"Aktualno\u015bci","item":"https:\/\/pb.edu.pl\/auich\/aktualnosci\/"},{"@type":"ListItem","position":3,"name":"Archiwum Uczelniane","item":"https:\/\/pb.edu.pl\/auich\/aktualnosci\/archiwum-uczelniane\/"},{"@type":"ListItem","position":4,"name":"Udost\u0119pnianie prac dyplomowych"}]},{"@type":"WebSite","@id":"https:\/\/pb.edu.pl\/auich\/#website","url":"https:\/\/pb.edu.pl\/auich\/","name":"Archiwum Uczelniane i Centrum Historii PB","description":"","potentialAction":[{"@type":"SearchAction","target":{"@type":"EntryPoint","urlTemplate":"https:\/\/pb.edu.pl\/auich\/?s={search_term_string}"},"query-input":{"@type":"PropertyValueSpecification","valueRequired":true,"valueName":"search_term_string"}}],"inLanguage":"pl-PL"}]}},"_links":{"self":[{"href":"https:\/\/pb.edu.pl\/auich\/wp-json\/wp\/v2\/pages\/45","targetHints":{"allow":["GET"]}}],"collection":[{"href":"https:\/\/pb.edu.pl\/auich\/wp-json\/wp\/v2\/pages"}],"about":[{"href":"https:\/\/pb.edu.pl\/auich\/wp-json\/wp\/v2\/types\/page"}],"author":[{"embeddable":true,"href":"https:\/\/pb.edu.pl\/auich\/wp-json\/wp\/v2\/users\/2"}],"replies":[{"embeddable":true,"href":"https:\/\/pb.edu.pl\/auich\/wp-json\/wp\/v2\/comments?post=45"}],"version-history":[{"count":0,"href":"https:\/\/pb.edu.pl\/auich\/wp-json\/wp\/v2\/pages\/45\/revisions"}],"up":[{"embeddable":true,"href":"https:\/\/pb.edu.pl\/auich\/wp-json\/wp\/v2\/pages\/37"}],"wp:attachment":[{"href":"https:\/\/pb.edu.pl\/auich\/wp-json\/wp\/v2\/media?parent=45"}],"curies":[{"name":"wp","href":"https:\/\/api.w.org\/{rel}","templated":true}]}}