{"id":448,"date":"2021-11-20T20:47:28","date_gmt":"2021-11-20T19:47:28","guid":{"rendered":"https:\/\/pb.edu.pl\/auich\/?page_id=448"},"modified":"2022-02-04T14:53:20","modified_gmt":"2022-02-04T13:53:20","slug":"ludzie-politechniki","status":"publish","type":"page","link":"https:\/\/pb.edu.pl\/auich\/centrum-historii\/wystawa-stale\/ludzie-politechniki\/","title":{"rendered":"Ludzie Politechniki"},"content":{"rendered":"<p><img decoding=\"async\" class=\"ngg-singlepic ngg-center\" src=\"https:\/\/pb.edu.pl\/auich\/wp-content\/uploads\/sites\/63\/nggallery\/ludzie-politechniki\/258872630_547362073286344_3119734363634307247_n.jpg\" alt=\"Strefa 5 Ludzie Politechniki\"><\/p>\n<p>&nbsp;<\/p>\n<p>Ekspozycja po\u015bwi\u0119cona ludziom tworz\u0105cych spo\u0142eczno\u015b\u0107 akademick\u0105. W tej strefie zobaczy\u0107 mo\u017cna kola\u017c z fotografii przedstawiaj\u0105cych student\u00f3w r\u00f3\u017cnych lat (immatrykulacja student\u00f3w 1956\/57, studenci podczas nauki &#8211; lata 50. XX wieku, konstruktor\u00f3w bolidu CMS-03 &#8211; 2016 r. czy strajki w latach 80. XX wieku).&nbsp; Tu zobaczymy tak\u017ce, jak zmienia\u0142a si\u0119 dokumentacja studencka na przestrzeni lat, jak wygl\u0105daj\u0105 dyplomy doktorskie i habilitacyjny oraz obejrzymy kolekcj\u0119 suwak\u00f3w logarytmicznych.<\/p>\n","protected":false},"excerpt":{"rendered":"<p>&nbsp; Ekspozycja po\u015bwi\u0119cona ludziom tworz\u0105cych spo\u0142eczno\u015b\u0107 akademick\u0105. W tej strefie zobaczy\u0107 mo\u017cna kola\u017c z fotografii<\/p>\n","protected":false},"author":2,"featured_media":0,"parent":94,"menu_order":5,"comment_status":"closed","ping_status":"closed","template":"","meta":{"_acf_changed":false,"ngg_post_thumbnail":0,"footnotes":""},"class_list":["post-448","page","type-page","status-publish","hentry"],"acf":[],"yoast_head":"<!-- This site is optimized with the Yoast SEO plugin v27.0 - https:\/\/yoast.com\/product\/yoast-seo-wordpress\/ -->\n<title>Ludzie Politechniki - Archiwum Uczelniane i Centrum Historii PB<\/title>\n<meta name=\"description\" content=\"&nbsp; Ekspozycja po\u015bwi\u0119cona ludziom tworz\u0105cych spo\u0142eczno\u015b\u0107 akademick\u0105. W tej strefie zobaczy\u0107 mo\u017cna kola\u017c z fotografii przedstawiaj\u0105cych student\u00f3w\" \/>\n<meta name=\"robots\" content=\"index, follow, max-snippet:-1, max-image-preview:large, max-video-preview:-1\" \/>\n<link rel=\"canonical\" href=\"https:\/\/pb.edu.pl\/auich\/centrum-historii\/wystawa-stale\/ludzie-politechniki\/\" \/>\n<meta property=\"og:locale\" content=\"pl_PL\" \/>\n<meta property=\"og:type\" content=\"article\" \/>\n<meta property=\"og:title\" content=\"Ludzie Politechniki - Archiwum Uczelniane i Centrum Historii PB\" \/>\n<meta property=\"og:description\" content=\"&nbsp; Ekspozycja po\u015bwi\u0119cona ludziom tworz\u0105cych spo\u0142eczno\u015b\u0107 akademick\u0105. W tej strefie zobaczy\u0107 mo\u017cna kola\u017c z fotografii przedstawiaj\u0105cych student\u00f3w\" \/>\n<meta property=\"og:url\" content=\"https:\/\/pb.edu.pl\/auich\/centrum-historii\/wystawa-stale\/ludzie-politechniki\/\" \/>\n<meta property=\"og:site_name\" content=\"Archiwum Uczelniane i Centrum Historii PB\" \/>\n<meta property=\"article:modified_time\" content=\"2022-02-04T13:53:20+00:00\" \/>\n<meta property=\"og:image\" content=\"https:\/\/pb.edu.pl\/auich\/wp-content\/uploads\/sites\/63\/nggallery\/ludzie-politechniki\/258872630_547362073286344_3119734363634307247_n.jpg\" \/>\n<meta name=\"twitter:card\" content=\"summary_large_image\" \/>\n<script type=\"application\/ld+json\" class=\"yoast-schema-graph\">{\"@context\":\"https:\/\/schema.org\",\"@graph\":[{\"@type\":\"WebPage\",\"@id\":\"https:\/\/pb.edu.pl\/auich\/centrum-historii\/wystawa-stale\/ludzie-politechniki\/\",\"url\":\"https:\/\/pb.edu.pl\/auich\/centrum-historii\/wystawa-stale\/ludzie-politechniki\/\",\"name\":\"Ludzie Politechniki - Archiwum Uczelniane i Centrum Historii PB\",\"isPartOf\":{\"@id\":\"https:\/\/pb.edu.pl\/auich\/#website\"},\"primaryImageOfPage\":{\"@id\":\"https:\/\/pb.edu.pl\/auich\/centrum-historii\/wystawa-stale\/ludzie-politechniki\/#primaryimage\"},\"image\":{\"@id\":\"https:\/\/pb.edu.pl\/auich\/centrum-historii\/wystawa-stale\/ludzie-politechniki\/#primaryimage\"},\"thumbnailUrl\":\"https:\/\/pb.edu.pl\/auich\/wp-content\/uploads\/sites\/63\/nggallery\/ludzie-politechniki\/258872630_547362073286344_3119734363634307247_n.jpg\",\"datePublished\":\"2021-11-20T19:47:28+00:00\",\"dateModified\":\"2022-02-04T13:53:20+00:00\",\"description\":\"&nbsp; Ekspozycja po\u015bwi\u0119cona ludziom tworz\u0105cych spo\u0142eczno\u015b\u0107 akademick\u0105. W tej strefie zobaczy\u0107 mo\u017cna kola\u017c z fotografii przedstawiaj\u0105cych student\u00f3w\",\"breadcrumb\":{\"@id\":\"https:\/\/pb.edu.pl\/auich\/centrum-historii\/wystawa-stale\/ludzie-politechniki\/#breadcrumb\"},\"inLanguage\":\"pl-PL\",\"potentialAction\":[{\"@type\":\"ReadAction\",\"target\":[\"https:\/\/pb.edu.pl\/auich\/centrum-historii\/wystawa-stale\/ludzie-politechniki\/\"]}]},{\"@type\":\"ImageObject\",\"inLanguage\":\"pl-PL\",\"@id\":\"https:\/\/pb.edu.pl\/auich\/centrum-historii\/wystawa-stale\/ludzie-politechniki\/#primaryimage\",\"url\":\"https:\/\/pb.edu.pl\/auich\/wp-content\/uploads\/sites\/63\/nggallery\/ludzie-politechniki\/258872630_547362073286344_3119734363634307247_n.jpg\",\"contentUrl\":\"https:\/\/pb.edu.pl\/auich\/wp-content\/uploads\/sites\/63\/nggallery\/ludzie-politechniki\/258872630_547362073286344_3119734363634307247_n.jpg\"},{\"@type\":\"BreadcrumbList\",\"@id\":\"https:\/\/pb.edu.pl\/auich\/centrum-historii\/wystawa-stale\/ludzie-politechniki\/#breadcrumb\",\"itemListElement\":[{\"@type\":\"ListItem\",\"position\":1,\"name\":\"Strona g\u0142\u00f3wna\",\"item\":\"https:\/\/pb.edu.pl\/auich\/\"},{\"@type\":\"ListItem\",\"position\":2,\"name\":\"Centrum Historii\",\"item\":\"https:\/\/pb.edu.pl\/auich\/centrum-historii\/\"},{\"@type\":\"ListItem\",\"position\":3,\"name\":\"Wystawa sta\u0142a \u201eHistoria, wiedza, potencja\u0142\u201d\",\"item\":\"https:\/\/pb.edu.pl\/auich\/centrum-historii\/wystawa-stale\/\"},{\"@type\":\"ListItem\",\"position\":4,\"name\":\"Ludzie Politechniki\"}]},{\"@type\":\"WebSite\",\"@id\":\"https:\/\/pb.edu.pl\/auich\/#website\",\"url\":\"https:\/\/pb.edu.pl\/auich\/\",\"name\":\"Archiwum Uczelniane i Centrum Historii PB\",\"description\":\"\",\"potentialAction\":[{\"@type\":\"SearchAction\",\"target\":{\"@type\":\"EntryPoint\",\"urlTemplate\":\"https:\/\/pb.edu.pl\/auich\/?s={search_term_string}\"},\"query-input\":{\"@type\":\"PropertyValueSpecification\",\"valueRequired\":true,\"valueName\":\"search_term_string\"}}],\"inLanguage\":\"pl-PL\"}]}<\/script>\n<!-- \/ Yoast SEO plugin. -->","yoast_head_json":{"title":"Ludzie Politechniki - Archiwum Uczelniane i Centrum Historii PB","description":"&nbsp; Ekspozycja po\u015bwi\u0119cona ludziom tworz\u0105cych spo\u0142eczno\u015b\u0107 akademick\u0105. W tej strefie zobaczy\u0107 mo\u017cna kola\u017c z fotografii przedstawiaj\u0105cych student\u00f3w","robots":{"index":"index","follow":"follow","max-snippet":"max-snippet:-1","max-image-preview":"max-image-preview:large","max-video-preview":"max-video-preview:-1"},"canonical":"https:\/\/pb.edu.pl\/auich\/centrum-historii\/wystawa-stale\/ludzie-politechniki\/","og_locale":"pl_PL","og_type":"article","og_title":"Ludzie Politechniki - Archiwum Uczelniane i Centrum Historii PB","og_description":"&nbsp; Ekspozycja po\u015bwi\u0119cona ludziom tworz\u0105cych spo\u0142eczno\u015b\u0107 akademick\u0105. W tej strefie zobaczy\u0107 mo\u017cna kola\u017c z fotografii przedstawiaj\u0105cych student\u00f3w","og_url":"https:\/\/pb.edu.pl\/auich\/centrum-historii\/wystawa-stale\/ludzie-politechniki\/","og_site_name":"Archiwum Uczelniane i Centrum Historii PB","article_modified_time":"2022-02-04T13:53:20+00:00","og_image":[{"url":"https:\/\/pb.edu.pl\/auich\/wp-content\/uploads\/sites\/63\/nggallery\/ludzie-politechniki\/258872630_547362073286344_3119734363634307247_n.jpg","type":"","width":"","height":""}],"twitter_card":"summary_large_image","schema":{"@context":"https:\/\/schema.org","@graph":[{"@type":"WebPage","@id":"https:\/\/pb.edu.pl\/auich\/centrum-historii\/wystawa-stale\/ludzie-politechniki\/","url":"https:\/\/pb.edu.pl\/auich\/centrum-historii\/wystawa-stale\/ludzie-politechniki\/","name":"Ludzie Politechniki - Archiwum Uczelniane i Centrum Historii PB","isPartOf":{"@id":"https:\/\/pb.edu.pl\/auich\/#website"},"primaryImageOfPage":{"@id":"https:\/\/pb.edu.pl\/auich\/centrum-historii\/wystawa-stale\/ludzie-politechniki\/#primaryimage"},"image":{"@id":"https:\/\/pb.edu.pl\/auich\/centrum-historii\/wystawa-stale\/ludzie-politechniki\/#primaryimage"},"thumbnailUrl":"https:\/\/pb.edu.pl\/auich\/wp-content\/uploads\/sites\/63\/nggallery\/ludzie-politechniki\/258872630_547362073286344_3119734363634307247_n.jpg","datePublished":"2021-11-20T19:47:28+00:00","dateModified":"2022-02-04T13:53:20+00:00","description":"&nbsp; Ekspozycja po\u015bwi\u0119cona ludziom tworz\u0105cych spo\u0142eczno\u015b\u0107 akademick\u0105. W tej strefie zobaczy\u0107 mo\u017cna kola\u017c z fotografii przedstawiaj\u0105cych student\u00f3w","breadcrumb":{"@id":"https:\/\/pb.edu.pl\/auich\/centrum-historii\/wystawa-stale\/ludzie-politechniki\/#breadcrumb"},"inLanguage":"pl-PL","potentialAction":[{"@type":"ReadAction","target":["https:\/\/pb.edu.pl\/auich\/centrum-historii\/wystawa-stale\/ludzie-politechniki\/"]}]},{"@type":"ImageObject","inLanguage":"pl-PL","@id":"https:\/\/pb.edu.pl\/auich\/centrum-historii\/wystawa-stale\/ludzie-politechniki\/#primaryimage","url":"https:\/\/pb.edu.pl\/auich\/wp-content\/uploads\/sites\/63\/nggallery\/ludzie-politechniki\/258872630_547362073286344_3119734363634307247_n.jpg","contentUrl":"https:\/\/pb.edu.pl\/auich\/wp-content\/uploads\/sites\/63\/nggallery\/ludzie-politechniki\/258872630_547362073286344_3119734363634307247_n.jpg"},{"@type":"BreadcrumbList","@id":"https:\/\/pb.edu.pl\/auich\/centrum-historii\/wystawa-stale\/ludzie-politechniki\/#breadcrumb","itemListElement":[{"@type":"ListItem","position":1,"name":"Strona g\u0142\u00f3wna","item":"https:\/\/pb.edu.pl\/auich\/"},{"@type":"ListItem","position":2,"name":"Centrum Historii","item":"https:\/\/pb.edu.pl\/auich\/centrum-historii\/"},{"@type":"ListItem","position":3,"name":"Wystawa sta\u0142a \u201eHistoria, wiedza, potencja\u0142\u201d","item":"https:\/\/pb.edu.pl\/auich\/centrum-historii\/wystawa-stale\/"},{"@type":"ListItem","position":4,"name":"Ludzie Politechniki"}]},{"@type":"WebSite","@id":"https:\/\/pb.edu.pl\/auich\/#website","url":"https:\/\/pb.edu.pl\/auich\/","name":"Archiwum Uczelniane i Centrum Historii PB","description":"","potentialAction":[{"@type":"SearchAction","target":{"@type":"EntryPoint","urlTemplate":"https:\/\/pb.edu.pl\/auich\/?s={search_term_string}"},"query-input":{"@type":"PropertyValueSpecification","valueRequired":true,"valueName":"search_term_string"}}],"inLanguage":"pl-PL"}]}},"_links":{"self":[{"href":"https:\/\/pb.edu.pl\/auich\/wp-json\/wp\/v2\/pages\/448","targetHints":{"allow":["GET"]}}],"collection":[{"href":"https:\/\/pb.edu.pl\/auich\/wp-json\/wp\/v2\/pages"}],"about":[{"href":"https:\/\/pb.edu.pl\/auich\/wp-json\/wp\/v2\/types\/page"}],"author":[{"embeddable":true,"href":"https:\/\/pb.edu.pl\/auich\/wp-json\/wp\/v2\/users\/2"}],"replies":[{"embeddable":true,"href":"https:\/\/pb.edu.pl\/auich\/wp-json\/wp\/v2\/comments?post=448"}],"version-history":[{"count":0,"href":"https:\/\/pb.edu.pl\/auich\/wp-json\/wp\/v2\/pages\/448\/revisions"}],"up":[{"embeddable":true,"href":"https:\/\/pb.edu.pl\/auich\/wp-json\/wp\/v2\/pages\/94"}],"wp:attachment":[{"href":"https:\/\/pb.edu.pl\/auich\/wp-json\/wp\/v2\/media?parent=448"}],"curies":[{"name":"wp","href":"https:\/\/api.w.org\/{rel}","templated":true}]}}