{"id":444,"date":"2021-11-20T20:46:12","date_gmt":"2021-11-20T19:46:12","guid":{"rendered":"https:\/\/pb.edu.pl\/auich\/?page_id=444"},"modified":"2023-09-11T08:35:38","modified_gmt":"2023-09-11T06:35:38","slug":"kampus","status":"publish","type":"page","link":"https:\/\/pb.edu.pl\/auich\/centrum-historii\/wystawa-stale\/kampus\/","title":{"rendered":"Kampus"},"content":{"rendered":"<p><img decoding=\"async\" class=\"ngg-singlepic ngg-center\" src=\"https:\/\/pb.edu.pl\/auich\/wp-content\/uploads\/sites\/63\/nggallery\/kampus\/centrum_historii_03s.jpg\" alt=\"strefa 3 Kampus\"><\/p>\n<p>&nbsp;<\/p>\n<p>W strefie przedstawione zosta\u0142y plany zabudowy kampusu Politechniki Bia\u0142ostockiej. Tylko cz\u0119\u015b\u0107 z nich zosta\u0142a zrealizowana.<\/p>\n<p>Pierwsze budynki miasteczka akademickiego zlokalizowanego w rejonie ulic Wiejskiej, Zwierzynieckiej i \u015awierkowej to Dom Studenta nr 1 (na 600 miejsc), 1975 r. &#8211; budynek mi\u0119dzywydzia\u0142owy, cz\u0119\u015b\u0107 A (obecnie siedziba Rektoratu), 1976 r. &#8211; Dom Studenta nr 2, sto\u0142\u00f3wka studencka (obecnie w jej miejscu znajduje si\u0119 Akademicki Inkubator Przedsi\u0119biorczo\u015bci Politechniki Bia\u0142ostockiej &#8211; poprzednia nazwa: Akademicki Inkubator Przedsi\u0119biorczo\u015bci i Wybranych Nowych Technologii), a tak\u017ce budynek mi\u0119dzywydzia\u0142owy cz\u0119\u015b\u0107 B (obecnie odbywaj\u0105 si\u0119 w nim zaj\u0119cia Wydzia\u0142u Informatyki oraz Akademickiego Liceum Og\u00f3lnokszta\u0142c\u0105cego PB).<\/p>\n<p>&nbsp;<\/p>\n","protected":false},"excerpt":{"rendered":"<p>&nbsp; W strefie przedstawione zosta\u0142y plany zabudowy kampusu Politechniki Bia\u0142ostockiej. Tylko cz\u0119\u015b\u0107 z nich zosta\u0142a<\/p>\n","protected":false},"author":2,"featured_media":0,"parent":94,"menu_order":3,"comment_status":"closed","ping_status":"closed","template":"","meta":{"_acf_changed":false,"ngg_post_thumbnail":0,"footnotes":""},"class_list":["post-444","page","type-page","status-publish","hentry"],"acf":[],"yoast_head":"<!-- This site is optimized with the Yoast SEO plugin v27.0 - https:\/\/yoast.com\/product\/yoast-seo-wordpress\/ -->\n<title>Kampus - Archiwum Uczelniane i Centrum Historii PB<\/title>\n<meta name=\"description\" content=\"&nbsp; W strefie przedstawione zosta\u0142y plany zabudowy kampusu Politechniki Bia\u0142ostockiej. Tylko cz\u0119\u015b\u0107 z nich zosta\u0142a zrealizowana. Pierwsze budynki\" \/>\n<meta name=\"robots\" content=\"index, follow, max-snippet:-1, max-image-preview:large, max-video-preview:-1\" \/>\n<link rel=\"canonical\" href=\"https:\/\/pb.edu.pl\/auich\/centrum-historii\/wystawa-stale\/kampus\/\" \/>\n<meta property=\"og:locale\" content=\"pl_PL\" \/>\n<meta property=\"og:type\" content=\"article\" \/>\n<meta property=\"og:title\" content=\"Kampus - Archiwum Uczelniane i Centrum Historii PB\" \/>\n<meta property=\"og:description\" content=\"&nbsp; W strefie przedstawione zosta\u0142y plany zabudowy kampusu Politechniki Bia\u0142ostockiej. Tylko cz\u0119\u015b\u0107 z nich zosta\u0142a zrealizowana. Pierwsze budynki\" \/>\n<meta property=\"og:url\" content=\"https:\/\/pb.edu.pl\/auich\/centrum-historii\/wystawa-stale\/kampus\/\" \/>\n<meta property=\"og:site_name\" content=\"Archiwum Uczelniane i Centrum Historii PB\" \/>\n<meta property=\"article:modified_time\" content=\"2023-09-11T06:35:38+00:00\" \/>\n<meta property=\"og:image\" content=\"https:\/\/pb.edu.pl\/auich\/wp-content\/uploads\/sites\/63\/nggallery\/kampus\/centrum_historii_03s.jpg\" \/>\n<meta name=\"twitter:card\" content=\"summary_large_image\" \/>\n<meta name=\"twitter:label1\" content=\"Szacowany czas czytania\" \/>\n\t<meta name=\"twitter:data1\" content=\"1 minuta\" \/>\n<script type=\"application\/ld+json\" class=\"yoast-schema-graph\">{\"@context\":\"https:\/\/schema.org\",\"@graph\":[{\"@type\":\"WebPage\",\"@id\":\"https:\/\/pb.edu.pl\/auich\/centrum-historii\/wystawa-stale\/kampus\/\",\"url\":\"https:\/\/pb.edu.pl\/auich\/centrum-historii\/wystawa-stale\/kampus\/\",\"name\":\"Kampus - Archiwum Uczelniane i Centrum Historii PB\",\"isPartOf\":{\"@id\":\"https:\/\/pb.edu.pl\/auich\/#website\"},\"primaryImageOfPage\":{\"@id\":\"https:\/\/pb.edu.pl\/auich\/centrum-historii\/wystawa-stale\/kampus\/#primaryimage\"},\"image\":{\"@id\":\"https:\/\/pb.edu.pl\/auich\/centrum-historii\/wystawa-stale\/kampus\/#primaryimage\"},\"thumbnailUrl\":\"https:\/\/pb.edu.pl\/auich\/wp-content\/uploads\/sites\/63\/nggallery\/kampus\/centrum_historii_03s.jpg\",\"datePublished\":\"2021-11-20T19:46:12+00:00\",\"dateModified\":\"2023-09-11T06:35:38+00:00\",\"description\":\"&nbsp; W strefie przedstawione zosta\u0142y plany zabudowy kampusu Politechniki Bia\u0142ostockiej. Tylko cz\u0119\u015b\u0107 z nich zosta\u0142a zrealizowana. Pierwsze budynki\",\"breadcrumb\":{\"@id\":\"https:\/\/pb.edu.pl\/auich\/centrum-historii\/wystawa-stale\/kampus\/#breadcrumb\"},\"inLanguage\":\"pl-PL\",\"potentialAction\":[{\"@type\":\"ReadAction\",\"target\":[\"https:\/\/pb.edu.pl\/auich\/centrum-historii\/wystawa-stale\/kampus\/\"]}]},{\"@type\":\"ImageObject\",\"inLanguage\":\"pl-PL\",\"@id\":\"https:\/\/pb.edu.pl\/auich\/centrum-historii\/wystawa-stale\/kampus\/#primaryimage\",\"url\":\"https:\/\/pb.edu.pl\/auich\/wp-content\/uploads\/sites\/63\/nggallery\/kampus\/centrum_historii_03s.jpg\",\"contentUrl\":\"https:\/\/pb.edu.pl\/auich\/wp-content\/uploads\/sites\/63\/nggallery\/kampus\/centrum_historii_03s.jpg\"},{\"@type\":\"BreadcrumbList\",\"@id\":\"https:\/\/pb.edu.pl\/auich\/centrum-historii\/wystawa-stale\/kampus\/#breadcrumb\",\"itemListElement\":[{\"@type\":\"ListItem\",\"position\":1,\"name\":\"Strona g\u0142\u00f3wna\",\"item\":\"https:\/\/pb.edu.pl\/auich\/\"},{\"@type\":\"ListItem\",\"position\":2,\"name\":\"Centrum Historii\",\"item\":\"https:\/\/pb.edu.pl\/auich\/centrum-historii\/\"},{\"@type\":\"ListItem\",\"position\":3,\"name\":\"Wystawa sta\u0142a \u201eHistoria, wiedza, potencja\u0142\u201d\",\"item\":\"https:\/\/pb.edu.pl\/auich\/centrum-historii\/wystawa-stale\/\"},{\"@type\":\"ListItem\",\"position\":4,\"name\":\"Kampus\"}]},{\"@type\":\"WebSite\",\"@id\":\"https:\/\/pb.edu.pl\/auich\/#website\",\"url\":\"https:\/\/pb.edu.pl\/auich\/\",\"name\":\"Archiwum Uczelniane i Centrum Historii PB\",\"description\":\"\",\"potentialAction\":[{\"@type\":\"SearchAction\",\"target\":{\"@type\":\"EntryPoint\",\"urlTemplate\":\"https:\/\/pb.edu.pl\/auich\/?s={search_term_string}\"},\"query-input\":{\"@type\":\"PropertyValueSpecification\",\"valueRequired\":true,\"valueName\":\"search_term_string\"}}],\"inLanguage\":\"pl-PL\"}]}<\/script>\n<!-- \/ Yoast SEO plugin. -->","yoast_head_json":{"title":"Kampus - Archiwum Uczelniane i Centrum Historii PB","description":"&nbsp; W strefie przedstawione zosta\u0142y plany zabudowy kampusu Politechniki Bia\u0142ostockiej. Tylko cz\u0119\u015b\u0107 z nich zosta\u0142a zrealizowana. Pierwsze budynki","robots":{"index":"index","follow":"follow","max-snippet":"max-snippet:-1","max-image-preview":"max-image-preview:large","max-video-preview":"max-video-preview:-1"},"canonical":"https:\/\/pb.edu.pl\/auich\/centrum-historii\/wystawa-stale\/kampus\/","og_locale":"pl_PL","og_type":"article","og_title":"Kampus - Archiwum Uczelniane i Centrum Historii PB","og_description":"&nbsp; W strefie przedstawione zosta\u0142y plany zabudowy kampusu Politechniki Bia\u0142ostockiej. Tylko cz\u0119\u015b\u0107 z nich zosta\u0142a zrealizowana. Pierwsze budynki","og_url":"https:\/\/pb.edu.pl\/auich\/centrum-historii\/wystawa-stale\/kampus\/","og_site_name":"Archiwum Uczelniane i Centrum Historii PB","article_modified_time":"2023-09-11T06:35:38+00:00","og_image":[{"url":"https:\/\/pb.edu.pl\/auich\/wp-content\/uploads\/sites\/63\/nggallery\/kampus\/centrum_historii_03s.jpg","type":"","width":"","height":""}],"twitter_card":"summary_large_image","twitter_misc":{"Szacowany czas czytania":"1 minuta"},"schema":{"@context":"https:\/\/schema.org","@graph":[{"@type":"WebPage","@id":"https:\/\/pb.edu.pl\/auich\/centrum-historii\/wystawa-stale\/kampus\/","url":"https:\/\/pb.edu.pl\/auich\/centrum-historii\/wystawa-stale\/kampus\/","name":"Kampus - Archiwum Uczelniane i Centrum Historii PB","isPartOf":{"@id":"https:\/\/pb.edu.pl\/auich\/#website"},"primaryImageOfPage":{"@id":"https:\/\/pb.edu.pl\/auich\/centrum-historii\/wystawa-stale\/kampus\/#primaryimage"},"image":{"@id":"https:\/\/pb.edu.pl\/auich\/centrum-historii\/wystawa-stale\/kampus\/#primaryimage"},"thumbnailUrl":"https:\/\/pb.edu.pl\/auich\/wp-content\/uploads\/sites\/63\/nggallery\/kampus\/centrum_historii_03s.jpg","datePublished":"2021-11-20T19:46:12+00:00","dateModified":"2023-09-11T06:35:38+00:00","description":"&nbsp; W strefie przedstawione zosta\u0142y plany zabudowy kampusu Politechniki Bia\u0142ostockiej. Tylko cz\u0119\u015b\u0107 z nich zosta\u0142a zrealizowana. Pierwsze budynki","breadcrumb":{"@id":"https:\/\/pb.edu.pl\/auich\/centrum-historii\/wystawa-stale\/kampus\/#breadcrumb"},"inLanguage":"pl-PL","potentialAction":[{"@type":"ReadAction","target":["https:\/\/pb.edu.pl\/auich\/centrum-historii\/wystawa-stale\/kampus\/"]}]},{"@type":"ImageObject","inLanguage":"pl-PL","@id":"https:\/\/pb.edu.pl\/auich\/centrum-historii\/wystawa-stale\/kampus\/#primaryimage","url":"https:\/\/pb.edu.pl\/auich\/wp-content\/uploads\/sites\/63\/nggallery\/kampus\/centrum_historii_03s.jpg","contentUrl":"https:\/\/pb.edu.pl\/auich\/wp-content\/uploads\/sites\/63\/nggallery\/kampus\/centrum_historii_03s.jpg"},{"@type":"BreadcrumbList","@id":"https:\/\/pb.edu.pl\/auich\/centrum-historii\/wystawa-stale\/kampus\/#breadcrumb","itemListElement":[{"@type":"ListItem","position":1,"name":"Strona g\u0142\u00f3wna","item":"https:\/\/pb.edu.pl\/auich\/"},{"@type":"ListItem","position":2,"name":"Centrum Historii","item":"https:\/\/pb.edu.pl\/auich\/centrum-historii\/"},{"@type":"ListItem","position":3,"name":"Wystawa sta\u0142a \u201eHistoria, wiedza, potencja\u0142\u201d","item":"https:\/\/pb.edu.pl\/auich\/centrum-historii\/wystawa-stale\/"},{"@type":"ListItem","position":4,"name":"Kampus"}]},{"@type":"WebSite","@id":"https:\/\/pb.edu.pl\/auich\/#website","url":"https:\/\/pb.edu.pl\/auich\/","name":"Archiwum Uczelniane i Centrum Historii PB","description":"","potentialAction":[{"@type":"SearchAction","target":{"@type":"EntryPoint","urlTemplate":"https:\/\/pb.edu.pl\/auich\/?s={search_term_string}"},"query-input":{"@type":"PropertyValueSpecification","valueRequired":true,"valueName":"search_term_string"}}],"inLanguage":"pl-PL"}]}},"_links":{"self":[{"href":"https:\/\/pb.edu.pl\/auich\/wp-json\/wp\/v2\/pages\/444","targetHints":{"allow":["GET"]}}],"collection":[{"href":"https:\/\/pb.edu.pl\/auich\/wp-json\/wp\/v2\/pages"}],"about":[{"href":"https:\/\/pb.edu.pl\/auich\/wp-json\/wp\/v2\/types\/page"}],"author":[{"embeddable":true,"href":"https:\/\/pb.edu.pl\/auich\/wp-json\/wp\/v2\/users\/2"}],"replies":[{"embeddable":true,"href":"https:\/\/pb.edu.pl\/auich\/wp-json\/wp\/v2\/comments?post=444"}],"version-history":[{"count":0,"href":"https:\/\/pb.edu.pl\/auich\/wp-json\/wp\/v2\/pages\/444\/revisions"}],"up":[{"embeddable":true,"href":"https:\/\/pb.edu.pl\/auich\/wp-json\/wp\/v2\/pages\/94"}],"wp:attachment":[{"href":"https:\/\/pb.edu.pl\/auich\/wp-json\/wp\/v2\/media?parent=444"}],"curies":[{"name":"wp","href":"https:\/\/api.w.org\/{rel}","templated":true}]}}