{"id":442,"date":"2021-11-20T20:45:51","date_gmt":"2021-11-20T19:45:51","guid":{"rendered":"https:\/\/pb.edu.pl\/auich\/?page_id=442"},"modified":"2022-02-04T10:23:18","modified_gmt":"2022-02-04T09:23:18","slug":"geneza","status":"publish","type":"page","link":"https:\/\/pb.edu.pl\/auich\/centrum-historii\/wystawa-stale\/geneza\/","title":{"rendered":"Geneza"},"content":{"rendered":"ngg_shortcode_0_placeholder\n<p>Bia\u0142ystok ko\u0144ca lat 40. XX wieku to miasto zrujnowane. Dzia\u0142ania podczas II wojny \u015bwiatowej doprowadzi\u0142y do zniszczenia infrastruktury przemys\u0142owej, mieszkaniowej, a tak\u017ce obiekt\u00f3w u\u017cyteczno\u015bci publicznej. Do odbudowy miasta i regionu potrzebni byli in\u017cynierowie, st\u0105d decyzja o uruchomieniu z dniem 1 grudnia 1949 r. Prywatnej Wieczorowej Szko\u0142y In\u017cynierskiej przy Naczelnej Organizacji Technicznej w Bia\u0142ymstoku. Mimo brak\u00f3w lokalowych, laboratoryjnych i przy ograniczonej liczbie wyk\u0142adowc\u00f3w, ju\u017c w lutym 1950 r. ruszy\u0142y zaj\u0119cia na Wydzia\u0142ach Elektrycznym i Mechanicznym. Wydzia\u0142 Budowlany rozpocz\u0105\u0142 swoj\u0105 dzia\u0142alno\u015b\u0107 1 wrze\u015bnia 1951 r. Studentami, kszta\u0142c\u0105cymi si\u0119 wieczorowo, mogli by\u0107 tylko pracuj\u0105cy, kierowani na studia z zak\u0142ad\u00f3w pracy.<\/p>\n<p>W tej cz\u0119\u015bci ekspozycji zobaczy\u0107 mo\u017cna narz\u0119dzia budowalne oraz podania i \u017cyciorysy kandydat\u00f3w na studia. Natomiast kola\u017c ze zdj\u0119\u0107 przedstawia lokalizacj\u0119 budynk\u00f3w w Bia\u0142ymstoku, z kt\u00f3rych korzysta\u0142a Szko\u0142a, oraz g\u0142o\u015bnik przewodowy tzw. toczk\u0119. Pierwszy obiekt, jaki otrzyma\u0142a uczelnia, mie\u015bci\u0142 si\u0119 przy ulicy Bia\u0142ej (uchwa\u0142a Wojew\u00f3dzkiej Rady Narodowej&nbsp; z dnia 2 XI 1951 r.). Kolejny \u2013 przy ulicy Grunwaldzkiej (przekazany uchwa\u0142\u0105 WRN z dnia 29 VI 1953 r.), na d\u0142ugie lata sta\u0142 si\u0119 g\u0142\u00f3wn\u0105 siedzib\u0105 Uczelni. (Obecny adres: ul. Oskara Sosnowskiego 11, siedziba Wydzia\u0142u Architektury).<\/p>\n<p>&nbsp;<\/p>\n","protected":false},"excerpt":{"rendered":"<p>Bia\u0142ystok ko\u0144ca lat 40. XX wieku to miasto zrujnowane. Dzia\u0142ania podczas II wojny \u015bwiatowej doprowadzi\u0142y<\/p>\n","protected":false},"author":2,"featured_media":0,"parent":94,"menu_order":2,"comment_status":"closed","ping_status":"closed","template":"","meta":{"_acf_changed":false,"ngg_post_thumbnail":0,"footnotes":""},"class_list":["post-442","page","type-page","status-publish","hentry"],"acf":[],"yoast_head":"<!-- This site is optimized with the Yoast SEO plugin v27.0 - https:\/\/yoast.com\/product\/yoast-seo-wordpress\/ -->\n<title>Geneza - Archiwum Uczelniane i Centrum Historii PB<\/title>\n<meta name=\"description\" content=\"Bia\u0142ystok ko\u0144ca lat 40. XX wieku to miasto zrujnowane. Dzia\u0142ania podczas II wojny \u015bwiatowej doprowadzi\u0142y do zniszczenia infrastruktury przemys\u0142owej,\" \/>\n<meta name=\"robots\" content=\"index, follow, max-snippet:-1, max-image-preview:large, max-video-preview:-1\" \/>\n<link rel=\"canonical\" href=\"https:\/\/pb.edu.pl\/auich\/centrum-historii\/wystawa-stale\/geneza\/\" \/>\n<meta property=\"og:locale\" content=\"pl_PL\" \/>\n<meta property=\"og:type\" content=\"article\" \/>\n<meta property=\"og:title\" content=\"Geneza - Archiwum Uczelniane i Centrum Historii PB\" \/>\n<meta property=\"og:description\" content=\"Bia\u0142ystok ko\u0144ca lat 40. XX wieku to miasto zrujnowane. Dzia\u0142ania podczas II wojny \u015bwiatowej doprowadzi\u0142y do zniszczenia infrastruktury przemys\u0142owej,\" \/>\n<meta property=\"og:url\" content=\"https:\/\/pb.edu.pl\/auich\/centrum-historii\/wystawa-stale\/geneza\/\" \/>\n<meta property=\"og:site_name\" content=\"Archiwum Uczelniane i Centrum Historii PB\" \/>\n<meta property=\"article:modified_time\" content=\"2022-02-04T09:23:18+00:00\" \/>\n<meta name=\"twitter:card\" content=\"summary_large_image\" \/>\n<script type=\"application\/ld+json\" class=\"yoast-schema-graph\">{\"@context\":\"https:\/\/schema.org\",\"@graph\":[{\"@type\":\"WebPage\",\"@id\":\"https:\/\/pb.edu.pl\/auich\/centrum-historii\/wystawa-stale\/geneza\/\",\"url\":\"https:\/\/pb.edu.pl\/auich\/centrum-historii\/wystawa-stale\/geneza\/\",\"name\":\"Geneza - Archiwum Uczelniane i Centrum Historii PB\",\"isPartOf\":{\"@id\":\"https:\/\/pb.edu.pl\/auich\/#website\"},\"datePublished\":\"2021-11-20T19:45:51+00:00\",\"dateModified\":\"2022-02-04T09:23:18+00:00\",\"description\":\"Bia\u0142ystok ko\u0144ca lat 40. XX wieku to miasto zrujnowane. Dzia\u0142ania podczas II wojny \u015bwiatowej doprowadzi\u0142y do zniszczenia infrastruktury przemys\u0142owej,\",\"breadcrumb\":{\"@id\":\"https:\/\/pb.edu.pl\/auich\/centrum-historii\/wystawa-stale\/geneza\/#breadcrumb\"},\"inLanguage\":\"pl-PL\",\"potentialAction\":[{\"@type\":\"ReadAction\",\"target\":[\"https:\/\/pb.edu.pl\/auich\/centrum-historii\/wystawa-stale\/geneza\/\"]}]},{\"@type\":\"BreadcrumbList\",\"@id\":\"https:\/\/pb.edu.pl\/auich\/centrum-historii\/wystawa-stale\/geneza\/#breadcrumb\",\"itemListElement\":[{\"@type\":\"ListItem\",\"position\":1,\"name\":\"Strona g\u0142\u00f3wna\",\"item\":\"https:\/\/pb.edu.pl\/auich\/\"},{\"@type\":\"ListItem\",\"position\":2,\"name\":\"Centrum Historii\",\"item\":\"https:\/\/pb.edu.pl\/auich\/centrum-historii\/\"},{\"@type\":\"ListItem\",\"position\":3,\"name\":\"Wystawa sta\u0142a \u201eHistoria, wiedza, potencja\u0142\u201d\",\"item\":\"https:\/\/pb.edu.pl\/auich\/centrum-historii\/wystawa-stale\/\"},{\"@type\":\"ListItem\",\"position\":4,\"name\":\"Geneza\"}]},{\"@type\":\"WebSite\",\"@id\":\"https:\/\/pb.edu.pl\/auich\/#website\",\"url\":\"https:\/\/pb.edu.pl\/auich\/\",\"name\":\"Archiwum Uczelniane i Centrum Historii PB\",\"description\":\"\",\"potentialAction\":[{\"@type\":\"SearchAction\",\"target\":{\"@type\":\"EntryPoint\",\"urlTemplate\":\"https:\/\/pb.edu.pl\/auich\/?s={search_term_string}\"},\"query-input\":{\"@type\":\"PropertyValueSpecification\",\"valueRequired\":true,\"valueName\":\"search_term_string\"}}],\"inLanguage\":\"pl-PL\"}]}<\/script>\n<!-- \/ Yoast SEO plugin. -->","yoast_head_json":{"title":"Geneza - Archiwum Uczelniane i Centrum Historii PB","description":"Bia\u0142ystok ko\u0144ca lat 40. XX wieku to miasto zrujnowane. Dzia\u0142ania podczas II wojny \u015bwiatowej doprowadzi\u0142y do zniszczenia infrastruktury przemys\u0142owej,","robots":{"index":"index","follow":"follow","max-snippet":"max-snippet:-1","max-image-preview":"max-image-preview:large","max-video-preview":"max-video-preview:-1"},"canonical":"https:\/\/pb.edu.pl\/auich\/centrum-historii\/wystawa-stale\/geneza\/","og_locale":"pl_PL","og_type":"article","og_title":"Geneza - Archiwum Uczelniane i Centrum Historii PB","og_description":"Bia\u0142ystok ko\u0144ca lat 40. XX wieku to miasto zrujnowane. Dzia\u0142ania podczas II wojny \u015bwiatowej doprowadzi\u0142y do zniszczenia infrastruktury przemys\u0142owej,","og_url":"https:\/\/pb.edu.pl\/auich\/centrum-historii\/wystawa-stale\/geneza\/","og_site_name":"Archiwum Uczelniane i Centrum Historii PB","article_modified_time":"2022-02-04T09:23:18+00:00","twitter_card":"summary_large_image","schema":{"@context":"https:\/\/schema.org","@graph":[{"@type":"WebPage","@id":"https:\/\/pb.edu.pl\/auich\/centrum-historii\/wystawa-stale\/geneza\/","url":"https:\/\/pb.edu.pl\/auich\/centrum-historii\/wystawa-stale\/geneza\/","name":"Geneza - Archiwum Uczelniane i Centrum Historii PB","isPartOf":{"@id":"https:\/\/pb.edu.pl\/auich\/#website"},"datePublished":"2021-11-20T19:45:51+00:00","dateModified":"2022-02-04T09:23:18+00:00","description":"Bia\u0142ystok ko\u0144ca lat 40. XX wieku to miasto zrujnowane. Dzia\u0142ania podczas II wojny \u015bwiatowej doprowadzi\u0142y do zniszczenia infrastruktury przemys\u0142owej,","breadcrumb":{"@id":"https:\/\/pb.edu.pl\/auich\/centrum-historii\/wystawa-stale\/geneza\/#breadcrumb"},"inLanguage":"pl-PL","potentialAction":[{"@type":"ReadAction","target":["https:\/\/pb.edu.pl\/auich\/centrum-historii\/wystawa-stale\/geneza\/"]}]},{"@type":"BreadcrumbList","@id":"https:\/\/pb.edu.pl\/auich\/centrum-historii\/wystawa-stale\/geneza\/#breadcrumb","itemListElement":[{"@type":"ListItem","position":1,"name":"Strona g\u0142\u00f3wna","item":"https:\/\/pb.edu.pl\/auich\/"},{"@type":"ListItem","position":2,"name":"Centrum Historii","item":"https:\/\/pb.edu.pl\/auich\/centrum-historii\/"},{"@type":"ListItem","position":3,"name":"Wystawa sta\u0142a \u201eHistoria, wiedza, potencja\u0142\u201d","item":"https:\/\/pb.edu.pl\/auich\/centrum-historii\/wystawa-stale\/"},{"@type":"ListItem","position":4,"name":"Geneza"}]},{"@type":"WebSite","@id":"https:\/\/pb.edu.pl\/auich\/#website","url":"https:\/\/pb.edu.pl\/auich\/","name":"Archiwum Uczelniane i Centrum Historii PB","description":"","potentialAction":[{"@type":"SearchAction","target":{"@type":"EntryPoint","urlTemplate":"https:\/\/pb.edu.pl\/auich\/?s={search_term_string}"},"query-input":{"@type":"PropertyValueSpecification","valueRequired":true,"valueName":"search_term_string"}}],"inLanguage":"pl-PL"}]}},"_links":{"self":[{"href":"https:\/\/pb.edu.pl\/auich\/wp-json\/wp\/v2\/pages\/442","targetHints":{"allow":["GET"]}}],"collection":[{"href":"https:\/\/pb.edu.pl\/auich\/wp-json\/wp\/v2\/pages"}],"about":[{"href":"https:\/\/pb.edu.pl\/auich\/wp-json\/wp\/v2\/types\/page"}],"author":[{"embeddable":true,"href":"https:\/\/pb.edu.pl\/auich\/wp-json\/wp\/v2\/users\/2"}],"replies":[{"embeddable":true,"href":"https:\/\/pb.edu.pl\/auich\/wp-json\/wp\/v2\/comments?post=442"}],"version-history":[{"count":0,"href":"https:\/\/pb.edu.pl\/auich\/wp-json\/wp\/v2\/pages\/442\/revisions"}],"up":[{"embeddable":true,"href":"https:\/\/pb.edu.pl\/auich\/wp-json\/wp\/v2\/pages\/94"}],"wp:attachment":[{"href":"https:\/\/pb.edu.pl\/auich\/wp-json\/wp\/v2\/media?parent=442"}],"curies":[{"name":"wp","href":"https:\/\/api.w.org\/{rel}","templated":true}]}}