{"id":440,"date":"2021-11-20T20:45:16","date_gmt":"2021-11-20T19:45:16","guid":{"rendered":"https:\/\/pb.edu.pl\/auich\/?page_id=440"},"modified":"2022-02-02T15:41:26","modified_gmt":"2022-02-02T14:41:26","slug":"sala-senatu","status":"publish","type":"page","link":"https:\/\/pb.edu.pl\/auich\/centrum-historii\/wystawa-stale\/sala-senatu\/","title":{"rendered":"Sala Senatu"},"content":{"rendered":"<p><img decoding=\"async\" class=\"ngg-singlepic ngg-center\" src=\"https:\/\/pb.edu.pl\/auich\/wp-content\/uploads\/sites\/63\/nggallery\/sala-senatu\/centrum_historii_01s.jpg\" alt=\"strefa 1 Sala Senatu\"><\/p>\n<p>Centrum Historii Politechniki Bia\u0142ostockiej mie\u015bci si\u0119 w dawnej Sali Senatu, kt\u00f3ry obradowa\u0142 tu od po\u0142owy lat 80. XX wieku do roku 2012. To pierwsza strefa, kt\u00f3r\u0105 zwiedzamy.<\/p>\n<p>Wita nas posta\u0107 patrona \u2013 in\u017cyniera Miros\u0142awa Bujanowskiego (1950-2017). Zobaczymy tu biurko pracownika nauki z lat 70. XX wieku i krzes\u0142o z dawnej Sali Senatu. Zapoznamy si\u0119 z aktami za\u0142o\u017cycielskimi Prywatnej Wieczorowej Szko\u0142y In\u017cynierskiej NOT, jej przekszta\u0142ceniem w Wy\u017csz\u0105 Szko\u0142\u0119 In\u017cyniersk\u0105, &nbsp;a nast\u0119pnie \u2013 w Politechnik\u0119. Swoje miejsce znajduj\u0105 tu r\u00f3wnie\u017c umieszczone w gablotach: toga rektora wraz z insygniami oraz sztandar Uczelni.<\/p>\n","protected":false},"excerpt":{"rendered":"<p>Centrum Historii Politechniki Bia\u0142ostockiej mie\u015bci si\u0119 w dawnej Sali Senatu, kt\u00f3ry obradowa\u0142 tu od po\u0142owy<\/p>\n","protected":false},"author":2,"featured_media":0,"parent":94,"menu_order":1,"comment_status":"closed","ping_status":"closed","template":"","meta":{"_acf_changed":false,"ngg_post_thumbnail":0,"footnotes":""},"class_list":["post-440","page","type-page","status-publish","hentry"],"acf":[],"yoast_head":"<!-- This site is optimized with the Yoast SEO plugin v27.0 - https:\/\/yoast.com\/product\/yoast-seo-wordpress\/ -->\n<title>Sala Senatu - Archiwum Uczelniane i Centrum Historii PB<\/title>\n<meta name=\"description\" content=\"Centrum Historii Politechniki Bia\u0142ostockiej mie\u015bci si\u0119 w dawnej Sali Senatu, kt\u00f3ry obradowa\u0142 tu od po\u0142owy lat 80. XX wieku do roku 2012. To pierwsza\" \/>\n<meta name=\"robots\" content=\"index, follow, max-snippet:-1, max-image-preview:large, max-video-preview:-1\" \/>\n<link rel=\"canonical\" href=\"https:\/\/pb.edu.pl\/auich\/centrum-historii\/wystawa-stale\/sala-senatu\/\" \/>\n<meta property=\"og:locale\" content=\"pl_PL\" \/>\n<meta property=\"og:type\" content=\"article\" \/>\n<meta property=\"og:title\" content=\"Sala Senatu - Archiwum Uczelniane i Centrum Historii PB\" \/>\n<meta property=\"og:description\" content=\"Centrum Historii Politechniki Bia\u0142ostockiej mie\u015bci si\u0119 w dawnej Sali Senatu, kt\u00f3ry obradowa\u0142 tu od po\u0142owy lat 80. XX wieku do roku 2012. To pierwsza\" \/>\n<meta property=\"og:url\" content=\"https:\/\/pb.edu.pl\/auich\/centrum-historii\/wystawa-stale\/sala-senatu\/\" \/>\n<meta property=\"og:site_name\" content=\"Archiwum Uczelniane i Centrum Historii PB\" \/>\n<meta property=\"article:modified_time\" content=\"2022-02-02T14:41:26+00:00\" \/>\n<meta property=\"og:image\" content=\"https:\/\/pb.edu.pl\/auich\/wp-content\/uploads\/sites\/63\/nggallery\/sala-senatu\/centrum_historii_01s.jpg\" \/>\n<meta name=\"twitter:card\" content=\"summary_large_image\" \/>\n<meta name=\"twitter:label1\" content=\"Szacowany czas czytania\" \/>\n\t<meta name=\"twitter:data1\" content=\"1 minuta\" \/>\n<script type=\"application\/ld+json\" class=\"yoast-schema-graph\">{\"@context\":\"https:\/\/schema.org\",\"@graph\":[{\"@type\":\"WebPage\",\"@id\":\"https:\/\/pb.edu.pl\/auich\/centrum-historii\/wystawa-stale\/sala-senatu\/\",\"url\":\"https:\/\/pb.edu.pl\/auich\/centrum-historii\/wystawa-stale\/sala-senatu\/\",\"name\":\"Sala Senatu - Archiwum Uczelniane i Centrum Historii PB\",\"isPartOf\":{\"@id\":\"https:\/\/pb.edu.pl\/auich\/#website\"},\"primaryImageOfPage\":{\"@id\":\"https:\/\/pb.edu.pl\/auich\/centrum-historii\/wystawa-stale\/sala-senatu\/#primaryimage\"},\"image\":{\"@id\":\"https:\/\/pb.edu.pl\/auich\/centrum-historii\/wystawa-stale\/sala-senatu\/#primaryimage\"},\"thumbnailUrl\":\"https:\/\/pb.edu.pl\/auich\/wp-content\/uploads\/sites\/63\/nggallery\/sala-senatu\/centrum_historii_01s.jpg\",\"datePublished\":\"2021-11-20T19:45:16+00:00\",\"dateModified\":\"2022-02-02T14:41:26+00:00\",\"description\":\"Centrum Historii Politechniki Bia\u0142ostockiej mie\u015bci si\u0119 w dawnej Sali Senatu, kt\u00f3ry obradowa\u0142 tu od po\u0142owy lat 80. XX wieku do roku 2012. To pierwsza\",\"breadcrumb\":{\"@id\":\"https:\/\/pb.edu.pl\/auich\/centrum-historii\/wystawa-stale\/sala-senatu\/#breadcrumb\"},\"inLanguage\":\"pl-PL\",\"potentialAction\":[{\"@type\":\"ReadAction\",\"target\":[\"https:\/\/pb.edu.pl\/auich\/centrum-historii\/wystawa-stale\/sala-senatu\/\"]}]},{\"@type\":\"ImageObject\",\"inLanguage\":\"pl-PL\",\"@id\":\"https:\/\/pb.edu.pl\/auich\/centrum-historii\/wystawa-stale\/sala-senatu\/#primaryimage\",\"url\":\"https:\/\/pb.edu.pl\/auich\/wp-content\/uploads\/sites\/63\/nggallery\/sala-senatu\/centrum_historii_01s.jpg\",\"contentUrl\":\"https:\/\/pb.edu.pl\/auich\/wp-content\/uploads\/sites\/63\/nggallery\/sala-senatu\/centrum_historii_01s.jpg\"},{\"@type\":\"BreadcrumbList\",\"@id\":\"https:\/\/pb.edu.pl\/auich\/centrum-historii\/wystawa-stale\/sala-senatu\/#breadcrumb\",\"itemListElement\":[{\"@type\":\"ListItem\",\"position\":1,\"name\":\"Strona g\u0142\u00f3wna\",\"item\":\"https:\/\/pb.edu.pl\/auich\/\"},{\"@type\":\"ListItem\",\"position\":2,\"name\":\"Centrum Historii\",\"item\":\"https:\/\/pb.edu.pl\/auich\/centrum-historii\/\"},{\"@type\":\"ListItem\",\"position\":3,\"name\":\"Wystawa sta\u0142a \u201eHistoria, wiedza, potencja\u0142\u201d\",\"item\":\"https:\/\/pb.edu.pl\/auich\/centrum-historii\/wystawa-stale\/\"},{\"@type\":\"ListItem\",\"position\":4,\"name\":\"Sala Senatu\"}]},{\"@type\":\"WebSite\",\"@id\":\"https:\/\/pb.edu.pl\/auich\/#website\",\"url\":\"https:\/\/pb.edu.pl\/auich\/\",\"name\":\"Archiwum Uczelniane i Centrum Historii PB\",\"description\":\"\",\"potentialAction\":[{\"@type\":\"SearchAction\",\"target\":{\"@type\":\"EntryPoint\",\"urlTemplate\":\"https:\/\/pb.edu.pl\/auich\/?s={search_term_string}\"},\"query-input\":{\"@type\":\"PropertyValueSpecification\",\"valueRequired\":true,\"valueName\":\"search_term_string\"}}],\"inLanguage\":\"pl-PL\"}]}<\/script>\n<!-- \/ Yoast SEO plugin. -->","yoast_head_json":{"title":"Sala Senatu - Archiwum Uczelniane i Centrum Historii PB","description":"Centrum Historii Politechniki Bia\u0142ostockiej mie\u015bci si\u0119 w dawnej Sali Senatu, kt\u00f3ry obradowa\u0142 tu od po\u0142owy lat 80. XX wieku do roku 2012. To pierwsza","robots":{"index":"index","follow":"follow","max-snippet":"max-snippet:-1","max-image-preview":"max-image-preview:large","max-video-preview":"max-video-preview:-1"},"canonical":"https:\/\/pb.edu.pl\/auich\/centrum-historii\/wystawa-stale\/sala-senatu\/","og_locale":"pl_PL","og_type":"article","og_title":"Sala Senatu - Archiwum Uczelniane i Centrum Historii PB","og_description":"Centrum Historii Politechniki Bia\u0142ostockiej mie\u015bci si\u0119 w dawnej Sali Senatu, kt\u00f3ry obradowa\u0142 tu od po\u0142owy lat 80. XX wieku do roku 2012. To pierwsza","og_url":"https:\/\/pb.edu.pl\/auich\/centrum-historii\/wystawa-stale\/sala-senatu\/","og_site_name":"Archiwum Uczelniane i Centrum Historii PB","article_modified_time":"2022-02-02T14:41:26+00:00","og_image":[{"url":"https:\/\/pb.edu.pl\/auich\/wp-content\/uploads\/sites\/63\/nggallery\/sala-senatu\/centrum_historii_01s.jpg","type":"","width":"","height":""}],"twitter_card":"summary_large_image","twitter_misc":{"Szacowany czas czytania":"1 minuta"},"schema":{"@context":"https:\/\/schema.org","@graph":[{"@type":"WebPage","@id":"https:\/\/pb.edu.pl\/auich\/centrum-historii\/wystawa-stale\/sala-senatu\/","url":"https:\/\/pb.edu.pl\/auich\/centrum-historii\/wystawa-stale\/sala-senatu\/","name":"Sala Senatu - Archiwum Uczelniane i Centrum Historii PB","isPartOf":{"@id":"https:\/\/pb.edu.pl\/auich\/#website"},"primaryImageOfPage":{"@id":"https:\/\/pb.edu.pl\/auich\/centrum-historii\/wystawa-stale\/sala-senatu\/#primaryimage"},"image":{"@id":"https:\/\/pb.edu.pl\/auich\/centrum-historii\/wystawa-stale\/sala-senatu\/#primaryimage"},"thumbnailUrl":"https:\/\/pb.edu.pl\/auich\/wp-content\/uploads\/sites\/63\/nggallery\/sala-senatu\/centrum_historii_01s.jpg","datePublished":"2021-11-20T19:45:16+00:00","dateModified":"2022-02-02T14:41:26+00:00","description":"Centrum Historii Politechniki Bia\u0142ostockiej mie\u015bci si\u0119 w dawnej Sali Senatu, kt\u00f3ry obradowa\u0142 tu od po\u0142owy lat 80. XX wieku do roku 2012. To pierwsza","breadcrumb":{"@id":"https:\/\/pb.edu.pl\/auich\/centrum-historii\/wystawa-stale\/sala-senatu\/#breadcrumb"},"inLanguage":"pl-PL","potentialAction":[{"@type":"ReadAction","target":["https:\/\/pb.edu.pl\/auich\/centrum-historii\/wystawa-stale\/sala-senatu\/"]}]},{"@type":"ImageObject","inLanguage":"pl-PL","@id":"https:\/\/pb.edu.pl\/auich\/centrum-historii\/wystawa-stale\/sala-senatu\/#primaryimage","url":"https:\/\/pb.edu.pl\/auich\/wp-content\/uploads\/sites\/63\/nggallery\/sala-senatu\/centrum_historii_01s.jpg","contentUrl":"https:\/\/pb.edu.pl\/auich\/wp-content\/uploads\/sites\/63\/nggallery\/sala-senatu\/centrum_historii_01s.jpg"},{"@type":"BreadcrumbList","@id":"https:\/\/pb.edu.pl\/auich\/centrum-historii\/wystawa-stale\/sala-senatu\/#breadcrumb","itemListElement":[{"@type":"ListItem","position":1,"name":"Strona g\u0142\u00f3wna","item":"https:\/\/pb.edu.pl\/auich\/"},{"@type":"ListItem","position":2,"name":"Centrum Historii","item":"https:\/\/pb.edu.pl\/auich\/centrum-historii\/"},{"@type":"ListItem","position":3,"name":"Wystawa sta\u0142a \u201eHistoria, wiedza, potencja\u0142\u201d","item":"https:\/\/pb.edu.pl\/auich\/centrum-historii\/wystawa-stale\/"},{"@type":"ListItem","position":4,"name":"Sala Senatu"}]},{"@type":"WebSite","@id":"https:\/\/pb.edu.pl\/auich\/#website","url":"https:\/\/pb.edu.pl\/auich\/","name":"Archiwum Uczelniane i Centrum Historii PB","description":"","potentialAction":[{"@type":"SearchAction","target":{"@type":"EntryPoint","urlTemplate":"https:\/\/pb.edu.pl\/auich\/?s={search_term_string}"},"query-input":{"@type":"PropertyValueSpecification","valueRequired":true,"valueName":"search_term_string"}}],"inLanguage":"pl-PL"}]}},"_links":{"self":[{"href":"https:\/\/pb.edu.pl\/auich\/wp-json\/wp\/v2\/pages\/440","targetHints":{"allow":["GET"]}}],"collection":[{"href":"https:\/\/pb.edu.pl\/auich\/wp-json\/wp\/v2\/pages"}],"about":[{"href":"https:\/\/pb.edu.pl\/auich\/wp-json\/wp\/v2\/types\/page"}],"author":[{"embeddable":true,"href":"https:\/\/pb.edu.pl\/auich\/wp-json\/wp\/v2\/users\/2"}],"replies":[{"embeddable":true,"href":"https:\/\/pb.edu.pl\/auich\/wp-json\/wp\/v2\/comments?post=440"}],"version-history":[{"count":0,"href":"https:\/\/pb.edu.pl\/auich\/wp-json\/wp\/v2\/pages\/440\/revisions"}],"up":[{"embeddable":true,"href":"https:\/\/pb.edu.pl\/auich\/wp-json\/wp\/v2\/pages\/94"}],"wp:attachment":[{"href":"https:\/\/pb.edu.pl\/auich\/wp-json\/wp\/v2\/media?parent=440"}],"curies":[{"name":"wp","href":"https:\/\/api.w.org\/{rel}","templated":true}]}}