{"id":436,"date":"2021-11-20T20:42:28","date_gmt":"2021-11-20T19:42:28","guid":{"rendered":"https:\/\/pb.edu.pl\/auich\/?page_id=436"},"modified":"2021-12-07T21:51:19","modified_gmt":"2021-12-07T20:51:19","slug":"dostepnosc-dla-osob-z-niepelnosprawnosciami","status":"publish","type":"page","link":"https:\/\/pb.edu.pl\/auich\/centrum-historii\/zwiedzanie-odwiedziny-wizyta\/dostepnosc-dla-osob-z-niepelnosprawnosciami\/","title":{"rendered":"Dost\u0119pno\u015b\u0107 dla os\u00f3b z niepe\u0142nosprawno\u015bciami"},"content":{"rendered":"<p>Zapraszamy wkr\u00f3tce.<\/p>\n","protected":false},"excerpt":{"rendered":"<p>Zapraszamy wkr\u00f3tce.<\/p>\n","protected":false},"author":2,"featured_media":0,"parent":97,"menu_order":3,"comment_status":"closed","ping_status":"closed","template":"","meta":{"_acf_changed":false,"ngg_post_thumbnail":0,"footnotes":""},"class_list":["post-436","page","type-page","status-publish","hentry"],"acf":[],"yoast_head":"<!-- This site is optimized with the Yoast SEO plugin v27.0 - https:\/\/yoast.com\/product\/yoast-seo-wordpress\/ -->\n<title>Dost\u0119pno\u015b\u0107 dla os\u00f3b z niepe\u0142nosprawno\u015bciami - Archiwum Uczelniane i Centrum Historii PB<\/title>\n<meta name=\"description\" content=\"Zapraszamy wkr\u00f3tce.\" \/>\n<meta name=\"robots\" content=\"index, follow, max-snippet:-1, max-image-preview:large, max-video-preview:-1\" \/>\n<link rel=\"canonical\" href=\"https:\/\/pb.edu.pl\/auich\/centrum-historii\/zwiedzanie-odwiedziny-wizyta\/dostepnosc-dla-osob-z-niepelnosprawnosciami\/\" \/>\n<meta property=\"og:locale\" content=\"pl_PL\" \/>\n<meta property=\"og:type\" content=\"article\" \/>\n<meta property=\"og:title\" content=\"Dost\u0119pno\u015b\u0107 dla os\u00f3b z niepe\u0142nosprawno\u015bciami - Archiwum Uczelniane i Centrum Historii PB\" \/>\n<meta property=\"og:description\" content=\"Zapraszamy wkr\u00f3tce.\" \/>\n<meta property=\"og:url\" content=\"https:\/\/pb.edu.pl\/auich\/centrum-historii\/zwiedzanie-odwiedziny-wizyta\/dostepnosc-dla-osob-z-niepelnosprawnosciami\/\" \/>\n<meta property=\"og:site_name\" content=\"Archiwum Uczelniane i Centrum Historii PB\" \/>\n<meta property=\"article:modified_time\" content=\"2021-12-07T20:51:19+00:00\" \/>\n<meta name=\"twitter:card\" content=\"summary_large_image\" \/>\n<script type=\"application\/ld+json\" class=\"yoast-schema-graph\">{\"@context\":\"https:\/\/schema.org\",\"@graph\":[{\"@type\":\"WebPage\",\"@id\":\"https:\/\/pb.edu.pl\/auich\/centrum-historii\/zwiedzanie-odwiedziny-wizyta\/dostepnosc-dla-osob-z-niepelnosprawnosciami\/\",\"url\":\"https:\/\/pb.edu.pl\/auich\/centrum-historii\/zwiedzanie-odwiedziny-wizyta\/dostepnosc-dla-osob-z-niepelnosprawnosciami\/\",\"name\":\"Dost\u0119pno\u015b\u0107 dla os\u00f3b z niepe\u0142nosprawno\u015bciami - Archiwum Uczelniane i Centrum Historii PB\",\"isPartOf\":{\"@id\":\"https:\/\/pb.edu.pl\/auich\/#website\"},\"datePublished\":\"2021-11-20T19:42:28+00:00\",\"dateModified\":\"2021-12-07T20:51:19+00:00\",\"description\":\"Zapraszamy wkr\u00f3tce.\",\"breadcrumb\":{\"@id\":\"https:\/\/pb.edu.pl\/auich\/centrum-historii\/zwiedzanie-odwiedziny-wizyta\/dostepnosc-dla-osob-z-niepelnosprawnosciami\/#breadcrumb\"},\"inLanguage\":\"pl-PL\",\"potentialAction\":[{\"@type\":\"ReadAction\",\"target\":[\"https:\/\/pb.edu.pl\/auich\/centrum-historii\/zwiedzanie-odwiedziny-wizyta\/dostepnosc-dla-osob-z-niepelnosprawnosciami\/\"]}]},{\"@type\":\"BreadcrumbList\",\"@id\":\"https:\/\/pb.edu.pl\/auich\/centrum-historii\/zwiedzanie-odwiedziny-wizyta\/dostepnosc-dla-osob-z-niepelnosprawnosciami\/#breadcrumb\",\"itemListElement\":[{\"@type\":\"ListItem\",\"position\":1,\"name\":\"Strona g\u0142\u00f3wna\",\"item\":\"https:\/\/pb.edu.pl\/auich\/\"},{\"@type\":\"ListItem\",\"position\":2,\"name\":\"Centrum Historii\",\"item\":\"https:\/\/pb.edu.pl\/auich\/centrum-historii\/\"},{\"@type\":\"ListItem\",\"position\":3,\"name\":\"Zwiedzanie\",\"item\":\"https:\/\/pb.edu.pl\/auich\/centrum-historii\/zwiedzanie-odwiedziny-wizyta\/\"},{\"@type\":\"ListItem\",\"position\":4,\"name\":\"Dost\u0119pno\u015b\u0107 dla os\u00f3b z niepe\u0142nosprawno\u015bciami\"}]},{\"@type\":\"WebSite\",\"@id\":\"https:\/\/pb.edu.pl\/auich\/#website\",\"url\":\"https:\/\/pb.edu.pl\/auich\/\",\"name\":\"Archiwum Uczelniane i Centrum Historii PB\",\"description\":\"\",\"potentialAction\":[{\"@type\":\"SearchAction\",\"target\":{\"@type\":\"EntryPoint\",\"urlTemplate\":\"https:\/\/pb.edu.pl\/auich\/?s={search_term_string}\"},\"query-input\":{\"@type\":\"PropertyValueSpecification\",\"valueRequired\":true,\"valueName\":\"search_term_string\"}}],\"inLanguage\":\"pl-PL\"}]}<\/script>\n<!-- \/ Yoast SEO plugin. -->","yoast_head_json":{"title":"Dost\u0119pno\u015b\u0107 dla os\u00f3b z niepe\u0142nosprawno\u015bciami - Archiwum Uczelniane i Centrum Historii PB","description":"Zapraszamy wkr\u00f3tce.","robots":{"index":"index","follow":"follow","max-snippet":"max-snippet:-1","max-image-preview":"max-image-preview:large","max-video-preview":"max-video-preview:-1"},"canonical":"https:\/\/pb.edu.pl\/auich\/centrum-historii\/zwiedzanie-odwiedziny-wizyta\/dostepnosc-dla-osob-z-niepelnosprawnosciami\/","og_locale":"pl_PL","og_type":"article","og_title":"Dost\u0119pno\u015b\u0107 dla os\u00f3b z niepe\u0142nosprawno\u015bciami - Archiwum Uczelniane i Centrum Historii PB","og_description":"Zapraszamy wkr\u00f3tce.","og_url":"https:\/\/pb.edu.pl\/auich\/centrum-historii\/zwiedzanie-odwiedziny-wizyta\/dostepnosc-dla-osob-z-niepelnosprawnosciami\/","og_site_name":"Archiwum Uczelniane i Centrum Historii PB","article_modified_time":"2021-12-07T20:51:19+00:00","twitter_card":"summary_large_image","schema":{"@context":"https:\/\/schema.org","@graph":[{"@type":"WebPage","@id":"https:\/\/pb.edu.pl\/auich\/centrum-historii\/zwiedzanie-odwiedziny-wizyta\/dostepnosc-dla-osob-z-niepelnosprawnosciami\/","url":"https:\/\/pb.edu.pl\/auich\/centrum-historii\/zwiedzanie-odwiedziny-wizyta\/dostepnosc-dla-osob-z-niepelnosprawnosciami\/","name":"Dost\u0119pno\u015b\u0107 dla os\u00f3b z niepe\u0142nosprawno\u015bciami - Archiwum Uczelniane i Centrum Historii PB","isPartOf":{"@id":"https:\/\/pb.edu.pl\/auich\/#website"},"datePublished":"2021-11-20T19:42:28+00:00","dateModified":"2021-12-07T20:51:19+00:00","description":"Zapraszamy wkr\u00f3tce.","breadcrumb":{"@id":"https:\/\/pb.edu.pl\/auich\/centrum-historii\/zwiedzanie-odwiedziny-wizyta\/dostepnosc-dla-osob-z-niepelnosprawnosciami\/#breadcrumb"},"inLanguage":"pl-PL","potentialAction":[{"@type":"ReadAction","target":["https:\/\/pb.edu.pl\/auich\/centrum-historii\/zwiedzanie-odwiedziny-wizyta\/dostepnosc-dla-osob-z-niepelnosprawnosciami\/"]}]},{"@type":"BreadcrumbList","@id":"https:\/\/pb.edu.pl\/auich\/centrum-historii\/zwiedzanie-odwiedziny-wizyta\/dostepnosc-dla-osob-z-niepelnosprawnosciami\/#breadcrumb","itemListElement":[{"@type":"ListItem","position":1,"name":"Strona g\u0142\u00f3wna","item":"https:\/\/pb.edu.pl\/auich\/"},{"@type":"ListItem","position":2,"name":"Centrum Historii","item":"https:\/\/pb.edu.pl\/auich\/centrum-historii\/"},{"@type":"ListItem","position":3,"name":"Zwiedzanie","item":"https:\/\/pb.edu.pl\/auich\/centrum-historii\/zwiedzanie-odwiedziny-wizyta\/"},{"@type":"ListItem","position":4,"name":"Dost\u0119pno\u015b\u0107 dla os\u00f3b z niepe\u0142nosprawno\u015bciami"}]},{"@type":"WebSite","@id":"https:\/\/pb.edu.pl\/auich\/#website","url":"https:\/\/pb.edu.pl\/auich\/","name":"Archiwum Uczelniane i Centrum Historii PB","description":"","potentialAction":[{"@type":"SearchAction","target":{"@type":"EntryPoint","urlTemplate":"https:\/\/pb.edu.pl\/auich\/?s={search_term_string}"},"query-input":{"@type":"PropertyValueSpecification","valueRequired":true,"valueName":"search_term_string"}}],"inLanguage":"pl-PL"}]}},"_links":{"self":[{"href":"https:\/\/pb.edu.pl\/auich\/wp-json\/wp\/v2\/pages\/436","targetHints":{"allow":["GET"]}}],"collection":[{"href":"https:\/\/pb.edu.pl\/auich\/wp-json\/wp\/v2\/pages"}],"about":[{"href":"https:\/\/pb.edu.pl\/auich\/wp-json\/wp\/v2\/types\/page"}],"author":[{"embeddable":true,"href":"https:\/\/pb.edu.pl\/auich\/wp-json\/wp\/v2\/users\/2"}],"replies":[{"embeddable":true,"href":"https:\/\/pb.edu.pl\/auich\/wp-json\/wp\/v2\/comments?post=436"}],"version-history":[{"count":0,"href":"https:\/\/pb.edu.pl\/auich\/wp-json\/wp\/v2\/pages\/436\/revisions"}],"up":[{"embeddable":true,"href":"https:\/\/pb.edu.pl\/auich\/wp-json\/wp\/v2\/pages\/97"}],"wp:attachment":[{"href":"https:\/\/pb.edu.pl\/auich\/wp-json\/wp\/v2\/media?parent=436"}],"curies":[{"name":"wp","href":"https:\/\/api.w.org\/{rel}","templated":true}]}}