{"id":43,"date":"2021-03-03T23:45:37","date_gmt":"2021-03-03T22:45:37","guid":{"rendered":"https:\/\/pb.edu.pl\/auich\/?page_id=43"},"modified":"2022-10-25T11:20:08","modified_gmt":"2022-10-25T09:20:08","slug":"zaswiadczenia","status":"publish","type":"page","link":"https:\/\/pb.edu.pl\/auich\/aktualnosci\/archiwum-uczelniane\/zaswiadczenia\/","title":{"rendered":"Za\u015bwiadczenia"},"content":{"rendered":"<h2>Zasady wydawania za\u015bwiadcze\u0144<\/h2>\n<p>Archiwum Uczelniane Politechniki Bia\u0142ostockiej uprawnione jest do wystawiania&nbsp;<strong>za\u015bwiadcze\u0144 o programowym toku studi\u00f3w<\/strong>&nbsp;na podstawie z\u0142o\u017conego wcze\u015bniej wniosku o wydanie za\u015bwiadczenia.<\/p>\n<p>Wype\u0142niony formularz wniosku (word, pdf) nale\u017cy dostarczy\u0107 drog\u0105 pocztow\u0105, osobi\u015bcie lub za po\u015brednictwem Platformy Us\u0142ug Administracji Publicznej (ePUAP). W celu przyspieszenia procedury prosimy o przes\u0142anie skanu wniosku na&nbsp; na adres: archiwum[at]pb.edu.pl.<\/p>\n<p>Za\u015bwiadczenia wystawiane s\u0105 w ci\u0105gu 7 dni od daty z\u0142o\u017cenia wniosku, na &nbsp;podstawie akt studenckich przekazanych do Archiwum Uczelnianego Politechniki Bia\u0142ostockiej przez poszczeg\u00f3lne jednostki organizacyjne.<\/p>\n<p>Odbi\u00f3r za\u015bwiadcze\u0144 odbywa si\u0119 w siedzibie Archiwum Uczelnianego Politechniki Bia\u0142ostockiej (Wydzia\u0142 Mechaniczny, ul. Wiejska 45 C, pok. 437) w godzinach 9.00 &#8211; 15.00. Mo\u017cliwe jest tak\u017ce wys\u0142anie za\u015bwiadczenia drog\u0105 pocztow\u0105.<\/p>\n<p style=\"text-align: center\"><strong>Uwaga!<\/strong><\/p>\n<p>Archiwum&nbsp;<strong>nie wystawia za\u015bwiadcze\u0144<\/strong>&nbsp;o sta\u017cu pracy, ani o sta\u017cach odbytych w Politechnice Bia\u0142ostockiej. W powy\u017cszych sprawach prosimy o zg\u0142aszanie si\u0119 do Dzia\u0142u Spraw Personalnych.<\/p>\n<p>Sprawy dotycz\u0105ce aktualnie trwaj\u0105cych studi\u00f3w licencjackich, in\u017cynierskich, magisterskich lub doktoranckich prowadzone s\u0105 przez w\u0142a\u015bciwe jednostki realizuj\u0105ce studia.<\/p>\n<div class=\"h2\">Wniosek o za\u015bwiadczenie<\/div>\n<p><a class=\"pdf\" title=\"otworzy si\u0119 w nowej karcie\" href=\"https:\/\/pb.edu.pl\/auich\/wp-content\/uploads\/sites\/63\/2021\/03\/wniosek_-_zaswiadczenie_z_archiwum.pdf\" target=\"_blank\" rel=\"noopener\" data-id=\"272\">Wniosek o za\u015bwiadczenie z Archiwum Uczelnianego (PDF, wersja dost\u0119pna cyfrowo, 202 KB)<\/a><\/p>\n<p><a class=\"docx\" title=\"pobierz plik\" href=\"https:\/\/pb.edu.pl\/auich\/wp-content\/uploads\/sites\/63\/2021\/12\/wniosek_-_zaswiadczenie_z_archiwum.docx\" data-id=\"728\">Wniosek o za\u015bwiadczenie z Archiwum Uczelnianego (DOCX, 25 KB)<\/a><\/p>\n","protected":false},"excerpt":{"rendered":"<p>Zasady wydawania za\u015bwiadcze\u0144 Archiwum Uczelniane Politechniki Bia\u0142ostockiej uprawnione jest do wystawiania&nbsp;za\u015bwiadcze\u0144 o programowym toku studi\u00f3w&nbsp;na<\/p>\n","protected":false},"author":2,"featured_media":0,"parent":37,"menu_order":1,"comment_status":"closed","ping_status":"closed","template":"","meta":{"_acf_changed":false,"ngg_post_thumbnail":0,"footnotes":""},"class_list":["post-43","page","type-page","status-publish","hentry"],"acf":[],"yoast_head":"<!-- This site is optimized with the Yoast SEO plugin v27.0 - https:\/\/yoast.com\/product\/yoast-seo-wordpress\/ -->\n<title>Za\u015bwiadczenia - Archiwum Uczelniane i Centrum Historii PB<\/title>\n<meta name=\"description\" content=\"Zasady wydawania za\u015bwiadcze\u0144 Archiwum Uczelniane Politechniki Bia\u0142ostockiej uprawnione jest do wystawiania&nbsp;za\u015bwiadcze\u0144 o programowym toku\" \/>\n<meta name=\"robots\" content=\"index, follow, max-snippet:-1, max-image-preview:large, max-video-preview:-1\" \/>\n<link rel=\"canonical\" href=\"https:\/\/pb.edu.pl\/auich\/aktualnosci\/archiwum-uczelniane\/zaswiadczenia\/\" \/>\n<meta property=\"og:locale\" content=\"pl_PL\" \/>\n<meta property=\"og:type\" content=\"article\" \/>\n<meta property=\"og:title\" content=\"Za\u015bwiadczenia - Archiwum Uczelniane i Centrum Historii PB\" \/>\n<meta property=\"og:description\" content=\"Zasady wydawania za\u015bwiadcze\u0144 Archiwum Uczelniane Politechniki Bia\u0142ostockiej uprawnione jest do wystawiania&nbsp;za\u015bwiadcze\u0144 o programowym toku\" \/>\n<meta property=\"og:url\" content=\"https:\/\/pb.edu.pl\/auich\/aktualnosci\/archiwum-uczelniane\/zaswiadczenia\/\" \/>\n<meta property=\"og:site_name\" content=\"Archiwum Uczelniane i Centrum Historii PB\" \/>\n<meta property=\"article:modified_time\" content=\"2022-10-25T09:20:08+00:00\" \/>\n<meta name=\"twitter:card\" content=\"summary_large_image\" \/>\n<meta name=\"twitter:label1\" content=\"Szacowany czas czytania\" \/>\n\t<meta name=\"twitter:data1\" content=\"1 minuta\" \/>\n<script type=\"application\/ld+json\" class=\"yoast-schema-graph\">{\"@context\":\"https:\/\/schema.org\",\"@graph\":[{\"@type\":\"WebPage\",\"@id\":\"https:\/\/pb.edu.pl\/auich\/aktualnosci\/archiwum-uczelniane\/zaswiadczenia\/\",\"url\":\"https:\/\/pb.edu.pl\/auich\/aktualnosci\/archiwum-uczelniane\/zaswiadczenia\/\",\"name\":\"Za\u015bwiadczenia - Archiwum Uczelniane i Centrum Historii PB\",\"isPartOf\":{\"@id\":\"https:\/\/pb.edu.pl\/auich\/#website\"},\"datePublished\":\"2021-03-03T22:45:37+00:00\",\"dateModified\":\"2022-10-25T09:20:08+00:00\",\"description\":\"Zasady wydawania za\u015bwiadcze\u0144 Archiwum Uczelniane Politechniki Bia\u0142ostockiej uprawnione jest do wystawiania&nbsp;za\u015bwiadcze\u0144 o programowym toku\",\"breadcrumb\":{\"@id\":\"https:\/\/pb.edu.pl\/auich\/aktualnosci\/archiwum-uczelniane\/zaswiadczenia\/#breadcrumb\"},\"inLanguage\":\"pl-PL\",\"potentialAction\":[{\"@type\":\"ReadAction\",\"target\":[\"https:\/\/pb.edu.pl\/auich\/aktualnosci\/archiwum-uczelniane\/zaswiadczenia\/\"]}]},{\"@type\":\"BreadcrumbList\",\"@id\":\"https:\/\/pb.edu.pl\/auich\/aktualnosci\/archiwum-uczelniane\/zaswiadczenia\/#breadcrumb\",\"itemListElement\":[{\"@type\":\"ListItem\",\"position\":1,\"name\":\"Strona g\u0142\u00f3wna\",\"item\":\"https:\/\/pb.edu.pl\/auich\/\"},{\"@type\":\"ListItem\",\"position\":2,\"name\":\"Aktualno\u015bci\",\"item\":\"https:\/\/pb.edu.pl\/auich\/aktualnosci\/\"},{\"@type\":\"ListItem\",\"position\":3,\"name\":\"Archiwum Uczelniane\",\"item\":\"https:\/\/pb.edu.pl\/auich\/aktualnosci\/archiwum-uczelniane\/\"},{\"@type\":\"ListItem\",\"position\":4,\"name\":\"Za\u015bwiadczenia\"}]},{\"@type\":\"WebSite\",\"@id\":\"https:\/\/pb.edu.pl\/auich\/#website\",\"url\":\"https:\/\/pb.edu.pl\/auich\/\",\"name\":\"Archiwum Uczelniane i Centrum Historii PB\",\"description\":\"\",\"potentialAction\":[{\"@type\":\"SearchAction\",\"target\":{\"@type\":\"EntryPoint\",\"urlTemplate\":\"https:\/\/pb.edu.pl\/auich\/?s={search_term_string}\"},\"query-input\":{\"@type\":\"PropertyValueSpecification\",\"valueRequired\":true,\"valueName\":\"search_term_string\"}}],\"inLanguage\":\"pl-PL\"}]}<\/script>\n<!-- \/ Yoast SEO plugin. -->","yoast_head_json":{"title":"Za\u015bwiadczenia - Archiwum Uczelniane i Centrum Historii PB","description":"Zasady wydawania za\u015bwiadcze\u0144 Archiwum Uczelniane Politechniki Bia\u0142ostockiej uprawnione jest do wystawiania&nbsp;za\u015bwiadcze\u0144 o programowym toku","robots":{"index":"index","follow":"follow","max-snippet":"max-snippet:-1","max-image-preview":"max-image-preview:large","max-video-preview":"max-video-preview:-1"},"canonical":"https:\/\/pb.edu.pl\/auich\/aktualnosci\/archiwum-uczelniane\/zaswiadczenia\/","og_locale":"pl_PL","og_type":"article","og_title":"Za\u015bwiadczenia - Archiwum Uczelniane i Centrum Historii PB","og_description":"Zasady wydawania za\u015bwiadcze\u0144 Archiwum Uczelniane Politechniki Bia\u0142ostockiej uprawnione jest do wystawiania&nbsp;za\u015bwiadcze\u0144 o programowym toku","og_url":"https:\/\/pb.edu.pl\/auich\/aktualnosci\/archiwum-uczelniane\/zaswiadczenia\/","og_site_name":"Archiwum Uczelniane i Centrum Historii PB","article_modified_time":"2022-10-25T09:20:08+00:00","twitter_card":"summary_large_image","twitter_misc":{"Szacowany czas czytania":"1 minuta"},"schema":{"@context":"https:\/\/schema.org","@graph":[{"@type":"WebPage","@id":"https:\/\/pb.edu.pl\/auich\/aktualnosci\/archiwum-uczelniane\/zaswiadczenia\/","url":"https:\/\/pb.edu.pl\/auich\/aktualnosci\/archiwum-uczelniane\/zaswiadczenia\/","name":"Za\u015bwiadczenia - Archiwum Uczelniane i Centrum Historii PB","isPartOf":{"@id":"https:\/\/pb.edu.pl\/auich\/#website"},"datePublished":"2021-03-03T22:45:37+00:00","dateModified":"2022-10-25T09:20:08+00:00","description":"Zasady wydawania za\u015bwiadcze\u0144 Archiwum Uczelniane Politechniki Bia\u0142ostockiej uprawnione jest do wystawiania&nbsp;za\u015bwiadcze\u0144 o programowym toku","breadcrumb":{"@id":"https:\/\/pb.edu.pl\/auich\/aktualnosci\/archiwum-uczelniane\/zaswiadczenia\/#breadcrumb"},"inLanguage":"pl-PL","potentialAction":[{"@type":"ReadAction","target":["https:\/\/pb.edu.pl\/auich\/aktualnosci\/archiwum-uczelniane\/zaswiadczenia\/"]}]},{"@type":"BreadcrumbList","@id":"https:\/\/pb.edu.pl\/auich\/aktualnosci\/archiwum-uczelniane\/zaswiadczenia\/#breadcrumb","itemListElement":[{"@type":"ListItem","position":1,"name":"Strona g\u0142\u00f3wna","item":"https:\/\/pb.edu.pl\/auich\/"},{"@type":"ListItem","position":2,"name":"Aktualno\u015bci","item":"https:\/\/pb.edu.pl\/auich\/aktualnosci\/"},{"@type":"ListItem","position":3,"name":"Archiwum Uczelniane","item":"https:\/\/pb.edu.pl\/auich\/aktualnosci\/archiwum-uczelniane\/"},{"@type":"ListItem","position":4,"name":"Za\u015bwiadczenia"}]},{"@type":"WebSite","@id":"https:\/\/pb.edu.pl\/auich\/#website","url":"https:\/\/pb.edu.pl\/auich\/","name":"Archiwum Uczelniane i Centrum Historii PB","description":"","potentialAction":[{"@type":"SearchAction","target":{"@type":"EntryPoint","urlTemplate":"https:\/\/pb.edu.pl\/auich\/?s={search_term_string}"},"query-input":{"@type":"PropertyValueSpecification","valueRequired":true,"valueName":"search_term_string"}}],"inLanguage":"pl-PL"}]}},"_links":{"self":[{"href":"https:\/\/pb.edu.pl\/auich\/wp-json\/wp\/v2\/pages\/43","targetHints":{"allow":["GET"]}}],"collection":[{"href":"https:\/\/pb.edu.pl\/auich\/wp-json\/wp\/v2\/pages"}],"about":[{"href":"https:\/\/pb.edu.pl\/auich\/wp-json\/wp\/v2\/types\/page"}],"author":[{"embeddable":true,"href":"https:\/\/pb.edu.pl\/auich\/wp-json\/wp\/v2\/users\/2"}],"replies":[{"embeddable":true,"href":"https:\/\/pb.edu.pl\/auich\/wp-json\/wp\/v2\/comments?post=43"}],"version-history":[{"count":0,"href":"https:\/\/pb.edu.pl\/auich\/wp-json\/wp\/v2\/pages\/43\/revisions"}],"up":[{"embeddable":true,"href":"https:\/\/pb.edu.pl\/auich\/wp-json\/wp\/v2\/pages\/37"}],"wp:attachment":[{"href":"https:\/\/pb.edu.pl\/auich\/wp-json\/wp\/v2\/media?parent=43"}],"curies":[{"name":"wp","href":"https:\/\/api.w.org\/{rel}","templated":true}]}}