{"id":39,"date":"2021-03-03T23:43:21","date_gmt":"2021-03-03T22:43:21","guid":{"rendered":"https:\/\/pb.edu.pl\/auich\/?page_id=39"},"modified":"2022-01-25T12:46:09","modified_gmt":"2022-01-25T11:46:09","slug":"centrum-historii","status":"publish","type":"page","link":"https:\/\/pb.edu.pl\/auich\/centrum-historii\/","title":{"rendered":"Centrum Historii"},"content":{"rendered":"<p><a class=\"h1 color\" style=\"text-decoration: none\" title=\"Centrum Historii\" href=\"\/auich\/aktualnosci\/\">Aktualno\u015bci <i class=\"fa fa-caret-right\" aria-hidden=\"true\"><\/i><\/a><br \/>\n\t\t<div class=\"box news-box \">\n\t\t<div class=\"row\">\n\t\t\t\n\t\t\t\n\t\t\t\t\n\t\t\t\t\t\t\t\t\t\t<div class=\"col-sm-4\">\n\t\t\t\t\t\t\t\n<article class=\"format-standard\">\n    <span class=\"date text-right\"><i class=\"fal fa-calendar-alt\"><\/i> 20-03-2026<\/span>\n    <a href=\"https:\/\/pb.edu.pl\/auich\/2026\/03\/20\/dzien-otwarty-politechniki-bialostockiej-zapraszamy\/\">\n      <div class=\"article-image\">\n        <img loading=\"lazy\" decoding=\"async\" width=\"480\" height=\"300\" src=\"https:\/\/pb.edu.pl\/auich\/wp-content\/uploads\/sites\/63\/2026\/03\/2026-01-dzien-otwarty-centrum-historii-fb-1-480x300.jpg\" class=\"attachment-medium-image-16x10 size-medium-image-16x10 wp-post-image\" alt=\"\" \/>      <\/div>\n      <h3>100-letnia \u017car\u00f3wka, ta\u015bma perforowana i projekt robota do nauki programowania<\/h3>\n      Zapraszamy na Dzie\u0144 Otwarty Politechniki Bia\u0142ostockiej w Centrum Historii. Dowiesz si\u0119,    <\/a>\n<\/article>\t\t\t\t\t\t<\/div>\n\t\t\t\t\t\t\t\t\t\t\t<div class=\"col-sm-4\">\n\t\t\t\t\t\t\t\n<article class=\"format-standard\">\n    <span class=\"date text-right\"><i class=\"fal fa-calendar-alt\"><\/i> 31-10-2025<\/span>\n    <a href=\"https:\/\/pb.edu.pl\/auich\/2025\/10\/31\/magazyn-w-budynku-sigma\/\">\n      <div class=\"article-image\">\n        <img loading=\"lazy\" decoding=\"async\" width=\"480\" height=\"300\" src=\"https:\/\/pb.edu.pl\/auich\/wp-content\/uploads\/sites\/63\/2025\/10\/Sigma-magazyn-3-480x300.jpg\" class=\"attachment-medium-image-16x10 size-medium-image-16x10 wp-post-image\" alt=\"\" \/>      <\/div>\n      <h3>Nowy magazyn przy ul. Zwierzynieckiej 10<\/h3>\n      Mamy dodatkow\u0105 przestrze\u0144 do przechowywania! Nasz drugi magazyn sk\u0142ada si\u0119 z    <\/a>\n<\/article>\t\t\t\t\t\t<\/div>\n\t\t\t\t\t\t\t\t\t\t\t<div class=\"col-sm-4\">\n\t\t\t\t\t\t\t\n<article class=\"format-standard\">\n    <span class=\"date text-right\"><i class=\"fal fa-calendar-alt\"><\/i> 28-05-2025<\/span>\n    <a href=\"https:\/\/pb.edu.pl\/auich\/2025\/05\/28\/zapraszamy-2-czerwca\/\">\n      <div class=\"article-image\">\n        <img loading=\"lazy\" decoding=\"async\" width=\"480\" height=\"300\" src=\"https:\/\/pb.edu.pl\/auich\/wp-content\/uploads\/sites\/63\/2025\/05\/spotkania-archiwalne-2025-1-480x300.jpeg\" class=\"attachment-medium-image-16x10 size-medium-image-16x10 wp-post-image\" alt=\"\" \/>      <\/div>\n      <h3>29 i 30 maja - jeste\u015bmy  na spotkaniach archiwalnych w Toruniu<\/h3>\n      Informujemy, \u017ce w 29 i 30 maja (czwartek i pi\u0105tek) przebywamy    <\/a>\n<\/article>\t\t\t\t\t\t<\/div>\n\t\t\t\t\t\t\t\t\t\t\t<div class=\"col-sm-4\">\n\t\t\t\t\t\t\t\n<article class=\"format-standard\">\n    <span class=\"date text-right\"><i class=\"fal fa-calendar-alt\"><\/i> 27-03-2025<\/span>\n    <a href=\"https:\/\/pb.edu.pl\/auich\/2025\/03\/27\/wykrec-numer-i-przyjdz-do-centrum-historii\/\">\n      <div class=\"article-image\">\n        <img loading=\"lazy\" decoding=\"async\" width=\"480\" height=\"300\" src=\"https:\/\/pb.edu.pl\/auich\/wp-content\/uploads\/sites\/63\/2025\/03\/Kontakt-z-historia-Centrum-Historii-480x300.jpg\" class=\"attachment-medium-image-16x10 size-medium-image-16x10 wp-post-image\" alt=\"\" \/>      <\/div>\n      <h3>Pi\u0105tek, 28 marca Dzie\u0144 Otwarty <\/h3>\n      Jak i kiedy u\u017cywane jest ber\u0142o rektorskie? Czym jest analog \u0142azika    <\/a>\n<\/article>\t\t\t\t\t\t<\/div>\n\t\t\t\t\t\t\t\t\t\t\t<div class=\"col-sm-4\">\n\t\t\t\t\t\t\t\n<article class=\"format-standard\">\n    <span class=\"date text-right\"><i class=\"fal fa-calendar-alt\"><\/i> 31-10-2024<\/span>\n    <a href=\"https:\/\/pb.edu.pl\/auich\/2024\/10\/31\/rosliny-i-rzezby-otworzylismy-atrium-dydaktyczno-wystawiennicze\/\">\n      <div class=\"article-image\">\n        <img loading=\"lazy\" decoding=\"async\" width=\"480\" height=\"300\" src=\"https:\/\/pb.edu.pl\/auich\/wp-content\/uploads\/sites\/63\/2024\/10\/2024-10-15-atrium-dydaktyczno-wystawiennicze-fot-Dariusz-Piekut-16-480x300.jpg\" class=\"attachment-medium-image-16x10 size-medium-image-16x10 wp-post-image\" alt=\"\" srcset=\"https:\/\/pb.edu.pl\/auich\/wp-content\/uploads\/sites\/63\/2024\/10\/2024-10-15-atrium-dydaktyczno-wystawiennicze-fot-Dariusz-Piekut-16-480x300.jpg 480w, https:\/\/pb.edu.pl\/auich\/wp-content\/uploads\/sites\/63\/2024\/10\/2024-10-15-atrium-dydaktyczno-wystawiennicze-fot-Dariusz-Piekut-16-300x188.jpg 300w, https:\/\/pb.edu.pl\/auich\/wp-content\/uploads\/sites\/63\/2024\/10\/2024-10-15-atrium-dydaktyczno-wystawiennicze-fot-Dariusz-Piekut-16-1024x640.jpg 1024w, https:\/\/pb.edu.pl\/auich\/wp-content\/uploads\/sites\/63\/2024\/10\/2024-10-15-atrium-dydaktyczno-wystawiennicze-fot-Dariusz-Piekut-16-768x480.jpg 768w, https:\/\/pb.edu.pl\/auich\/wp-content\/uploads\/sites\/63\/2024\/10\/2024-10-15-atrium-dydaktyczno-wystawiennicze-fot-Dariusz-Piekut-16-1536x960.jpg 1536w, https:\/\/pb.edu.pl\/auich\/wp-content\/uploads\/sites\/63\/2024\/10\/2024-10-15-atrium-dydaktyczno-wystawiennicze-fot-Dariusz-Piekut-16.jpg 1800w\" sizes=\"auto, (max-width: 480px) 100vw, 480px\" \/>      <\/div>\n      <h3>Pomi\u0119dzy cz\u0119\u015bciami A i B WM posadzili\u015bmy mn\u00f3stwo bylin<\/h3>\n          <\/a>\n<\/article>\t\t\t\t\t\t<\/div>\n\t\t\t\t\t\t\t\t\t\t\t<div class=\"col-sm-4\">\n\t\t\t\t\t\t\t\n<article class=\"format-standard\">\n    <span class=\"date text-right\"><i class=\"fal fa-calendar-alt\"><\/i> 23-04-2024<\/span>\n    <a href=\"https:\/\/pb.edu.pl\/auich\/2024\/04\/23\/ogrody-dalekiego-wschodu-wystawa-czasowa\/\">\n      <div class=\"article-image\">\n        <img loading=\"lazy\" decoding=\"async\" width=\"480\" height=\"300\" src=\"https:\/\/pb.edu.pl\/auich\/wp-content\/uploads\/sites\/63\/2024\/04\/Ogrody_orient_CH-480x300.jpg\" class=\"attachment-medium-image-16x10 size-medium-image-16x10 wp-post-image\" alt=\"\" \/>      <\/div>\n      <h3>Wystawa wpisana w jubileusz kierunku Architektura Krajobrazu<\/h3>\n      Woda, kamienie i g\u0142azy, mostki i altanki, orientalna ziele\u0144 \u2013 z    <\/a>\n<\/article>\t\t\t\t\t\t<\/div>\n\t\t\t\t\t\t\t\t\t\t\t<div class=\"col-sm-4\">\n\t\t\t\t\t\t\t\n<article class=\"format-standard\">\n    <span class=\"date text-right\"><i class=\"fal fa-calendar-alt\"><\/i> 06-03-2024<\/span>\n    <a href=\"https:\/\/pb.edu.pl\/auich\/2024\/03\/06\/jubileusz-politechniki-bialostockiej-zapraszamy\/\">\n      <div class=\"article-image\">\n        <img loading=\"lazy\" decoding=\"async\" width=\"480\" height=\"300\" src=\"https:\/\/pb.edu.pl\/auich\/wp-content\/uploads\/sites\/63\/2024\/03\/2024-02-jubileusz-75-lecie-www-1080-675-480x300.jpg\" class=\"attachment-medium-image-16x10 size-medium-image-16x10 wp-post-image\" alt=\"\" srcset=\"https:\/\/pb.edu.pl\/auich\/wp-content\/uploads\/sites\/63\/2024\/03\/2024-02-jubileusz-75-lecie-www-1080-675-480x300.jpg 480w, https:\/\/pb.edu.pl\/auich\/wp-content\/uploads\/sites\/63\/2024\/03\/2024-02-jubileusz-75-lecie-www-1080-675-300x188.jpg 300w, https:\/\/pb.edu.pl\/auich\/wp-content\/uploads\/sites\/63\/2024\/03\/2024-02-jubileusz-75-lecie-www-1080-675-1024x640.jpg 1024w, https:\/\/pb.edu.pl\/auich\/wp-content\/uploads\/sites\/63\/2024\/03\/2024-02-jubileusz-75-lecie-www-1080-675-768x480.jpg 768w, https:\/\/pb.edu.pl\/auich\/wp-content\/uploads\/sites\/63\/2024\/03\/2024-02-jubileusz-75-lecie-www-1080-675.jpg 1080w\" sizes=\"auto, (max-width: 480px) 100vw, 480px\" \/>      <\/div>\n      <h3>W 2024 roku \u015bwi\u0119tujemy 75-lecie utworzenia naszej Uczelni... <\/h3>\n          <\/a>\n<\/article>\t\t\t\t\t\t<\/div>\n\t\t\t\t\t\t\t\t\t\t\t<div class=\"col-sm-4\">\n\t\t\t\t\t\t\t\n<article class=\"format-standard\">\n    <span class=\"date text-right\"><i class=\"fal fa-calendar-alt\"><\/i> 30-11-2023<\/span>\n    <a href=\"https:\/\/pb.edu.pl\/auich\/2023\/11\/30\/potrzeba-wiecej-inzynierow-nowa-wystawa-czasowa\/\">\n      <div class=\"article-image\">\n        <img loading=\"lazy\" decoding=\"async\" width=\"480\" height=\"300\" src=\"https:\/\/pb.edu.pl\/auich\/wp-content\/uploads\/sites\/63\/2023\/11\/Potrzeba-nam-inzynierow-25-lat-1-480x300.jpg\" class=\"attachment-medium-image-16x10 size-medium-image-16x10 wp-post-image\" alt=\"\" \/>      <\/div>\n      <h3>Zaproszenie do obejrzenia wystawy o pierwszych 25 latach dzia\u0142ania uczelni<\/h3>\n      Potrzeba nam in\u017cynier\u00f3w \u2013 to tytu\u0142 wystawy czasowej, kt\u00f3r\u0105 mo\u017cna ogl\u0105da\u0107    <\/a>\n<\/article>\t\t\t\t\t\t<\/div>\n\t\t\t\t\t\t\t\t\t\t\t<div class=\"col-sm-4\">\n\t\t\t\t\t\t\t\n<article class=\"format-standard\">\n    <span class=\"date text-right\"><i class=\"fal fa-calendar-alt\"><\/i> 17-10-2023<\/span>\n    <a href=\"https:\/\/pb.edu.pl\/auich\/2023\/10\/17\/podlasie-w-obiektywie-joanny-sidorowicz-zapraszamy\/\">\n      <div class=\"article-image\">\n        <img loading=\"lazy\" decoding=\"async\" width=\"480\" height=\"300\" src=\"https:\/\/pb.edu.pl\/auich\/wp-content\/uploads\/sites\/63\/2023\/10\/IMG_1231-480x300.jpg\" class=\"attachment-medium-image-16x10 size-medium-image-16x10 wp-post-image\" alt=\"\" \/>      <\/div>\n      <h3>19 pa\u017adziernika o godz. 11:00 otwarcie wystawy fotograficznej<\/h3>\n      Apiat na Podliaszszy \u2013 A\u043f\u044f\u0442\u044c \u043d\u0430 \u041f\u0443\u0434\u043b\u044f\u0448\u0448\u0443 \u2013 Znowu na Podlasiu,    <\/a>\n<\/article>\t\t\t\t\t\t<\/div>\n\t\t\t\t\t\t\t\t\t\t\t<div class=\"col-sm-4\">\n\t\t\t\t\t\t\t\n<article class=\"format-standard\">\n    <span class=\"date text-right\"><i class=\"fal fa-calendar-alt\"><\/i> 11-10-2023<\/span>\n    <a href=\"https:\/\/pb.edu.pl\/auich\/2023\/10\/11\/nowa-wystawa-czasowa-od-14-pazdziernika-do-obejrzenia-przed-cnk\/\">\n      <div class=\"article-image\">\n        <img loading=\"lazy\" decoding=\"async\" width=\"480\" height=\"300\" src=\"https:\/\/pb.edu.pl\/auich\/wp-content\/uploads\/sites\/63\/2023\/10\/2023-10-GRAFIKA-media-wystawa-inspirowane-puszcza-1080-675-A-1024x640-1-480x300.jpg\" class=\"attachment-medium-image-16x10 size-medium-image-16x10 wp-post-image\" alt=\"\" srcset=\"https:\/\/pb.edu.pl\/auich\/wp-content\/uploads\/sites\/63\/2023\/10\/2023-10-GRAFIKA-media-wystawa-inspirowane-puszcza-1080-675-A-1024x640-1-480x300.jpg 480w, https:\/\/pb.edu.pl\/auich\/wp-content\/uploads\/sites\/63\/2023\/10\/2023-10-GRAFIKA-media-wystawa-inspirowane-puszcza-1080-675-A-1024x640-1-300x188.jpg 300w, https:\/\/pb.edu.pl\/auich\/wp-content\/uploads\/sites\/63\/2023\/10\/2023-10-GRAFIKA-media-wystawa-inspirowane-puszcza-1080-675-A-1024x640-1-768x480.jpg 768w, https:\/\/pb.edu.pl\/auich\/wp-content\/uploads\/sites\/63\/2023\/10\/2023-10-GRAFIKA-media-wystawa-inspirowane-puszcza-1080-675-A-1024x640-1.jpg 1024w\" sizes=\"auto, (max-width: 480px) 100vw, 480px\" \/>      <\/div>\n      <h3>Zapraszamy do ogl\u0105dania rze\u017ab<\/h3>\n      W sobot\u0119, 14 pa\u017adziernika w samo po\u0142udnie przed Centrum Nowoczesnego Kszta\u0142cenia    <\/a>\n<\/article>\t\t\t\t\t\t<\/div>\n\t\t\t\t\t\t\t\t\t\t\t<div class=\"col-sm-4\">\n\t\t\t\t\t\t\t\n<article class=\"format-standard\">\n    <span class=\"date text-right\"><i class=\"fal fa-calendar-alt\"><\/i> 21-09-2023<\/span>\n    <a href=\"https:\/\/pb.edu.pl\/auich\/2023\/09\/21\/nowa-lokalizacja\/\">\n      <div class=\"article-image\">\n        <img loading=\"lazy\" decoding=\"async\" width=\"225\" height=\"300\" src=\"https:\/\/pb.edu.pl\/auich\/wp-content\/uploads\/sites\/63\/2023\/09\/380980020_867743781612619_4554782765950374641_n.jpg\" class=\"attachment-medium-image-16x10 size-medium-image-16x10 wp-post-image\" alt=\"\" srcset=\"https:\/\/pb.edu.pl\/auich\/wp-content\/uploads\/sites\/63\/2023\/09\/380980020_867743781612619_4554782765950374641_n.jpg 1500w, https:\/\/pb.edu.pl\/auich\/wp-content\/uploads\/sites\/63\/2023\/09\/380980020_867743781612619_4554782765950374641_n-225x300.jpg 225w, https:\/\/pb.edu.pl\/auich\/wp-content\/uploads\/sites\/63\/2023\/09\/380980020_867743781612619_4554782765950374641_n-768x1024.jpg 768w, https:\/\/pb.edu.pl\/auich\/wp-content\/uploads\/sites\/63\/2023\/09\/380980020_867743781612619_4554782765950374641_n-1152x1536.jpg 1152w\" sizes=\"auto, (max-width: 225px) 100vw, 225px\" \/>      <\/div>\n      <h3>227 i 229 na Wydziale Mechanicznym<\/h3>\n      Od 21 wrze\u015bnia pracujemy w pokojach 227 i 229 na pierwszym    <\/a>\n<\/article>\t\t\t\t\t\t<\/div>\n\t\t\t\t\t\t\t\t\t\t\t<div class=\"col-sm-4\">\n\t\t\t\t\t\t\t\n<article class=\"format-standard\">\n    <span class=\"date text-right\"><i class=\"fal fa-calendar-alt\"><\/i> 09-05-2023<\/span>\n    <a href=\"https:\/\/pb.edu.pl\/auich\/2023\/05\/09\/noc-muzeow-sobota-13-maja-2023-roku\/\">\n      <div class=\"article-image\">\n        <img loading=\"lazy\" decoding=\"async\" width=\"300\" height=\"300\" src=\"https:\/\/pb.edu.pl\/auich\/wp-content\/uploads\/sites\/63\/2023\/05\/noc-muzeow-grafika-wystawa-FB-Instagram-1080-1080-B-\u2014-kopia.jpg\" class=\"attachment-medium-image-16x10 size-medium-image-16x10 wp-post-image\" alt=\"\" srcset=\"https:\/\/pb.edu.pl\/auich\/wp-content\/uploads\/sites\/63\/2023\/05\/noc-muzeow-grafika-wystawa-FB-Instagram-1080-1080-B-\u2014-kopia.jpg 1080w, https:\/\/pb.edu.pl\/auich\/wp-content\/uploads\/sites\/63\/2023\/05\/noc-muzeow-grafika-wystawa-FB-Instagram-1080-1080-B-\u2014-kopia-300x300.jpg 300w, https:\/\/pb.edu.pl\/auich\/wp-content\/uploads\/sites\/63\/2023\/05\/noc-muzeow-grafika-wystawa-FB-Instagram-1080-1080-B-\u2014-kopia-1024x1024.jpg 1024w, https:\/\/pb.edu.pl\/auich\/wp-content\/uploads\/sites\/63\/2023\/05\/noc-muzeow-grafika-wystawa-FB-Instagram-1080-1080-B-\u2014-kopia-150x150.jpg 150w, https:\/\/pb.edu.pl\/auich\/wp-content\/uploads\/sites\/63\/2023\/05\/noc-muzeow-grafika-wystawa-FB-Instagram-1080-1080-B-\u2014-kopia-768x768.jpg 768w\" sizes=\"auto, (max-width: 300px) 100vw, 300px\" \/>      <\/div>\n      <h3>Od 19:00 do 22:00 mo\u017cna obejrze\u0107 Muzeum Politechniki Bia\u0142ostockiej <\/h3>\n      Tegoroczna Noc Muze\u00f3w w Centrum Historii Politechniki Bia\u0142ostockiej im. in\u017c. Miros\u0142awa    <\/a>\n<\/article>\t\t\t\t\t\t<\/div>\n\t\t\t\t\t\n\t\t\t\t\n\t\t\t\t\t<\/div>\n\t\t\n\t<nav class=\"navigation pagination\" aria-label=\"Stronicowanie wpis\u00f3w\">\n\t\t<h2 class=\"screen-reader-text\">Stronicowanie wpis\u00f3w<\/h2>\n\t\t<div class=\"nav-links\"><span aria-current=\"page\" class=\"page-numbers current\">1<\/span>\n<a class=\"page-numbers\" href=\"https:\/\/pb.edu.pl\/auich\/wp-json\/wp\/v2\/pages\/39\/page\/2\/\">2<\/a>\n<a class=\"next page-numbers\" href=\"https:\/\/pb.edu.pl\/auich\/wp-json\/wp\/v2\/pages\/39\/page\/2\/\">Nast\u0119pne<\/a><\/div>\n\t<\/nav>\t\t\t<\/div>\n\n&nbsp;<\/p>\n","protected":false},"excerpt":{"rendered":"<p>Aktualno\u015bci &nbsp;<\/p>\n","protected":false},"author":2,"featured_media":0,"parent":0,"menu_order":2,"comment_status":"closed","ping_status":"closed","template":"","meta":{"_acf_changed":false,"ngg_post_thumbnail":0,"footnotes":""},"class_list":["post-39","page","type-page","status-publish","hentry"],"acf":[],"yoast_head":"<!-- This site is optimized with the Yoast SEO plugin v27.0 - https:\/\/yoast.com\/product\/yoast-seo-wordpress\/ -->\n<title>Centrum Historii - Archiwum Uczelniane i Centrum Historii PB<\/title>\n<meta name=\"description\" content=\"Aktualno\u015bci   &nbsp;\" \/>\n<meta name=\"robots\" content=\"index, follow, max-snippet:-1, max-image-preview:large, max-video-preview:-1\" \/>\n<link rel=\"canonical\" href=\"https:\/\/pb.edu.pl\/auich\/centrum-historii\/\" \/>\n<meta property=\"og:locale\" content=\"pl_PL\" \/>\n<meta property=\"og:type\" content=\"article\" \/>\n<meta property=\"og:title\" content=\"Centrum Historii - Archiwum Uczelniane i Centrum Historii PB\" \/>\n<meta property=\"og:description\" content=\"Aktualno\u015bci   &nbsp;\" \/>\n<meta property=\"og:url\" content=\"https:\/\/pb.edu.pl\/auich\/centrum-historii\/\" \/>\n<meta property=\"og:site_name\" content=\"Archiwum Uczelniane i Centrum Historii PB\" \/>\n<meta property=\"article:modified_time\" content=\"2022-01-25T11:46:09+00:00\" \/>\n<meta name=\"twitter:card\" content=\"summary_large_image\" \/>\n<script type=\"application\/ld+json\" class=\"yoast-schema-graph\">{\"@context\":\"https:\/\/schema.org\",\"@graph\":[{\"@type\":\"WebPage\",\"@id\":\"https:\/\/pb.edu.pl\/auich\/centrum-historii\/\",\"url\":\"https:\/\/pb.edu.pl\/auich\/centrum-historii\/\",\"name\":\"Centrum Historii - Archiwum Uczelniane i Centrum Historii PB\",\"isPartOf\":{\"@id\":\"https:\/\/pb.edu.pl\/auich\/#website\"},\"datePublished\":\"2021-03-03T22:43:21+00:00\",\"dateModified\":\"2022-01-25T11:46:09+00:00\",\"description\":\"Aktualno\u015bci &nbsp;\",\"breadcrumb\":{\"@id\":\"https:\/\/pb.edu.pl\/auich\/centrum-historii\/#breadcrumb\"},\"inLanguage\":\"pl-PL\",\"potentialAction\":[{\"@type\":\"ReadAction\",\"target\":[\"https:\/\/pb.edu.pl\/auich\/centrum-historii\/\"]}]},{\"@type\":\"BreadcrumbList\",\"@id\":\"https:\/\/pb.edu.pl\/auich\/centrum-historii\/#breadcrumb\",\"itemListElement\":[{\"@type\":\"ListItem\",\"position\":1,\"name\":\"Strona g\u0142\u00f3wna\",\"item\":\"https:\/\/pb.edu.pl\/auich\/\"},{\"@type\":\"ListItem\",\"position\":2,\"name\":\"Centrum Historii\"}]},{\"@type\":\"WebSite\",\"@id\":\"https:\/\/pb.edu.pl\/auich\/#website\",\"url\":\"https:\/\/pb.edu.pl\/auich\/\",\"name\":\"Archiwum Uczelniane i Centrum Historii PB\",\"description\":\"\",\"potentialAction\":[{\"@type\":\"SearchAction\",\"target\":{\"@type\":\"EntryPoint\",\"urlTemplate\":\"https:\/\/pb.edu.pl\/auich\/?s={search_term_string}\"},\"query-input\":{\"@type\":\"PropertyValueSpecification\",\"valueRequired\":true,\"valueName\":\"search_term_string\"}}],\"inLanguage\":\"pl-PL\"}]}<\/script>\n<!-- \/ Yoast SEO plugin. -->","yoast_head_json":{"title":"Centrum Historii - Archiwum Uczelniane i Centrum Historii PB","description":"Aktualno\u015bci   &nbsp;","robots":{"index":"index","follow":"follow","max-snippet":"max-snippet:-1","max-image-preview":"max-image-preview:large","max-video-preview":"max-video-preview:-1"},"canonical":"https:\/\/pb.edu.pl\/auich\/centrum-historii\/","og_locale":"pl_PL","og_type":"article","og_title":"Centrum Historii - Archiwum Uczelniane i Centrum Historii PB","og_description":"Aktualno\u015bci   &nbsp;","og_url":"https:\/\/pb.edu.pl\/auich\/centrum-historii\/","og_site_name":"Archiwum Uczelniane i Centrum Historii PB","article_modified_time":"2022-01-25T11:46:09+00:00","twitter_card":"summary_large_image","schema":{"@context":"https:\/\/schema.org","@graph":[{"@type":"WebPage","@id":"https:\/\/pb.edu.pl\/auich\/centrum-historii\/","url":"https:\/\/pb.edu.pl\/auich\/centrum-historii\/","name":"Centrum Historii - Archiwum Uczelniane i Centrum Historii PB","isPartOf":{"@id":"https:\/\/pb.edu.pl\/auich\/#website"},"datePublished":"2021-03-03T22:43:21+00:00","dateModified":"2022-01-25T11:46:09+00:00","description":"Aktualno\u015bci &nbsp;","breadcrumb":{"@id":"https:\/\/pb.edu.pl\/auich\/centrum-historii\/#breadcrumb"},"inLanguage":"pl-PL","potentialAction":[{"@type":"ReadAction","target":["https:\/\/pb.edu.pl\/auich\/centrum-historii\/"]}]},{"@type":"BreadcrumbList","@id":"https:\/\/pb.edu.pl\/auich\/centrum-historii\/#breadcrumb","itemListElement":[{"@type":"ListItem","position":1,"name":"Strona g\u0142\u00f3wna","item":"https:\/\/pb.edu.pl\/auich\/"},{"@type":"ListItem","position":2,"name":"Centrum Historii"}]},{"@type":"WebSite","@id":"https:\/\/pb.edu.pl\/auich\/#website","url":"https:\/\/pb.edu.pl\/auich\/","name":"Archiwum Uczelniane i Centrum Historii PB","description":"","potentialAction":[{"@type":"SearchAction","target":{"@type":"EntryPoint","urlTemplate":"https:\/\/pb.edu.pl\/auich\/?s={search_term_string}"},"query-input":{"@type":"PropertyValueSpecification","valueRequired":true,"valueName":"search_term_string"}}],"inLanguage":"pl-PL"}]}},"_links":{"self":[{"href":"https:\/\/pb.edu.pl\/auich\/wp-json\/wp\/v2\/pages\/39","targetHints":{"allow":["GET"]}}],"collection":[{"href":"https:\/\/pb.edu.pl\/auich\/wp-json\/wp\/v2\/pages"}],"about":[{"href":"https:\/\/pb.edu.pl\/auich\/wp-json\/wp\/v2\/types\/page"}],"author":[{"embeddable":true,"href":"https:\/\/pb.edu.pl\/auich\/wp-json\/wp\/v2\/users\/2"}],"replies":[{"embeddable":true,"href":"https:\/\/pb.edu.pl\/auich\/wp-json\/wp\/v2\/comments?post=39"}],"version-history":[{"count":0,"href":"https:\/\/pb.edu.pl\/auich\/wp-json\/wp\/v2\/pages\/39\/revisions"}],"wp:attachment":[{"href":"https:\/\/pb.edu.pl\/auich\/wp-json\/wp\/v2\/media?parent=39"}],"curies":[{"name":"wp","href":"https:\/\/api.w.org\/{rel}","templated":true}]}}