{"id":37,"date":"2021-03-03T23:43:01","date_gmt":"2021-03-03T22:43:01","guid":{"rendered":"https:\/\/pb.edu.pl\/auich\/?page_id=37"},"modified":"2022-02-27T19:52:14","modified_gmt":"2022-02-27T18:52:14","slug":"archiwum-uczelniane","status":"publish","type":"page","link":"https:\/\/pb.edu.pl\/auich\/aktualnosci\/archiwum-uczelniane\/","title":{"rendered":"Archiwum Uczelniane"},"content":{"rendered":"<p><a class=\"h1 color\" style=\"text-decoration: none\" title=\"Archiwum Uczelniane\" href=\"\/auich\/aktualnosci\/\">Aktualno\u015bci <i class=\"fa fa-caret-right\" aria-hidden=\"true\"><\/i><\/a><br \/>\n\t\t<div class=\"box news-box \">\n\t\t<div class=\"row\">\n\t\t\t\n\t\t\t\n\t\t\t\t\n\t\t\t\t\t\t\t\t\t\t<div class=\"col-sm-3\">\n\t\t\t\t\t\t\t\n<article class=\"format-standard\">\n    <span class=\"date text-right\"><i class=\"fal fa-calendar-alt\"><\/i> 31-10-2025<\/span>\n    <a href=\"https:\/\/pb.edu.pl\/auich\/2025\/10\/31\/magazyn-w-budynku-sigma\/\">\n      <div class=\"article-image\">\n        <img loading=\"lazy\" decoding=\"async\" width=\"480\" height=\"300\" src=\"https:\/\/pb.edu.pl\/auich\/wp-content\/uploads\/sites\/63\/2025\/10\/Sigma-magazyn-3-480x300.jpg\" class=\"attachment-medium-image-16x10 size-medium-image-16x10 wp-post-image\" alt=\"\" \/>      <\/div>\n      <h3>Nowy magazyn przy ul. Zwierzynieckiej 10<\/h3>\n      Mamy dodatkow\u0105 przestrze\u0144 do przechowywania! Nasz drugi magazyn sk\u0142ada si\u0119 z    <\/a>\n<\/article>\t\t\t\t\t\t<\/div>\n\t\t\t\t\t\t\t\t\t\t\t<div class=\"col-sm-3\">\n\t\t\t\t\t\t\t\n<article class=\"format-standard\">\n    <span class=\"date text-right\"><i class=\"fal fa-calendar-alt\"><\/i> 16-10-2025<\/span>\n    <a href=\"https:\/\/pb.edu.pl\/auich\/2025\/10\/16\/przedstawicielki-archiwum-uczelnianego-i-centrum-historii-pb-odwiedzily-university-of-tartu-estonia\/\">\n      <div class=\"article-image\">\n        <img loading=\"lazy\" decoding=\"async\" width=\"480\" height=\"300\" src=\"https:\/\/pb.edu.pl\/auich\/wp-content\/uploads\/sites\/63\/2026\/01\/Tartu-wizyta-480x300.jpg\" class=\"attachment-medium-image-16x10 size-medium-image-16x10 wp-post-image\" alt=\"\" \/>      <\/div>\n      <h3>Go\u015bci\u0142y\u015bmy w Tartu<\/h3>\n      Zwiedzia\u0142y\u015bmy muzeum, bibliotek\u0119 i obserwatorium astronomiczne najstarszej esto\u0144skiej uczelni    <\/a>\n<\/article>\t\t\t\t\t\t<\/div>\n\t\t\t\t\t\t\t\t\t\t\t<div class=\"col-sm-3\">\n\t\t\t\t\t\t\t\n<article class=\"format-standard\">\n    <span class=\"date text-right\"><i class=\"fal fa-calendar-alt\"><\/i> 28-05-2025<\/span>\n    <a href=\"https:\/\/pb.edu.pl\/auich\/2025\/05\/28\/zapraszamy-2-czerwca\/\">\n      <div class=\"article-image\">\n        <img loading=\"lazy\" decoding=\"async\" width=\"480\" height=\"300\" src=\"https:\/\/pb.edu.pl\/auich\/wp-content\/uploads\/sites\/63\/2025\/05\/spotkania-archiwalne-2025-1-480x300.jpeg\" class=\"attachment-medium-image-16x10 size-medium-image-16x10 wp-post-image\" alt=\"\" \/>      <\/div>\n      <h3>29 i 30 maja - jeste\u015bmy  na spotkaniach archiwalnych w Toruniu<\/h3>\n      Informujemy, \u017ce w 29 i 30 maja (czwartek i pi\u0105tek) przebywamy    <\/a>\n<\/article>\t\t\t\t\t\t<\/div>\n\t\t\t\t\t\t\t\t\t\t\t<div class=\"col-sm-3\">\n\t\t\t\t\t\t\t\n<article class=\"format-standard\">\n    <span class=\"date text-right\"><i class=\"fal fa-calendar-alt\"><\/i> 14-03-2025<\/span>\n    <a href=\"https:\/\/pb.edu.pl\/auich\/2025\/03\/14\/spotkanie-archiwistow-bialostockich-uczelni\/\">\n      <div class=\"article-image\">\n        <img loading=\"lazy\" decoding=\"async\" width=\"480\" height=\"300\" src=\"https:\/\/pb.edu.pl\/auich\/wp-content\/uploads\/sites\/63\/2025\/03\/Dobre-praktyki-14.03.2025-480x300.jpg\" class=\"attachment-medium-image-16x10 size-medium-image-16x10 wp-post-image\" alt=\"\" \/>      <\/div>\n      <h3>Dobre praktyki archiwalne<\/h3>\n      W czwartek, 13 marca odby\u0142o si\u0119 pierwsze spotkanie os\u00f3b zajmuj\u0105cych si\u0119    <\/a>\n<\/article>\t\t\t\t\t\t<\/div>\n\t\t\t\t\t\n\t\t\t\t\n\t\t\t\t\t<\/div>\n\t\t\t\t\t<\/div>\n\n&nbsp;<\/p>\n<p>&nbsp;<\/p>\n","protected":false},"excerpt":{"rendered":"<p>Aktualno\u015bci &nbsp; &nbsp;<\/p>\n","protected":false},"author":2,"featured_media":0,"parent":34,"menu_order":1,"comment_status":"closed","ping_status":"closed","template":"","meta":{"_acf_changed":false,"ngg_post_thumbnail":0,"footnotes":""},"class_list":["post-37","page","type-page","status-publish","hentry"],"acf":[],"yoast_head":"<!-- This site is optimized with the Yoast SEO plugin v27.0 - https:\/\/yoast.com\/product\/yoast-seo-wordpress\/ -->\n<title>Archiwum Uczelniane - Archiwum Uczelniane i Centrum Historii PB<\/title>\n<meta name=\"description\" content=\"Aktualno\u015bci   &nbsp;  &nbsp;\" \/>\n<meta name=\"robots\" content=\"index, follow, max-snippet:-1, max-image-preview:large, max-video-preview:-1\" \/>\n<link rel=\"canonical\" href=\"https:\/\/pb.edu.pl\/auich\/aktualnosci\/archiwum-uczelniane\/\" \/>\n<meta property=\"og:locale\" content=\"pl_PL\" \/>\n<meta property=\"og:type\" content=\"article\" \/>\n<meta property=\"og:title\" content=\"Archiwum Uczelniane - Archiwum Uczelniane i Centrum Historii PB\" \/>\n<meta property=\"og:description\" content=\"Aktualno\u015bci   &nbsp;  &nbsp;\" \/>\n<meta property=\"og:url\" content=\"https:\/\/pb.edu.pl\/auich\/aktualnosci\/archiwum-uczelniane\/\" \/>\n<meta property=\"og:site_name\" content=\"Archiwum Uczelniane i Centrum Historii PB\" \/>\n<meta property=\"article:modified_time\" content=\"2022-02-27T18:52:14+00:00\" \/>\n<meta name=\"twitter:card\" content=\"summary_large_image\" \/>\n<script type=\"application\/ld+json\" class=\"yoast-schema-graph\">{\"@context\":\"https:\/\/schema.org\",\"@graph\":[{\"@type\":\"WebPage\",\"@id\":\"https:\/\/pb.edu.pl\/auich\/aktualnosci\/archiwum-uczelniane\/\",\"url\":\"https:\/\/pb.edu.pl\/auich\/aktualnosci\/archiwum-uczelniane\/\",\"name\":\"Archiwum Uczelniane - Archiwum Uczelniane i Centrum Historii PB\",\"isPartOf\":{\"@id\":\"https:\/\/pb.edu.pl\/auich\/#website\"},\"datePublished\":\"2021-03-03T22:43:01+00:00\",\"dateModified\":\"2022-02-27T18:52:14+00:00\",\"description\":\"Aktualno\u015bci &nbsp; &nbsp;\",\"breadcrumb\":{\"@id\":\"https:\/\/pb.edu.pl\/auich\/aktualnosci\/archiwum-uczelniane\/#breadcrumb\"},\"inLanguage\":\"pl-PL\",\"potentialAction\":[{\"@type\":\"ReadAction\",\"target\":[\"https:\/\/pb.edu.pl\/auich\/aktualnosci\/archiwum-uczelniane\/\"]}]},{\"@type\":\"BreadcrumbList\",\"@id\":\"https:\/\/pb.edu.pl\/auich\/aktualnosci\/archiwum-uczelniane\/#breadcrumb\",\"itemListElement\":[{\"@type\":\"ListItem\",\"position\":1,\"name\":\"Strona g\u0142\u00f3wna\",\"item\":\"https:\/\/pb.edu.pl\/auich\/\"},{\"@type\":\"ListItem\",\"position\":2,\"name\":\"Aktualno\u015bci\",\"item\":\"https:\/\/pb.edu.pl\/auich\/aktualnosci\/\"},{\"@type\":\"ListItem\",\"position\":3,\"name\":\"Archiwum Uczelniane\"}]},{\"@type\":\"WebSite\",\"@id\":\"https:\/\/pb.edu.pl\/auich\/#website\",\"url\":\"https:\/\/pb.edu.pl\/auich\/\",\"name\":\"Archiwum Uczelniane i Centrum Historii PB\",\"description\":\"\",\"potentialAction\":[{\"@type\":\"SearchAction\",\"target\":{\"@type\":\"EntryPoint\",\"urlTemplate\":\"https:\/\/pb.edu.pl\/auich\/?s={search_term_string}\"},\"query-input\":{\"@type\":\"PropertyValueSpecification\",\"valueRequired\":true,\"valueName\":\"search_term_string\"}}],\"inLanguage\":\"pl-PL\"}]}<\/script>\n<!-- \/ Yoast SEO plugin. -->","yoast_head_json":{"title":"Archiwum Uczelniane - Archiwum Uczelniane i Centrum Historii PB","description":"Aktualno\u015bci   &nbsp;  &nbsp;","robots":{"index":"index","follow":"follow","max-snippet":"max-snippet:-1","max-image-preview":"max-image-preview:large","max-video-preview":"max-video-preview:-1"},"canonical":"https:\/\/pb.edu.pl\/auich\/aktualnosci\/archiwum-uczelniane\/","og_locale":"pl_PL","og_type":"article","og_title":"Archiwum Uczelniane - Archiwum Uczelniane i Centrum Historii PB","og_description":"Aktualno\u015bci   &nbsp;  &nbsp;","og_url":"https:\/\/pb.edu.pl\/auich\/aktualnosci\/archiwum-uczelniane\/","og_site_name":"Archiwum Uczelniane i Centrum Historii PB","article_modified_time":"2022-02-27T18:52:14+00:00","twitter_card":"summary_large_image","schema":{"@context":"https:\/\/schema.org","@graph":[{"@type":"WebPage","@id":"https:\/\/pb.edu.pl\/auich\/aktualnosci\/archiwum-uczelniane\/","url":"https:\/\/pb.edu.pl\/auich\/aktualnosci\/archiwum-uczelniane\/","name":"Archiwum Uczelniane - Archiwum Uczelniane i Centrum Historii PB","isPartOf":{"@id":"https:\/\/pb.edu.pl\/auich\/#website"},"datePublished":"2021-03-03T22:43:01+00:00","dateModified":"2022-02-27T18:52:14+00:00","description":"Aktualno\u015bci &nbsp; &nbsp;","breadcrumb":{"@id":"https:\/\/pb.edu.pl\/auich\/aktualnosci\/archiwum-uczelniane\/#breadcrumb"},"inLanguage":"pl-PL","potentialAction":[{"@type":"ReadAction","target":["https:\/\/pb.edu.pl\/auich\/aktualnosci\/archiwum-uczelniane\/"]}]},{"@type":"BreadcrumbList","@id":"https:\/\/pb.edu.pl\/auich\/aktualnosci\/archiwum-uczelniane\/#breadcrumb","itemListElement":[{"@type":"ListItem","position":1,"name":"Strona g\u0142\u00f3wna","item":"https:\/\/pb.edu.pl\/auich\/"},{"@type":"ListItem","position":2,"name":"Aktualno\u015bci","item":"https:\/\/pb.edu.pl\/auich\/aktualnosci\/"},{"@type":"ListItem","position":3,"name":"Archiwum Uczelniane"}]},{"@type":"WebSite","@id":"https:\/\/pb.edu.pl\/auich\/#website","url":"https:\/\/pb.edu.pl\/auich\/","name":"Archiwum Uczelniane i Centrum Historii PB","description":"","potentialAction":[{"@type":"SearchAction","target":{"@type":"EntryPoint","urlTemplate":"https:\/\/pb.edu.pl\/auich\/?s={search_term_string}"},"query-input":{"@type":"PropertyValueSpecification","valueRequired":true,"valueName":"search_term_string"}}],"inLanguage":"pl-PL"}]}},"_links":{"self":[{"href":"https:\/\/pb.edu.pl\/auich\/wp-json\/wp\/v2\/pages\/37","targetHints":{"allow":["GET"]}}],"collection":[{"href":"https:\/\/pb.edu.pl\/auich\/wp-json\/wp\/v2\/pages"}],"about":[{"href":"https:\/\/pb.edu.pl\/auich\/wp-json\/wp\/v2\/types\/page"}],"author":[{"embeddable":true,"href":"https:\/\/pb.edu.pl\/auich\/wp-json\/wp\/v2\/users\/2"}],"replies":[{"embeddable":true,"href":"https:\/\/pb.edu.pl\/auich\/wp-json\/wp\/v2\/comments?post=37"}],"version-history":[{"count":0,"href":"https:\/\/pb.edu.pl\/auich\/wp-json\/wp\/v2\/pages\/37\/revisions"}],"up":[{"embeddable":true,"href":"https:\/\/pb.edu.pl\/auich\/wp-json\/wp\/v2\/pages\/34"}],"wp:attachment":[{"href":"https:\/\/pb.edu.pl\/auich\/wp-json\/wp\/v2\/media?parent=37"}],"curies":[{"name":"wp","href":"https:\/\/api.w.org\/{rel}","templated":true}]}}