{"id":34,"date":"2021-03-03T23:41:08","date_gmt":"2021-03-03T22:41:08","guid":{"rendered":"https:\/\/pb.edu.pl\/auich\/?page_id=34"},"modified":"2021-03-12T20:11:56","modified_gmt":"2021-03-12T19:11:56","slug":"aktualnosci","status":"publish","type":"page","link":"https:\/\/pb.edu.pl\/auich\/aktualnosci\/","title":{"rendered":"Aktualno\u015bci"},"content":{"rendered":"\t\t<div class=\"box news-box \">\n\t\t<div class=\"row\">\n\t\t\t\n\t\t\t\n\t\t\t\t\n\t\t\t\t\t\t\t\t\t\t<div class=\"col-sm-3\">\n\t\t\t\t\t\t\t\n<article class=\"format-standard\">\n    <span class=\"date text-right\"><i class=\"fal fa-calendar-alt\"><\/i> 20-03-2026<\/span>\n    <a href=\"https:\/\/pb.edu.pl\/auich\/2026\/03\/20\/dzien-otwarty-politechniki-bialostockiej-zapraszamy\/\">\n      <div class=\"article-image\">\n        <img loading=\"lazy\" decoding=\"async\" width=\"480\" height=\"300\" src=\"https:\/\/pb.edu.pl\/auich\/wp-content\/uploads\/sites\/63\/2026\/03\/2026-01-dzien-otwarty-centrum-historii-fb-1-480x300.jpg\" class=\"attachment-medium-image-16x10 size-medium-image-16x10 wp-post-image\" alt=\"\" \/>      <\/div>\n      <h3>100-letnia \u017car\u00f3wka, ta\u015bma perforowana i projekt robota do nauki programowania<\/h3>\n      Zapraszamy na Dzie\u0144 Otwarty Politechniki Bia\u0142ostockiej w Centrum Historii. Dowiesz si\u0119,    <\/a>\n<\/article>\t\t\t\t\t\t<\/div>\n\t\t\t\t\t\t\t\t\t\t\t<div class=\"col-sm-3\">\n\t\t\t\t\t\t\t\n<article class=\"format-standard\">\n    <span class=\"date text-right\"><i class=\"fal fa-calendar-alt\"><\/i> 12-12-2025<\/span>\n    <a href=\"https:\/\/pb.edu.pl\/auich\/2025\/12\/12\/jubileusz-75-lecia-akademickiego-zwiazku-sportowego-azs\/\">\n      <div class=\"article-image\">\n        <img loading=\"lazy\" decoding=\"async\" width=\"480\" height=\"300\" src=\"https:\/\/pb.edu.pl\/auich\/wp-content\/uploads\/sites\/63\/2025\/12\/4c17e160-0f5e-4998-9629-bb39c795b8cc-480x300.jpg\" class=\"attachment-medium-image-16x10 size-medium-image-16x10 wp-post-image\" alt=\"\" \/>      <\/div>\n      <h3>Gala 75-lecia AZS<\/h3>\n      Nasze Centrum Historii wsp\u00f3\u0142organizowa\u0142o wystaw\u0119 po\u015bwi\u0119con\u0105 75-leciu Akademickiego Zwi\u0105zku Sportowego w    <\/a>\n<\/article>\t\t\t\t\t\t<\/div>\n\t\t\t\t\t\t\t\t\t\t\t<div class=\"col-sm-3\">\n\t\t\t\t\t\t\t\n<article class=\"format-standard\">\n    <span class=\"date text-right\"><i class=\"fal fa-calendar-alt\"><\/i> 31-10-2025<\/span>\n    <a href=\"https:\/\/pb.edu.pl\/auich\/2025\/10\/31\/magazyn-w-budynku-sigma\/\">\n      <div class=\"article-image\">\n        <img loading=\"lazy\" decoding=\"async\" width=\"480\" height=\"300\" src=\"https:\/\/pb.edu.pl\/auich\/wp-content\/uploads\/sites\/63\/2025\/10\/Sigma-magazyn-3-480x300.jpg\" class=\"attachment-medium-image-16x10 size-medium-image-16x10 wp-post-image\" alt=\"\" \/>      <\/div>\n      <h3>Nowy magazyn przy ul. Zwierzynieckiej 10<\/h3>\n      Mamy dodatkow\u0105 przestrze\u0144 do przechowywania! Nasz drugi magazyn sk\u0142ada si\u0119 z    <\/a>\n<\/article>\t\t\t\t\t\t<\/div>\n\t\t\t\t\t\t\t\t\t\t\t<div class=\"col-sm-3\">\n\t\t\t\t\t\t\t\n<article class=\"format-standard\">\n    <span class=\"date text-right\"><i class=\"fal fa-calendar-alt\"><\/i> 16-10-2025<\/span>\n    <a href=\"https:\/\/pb.edu.pl\/auich\/2025\/10\/16\/przedstawicielki-archiwum-uczelnianego-i-centrum-historii-pb-odwiedzily-university-of-tartu-estonia\/\">\n      <div class=\"article-image\">\n        <img loading=\"lazy\" decoding=\"async\" width=\"480\" height=\"300\" src=\"https:\/\/pb.edu.pl\/auich\/wp-content\/uploads\/sites\/63\/2026\/01\/Tartu-wizyta-480x300.jpg\" class=\"attachment-medium-image-16x10 size-medium-image-16x10 wp-post-image\" alt=\"\" \/>      <\/div>\n      <h3>Go\u015bci\u0142y\u015bmy w Tartu<\/h3>\n      Zwiedzia\u0142y\u015bmy muzeum, bibliotek\u0119 i obserwatorium astronomiczne najstarszej esto\u0144skiej uczelni    <\/a>\n<\/article>\t\t\t\t\t\t<\/div>\n\t\t\t\t\t\t\t\t\t\t\t<div class=\"col-sm-3\">\n\t\t\t\t\t\t\t\n<article class=\"format-standard\">\n    <span class=\"date text-right\"><i class=\"fal fa-calendar-alt\"><\/i> 28-05-2025<\/span>\n    <a href=\"https:\/\/pb.edu.pl\/auich\/2025\/05\/28\/zapraszamy-2-czerwca\/\">\n      <div class=\"article-image\">\n        <img loading=\"lazy\" decoding=\"async\" width=\"480\" height=\"300\" src=\"https:\/\/pb.edu.pl\/auich\/wp-content\/uploads\/sites\/63\/2025\/05\/spotkania-archiwalne-2025-1-480x300.jpeg\" class=\"attachment-medium-image-16x10 size-medium-image-16x10 wp-post-image\" alt=\"\" \/>      <\/div>\n      <h3>29 i 30 maja - jeste\u015bmy  na spotkaniach archiwalnych w Toruniu<\/h3>\n      Informujemy, \u017ce w 29 i 30 maja (czwartek i pi\u0105tek) przebywamy    <\/a>\n<\/article>\t\t\t\t\t\t<\/div>\n\t\t\t\t\t\t\t\t\t\t\t<div class=\"col-sm-3\">\n\t\t\t\t\t\t\t\n<article class=\"format-standard\">\n    <span class=\"date text-right\"><i class=\"fal fa-calendar-alt\"><\/i> 27-03-2025<\/span>\n    <a href=\"https:\/\/pb.edu.pl\/auich\/2025\/03\/27\/wykrec-numer-i-przyjdz-do-centrum-historii\/\">\n      <div class=\"article-image\">\n        <img loading=\"lazy\" decoding=\"async\" width=\"480\" height=\"300\" src=\"https:\/\/pb.edu.pl\/auich\/wp-content\/uploads\/sites\/63\/2025\/03\/Kontakt-z-historia-Centrum-Historii-480x300.jpg\" class=\"attachment-medium-image-16x10 size-medium-image-16x10 wp-post-image\" alt=\"\" \/>      <\/div>\n      <h3>Pi\u0105tek, 28 marca Dzie\u0144 Otwarty <\/h3>\n      Jak i kiedy u\u017cywane jest ber\u0142o rektorskie? Czym jest analog \u0142azika    <\/a>\n<\/article>\t\t\t\t\t\t<\/div>\n\t\t\t\t\t\t\t\t\t\t\t<div class=\"col-sm-3\">\n\t\t\t\t\t\t\t\n<article class=\"format-standard\">\n    <span class=\"date text-right\"><i class=\"fal fa-calendar-alt\"><\/i> 14-03-2025<\/span>\n    <a href=\"https:\/\/pb.edu.pl\/auich\/2025\/03\/14\/spotkanie-archiwistow-bialostockich-uczelni\/\">\n      <div class=\"article-image\">\n        <img loading=\"lazy\" decoding=\"async\" width=\"480\" height=\"300\" src=\"https:\/\/pb.edu.pl\/auich\/wp-content\/uploads\/sites\/63\/2025\/03\/Dobre-praktyki-14.03.2025-480x300.jpg\" class=\"attachment-medium-image-16x10 size-medium-image-16x10 wp-post-image\" alt=\"\" \/>      <\/div>\n      <h3>Dobre praktyki archiwalne<\/h3>\n      W czwartek, 13 marca odby\u0142o si\u0119 pierwsze spotkanie os\u00f3b zajmuj\u0105cych si\u0119    <\/a>\n<\/article>\t\t\t\t\t\t<\/div>\n\t\t\t\t\t\t\t\t\t\t\t<div class=\"col-sm-3\">\n\t\t\t\t\t\t\t\n<article class=\"format-standard\">\n    <span class=\"date text-right\"><i class=\"fal fa-calendar-alt\"><\/i> 25-11-2024<\/span>\n    <a href=\"https:\/\/pb.edu.pl\/auich\/2024\/11\/25\/https-pb-edu-pl-jubileuszpb-czy-w-bialymstoku-potrzebujemy-efektu-bilbao-otwarta-dyskusja-w-politechnice-bialostockiej\/\">\n      <div class=\"article-image\">\n        <img loading=\"lazy\" decoding=\"async\" width=\"480\" height=\"300\" src=\"https:\/\/pb.edu.pl\/auich\/wp-content\/uploads\/sites\/63\/2024\/11\/2024-11-grafika-www-seminarium-efekt-bilbao-1080-675-1-480x300-1.jpg\" class=\"attachment-medium-image-16x10 size-medium-image-16x10 wp-post-image\" alt=\"\" srcset=\"https:\/\/pb.edu.pl\/auich\/wp-content\/uploads\/sites\/63\/2024\/11\/2024-11-grafika-www-seminarium-efekt-bilbao-1080-675-1-480x300-1.jpg 480w, https:\/\/pb.edu.pl\/auich\/wp-content\/uploads\/sites\/63\/2024\/11\/2024-11-grafika-www-seminarium-efekt-bilbao-1080-675-1-480x300-1-300x188.jpg 300w\" sizes=\"auto, (max-width: 480px) 100vw, 480px\" \/>      <\/div>\n      <h3>Czy w Bia\u0142ymstoku potrzebujemy efektu Bilbao? Otwarta dyskusja w Politechnice Bia\u0142ostockiej.<\/h3>\n          <\/a>\n<\/article>\t\t\t\t\t\t<\/div>\n\t\t\t\t\t\n\t\t\t\t\n\t\t\t\t\t<\/div>\n\t\t\t\t\t<\/div>\n\n","protected":false},"excerpt":{"rendered":"","protected":false},"author":2,"featured_media":0,"parent":0,"menu_order":2,"comment_status":"closed","ping_status":"closed","template":"","meta":{"_acf_changed":false,"ngg_post_thumbnail":0,"footnotes":""},"class_list":["post-34","page","type-page","status-publish","hentry"],"acf":[],"yoast_head":"<!-- This site is optimized with the Yoast SEO plugin v27.0 - https:\/\/yoast.com\/product\/yoast-seo-wordpress\/ -->\n<title>Aktualno\u015bci - Archiwum Uczelniane i Centrum Historii PB<\/title>\n<meta name=\"robots\" content=\"index, follow, max-snippet:-1, max-image-preview:large, max-video-preview:-1\" \/>\n<link rel=\"canonical\" href=\"https:\/\/pb.edu.pl\/auich\/aktualnosci\/\" \/>\n<meta property=\"og:locale\" content=\"pl_PL\" \/>\n<meta property=\"og:type\" content=\"article\" \/>\n<meta property=\"og:title\" content=\"Aktualno\u015bci - Archiwum Uczelniane i Centrum Historii PB\" \/>\n<meta property=\"og:url\" content=\"https:\/\/pb.edu.pl\/auich\/aktualnosci\/\" \/>\n<meta property=\"og:site_name\" content=\"Archiwum Uczelniane i Centrum Historii PB\" \/>\n<meta property=\"article:modified_time\" content=\"2021-03-12T19:11:56+00:00\" \/>\n<meta name=\"twitter:card\" content=\"summary_large_image\" \/>\n<script type=\"application\/ld+json\" class=\"yoast-schema-graph\">{\"@context\":\"https:\/\/schema.org\",\"@graph\":[{\"@type\":\"WebPage\",\"@id\":\"https:\/\/pb.edu.pl\/auich\/aktualnosci\/\",\"url\":\"https:\/\/pb.edu.pl\/auich\/aktualnosci\/\",\"name\":\"Aktualno\u015bci - Archiwum Uczelniane i Centrum Historii PB\",\"isPartOf\":{\"@id\":\"https:\/\/pb.edu.pl\/auich\/#website\"},\"datePublished\":\"2021-03-03T22:41:08+00:00\",\"dateModified\":\"2021-03-12T19:11:56+00:00\",\"breadcrumb\":{\"@id\":\"https:\/\/pb.edu.pl\/auich\/aktualnosci\/#breadcrumb\"},\"inLanguage\":\"pl-PL\",\"potentialAction\":[{\"@type\":\"ReadAction\",\"target\":[\"https:\/\/pb.edu.pl\/auich\/aktualnosci\/\"]}]},{\"@type\":\"BreadcrumbList\",\"@id\":\"https:\/\/pb.edu.pl\/auich\/aktualnosci\/#breadcrumb\",\"itemListElement\":[{\"@type\":\"ListItem\",\"position\":1,\"name\":\"Strona g\u0142\u00f3wna\",\"item\":\"https:\/\/pb.edu.pl\/auich\/\"},{\"@type\":\"ListItem\",\"position\":2,\"name\":\"Aktualno\u015bci\"}]},{\"@type\":\"WebSite\",\"@id\":\"https:\/\/pb.edu.pl\/auich\/#website\",\"url\":\"https:\/\/pb.edu.pl\/auich\/\",\"name\":\"Archiwum Uczelniane i Centrum Historii PB\",\"description\":\"\",\"potentialAction\":[{\"@type\":\"SearchAction\",\"target\":{\"@type\":\"EntryPoint\",\"urlTemplate\":\"https:\/\/pb.edu.pl\/auich\/?s={search_term_string}\"},\"query-input\":{\"@type\":\"PropertyValueSpecification\",\"valueRequired\":true,\"valueName\":\"search_term_string\"}}],\"inLanguage\":\"pl-PL\"}]}<\/script>\n<!-- \/ Yoast SEO plugin. -->","yoast_head_json":{"title":"Aktualno\u015bci - Archiwum Uczelniane i Centrum Historii PB","robots":{"index":"index","follow":"follow","max-snippet":"max-snippet:-1","max-image-preview":"max-image-preview:large","max-video-preview":"max-video-preview:-1"},"canonical":"https:\/\/pb.edu.pl\/auich\/aktualnosci\/","og_locale":"pl_PL","og_type":"article","og_title":"Aktualno\u015bci - Archiwum Uczelniane i Centrum Historii PB","og_url":"https:\/\/pb.edu.pl\/auich\/aktualnosci\/","og_site_name":"Archiwum Uczelniane i Centrum Historii PB","article_modified_time":"2021-03-12T19:11:56+00:00","twitter_card":"summary_large_image","schema":{"@context":"https:\/\/schema.org","@graph":[{"@type":"WebPage","@id":"https:\/\/pb.edu.pl\/auich\/aktualnosci\/","url":"https:\/\/pb.edu.pl\/auich\/aktualnosci\/","name":"Aktualno\u015bci - Archiwum Uczelniane i Centrum Historii PB","isPartOf":{"@id":"https:\/\/pb.edu.pl\/auich\/#website"},"datePublished":"2021-03-03T22:41:08+00:00","dateModified":"2021-03-12T19:11:56+00:00","breadcrumb":{"@id":"https:\/\/pb.edu.pl\/auich\/aktualnosci\/#breadcrumb"},"inLanguage":"pl-PL","potentialAction":[{"@type":"ReadAction","target":["https:\/\/pb.edu.pl\/auich\/aktualnosci\/"]}]},{"@type":"BreadcrumbList","@id":"https:\/\/pb.edu.pl\/auich\/aktualnosci\/#breadcrumb","itemListElement":[{"@type":"ListItem","position":1,"name":"Strona g\u0142\u00f3wna","item":"https:\/\/pb.edu.pl\/auich\/"},{"@type":"ListItem","position":2,"name":"Aktualno\u015bci"}]},{"@type":"WebSite","@id":"https:\/\/pb.edu.pl\/auich\/#website","url":"https:\/\/pb.edu.pl\/auich\/","name":"Archiwum Uczelniane i Centrum Historii PB","description":"","potentialAction":[{"@type":"SearchAction","target":{"@type":"EntryPoint","urlTemplate":"https:\/\/pb.edu.pl\/auich\/?s={search_term_string}"},"query-input":{"@type":"PropertyValueSpecification","valueRequired":true,"valueName":"search_term_string"}}],"inLanguage":"pl-PL"}]}},"_links":{"self":[{"href":"https:\/\/pb.edu.pl\/auich\/wp-json\/wp\/v2\/pages\/34","targetHints":{"allow":["GET"]}}],"collection":[{"href":"https:\/\/pb.edu.pl\/auich\/wp-json\/wp\/v2\/pages"}],"about":[{"href":"https:\/\/pb.edu.pl\/auich\/wp-json\/wp\/v2\/types\/page"}],"author":[{"embeddable":true,"href":"https:\/\/pb.edu.pl\/auich\/wp-json\/wp\/v2\/users\/2"}],"replies":[{"embeddable":true,"href":"https:\/\/pb.edu.pl\/auich\/wp-json\/wp\/v2\/comments?post=34"}],"version-history":[{"count":0,"href":"https:\/\/pb.edu.pl\/auich\/wp-json\/wp\/v2\/pages\/34\/revisions"}],"wp:attachment":[{"href":"https:\/\/pb.edu.pl\/auich\/wp-json\/wp\/v2\/media?parent=34"}],"curies":[{"name":"wp","href":"https:\/\/api.w.org\/{rel}","templated":true}]}}