{"id":155,"date":"2021-03-12T20:46:13","date_gmt":"2021-03-12T19:46:13","guid":{"rendered":"https:\/\/pb.edu.pl\/auich\/?page_id=155"},"modified":"2022-01-17T13:00:40","modified_gmt":"2022-01-17T12:00:40","slug":"muzea-uczelniane","status":"publish","type":"page","link":"https:\/\/pb.edu.pl\/auich\/centrum-historii\/muzea-uczelniane\/","title":{"rendered":"Muzea uczelniane"},"content":{"rendered":"<p>Idea powstania muze\u00f3w uczelnianych jest zwi\u0105zana z potrzeb\u0105 dokumentowania przesz\u0142o\u015bci oraz rozwoju akademickiego. To miejsca odzwierciedlaj\u0105ce gromadzon\u0105 przez lata wiedz\u0119 i materialne dowody rozwoju nauki i techniki.<\/p>\n<p>W Polsce muzea uczelniane funkcjonuj\u0105 w obr\u0119bie r\u00f3\u017cnych jednostek organizacyjnych szk\u00f3\u0142 wy\u017cszych. Mog\u0105 by\u0107 jednostkami wewn\u0119trznymi wydzia\u0142\u00f3w, jak i mi\u0119dzywydzia\u0142owymi i pozawydzia\u0142owymi, a tak\u017ce posiada\u0107 status og\u00f3lnouczelnianych czy nawet mi\u0119dzyuczelnianych form organizacyjnych.<\/p>\n<p>W naszej uczelni ekspozycj\u0119 prezentuj\u0105c\u0105 zbiory zwi\u0105zane z dziedzictwem akademickim prezentowane s\u0105 w Centrum Historii Politechniki Bia\u0142ostockiej im. in\u017c. Miros\u0142awa Bujanowskiego, kt\u00f3re zosta\u0142o otwarte 1 grudnia 2021 r. Jednostk\u0105 sprawuj\u0105c\u0105 piecz\u0119 nad ekspozycj\u0105 jest Archiwum Uczelniane i Centrum Historii (jednostka administracji centralnej Politechniki Bia\u0142ostockiej). &nbsp;<\/p>\n<p>W 2014 r. reprezentanci polskich szk\u00f3\u0142 wy\u017cszych zawi\u0105zali Stowarzyszenie Muze\u00f3w Uczelnianych, kt\u00f3rego celem jest m.in. ochrona i upowszechnianie dziedzictwa akademickiego, koordynacja dzia\u0142a\u0144 muze\u00f3w uniwersyteckich, wspieranie prac zwi\u0105zanych z gromadzeniem i opracowywaniem zbior\u00f3w, a tak\u017ce inicjowanie bada\u0144 naukowych nad histori\u0105 i stanem zachowania dziedzictwa akademickiego.<\/p>\n<p>Formalnie do Stowarzyszenia Centrum Historii nale\u017cy od roku 2021 r., ale ju\u017c od 2017 roku nasi pracownicy uczestniczyli w konferencjach i spotkaniach organizowanych przez SMU.<\/p>\n<p>Politechnika Bia\u0142ostocka nale\u017cy r\u00f3wnie\u017c do Stowarzyszenia Muze\u00f3w Uczelnianych w Polsce.&nbsp;<\/p>\n<p>&nbsp;<\/p>\n<p><a title=\"\" href=\"https:\/\/muzeauczelniane.pl\/\">Stowarzyszenie Muze\u00f3w Uczelnianych<\/a><\/p>\n<p>&nbsp;<\/p>\n<p>&nbsp;<\/p>\n<p>&nbsp;<\/p>\n","protected":false},"excerpt":{"rendered":"<p>Idea powstania muze\u00f3w uczelnianych jest zwi\u0105zana z potrzeb\u0105 dokumentowania przesz\u0142o\u015bci oraz rozwoju akademickiego. To miejsca<\/p>\n","protected":false},"author":2,"featured_media":0,"parent":39,"menu_order":9,"comment_status":"closed","ping_status":"closed","template":"","meta":{"_acf_changed":false,"ngg_post_thumbnail":0,"footnotes":""},"class_list":["post-155","page","type-page","status-publish","hentry"],"acf":[],"yoast_head":"<!-- This site is optimized with the Yoast SEO plugin v27.0 - https:\/\/yoast.com\/product\/yoast-seo-wordpress\/ -->\n<title>Muzea uczelniane - Archiwum Uczelniane i Centrum Historii PB<\/title>\n<meta name=\"description\" content=\"Idea powstania muze\u00f3w uczelnianych jest zwi\u0105zana z potrzeb\u0105 dokumentowania przesz\u0142o\u015bci oraz rozwoju akademickiego. To miejsca odzwierciedlaj\u0105ce gromadzon\u0105\" \/>\n<meta name=\"robots\" content=\"index, follow, max-snippet:-1, max-image-preview:large, max-video-preview:-1\" \/>\n<link rel=\"canonical\" href=\"https:\/\/pb.edu.pl\/auich\/centrum-historii\/muzea-uczelniane\/\" \/>\n<meta property=\"og:locale\" content=\"pl_PL\" \/>\n<meta property=\"og:type\" content=\"article\" \/>\n<meta property=\"og:title\" content=\"Muzea uczelniane - Archiwum Uczelniane i Centrum Historii PB\" \/>\n<meta property=\"og:description\" content=\"Idea powstania muze\u00f3w uczelnianych jest zwi\u0105zana z potrzeb\u0105 dokumentowania przesz\u0142o\u015bci oraz rozwoju akademickiego. To miejsca odzwierciedlaj\u0105ce gromadzon\u0105\" \/>\n<meta property=\"og:url\" content=\"https:\/\/pb.edu.pl\/auich\/centrum-historii\/muzea-uczelniane\/\" \/>\n<meta property=\"og:site_name\" content=\"Archiwum Uczelniane i Centrum Historii PB\" \/>\n<meta property=\"article:modified_time\" content=\"2022-01-17T12:00:40+00:00\" \/>\n<meta name=\"twitter:card\" content=\"summary_large_image\" \/>\n<meta name=\"twitter:label1\" content=\"Szacowany czas czytania\" \/>\n\t<meta name=\"twitter:data1\" content=\"1 minuta\" \/>\n<script type=\"application\/ld+json\" class=\"yoast-schema-graph\">{\"@context\":\"https:\/\/schema.org\",\"@graph\":[{\"@type\":\"WebPage\",\"@id\":\"https:\/\/pb.edu.pl\/auich\/centrum-historii\/muzea-uczelniane\/\",\"url\":\"https:\/\/pb.edu.pl\/auich\/centrum-historii\/muzea-uczelniane\/\",\"name\":\"Muzea uczelniane - Archiwum Uczelniane i Centrum Historii PB\",\"isPartOf\":{\"@id\":\"https:\/\/pb.edu.pl\/auich\/#website\"},\"datePublished\":\"2021-03-12T19:46:13+00:00\",\"dateModified\":\"2022-01-17T12:00:40+00:00\",\"description\":\"Idea powstania muze\u00f3w uczelnianych jest zwi\u0105zana z potrzeb\u0105 dokumentowania przesz\u0142o\u015bci oraz rozwoju akademickiego. To miejsca odzwierciedlaj\u0105ce gromadzon\u0105\",\"breadcrumb\":{\"@id\":\"https:\/\/pb.edu.pl\/auich\/centrum-historii\/muzea-uczelniane\/#breadcrumb\"},\"inLanguage\":\"pl-PL\",\"potentialAction\":[{\"@type\":\"ReadAction\",\"target\":[\"https:\/\/pb.edu.pl\/auich\/centrum-historii\/muzea-uczelniane\/\"]}]},{\"@type\":\"BreadcrumbList\",\"@id\":\"https:\/\/pb.edu.pl\/auich\/centrum-historii\/muzea-uczelniane\/#breadcrumb\",\"itemListElement\":[{\"@type\":\"ListItem\",\"position\":1,\"name\":\"Strona g\u0142\u00f3wna\",\"item\":\"https:\/\/pb.edu.pl\/auich\/\"},{\"@type\":\"ListItem\",\"position\":2,\"name\":\"Centrum Historii\",\"item\":\"https:\/\/pb.edu.pl\/auich\/centrum-historii\/\"},{\"@type\":\"ListItem\",\"position\":3,\"name\":\"Muzea uczelniane\"}]},{\"@type\":\"WebSite\",\"@id\":\"https:\/\/pb.edu.pl\/auich\/#website\",\"url\":\"https:\/\/pb.edu.pl\/auich\/\",\"name\":\"Archiwum Uczelniane i Centrum Historii PB\",\"description\":\"\",\"potentialAction\":[{\"@type\":\"SearchAction\",\"target\":{\"@type\":\"EntryPoint\",\"urlTemplate\":\"https:\/\/pb.edu.pl\/auich\/?s={search_term_string}\"},\"query-input\":{\"@type\":\"PropertyValueSpecification\",\"valueRequired\":true,\"valueName\":\"search_term_string\"}}],\"inLanguage\":\"pl-PL\"}]}<\/script>\n<!-- \/ Yoast SEO plugin. -->","yoast_head_json":{"title":"Muzea uczelniane - Archiwum Uczelniane i Centrum Historii PB","description":"Idea powstania muze\u00f3w uczelnianych jest zwi\u0105zana z potrzeb\u0105 dokumentowania przesz\u0142o\u015bci oraz rozwoju akademickiego. To miejsca odzwierciedlaj\u0105ce gromadzon\u0105","robots":{"index":"index","follow":"follow","max-snippet":"max-snippet:-1","max-image-preview":"max-image-preview:large","max-video-preview":"max-video-preview:-1"},"canonical":"https:\/\/pb.edu.pl\/auich\/centrum-historii\/muzea-uczelniane\/","og_locale":"pl_PL","og_type":"article","og_title":"Muzea uczelniane - Archiwum Uczelniane i Centrum Historii PB","og_description":"Idea powstania muze\u00f3w uczelnianych jest zwi\u0105zana z potrzeb\u0105 dokumentowania przesz\u0142o\u015bci oraz rozwoju akademickiego. To miejsca odzwierciedlaj\u0105ce gromadzon\u0105","og_url":"https:\/\/pb.edu.pl\/auich\/centrum-historii\/muzea-uczelniane\/","og_site_name":"Archiwum Uczelniane i Centrum Historii PB","article_modified_time":"2022-01-17T12:00:40+00:00","twitter_card":"summary_large_image","twitter_misc":{"Szacowany czas czytania":"1 minuta"},"schema":{"@context":"https:\/\/schema.org","@graph":[{"@type":"WebPage","@id":"https:\/\/pb.edu.pl\/auich\/centrum-historii\/muzea-uczelniane\/","url":"https:\/\/pb.edu.pl\/auich\/centrum-historii\/muzea-uczelniane\/","name":"Muzea uczelniane - Archiwum Uczelniane i Centrum Historii PB","isPartOf":{"@id":"https:\/\/pb.edu.pl\/auich\/#website"},"datePublished":"2021-03-12T19:46:13+00:00","dateModified":"2022-01-17T12:00:40+00:00","description":"Idea powstania muze\u00f3w uczelnianych jest zwi\u0105zana z potrzeb\u0105 dokumentowania przesz\u0142o\u015bci oraz rozwoju akademickiego. To miejsca odzwierciedlaj\u0105ce gromadzon\u0105","breadcrumb":{"@id":"https:\/\/pb.edu.pl\/auich\/centrum-historii\/muzea-uczelniane\/#breadcrumb"},"inLanguage":"pl-PL","potentialAction":[{"@type":"ReadAction","target":["https:\/\/pb.edu.pl\/auich\/centrum-historii\/muzea-uczelniane\/"]}]},{"@type":"BreadcrumbList","@id":"https:\/\/pb.edu.pl\/auich\/centrum-historii\/muzea-uczelniane\/#breadcrumb","itemListElement":[{"@type":"ListItem","position":1,"name":"Strona g\u0142\u00f3wna","item":"https:\/\/pb.edu.pl\/auich\/"},{"@type":"ListItem","position":2,"name":"Centrum Historii","item":"https:\/\/pb.edu.pl\/auich\/centrum-historii\/"},{"@type":"ListItem","position":3,"name":"Muzea uczelniane"}]},{"@type":"WebSite","@id":"https:\/\/pb.edu.pl\/auich\/#website","url":"https:\/\/pb.edu.pl\/auich\/","name":"Archiwum Uczelniane i Centrum Historii PB","description":"","potentialAction":[{"@type":"SearchAction","target":{"@type":"EntryPoint","urlTemplate":"https:\/\/pb.edu.pl\/auich\/?s={search_term_string}"},"query-input":{"@type":"PropertyValueSpecification","valueRequired":true,"valueName":"search_term_string"}}],"inLanguage":"pl-PL"}]}},"_links":{"self":[{"href":"https:\/\/pb.edu.pl\/auich\/wp-json\/wp\/v2\/pages\/155","targetHints":{"allow":["GET"]}}],"collection":[{"href":"https:\/\/pb.edu.pl\/auich\/wp-json\/wp\/v2\/pages"}],"about":[{"href":"https:\/\/pb.edu.pl\/auich\/wp-json\/wp\/v2\/types\/page"}],"author":[{"embeddable":true,"href":"https:\/\/pb.edu.pl\/auich\/wp-json\/wp\/v2\/users\/2"}],"replies":[{"embeddable":true,"href":"https:\/\/pb.edu.pl\/auich\/wp-json\/wp\/v2\/comments?post=155"}],"version-history":[{"count":0,"href":"https:\/\/pb.edu.pl\/auich\/wp-json\/wp\/v2\/pages\/155\/revisions"}],"up":[{"embeddable":true,"href":"https:\/\/pb.edu.pl\/auich\/wp-json\/wp\/v2\/pages\/39"}],"wp:attachment":[{"href":"https:\/\/pb.edu.pl\/auich\/wp-json\/wp\/v2\/media?parent=155"}],"curies":[{"name":"wp","href":"https:\/\/api.w.org\/{rel}","templated":true}]}}