{"id":150,"date":"2021-03-12T20:45:06","date_gmt":"2021-03-12T19:45:06","guid":{"rendered":"https:\/\/pb.edu.pl\/auich\/?page_id=150"},"modified":"2021-11-03T22:55:39","modified_gmt":"2021-11-03T21:55:39","slug":"podstawa-prawna-i-zadania","status":"publish","type":"page","link":"https:\/\/pb.edu.pl\/auich\/centrum-historii\/podstawa-prawna-i-zadania\/","title":{"rendered":"Podstawa prawna i zadania"},"content":{"rendered":"<div class=\"h2\">Zadania<\/div>\n<ol>\n<li>Zadaniem Centrum Historii jest trwa\u0142a ochrona d\u00f3br kultury materialnej i niematerialnej zwi\u0105zanych z histori\u0105 Politechniki Bia\u0142ostockiej, zwanej dalej Uczelni\u0105, informowanie o warto\u015bciach i tre\u015bciach gromadzonych zbior\u00f3w oraz upowszechnianie wiedzy na temat Uczelni.<\/li>\n<li>Centrum Historii realizuje swoje zadania w szczeg\u00f3lno\u015bci poprzez:\n<ol type=\"a\">\n<li>gromadzenie zbior\u00f3w dokumentuj\u0105cych histori\u0119 i dzia\u0142alno\u015b\u0107 Uczelni, a zw\u0142aszcza w dziedzinie nauk technicznych i in\u017cynieryjnych oraz szeroko poj\u0119tej kultury akademickiej;<\/li>\n<li>inwentaryzowanie, katalogowanie i opracowanie naukowe zgromadzonych zbior\u00f3w;<\/li>\n<li>przechowywanie zgromadzonych zbior\u00f3w w warunkach zapewniaj\u0105cych im w\u0142a\u015bciwy stan zachowania i bezpiecze\u0144stwo oraz magazynowanie w spos\u00f3b dost\u0119pny do cel\u00f3w naukowych;<\/li>\n<li>zabezpieczanie i konserwowanie zbior\u00f3w;<\/li>\n<li>urz\u0105dzanie wystaw sta\u0142ych i okresowych;<\/li>\n<li>udost\u0119pnianie zbior\u00f3w do cel\u00f3w naukowych, edukacyjnych i promocyjnych;<\/li>\n<li>prowadzenie dzia\u0142alno\u015bci informacyjnej i edukacyjnej;<\/li>\n<li>kontaktowanie si\u0119 ze wszystkimi kom\u00f3rkami organizacyjnymi Uczelni w celu systematycznego uzupe\u0142niania zbior\u00f3w;<\/li>\n<li>wsp\u00f3\u0142prac\u0119 z innymi muzeami uczelnianymi, a tak\u017ce z krajowymi i zagranicznymi instytucjami kultury, instytucjami edukacyjnymi i naukowymi, administracj\u0105 rz\u0105dow\u0105 i samorz\u0105dow\u0105, organizacjami pozarz\u0105dowymi, mediami i innymi podmiotami.<\/li>\n<\/ol>\n<\/li>\n<\/ol>\n<div class=\"h2\">Podstawa prawna<\/div>\n<p><strong>Centrum Historii PB dzia\u0142a na podstawie:<\/strong><br \/>\n<a title=\"BIP PB otworzy si\u0119 w nowej karcie\" href=\"http:\/\/bip.pb.edu.pl\/?event=informacja&amp;id=14521\" target=\"_blank\" rel=\"noopener\">Uchwa\u0142y Nr 190\/XI\/XV\/2017 Senatu Politechniki Bia\u0142ostockiej z dnia 23 listopada 2017 roku<\/a><\/p>\n<p><a class=\"pdf\" title=\"otworzy si\u0119 w nowej karcie\" href=\"https:\/\/pb.edu.pl\/auich\/wp-content\/uploads\/sites\/63\/2021\/11\/Regulamin-Centrum-Historii-Politechniki-Bialostockiej.pdf\" target=\"_blank\" rel=\"noopener\" data-id=\"317\">Regulaminu Centrum Historii Politechniki Bia\u0142ostockiej za\u0142\u0105cznik nr 2 do Zarz\u0105dzenia Nr 18\/2021(PDF, wersja dost\u0119pna cyfrowo, 212 KB)<\/a><\/p>\n<div class=\"h2\">Rada<\/div>\n<div class=\"h2\">Komisja<\/div>\n","protected":false},"excerpt":{"rendered":"<p>Zadania Zadaniem Centrum Historii jest trwa\u0142a ochrona d\u00f3br kultury materialnej i niematerialnej zwi\u0105zanych z histori\u0105<\/p>\n","protected":false},"author":2,"featured_media":0,"parent":39,"menu_order":7,"comment_status":"closed","ping_status":"closed","template":"","meta":{"_acf_changed":false,"ngg_post_thumbnail":0,"footnotes":""},"class_list":["post-150","page","type-page","status-publish","hentry"],"acf":[],"yoast_head":"<!-- This site is optimized with the Yoast SEO plugin v27.0 - https:\/\/yoast.com\/product\/yoast-seo-wordpress\/ -->\n<title>Podstawa prawna i zadania - Archiwum Uczelniane i Centrum Historii PB<\/title>\n<meta name=\"description\" content=\"Zadania Zadaniem Centrum Historii jest trwa\u0142a ochrona d\u00f3br kultury materialnej i niematerialnej zwi\u0105zanych z histori\u0105 Politechniki Bia\u0142ostockiej, zwanej\" \/>\n<meta name=\"robots\" content=\"index, follow, max-snippet:-1, max-image-preview:large, max-video-preview:-1\" \/>\n<link rel=\"canonical\" href=\"https:\/\/pb.edu.pl\/auich\/centrum-historii\/podstawa-prawna-i-zadania\/\" \/>\n<meta property=\"og:locale\" content=\"pl_PL\" \/>\n<meta property=\"og:type\" content=\"article\" \/>\n<meta property=\"og:title\" content=\"Podstawa prawna i zadania - Archiwum Uczelniane i Centrum Historii PB\" \/>\n<meta property=\"og:description\" content=\"Zadania Zadaniem Centrum Historii jest trwa\u0142a ochrona d\u00f3br kultury materialnej i niematerialnej zwi\u0105zanych z histori\u0105 Politechniki Bia\u0142ostockiej, zwanej\" \/>\n<meta property=\"og:url\" content=\"https:\/\/pb.edu.pl\/auich\/centrum-historii\/podstawa-prawna-i-zadania\/\" \/>\n<meta property=\"og:site_name\" content=\"Archiwum Uczelniane i Centrum Historii PB\" \/>\n<meta property=\"article:modified_time\" content=\"2021-11-03T21:55:39+00:00\" \/>\n<meta name=\"twitter:card\" content=\"summary_large_image\" \/>\n<meta name=\"twitter:label1\" content=\"Szacowany czas czytania\" \/>\n\t<meta name=\"twitter:data1\" content=\"1 minuta\" \/>\n<script type=\"application\/ld+json\" class=\"yoast-schema-graph\">{\"@context\":\"https:\/\/schema.org\",\"@graph\":[{\"@type\":\"WebPage\",\"@id\":\"https:\/\/pb.edu.pl\/auich\/centrum-historii\/podstawa-prawna-i-zadania\/\",\"url\":\"https:\/\/pb.edu.pl\/auich\/centrum-historii\/podstawa-prawna-i-zadania\/\",\"name\":\"Podstawa prawna i zadania - Archiwum Uczelniane i Centrum Historii PB\",\"isPartOf\":{\"@id\":\"https:\/\/pb.edu.pl\/auich\/#website\"},\"datePublished\":\"2021-03-12T19:45:06+00:00\",\"dateModified\":\"2021-11-03T21:55:39+00:00\",\"description\":\"Zadania Zadaniem Centrum Historii jest trwa\u0142a ochrona d\u00f3br kultury materialnej i niematerialnej zwi\u0105zanych z histori\u0105 Politechniki Bia\u0142ostockiej, zwanej\",\"breadcrumb\":{\"@id\":\"https:\/\/pb.edu.pl\/auich\/centrum-historii\/podstawa-prawna-i-zadania\/#breadcrumb\"},\"inLanguage\":\"pl-PL\",\"potentialAction\":[{\"@type\":\"ReadAction\",\"target\":[\"https:\/\/pb.edu.pl\/auich\/centrum-historii\/podstawa-prawna-i-zadania\/\"]}]},{\"@type\":\"BreadcrumbList\",\"@id\":\"https:\/\/pb.edu.pl\/auich\/centrum-historii\/podstawa-prawna-i-zadania\/#breadcrumb\",\"itemListElement\":[{\"@type\":\"ListItem\",\"position\":1,\"name\":\"Strona g\u0142\u00f3wna\",\"item\":\"https:\/\/pb.edu.pl\/auich\/\"},{\"@type\":\"ListItem\",\"position\":2,\"name\":\"Centrum Historii\",\"item\":\"https:\/\/pb.edu.pl\/auich\/centrum-historii\/\"},{\"@type\":\"ListItem\",\"position\":3,\"name\":\"Podstawa prawna i zadania\"}]},{\"@type\":\"WebSite\",\"@id\":\"https:\/\/pb.edu.pl\/auich\/#website\",\"url\":\"https:\/\/pb.edu.pl\/auich\/\",\"name\":\"Archiwum Uczelniane i Centrum Historii PB\",\"description\":\"\",\"potentialAction\":[{\"@type\":\"SearchAction\",\"target\":{\"@type\":\"EntryPoint\",\"urlTemplate\":\"https:\/\/pb.edu.pl\/auich\/?s={search_term_string}\"},\"query-input\":{\"@type\":\"PropertyValueSpecification\",\"valueRequired\":true,\"valueName\":\"search_term_string\"}}],\"inLanguage\":\"pl-PL\"}]}<\/script>\n<!-- \/ Yoast SEO plugin. -->","yoast_head_json":{"title":"Podstawa prawna i zadania - Archiwum Uczelniane i Centrum Historii PB","description":"Zadania Zadaniem Centrum Historii jest trwa\u0142a ochrona d\u00f3br kultury materialnej i niematerialnej zwi\u0105zanych z histori\u0105 Politechniki Bia\u0142ostockiej, zwanej","robots":{"index":"index","follow":"follow","max-snippet":"max-snippet:-1","max-image-preview":"max-image-preview:large","max-video-preview":"max-video-preview:-1"},"canonical":"https:\/\/pb.edu.pl\/auich\/centrum-historii\/podstawa-prawna-i-zadania\/","og_locale":"pl_PL","og_type":"article","og_title":"Podstawa prawna i zadania - Archiwum Uczelniane i Centrum Historii PB","og_description":"Zadania Zadaniem Centrum Historii jest trwa\u0142a ochrona d\u00f3br kultury materialnej i niematerialnej zwi\u0105zanych z histori\u0105 Politechniki Bia\u0142ostockiej, zwanej","og_url":"https:\/\/pb.edu.pl\/auich\/centrum-historii\/podstawa-prawna-i-zadania\/","og_site_name":"Archiwum Uczelniane i Centrum Historii PB","article_modified_time":"2021-11-03T21:55:39+00:00","twitter_card":"summary_large_image","twitter_misc":{"Szacowany czas czytania":"1 minuta"},"schema":{"@context":"https:\/\/schema.org","@graph":[{"@type":"WebPage","@id":"https:\/\/pb.edu.pl\/auich\/centrum-historii\/podstawa-prawna-i-zadania\/","url":"https:\/\/pb.edu.pl\/auich\/centrum-historii\/podstawa-prawna-i-zadania\/","name":"Podstawa prawna i zadania - Archiwum Uczelniane i Centrum Historii PB","isPartOf":{"@id":"https:\/\/pb.edu.pl\/auich\/#website"},"datePublished":"2021-03-12T19:45:06+00:00","dateModified":"2021-11-03T21:55:39+00:00","description":"Zadania Zadaniem Centrum Historii jest trwa\u0142a ochrona d\u00f3br kultury materialnej i niematerialnej zwi\u0105zanych z histori\u0105 Politechniki Bia\u0142ostockiej, zwanej","breadcrumb":{"@id":"https:\/\/pb.edu.pl\/auich\/centrum-historii\/podstawa-prawna-i-zadania\/#breadcrumb"},"inLanguage":"pl-PL","potentialAction":[{"@type":"ReadAction","target":["https:\/\/pb.edu.pl\/auich\/centrum-historii\/podstawa-prawna-i-zadania\/"]}]},{"@type":"BreadcrumbList","@id":"https:\/\/pb.edu.pl\/auich\/centrum-historii\/podstawa-prawna-i-zadania\/#breadcrumb","itemListElement":[{"@type":"ListItem","position":1,"name":"Strona g\u0142\u00f3wna","item":"https:\/\/pb.edu.pl\/auich\/"},{"@type":"ListItem","position":2,"name":"Centrum Historii","item":"https:\/\/pb.edu.pl\/auich\/centrum-historii\/"},{"@type":"ListItem","position":3,"name":"Podstawa prawna i zadania"}]},{"@type":"WebSite","@id":"https:\/\/pb.edu.pl\/auich\/#website","url":"https:\/\/pb.edu.pl\/auich\/","name":"Archiwum Uczelniane i Centrum Historii PB","description":"","potentialAction":[{"@type":"SearchAction","target":{"@type":"EntryPoint","urlTemplate":"https:\/\/pb.edu.pl\/auich\/?s={search_term_string}"},"query-input":{"@type":"PropertyValueSpecification","valueRequired":true,"valueName":"search_term_string"}}],"inLanguage":"pl-PL"}]}},"_links":{"self":[{"href":"https:\/\/pb.edu.pl\/auich\/wp-json\/wp\/v2\/pages\/150","targetHints":{"allow":["GET"]}}],"collection":[{"href":"https:\/\/pb.edu.pl\/auich\/wp-json\/wp\/v2\/pages"}],"about":[{"href":"https:\/\/pb.edu.pl\/auich\/wp-json\/wp\/v2\/types\/page"}],"author":[{"embeddable":true,"href":"https:\/\/pb.edu.pl\/auich\/wp-json\/wp\/v2\/users\/2"}],"replies":[{"embeddable":true,"href":"https:\/\/pb.edu.pl\/auich\/wp-json\/wp\/v2\/comments?post=150"}],"version-history":[{"count":0,"href":"https:\/\/pb.edu.pl\/auich\/wp-json\/wp\/v2\/pages\/150\/revisions"}],"up":[{"embeddable":true,"href":"https:\/\/pb.edu.pl\/auich\/wp-json\/wp\/v2\/pages\/39"}],"wp:attachment":[{"href":"https:\/\/pb.edu.pl\/auich\/wp-json\/wp\/v2\/media?parent=150"}],"curies":[{"name":"wp","href":"https:\/\/api.w.org\/{rel}","templated":true}]}}