{"id":14,"date":"2021-03-03T23:15:22","date_gmt":"2021-03-03T22:15:22","guid":{"rendered":"https:\/\/pb.edu.pl\/auich\/?page_id=14"},"modified":"2022-01-25T14:00:39","modified_gmt":"2022-01-25T13:00:39","slug":"home","status":"publish","type":"page","link":"https:\/\/pb.edu.pl\/auich\/","title":{"rendered":""},"content":{"rendered":"<div class=\"img-full\"><img loading=\"lazy\" decoding=\"async\" src=\"https:\/\/pb.edu.pl\/auich\/wp-content\/uploads\/sites\/63\/2021\/11\/baner-auich-color-www.jpg\" alt=\"pok\u00f3j archiwum\" width=\"1920\" height=\"421\" class=\"size-full wp-image-569\" srcset=\"https:\/\/pb.edu.pl\/auich\/wp-content\/uploads\/sites\/63\/2021\/11\/baner-auich-color-www.jpg 1920w, https:\/\/pb.edu.pl\/auich\/wp-content\/uploads\/sites\/63\/2021\/11\/baner-auich-color-www-300x66.jpg 300w, https:\/\/pb.edu.pl\/auich\/wp-content\/uploads\/sites\/63\/2021\/11\/baner-auich-color-www-1024x225.jpg 1024w, https:\/\/pb.edu.pl\/auich\/wp-content\/uploads\/sites\/63\/2021\/11\/baner-auich-color-www-768x168.jpg 768w, https:\/\/pb.edu.pl\/auich\/wp-content\/uploads\/sites\/63\/2021\/11\/baner-auich-color-www-1536x337.jpg 1536w\" sizes=\"auto, (max-width: 1920px) 100vw, 1920px\" \/><\/div>\n<div id=\"box-menu\" class=\"href\"><\/div>\n<p>&nbsp;<\/p>\n<div class=\"row\">\n<div class=\"col-sm-4 text-center\"><a class=\"button\" style=\"width: 100%; padding: 0px 5px 10px 5px;\" title=\"\" href=\"\/auich\/archiwum-uczelniane\/\"><img loading=\"lazy\" decoding=\"async\" src=\"https:\/\/pb.edu.pl\/auich\/wp-content\/uploads\/sites\/63\/2022\/01\/2022-strona-CH-regaly-archiwum.jpg\" alt=\"\" width=\"640\" height=\"427\" class=\"aligncenter size-full wp-image-815\" srcset=\"https:\/\/pb.edu.pl\/auich\/wp-content\/uploads\/sites\/63\/2022\/01\/2022-strona-CH-regaly-archiwum.jpg 640w, https:\/\/pb.edu.pl\/auich\/wp-content\/uploads\/sites\/63\/2022\/01\/2022-strona-CH-regaly-archiwum-300x200.jpg 300w, https:\/\/pb.edu.pl\/auich\/wp-content\/uploads\/sites\/63\/2022\/01\/2022-strona-CH-regaly-archiwum-480x320.jpg 480w\" sizes=\"auto, (max-width: 640px) 100vw, 640px\" \/><span class=\"lead\">Archiwum Uczelniane<\/span><\/a><\/div>\n<div class=\"col-sm-4 text-center\"><a class=\"button\" style=\"width: 100%; padding: 0px 5px 10px 5px;\" title=\"\" href=\"\/auich\/centrum-historii\/\"><img loading=\"lazy\" decoding=\"async\" src=\"https:\/\/pb.edu.pl\/auich\/wp-content\/uploads\/sites\/63\/2022\/01\/2022-strona-CH-biurko-muzeum.jpg\" alt=\"\" width=\"640\" height=\"427\" class=\"aligncenter size-full wp-image-816\" srcset=\"https:\/\/pb.edu.pl\/auich\/wp-content\/uploads\/sites\/63\/2022\/01\/2022-strona-CH-biurko-muzeum.jpg 640w, https:\/\/pb.edu.pl\/auich\/wp-content\/uploads\/sites\/63\/2022\/01\/2022-strona-CH-biurko-muzeum-300x200.jpg 300w, https:\/\/pb.edu.pl\/auich\/wp-content\/uploads\/sites\/63\/2022\/01\/2022-strona-CH-biurko-muzeum-480x320.jpg 480w\" sizes=\"auto, (max-width: 640px) 100vw, 640px\" \/><span class=\"lead\">Centrum Historii<\/span><\/a><\/div>\n<div class=\"col-sm-4 text-center\"><a class=\"button\" style=\"width: 100%; padding: 0px 5px 10px 5px;\" title=\"\" href=\"\/auich\/o-nas\/\"><img loading=\"lazy\" decoding=\"async\" src=\"https:\/\/pb.edu.pl\/auich\/wp-content\/uploads\/sites\/63\/2022\/01\/2022-strona-CH-budynek-PB.jpg\" alt=\"\" width=\"640\" height=\"427\" class=\"aligncenter size-full wp-image-817\" srcset=\"https:\/\/pb.edu.pl\/auich\/wp-content\/uploads\/sites\/63\/2022\/01\/2022-strona-CH-budynek-PB.jpg 640w, https:\/\/pb.edu.pl\/auich\/wp-content\/uploads\/sites\/63\/2022\/01\/2022-strona-CH-budynek-PB-300x200.jpg 300w, https:\/\/pb.edu.pl\/auich\/wp-content\/uploads\/sites\/63\/2022\/01\/2022-strona-CH-budynek-PB-480x320.jpg 480w\" sizes=\"auto, (max-width: 640px) 100vw, 640px\" \/><span class=\"lead\">O nas<\/span><\/a><\/div>\n<\/div>\n<p>&nbsp;<\/p>\n<div id=\"aktualnosci\" class=\"href\"><\/div>\n<h2><a class=\"color\" style=\"text-decoration: none; font-size: 3rem;\" title=\"Aktualno\u015bci\" href=\"\/auich\/aktualnosci\/\">Aktualno\u015bci <i class=\"fa fa-caret-right\" aria-hidden=\"true\"><\/i><\/a><\/h2>\n\t\t<div class=\"box news-box \">\n\t\t<div class=\"row\">\n\t\t\t\n\t\t\t\n\t\t\t\t\n\t\t\t\t\t\t\t\t\t\t<div class=\"col-sm-3\">\n\t\t\t\t\t\t\t\n<article class=\"format-standard\">\n    <span class=\"date text-right\"><i class=\"fal fa-calendar-alt\"><\/i> 20-03-2026<\/span>\n    <a href=\"https:\/\/pb.edu.pl\/auich\/2026\/03\/20\/dzien-otwarty-politechniki-bialostockiej-zapraszamy\/\">\n      <div class=\"article-image\">\n        <img loading=\"lazy\" decoding=\"async\" width=\"480\" height=\"300\" src=\"https:\/\/pb.edu.pl\/auich\/wp-content\/uploads\/sites\/63\/2026\/03\/2026-01-dzien-otwarty-centrum-historii-fb-1-480x300.jpg\" class=\"attachment-medium-image-16x10 size-medium-image-16x10 wp-post-image\" alt=\"\" \/>      <\/div>\n      <h3>100-letnia \u017car\u00f3wka, ta\u015bma perforowana i projekt robota do nauki programowania<\/h3>\n      Zapraszamy na Dzie\u0144 Otwarty Politechniki Bia\u0142ostockiej w Centrum Historii. Dowiesz si\u0119,    <\/a>\n<\/article>\t\t\t\t\t\t<\/div>\n\t\t\t\t\t\t\t\t\t\t\t<div class=\"col-sm-3\">\n\t\t\t\t\t\t\t\n<article class=\"format-standard\">\n    <span class=\"date text-right\"><i class=\"fal fa-calendar-alt\"><\/i> 12-12-2025<\/span>\n    <a href=\"https:\/\/pb.edu.pl\/auich\/2025\/12\/12\/jubileusz-75-lecia-akademickiego-zwiazku-sportowego-azs\/\">\n      <div class=\"article-image\">\n        <img loading=\"lazy\" decoding=\"async\" width=\"480\" height=\"300\" src=\"https:\/\/pb.edu.pl\/auich\/wp-content\/uploads\/sites\/63\/2025\/12\/4c17e160-0f5e-4998-9629-bb39c795b8cc-480x300.jpg\" class=\"attachment-medium-image-16x10 size-medium-image-16x10 wp-post-image\" alt=\"\" \/>      <\/div>\n      <h3>Gala 75-lecia AZS<\/h3>\n      Nasze Centrum Historii wsp\u00f3\u0142organizowa\u0142o wystaw\u0119 po\u015bwi\u0119con\u0105 75-leciu Akademickiego Zwi\u0105zku Sportowego w    <\/a>\n<\/article>\t\t\t\t\t\t<\/div>\n\t\t\t\t\t\t\t\t\t\t\t<div class=\"col-sm-3\">\n\t\t\t\t\t\t\t\n<article class=\"format-standard\">\n    <span class=\"date text-right\"><i class=\"fal fa-calendar-alt\"><\/i> 31-10-2025<\/span>\n    <a href=\"https:\/\/pb.edu.pl\/auich\/2025\/10\/31\/magazyn-w-budynku-sigma\/\">\n      <div class=\"article-image\">\n        <img loading=\"lazy\" decoding=\"async\" width=\"480\" height=\"300\" src=\"https:\/\/pb.edu.pl\/auich\/wp-content\/uploads\/sites\/63\/2025\/10\/Sigma-magazyn-3-480x300.jpg\" class=\"attachment-medium-image-16x10 size-medium-image-16x10 wp-post-image\" alt=\"\" \/>      <\/div>\n      <h3>Nowy magazyn przy ul. Zwierzynieckiej 10<\/h3>\n      Mamy dodatkow\u0105 przestrze\u0144 do przechowywania! Nasz drugi magazyn sk\u0142ada si\u0119 z    <\/a>\n<\/article>\t\t\t\t\t\t<\/div>\n\t\t\t\t\t\t\t\t\t\t\t<div class=\"col-sm-3\">\n\t\t\t\t\t\t\t\n<article class=\"format-standard\">\n    <span class=\"date text-right\"><i class=\"fal fa-calendar-alt\"><\/i> 16-10-2025<\/span>\n    <a href=\"https:\/\/pb.edu.pl\/auich\/2025\/10\/16\/przedstawicielki-archiwum-uczelnianego-i-centrum-historii-pb-odwiedzily-university-of-tartu-estonia\/\">\n      <div class=\"article-image\">\n        <img loading=\"lazy\" decoding=\"async\" width=\"480\" height=\"300\" src=\"https:\/\/pb.edu.pl\/auich\/wp-content\/uploads\/sites\/63\/2026\/01\/Tartu-wizyta-480x300.jpg\" class=\"attachment-medium-image-16x10 size-medium-image-16x10 wp-post-image\" alt=\"\" \/>      <\/div>\n      <h3>Go\u015bci\u0142y\u015bmy w Tartu<\/h3>\n      Zwiedzia\u0142y\u015bmy muzeum, bibliotek\u0119 i obserwatorium astronomiczne najstarszej esto\u0144skiej uczelni    <\/a>\n<\/article>\t\t\t\t\t\t<\/div>\n\t\t\t\t\t\n\t\t\t\t\n\t\t\t\t\t<\/div>\n\t\t\t\t\t<\/div>\n\n&nbsp;<\/p>\n","protected":false},"excerpt":{"rendered":"<p>&nbsp; Archiwum Uczelniane Centrum Historii O nas &nbsp; Aktualno\u015bci &nbsp;<\/p>\n","protected":false},"author":2,"featured_media":0,"parent":0,"menu_order":0,"comment_status":"closed","ping_status":"closed","template":"templates\/dzial.php","meta":{"_acf_changed":false,"ngg_post_thumbnail":0,"footnotes":""},"class_list":["post-14","page","type-page","status-publish","hentry"],"acf":[],"yoast_head":"<!-- This site is optimized with the Yoast SEO plugin v27.0 - https:\/\/yoast.com\/product\/yoast-seo-wordpress\/ -->\n<title>Archiwum Uczelniane i Centrum Historii Politechniki Bia\u0142ostockiej - AUiCH<\/title>\n<meta name=\"description\" content=\"Za\u015bwiadczenia, udost\u0119pnianie prac dyplomowych,... | Wystawy sta\u0142e i czasowe,...\" \/>\n<meta name=\"robots\" content=\"index, follow, max-snippet:-1, max-image-preview:large, max-video-preview:-1\" \/>\n<link rel=\"canonical\" href=\"https:\/\/pb.edu.pl\/auich\/\" \/>\n<meta property=\"og:locale\" content=\"pl_PL\" \/>\n<meta property=\"og:type\" content=\"article\" \/>\n<meta property=\"og:title\" content=\"Archiwum Uczelniane i Centrum Historii Politechniki Bia\u0142ostockiej - AUiCH\" \/>\n<meta property=\"og:description\" content=\"Za\u015bwiadczenia, udost\u0119pnianie prac dyplomowych,... | Wystawy sta\u0142e i czasowe,...\" \/>\n<meta property=\"og:url\" content=\"https:\/\/pb.edu.pl\/auich\/\" \/>\n<meta property=\"og:site_name\" content=\"Archiwum Uczelniane i Centrum Historii PB\" \/>\n<meta property=\"article:modified_time\" content=\"2022-01-25T13:00:39+00:00\" \/>\n<meta property=\"og:image\" content=\"https:\/\/pb.edu.pl\/auich\/wp-content\/uploads\/sites\/63\/2021\/11\/baner-auich-color-www.jpg\" \/>\n<meta name=\"twitter:card\" content=\"summary_large_image\" \/>\n<script type=\"application\/ld+json\" class=\"yoast-schema-graph\">{\"@context\":\"https:\/\/schema.org\",\"@graph\":[{\"@type\":\"WebPage\",\"@id\":\"https:\/\/pb.edu.pl\/auich\/\",\"url\":\"https:\/\/pb.edu.pl\/auich\/\",\"name\":\"Archiwum Uczelniane i Centrum Historii Politechniki Bia\u0142ostockiej - AUiCH\",\"isPartOf\":{\"@id\":\"https:\/\/pb.edu.pl\/auich\/#website\"},\"primaryImageOfPage\":{\"@id\":\"https:\/\/pb.edu.pl\/auich\/#primaryimage\"},\"image\":{\"@id\":\"https:\/\/pb.edu.pl\/auich\/#primaryimage\"},\"thumbnailUrl\":\"https:\/\/pb.edu.pl\/auich\/wp-content\/uploads\/sites\/63\/2021\/11\/baner-auich-color-www.jpg\",\"datePublished\":\"2021-03-03T22:15:22+00:00\",\"dateModified\":\"2022-01-25T13:00:39+00:00\",\"description\":\"Za\u015bwiadczenia, udost\u0119pnianie prac dyplomowych,... | Wystawy sta\u0142e i czasowe,...\",\"inLanguage\":\"pl-PL\",\"potentialAction\":[{\"@type\":\"ReadAction\",\"target\":[\"https:\/\/pb.edu.pl\/auich\/\"]}]},{\"@type\":\"ImageObject\",\"inLanguage\":\"pl-PL\",\"@id\":\"https:\/\/pb.edu.pl\/auich\/#primaryimage\",\"url\":\"https:\/\/pb.edu.pl\/auich\/wp-content\/uploads\/sites\/63\/2021\/11\/baner-auich-color-www.jpg\",\"contentUrl\":\"https:\/\/pb.edu.pl\/auich\/wp-content\/uploads\/sites\/63\/2021\/11\/baner-auich-color-www.jpg\",\"width\":1920,\"height\":421,\"caption\":\"pok\u00f3j archiwum\"},{\"@type\":\"WebSite\",\"@id\":\"https:\/\/pb.edu.pl\/auich\/#website\",\"url\":\"https:\/\/pb.edu.pl\/auich\/\",\"name\":\"Archiwum Uczelniane i Centrum Historii PB\",\"description\":\"\",\"potentialAction\":[{\"@type\":\"SearchAction\",\"target\":{\"@type\":\"EntryPoint\",\"urlTemplate\":\"https:\/\/pb.edu.pl\/auich\/?s={search_term_string}\"},\"query-input\":{\"@type\":\"PropertyValueSpecification\",\"valueRequired\":true,\"valueName\":\"search_term_string\"}}],\"inLanguage\":\"pl-PL\"}]}<\/script>\n<!-- \/ Yoast SEO plugin. -->","yoast_head_json":{"title":"Archiwum Uczelniane i Centrum Historii Politechniki Bia\u0142ostockiej - AUiCH","description":"Za\u015bwiadczenia, udost\u0119pnianie prac dyplomowych,... | Wystawy sta\u0142e i czasowe,...","robots":{"index":"index","follow":"follow","max-snippet":"max-snippet:-1","max-image-preview":"max-image-preview:large","max-video-preview":"max-video-preview:-1"},"canonical":"https:\/\/pb.edu.pl\/auich\/","og_locale":"pl_PL","og_type":"article","og_title":"Archiwum Uczelniane i Centrum Historii Politechniki Bia\u0142ostockiej - AUiCH","og_description":"Za\u015bwiadczenia, udost\u0119pnianie prac dyplomowych,... | Wystawy sta\u0142e i czasowe,...","og_url":"https:\/\/pb.edu.pl\/auich\/","og_site_name":"Archiwum Uczelniane i Centrum Historii PB","article_modified_time":"2022-01-25T13:00:39+00:00","og_image":[{"url":"https:\/\/pb.edu.pl\/auich\/wp-content\/uploads\/sites\/63\/2021\/11\/baner-auich-color-www.jpg","type":"","width":"","height":""}],"twitter_card":"summary_large_image","schema":{"@context":"https:\/\/schema.org","@graph":[{"@type":"WebPage","@id":"https:\/\/pb.edu.pl\/auich\/","url":"https:\/\/pb.edu.pl\/auich\/","name":"Archiwum Uczelniane i Centrum Historii Politechniki Bia\u0142ostockiej - AUiCH","isPartOf":{"@id":"https:\/\/pb.edu.pl\/auich\/#website"},"primaryImageOfPage":{"@id":"https:\/\/pb.edu.pl\/auich\/#primaryimage"},"image":{"@id":"https:\/\/pb.edu.pl\/auich\/#primaryimage"},"thumbnailUrl":"https:\/\/pb.edu.pl\/auich\/wp-content\/uploads\/sites\/63\/2021\/11\/baner-auich-color-www.jpg","datePublished":"2021-03-03T22:15:22+00:00","dateModified":"2022-01-25T13:00:39+00:00","description":"Za\u015bwiadczenia, udost\u0119pnianie prac dyplomowych,... | Wystawy sta\u0142e i czasowe,...","inLanguage":"pl-PL","potentialAction":[{"@type":"ReadAction","target":["https:\/\/pb.edu.pl\/auich\/"]}]},{"@type":"ImageObject","inLanguage":"pl-PL","@id":"https:\/\/pb.edu.pl\/auich\/#primaryimage","url":"https:\/\/pb.edu.pl\/auich\/wp-content\/uploads\/sites\/63\/2021\/11\/baner-auich-color-www.jpg","contentUrl":"https:\/\/pb.edu.pl\/auich\/wp-content\/uploads\/sites\/63\/2021\/11\/baner-auich-color-www.jpg","width":1920,"height":421,"caption":"pok\u00f3j archiwum"},{"@type":"WebSite","@id":"https:\/\/pb.edu.pl\/auich\/#website","url":"https:\/\/pb.edu.pl\/auich\/","name":"Archiwum Uczelniane i Centrum Historii PB","description":"","potentialAction":[{"@type":"SearchAction","target":{"@type":"EntryPoint","urlTemplate":"https:\/\/pb.edu.pl\/auich\/?s={search_term_string}"},"query-input":{"@type":"PropertyValueSpecification","valueRequired":true,"valueName":"search_term_string"}}],"inLanguage":"pl-PL"}]}},"_links":{"self":[{"href":"https:\/\/pb.edu.pl\/auich\/wp-json\/wp\/v2\/pages\/14","targetHints":{"allow":["GET"]}}],"collection":[{"href":"https:\/\/pb.edu.pl\/auich\/wp-json\/wp\/v2\/pages"}],"about":[{"href":"https:\/\/pb.edu.pl\/auich\/wp-json\/wp\/v2\/types\/page"}],"author":[{"embeddable":true,"href":"https:\/\/pb.edu.pl\/auich\/wp-json\/wp\/v2\/users\/2"}],"replies":[{"embeddable":true,"href":"https:\/\/pb.edu.pl\/auich\/wp-json\/wp\/v2\/comments?post=14"}],"version-history":[{"count":0,"href":"https:\/\/pb.edu.pl\/auich\/wp-json\/wp\/v2\/pages\/14\/revisions"}],"wp:attachment":[{"href":"https:\/\/pb.edu.pl\/auich\/wp-json\/wp\/v2\/media?parent=14"}],"curies":[{"name":"wp","href":"https:\/\/api.w.org\/{rel}","templated":true}]}}