{"id":124,"date":"2021-03-12T20:11:29","date_gmt":"2021-03-12T19:11:29","guid":{"rendered":"https:\/\/pb.edu.pl\/auich\/?page_id=124"},"modified":"2023-06-06T12:49:32","modified_gmt":"2023-06-06T10:49:32","slug":"kalendarium","status":"publish","type":"page","link":"https:\/\/pb.edu.pl\/auich\/o-nas\/kalendarium\/","title":{"rendered":"Kalendarium"},"content":{"rendered":"<div class=\"h3\">IV 1957 r. <span class=\"rok\">Utworzenie Sk\u0142adnicy Akt Wieczorowej Szko\u0142y In\u017cynierskiej w Bia\u0142ymstoku<\/span><\/div>\n<p>Sk\u0142adnica akt powsta\u0142a 1 kwietnia 1957 r. \u2013 w \u00f3smym roku dzia\u0142alno\u015bci Wieczorowej Szko\u0142y In\u017cynierskiej. Sk\u0142adnica akt wchodzi w sk\u0142ad sekretariatu Wieczorowej Szko\u0142y In\u017cynierskiej.<\/p>\n<p>W tym czasie Uczelnia kszta\u0142ci student\u00f3w na trzech wydzia\u0142ach: elektrycznym, mechanicznym i budownictwa l\u0105dowego. Studenci mog\u0105 korzysta\u0107 z powsta\u0142ej w 1951 roku Biblioteki. Dyplomem Wieczorowej Szko\u0142y In\u017cynierskiej mo\u017ce si\u0119 ju\u017c poszczyci\u0107 blisko 140 os\u00f3b.<\/p>\n<p>Sk\u0142adnica akt funkcjonuje na podstawie Instrukcji o przechowywaniu akt w szko\u0142ach wy\u017cszych z 1952 r. oraz Zarz\u0105dzenia Ministra Szkolnictwa Wy\u017cszego i Nauki w sprawie rzeczowego podzia\u0142u akt szko\u0142y wy\u017cszej. Przechowuje akta poszczeg\u00f3lnych kom\u00f3rek organizacyjnych uczelni oraz prace dyplomowe student\u00f3w, a mie\u015bci si\u0119 na trzecim pi\u0119trze budynku szko\u0142y przy ul. Grunwaldzkiej 11\/15 (obecnie ul. Oskara Sosnowskiego 11 \u2013 siedziba Wydzia\u0142u Architektury).<\/p>\n<p>Opiek\u0119 nad aktami obejmuje Wanda Duszkiewicz. Pe\u0142ni jednocze\u015bnie funkcj\u0119 kierownika sekretariatu Wieczorowej Szko\u0142y In\u017cynierskiej i opiekuje si\u0119 sk\u0142adnic\u0105 akt do 1970 r.<br \/>\n&nbsp;<\/p>\n<div class=\"h3\">X 1964 r. <span class=\"rok\">Sk\u0142adnica akt Wy\u017cszej Szko\u0142y In\u017cynierskiej<\/span><\/div>\n<p>W pa\u017adzierniku nast\u0119puje zmiana nazwy uczelni na Wy\u017csz\u0105 Szko\u0142\u0119 In\u017cyniersk\u0105. Uruchomione zostaj\u0105 studia &nbsp;dzienne i zaoczne. Od tej pory sk\u0142adnica gromadzi akta i prace dyplomowe student\u00f3w pa\u0144stwowej Wy\u017cszej Szko\u0142y In\u017cynierskiej.<br \/>\n&nbsp;<\/p>\n<div class=\"h3\">1971 r. <span class=\"rok\">Opiek\u0119 nad sk\u0142adnic\u0105 obejmuje Wiera Samojlik<\/span><\/div>\n<p>Sk\u0142adnic\u0105 akt opiekuje si\u0119 od 1971 r. do 1975 r.<br \/>\n&nbsp;<\/p>\n<div class=\"h3\">X 1974 r. <span class=\"rok\">Uczelnia o randze akademickiej<\/span><\/div>\n<p>Wy\u017csza Szko\u0142a In\u017cynierska z dniem 1 pa\u017adziernika zostaje przekszta\u0142cona w Politechnik\u0119 Bia\u0142ostock\u0105.<br \/>\n&nbsp;<\/p>\n<div class=\"h3\">1975 r. <span class=\"rok\">Funkcj\u0119 archiwisty zaczyna pe\u0142ni\u0107 Maria Wyszkowska<\/span><\/div>\n<p>Opiek\u0119 nad zasobem archiwalnym Maria Wyszkowska sprawuje do 2003 r. Dopiero wtedy nast\u0119puj\u0105 kolejne zmiany personalne.<\/p>\n<p>W 2009 r. wraz z powi\u0119kszaj\u0105cym si\u0119 zasobem archiwalnym zwi\u0119ksza si\u0119 r\u00f3wnie\u017c personel archiwum.<br \/>\n&nbsp;<\/p>\n<div class=\"h3\">III 1975 r. <span class=\"rok\">Przekszta\u0142cenie sk\u0142adnicy akt w archiwum zak\u0142adowe Politechniki Bia\u0142ostockiej, zmiana lokalizacji archiwum<\/span><\/div>\n<p>Na mocy Zarz\u0105dzenia Rektora Politechniki Bia\u0142ostockiej, datowanego&nbsp;na 31 maja 1975&nbsp;r. powo\u0142ane zostaje&nbsp;archiwum zak\u0142adowe. Wprowadzone zmiany maj\u0105 zwi\u0105zek z przekszta\u0142ceniem w&nbsp;1974&nbsp;r. Wy\u017cszej Szko\u0142y In\u017cynierskiej w&nbsp;Politechnik\u0119 Bia\u0142ostock\u0105.<\/p>\n<p>W wyniku powi\u0119kszaj\u0105cego si\u0119 w tym czasie zasobu akt, kt\u00f3ry w 1975&nbsp;r. obejmuje 90 metr\u00f3w bie\u017c\u0105cych, archiwum&nbsp;przeniesione zostaje z budynku szko\u0142y przy ul.&nbsp;Grunwaldzkiej 11\/15 do dw\u00f3ch pomieszcze\u0144 obiektu Instytutu Mechaniki&nbsp;w Kleosinie.<\/p>\n<p>Do 2009&nbsp;r. funkcjonuje przy Biurze Rektora Politechniki Bia\u0142ostockiej.<br \/>\n&nbsp;<\/p>\n<div class=\"h3\">30 X 1976 r. <span class=\"rok\">Wprowadzenie Instrukcji kancelaryjnej i rzeczowego wykazu akt<\/span><\/div>\n<p>30 pa\u017adziernika 1976 r. Rektor Politechniki Bia\u0142ostockiej prof. dr hab. in\u017c. Tadeusz Be\u0142dowski wydaje zarz\u0105dzenie, kt\u00f3re szczeg\u00f3\u0142owo okre\u015bla zakres dzia\u0142alno\u015bci archiwum oraz zasady&nbsp;jego organizacji.<br \/>\n&nbsp;<\/p>\n<div class=\"h3\">1987 r. <span class=\"rok\">Nowa siedziba archiwum na kampusie przy ulicy Wiejskiej<\/span><\/div>\n<p>Na pocz\u0105tku lat 70. XX wieku rozpoczyna si\u0119 budowa miasteczka akademickiego Politechniki Bia\u0142ostockiej w rejonie ulic Wiejskiej, Zwierzynieckiej i \u015awierkowej. Powstaj\u0105 domy studenta i sto\u0142\u00f3wka. Nowe przestrzenie zyskuj\u0105 tak\u017ce kolejne wydzia\u0142y oraz administracja.<\/p>\n<p>Dokumentacja aktowa umieszczona zostaje w nowym pomieszczeniu magazynowym, dostosowanym do w\u0142a\u015bciwego przechowywania i zabezpieczania dokumentacji, w kompleksie budynk\u00f3w Politechniki przy ul. Wiejskiej 45 C.<\/p>\n<p>Na lokal archiwum sk\u0142adaj\u0105 si\u0119 magazyn oraz pok\u00f3j biurowy, kt\u00f3ry s\u0142u\u017cy pracownikom do porz\u0105dkowania oraz w\u0142a\u015bciwego udost\u0119pniania akt.<br \/>\n&nbsp;<\/p>\n<div class=\"h3\">III 2006 r. <span class=\"rok\">Nowa Instrukcja dotycz\u0105ca dzia\u0142ania Archiwum Uczelnianego Politechniki Bia\u0142ostockiej<\/span><\/div>\n<p>Normatywem wewn\u0119trznym reguluj\u0105cym funkcjonowanie Archiwum Uczelnianego PB,&nbsp;kt\u00f3ry obowi\u0105zuje do dnia dzisiejszego, jest ,,Instrukcja dotycz\u0105ca zakresu dzia\u0142ania Archiwum Uczelnianego Politechniki Bia\u0142ostockiej\u201d, wprowadzona&nbsp; Zarz\u0105dzeniem&nbsp; Nr 64&nbsp; Rektora Politechniki Bia\u0142ostockiej z dnia 15 grudnia 2006 r. z p\u00f3\u017aniejszymi zmianami.&nbsp;<br \/>\n&nbsp;<\/p>\n<div class=\"h3\">2010 r. <span class=\"rok\">Archiwum w\u0142\u0105czone w struktur\u0119 Biblioteki<\/span><\/div>\n<p>Uchwa\u0142\u0105 Senatu PB nr 17\/25\/2010 Archiwum zostaje w\u0142\u0105czone w struktur\u0119 organizacyjn\u0105 Biblioteki Politechniki Bia\u0142ostockiej kierowanej przez dyrektor mgr Joann\u0119 Putko. Do tej pory funkcjonowa\u0142o przy Biurze Rektora.&nbsp;<\/p>\n<div class=\"h3\">2011 r. <span class=\"rok\">Unowocze\u015bnienie infrastruktury<\/span><\/div>\n<p>Cz\u0119\u015b\u0107 magazynu Archiwum wyposa\u017cono&nbsp;w rega\u0142y przesuwne, kt\u00f3re stanowi\u0105&nbsp;doskona\u0142e rozwi\u0105zanie, ze wzgl\u0119du na&nbsp;maksymalne wykorzystanie przestrzeni magazynowej, gromadzenie&nbsp;i zabezpieczenie zasobu archiwalnego.<br \/>\n&nbsp;<\/p>\n<h3>2015 r. <span class=\"rok\">Skontrum<\/span><span class=\"rok\"> zbior\u00f3w archiwalnych.<\/span><\/h3>\n<p><span style=\"font-size: 1.5rem\">Zbiory archiwalne zostaj\u0105 poddane kontroli na podstawie pomocy ewidencyjnych, co ma na celu ustalenie stanu faktycznego zbior\u00f3w i ujawnienie brak\u00f3w, poprzez por\u00f3wnanie zapis\u00f3w w ewidencji archiwum ze stanem faktycznym w magazynie. W skontrum oraz prace porz\u0105dkowe anga\u017cuj\u0105 si\u0119 zar\u00f3wno pracownicy Archiwum, jak te\u017c Biblioteki Politechniki Bia\u0142ostockiej.<\/span><\/p>\n<p>&nbsp;<\/p>\n<div class=\"h3\">IV 2017 r. <span class=\"rok\">Film z okazji 60-lecie Archiwum Uczelnianego Politechniki Bia\u0142ostockiej<\/span><\/div>\n<p>Platon TV Bia\u0142ystok realizuje film o naszej jednostce.<\/p>\n<h3 class=\"h3\">23 XI 2017 r. utworzenie Centrum Historii<\/h3>\n<div>Senatorowie Politechniki Bia\u0142ostockiej wyra\u017caj\u0105 pozytywn\u0105 opini\u0119 w sprawie utworzenia Centrum Historii Politechniki Bia\u0142ostockiej. Dokumentem potwierdzaj\u0105cym ten fakt jest Uchwa\u0142a nr 190\/XI\/XV\/2017.&nbsp; Zmienia si\u0119 organizacja systemu biblioteczno-informacyjnego, jednostka otrzymuje now\u0105 nazw\u0119: Archiwum Uczelniane i Centrum Historii Politechniki Bia\u0142ostockiej. Obrady Senatu odbywaj\u0105 si\u0119 w czasie, kiedy przedstawiciele Uczelni (Agnieszka Halicka, Bo\u017cena Koszel-Pleskaczuk i Krzysztof Pleskaczuk) uczestnicz\u0105 w konferencji Stowarzyszenia Muze\u00f3w Uczelnianych &#8222;To\u017csamo\u015b\u0107 i dziedzictwo. Muzea Uczelniane&#8221; odbywaj\u0105cej si\u0119 w Krakowie.&nbsp;<\/div>\n<div>&nbsp;<\/div>\n<h3>1 I 2018 r.&nbsp; nowe normatywy kancelaryjno-archiwalne<\/h3>\n<div>Zarz\u0105dzeniem nr 748 Rektora Politechniki Bia\u0142ostockiej z dnia 15 XII 2017 r. zosta\u0142y wprowadzone instrukcja kancelaryjna, jednolity rzeczowy wykaz akt oraz instrukcja o organizacji i zakresie dzia\u0142ania Archiwum Uczelnianego i Centrum Historii. Zarz\u0105dzenie wesz\u0142o w \u017cycie z dniem 1 I 2018 r.&nbsp;<\/div>\n<div class=\"h3\">VIII-XI 2018 r. prace zwi\u0105zane z instalacj\u0105 kolejnych rega\u0142\u00f3w jezdnych<\/div>\n<div>W drugiej po\u0142owie sierpnia rozpoczynaj\u0105 si\u0119 prace przygotowawcze do instalacji nowych rega\u0142\u00f3w jezdnych w magazynie archiwalnym. 51 rega\u0142\u00f3w stacjonarnych wraz ze znajduj\u0105c\u0105 si\u0119 na nich dokumentacj\u0105 zostaje przetransportowane z magazynu do pomieszczenia na pi\u0119trze. Instalacja nowych rega\u0142\u00f3w jezdnych odbywa si\u0119 w pa\u017adzierniku, a ponowne przeniesienie dokumentacji trwa do ko\u0144ca listopada. W sumie zostaje przeniesionych oko\u0142o 620 mb. dokumentacji, a w dzia\u0142ania, opr\u00f3cz pracownik\u00f3w Archiwum, zaanga\u017cowani s\u0105 Bibliotekarze i Pracownicy Obs\u0142ugi Politechniki Bia\u0142ostockiej.&nbsp; W sumie zainstalowano 14 rega\u0142\u00f3w jezdnych i 2 stacjonarne, co stanowi 1 316 mb. p\u00f3\u0142ek.<\/div>\n<div>&nbsp;<\/div>\n<div class=\"h3\">XII 2018 r. rozpoczyna si\u0119 remont sali 135<\/div>\n<div>Ruszaj\u0105 prace remontowo-budowalne w sali 135 &#8211; dawna Sala Senatu. Tu ma si\u0119 znale\u017a\u0107 ekspozycja Centrum Historii Politechniki Bia\u0142ostockiej.&nbsp;<\/div>\n<div>&nbsp;<\/div>\n<h3>1 III 2019 r. zmiana na stanowisku Dyrektora Biblioteki&nbsp;<\/h3>\n<p>Na stanowisko dyrektora Biblioteki PB powo\u0142ana zostaje Pani mgr Maria Czy\u017cewska.<\/p>\n<h3>III 2020 r. Przerwana konferencja muzealna, pocz\u0105tek pandemii<\/h3>\n<p>W II Dorocznej Konferencji Muzealnej Stowarzyszenia Muzealnik\u00f3w Polskich uczestnicz\u0105 Agnieszka Halicka i dr Bo\u017cena Koszel-Pleskaczuk.<br \/>\nKonferencja pt. &#8222;Trudne dziedzictwo&#8221; zaplanowana na 11-13 III, ale ze wzgl\u0119du na wprowadzony stan zagro\u017cenie epidemicznego, obrady zako\u0144czono 12 III. Z dniem 20 III zosta\u0142 wprowadzony stan epidemii choroby COVID-19 w Polsce. W celu ograniczenia rozprzestrzeniania si\u0119 wirusa SARS-CoV-2 pracownicy przeszli na rotacyjny tryb pracy (do 25 V).&nbsp;<\/p>\n<div class=\"h3\">1 VII 2020 r. Skontrum zbior\u00f3w archiwalnych&nbsp;<\/div>\n<div>Prace przygotowawcze do kontroli materia\u0142\u00f3w archiwalnych i dokumentacji niearchiwalnej rozpoczynaj\u0105 si\u0119 w maju. Od lipca trwaj\u0105 prace spisowe, i sprawdzaj\u0105ce, zako\u0144czone protoko\u0142em z dnia 20 XI 2020 r.&nbsp; Pracownice Archiwum Uczelnianego wspieraj\u0105 w tych dzia\u0142aniach przedstawiciele Biblioteki PB.&nbsp; W sumie przeprowadzono kontrole oko\u0142o 80% ca\u0142ego zasobu: kategorii A &#8211; 45 212 jednostek aktowych, kat. B &#8211; 49 095.&nbsp;<\/div>\n<h3 class=\"h3\">1 IX 2020 r. zmiany w strukturze organizacyjnej Politechniki Bia\u0142ostockiej<\/h3>\n<div>Archiwum Uczelnianego i Centrum Historii staje si\u0119 jednostk\u0105 samodzieln\u0105, w pionie Rektora. Dyrektorem Archiwum Uczelnianego i Centrum Historii zostaje dr in\u017c. arch. Maciej K\u0142opotowski. Sk\u0142ad zespo\u0142u: mgr Beata Fiedorowicz, mgr Agnieszka Halicka, dr Bo\u017cena Koszel-Pleskaczuk (kt\u00f3ra postanawia realizowa\u0107 swoje plany zawodowe w innej instytucji, wi\u0119c z ko\u0144cem wrze\u015bnia zmienia prac\u0119), lic. Paula Prudzi\u0142owicz.&nbsp;<\/div>\n<p>&nbsp;<\/p>\n<h3>1 XII 2021 r. otwarcie Centrum Historii&nbsp;<\/h3>\n<p>Patronem Centrum Historii zosta\u0142 in\u017cynier Miros\u0142aw Bujanowski (1950-2017), d\u0142ugoletni pracownik Wydzia\u0142u Elektrycznego. To On by\u0142 inicjatorem utworzenia w Politechnice muzeum uczelnianego, gromadzi\u0142 aparatur\u0119, fotografie i spisywa\u0142 wspomnienia. Oficjalne nadanie imienia zosta\u0142o potwierdzone Zarz\u0105dzeniem Rektora PB nr 136 z dnia 30 XI 2021 r. Podczas otwarcia wst\u0119g\u0119 przeci\u0119li byli Rektorzy Uczelni: prof. Kazimierz Pie\u0144kowski, prof. Micha\u0142 Bo\u0142tryk, prof. Lech Dzienis, a tak\u017ce Rektor dr hab. in\u017c. Marta Kosior-Kazberuk, Dyrektor AUiCH PB dr in\u017c. arch. Maciej K\u0142opotowski i przedstawiciel rodziny Patrona Bartosz Bujanowski. Powo\u0142ana zosta\u0142a Rada Centrum Historii Politechniki Rady im. in\u017c. Miros\u0142awa Bujanowskiego (na okres od&nbsp; &nbsp;1 XII 2020 r. do 31 VIII 2023 r.). W sk\u0142ad Rady weszli: dr in\u017c. arch. Maciej K\u0142opotowski \u2013 Przewodnicz\u0105cy, dr hab. in\u017c. Marta Kosior-Kazberuk, dr n. med. Magdalena Muska\u0142a \u2013 Kierownik Muzeum Historii Medycyny i Farmacji Uniwersytetu Medycznego w Bia\u0142ymstoku, mgr Mateusz Adaszczyk \u2013 Prezes Zarz\u0105du Stowarzyszenia Absolwent\u00f3w Politechniki Bia\u0142ostockiej, mgr Maria Czy\u017cewska \u2013 Dyrektor Biblioteki Politechniki Bia\u0142ostockiej, mgr Jerzy Hermanowicz \u2013 historyk sztuki, emerytowany pracownik Politechniki Bia\u0142ostockiej; mgr Jolanta Szczygie\u0142-Rogowska \u2013 Dyrektor Galerii im. Slendzi\u0144skich w Bia\u0142ymstoku oraz in\u017c. Jakub Pruszy\u0144ski \u2013 Przewodnicz\u0105cy Parlamentu Student\u00f3w Politechniki Bia\u0142ostockiej.<\/p>\n<p>&nbsp;<\/p>\n<h3 class=\"h3\">1 I 2022 r. zmiany w jednolitym rzeczowym wykazie akt<\/h3>\n<p>Modyfikacja jednolitego rzeczowego wykazu akt to efekt zmian wprowadzonych przez Ustaw\u0119&nbsp;<em>Prawo o szkolnictwie wy\u017cszym<\/em>&nbsp;z dnia 20 lipca 2018 r. Ponadto, w oparciu o Ustaw\u0119 z 10 stycznia 2018 r.&nbsp;&nbsp;<em>o zmianie niekt\u00f3rych ustaw w zwi\u0105zku ze skr\u00f3ceniem okresu przechowywania akt pracowniczych oraz ich elektronizacj\u0105<\/em>, a tak\u017ce Rozporz\u0105dzeniem Ministra Rodziny, Pracy i Polityki Spo\u0142ecznej z dnia 10 grudnia 2018 r<em>. w sprawie dokumentacji pracowniczej<\/em>, wprowadzone zosta\u0142y zmiany w dziale 1 \u2013 Sprawy kadrowe oraz w dziale 3 \u2013 Finanse.&nbsp; 27 XII 2021 r. zosta\u0142o wydane Zarz\u0105dzenie Rektora Politechniki Bia\u0142ostockiej nr 145\/2021, wprowadzaj\u0105ce zmiany od nowego roku.<\/p>\n<p>&nbsp;<\/p>\n","protected":false},"excerpt":{"rendered":"<p>IV 1957 r. Utworzenie Sk\u0142adnicy Akt Wieczorowej Szko\u0142y In\u017cynierskiej w Bia\u0142ymstoku Sk\u0142adnica akt powsta\u0142a 1<\/p>\n","protected":false},"author":2,"featured_media":0,"parent":47,"menu_order":2,"comment_status":"closed","ping_status":"closed","template":"","meta":{"_acf_changed":false,"ngg_post_thumbnail":0,"footnotes":""},"class_list":["post-124","page","type-page","status-publish","hentry"],"acf":[],"yoast_head":"<!-- This site is optimized with the Yoast SEO plugin v27.0 - https:\/\/yoast.com\/product\/yoast-seo-wordpress\/ -->\n<title>Kalendarium - Archiwum Uczelniane i Centrum Historii PB<\/title>\n<meta name=\"description\" content=\"IV 1957 r. Utworzenie Sk\u0142adnicy Akt Wieczorowej Szko\u0142y In\u017cynierskiej w Bia\u0142ymstoku Sk\u0142adnica akt powsta\u0142a 1 kwietnia 1957 r. \u2013 w \u00f3smym roku dzia\u0142alno\u015bci\" \/>\n<meta name=\"robots\" content=\"index, follow, max-snippet:-1, max-image-preview:large, max-video-preview:-1\" \/>\n<link rel=\"canonical\" href=\"https:\/\/pb.edu.pl\/auich\/o-nas\/kalendarium\/\" \/>\n<meta property=\"og:locale\" content=\"pl_PL\" \/>\n<meta property=\"og:type\" content=\"article\" \/>\n<meta property=\"og:title\" content=\"Kalendarium - Archiwum Uczelniane i Centrum Historii PB\" \/>\n<meta property=\"og:description\" content=\"IV 1957 r. Utworzenie Sk\u0142adnicy Akt Wieczorowej Szko\u0142y In\u017cynierskiej w Bia\u0142ymstoku Sk\u0142adnica akt powsta\u0142a 1 kwietnia 1957 r. \u2013 w \u00f3smym roku dzia\u0142alno\u015bci\" \/>\n<meta property=\"og:url\" content=\"https:\/\/pb.edu.pl\/auich\/o-nas\/kalendarium\/\" \/>\n<meta property=\"og:site_name\" content=\"Archiwum Uczelniane i Centrum Historii PB\" \/>\n<meta property=\"article:modified_time\" content=\"2023-06-06T10:49:32+00:00\" \/>\n<meta name=\"twitter:card\" content=\"summary_large_image\" \/>\n<meta name=\"twitter:label1\" content=\"Szacowany czas czytania\" \/>\n\t<meta name=\"twitter:data1\" content=\"5 minut\" \/>\n<script type=\"application\/ld+json\" class=\"yoast-schema-graph\">{\"@context\":\"https:\/\/schema.org\",\"@graph\":[{\"@type\":\"WebPage\",\"@id\":\"https:\/\/pb.edu.pl\/auich\/o-nas\/kalendarium\/\",\"url\":\"https:\/\/pb.edu.pl\/auich\/o-nas\/kalendarium\/\",\"name\":\"Kalendarium - Archiwum Uczelniane i Centrum Historii PB\",\"isPartOf\":{\"@id\":\"https:\/\/pb.edu.pl\/auich\/#website\"},\"datePublished\":\"2021-03-12T19:11:29+00:00\",\"dateModified\":\"2023-06-06T10:49:32+00:00\",\"description\":\"IV 1957 r. Utworzenie Sk\u0142adnicy Akt Wieczorowej Szko\u0142y In\u017cynierskiej w Bia\u0142ymstoku Sk\u0142adnica akt powsta\u0142a 1 kwietnia 1957 r. \u2013 w \u00f3smym roku dzia\u0142alno\u015bci\",\"breadcrumb\":{\"@id\":\"https:\/\/pb.edu.pl\/auich\/o-nas\/kalendarium\/#breadcrumb\"},\"inLanguage\":\"pl-PL\",\"potentialAction\":[{\"@type\":\"ReadAction\",\"target\":[\"https:\/\/pb.edu.pl\/auich\/o-nas\/kalendarium\/\"]}]},{\"@type\":\"BreadcrumbList\",\"@id\":\"https:\/\/pb.edu.pl\/auich\/o-nas\/kalendarium\/#breadcrumb\",\"itemListElement\":[{\"@type\":\"ListItem\",\"position\":1,\"name\":\"Strona g\u0142\u00f3wna\",\"item\":\"https:\/\/pb.edu.pl\/auich\/\"},{\"@type\":\"ListItem\",\"position\":2,\"name\":\"O nas\",\"item\":\"https:\/\/pb.edu.pl\/auich\/o-nas\/\"},{\"@type\":\"ListItem\",\"position\":3,\"name\":\"Kalendarium\"}]},{\"@type\":\"WebSite\",\"@id\":\"https:\/\/pb.edu.pl\/auich\/#website\",\"url\":\"https:\/\/pb.edu.pl\/auich\/\",\"name\":\"Archiwum Uczelniane i Centrum Historii PB\",\"description\":\"\",\"potentialAction\":[{\"@type\":\"SearchAction\",\"target\":{\"@type\":\"EntryPoint\",\"urlTemplate\":\"https:\/\/pb.edu.pl\/auich\/?s={search_term_string}\"},\"query-input\":{\"@type\":\"PropertyValueSpecification\",\"valueRequired\":true,\"valueName\":\"search_term_string\"}}],\"inLanguage\":\"pl-PL\"}]}<\/script>\n<!-- \/ Yoast SEO plugin. -->","yoast_head_json":{"title":"Kalendarium - Archiwum Uczelniane i Centrum Historii PB","description":"IV 1957 r. Utworzenie Sk\u0142adnicy Akt Wieczorowej Szko\u0142y In\u017cynierskiej w Bia\u0142ymstoku Sk\u0142adnica akt powsta\u0142a 1 kwietnia 1957 r. \u2013 w \u00f3smym roku dzia\u0142alno\u015bci","robots":{"index":"index","follow":"follow","max-snippet":"max-snippet:-1","max-image-preview":"max-image-preview:large","max-video-preview":"max-video-preview:-1"},"canonical":"https:\/\/pb.edu.pl\/auich\/o-nas\/kalendarium\/","og_locale":"pl_PL","og_type":"article","og_title":"Kalendarium - Archiwum Uczelniane i Centrum Historii PB","og_description":"IV 1957 r. Utworzenie Sk\u0142adnicy Akt Wieczorowej Szko\u0142y In\u017cynierskiej w Bia\u0142ymstoku Sk\u0142adnica akt powsta\u0142a 1 kwietnia 1957 r. \u2013 w \u00f3smym roku dzia\u0142alno\u015bci","og_url":"https:\/\/pb.edu.pl\/auich\/o-nas\/kalendarium\/","og_site_name":"Archiwum Uczelniane i Centrum Historii PB","article_modified_time":"2023-06-06T10:49:32+00:00","twitter_card":"summary_large_image","twitter_misc":{"Szacowany czas czytania":"5 minut"},"schema":{"@context":"https:\/\/schema.org","@graph":[{"@type":"WebPage","@id":"https:\/\/pb.edu.pl\/auich\/o-nas\/kalendarium\/","url":"https:\/\/pb.edu.pl\/auich\/o-nas\/kalendarium\/","name":"Kalendarium - Archiwum Uczelniane i Centrum Historii PB","isPartOf":{"@id":"https:\/\/pb.edu.pl\/auich\/#website"},"datePublished":"2021-03-12T19:11:29+00:00","dateModified":"2023-06-06T10:49:32+00:00","description":"IV 1957 r. Utworzenie Sk\u0142adnicy Akt Wieczorowej Szko\u0142y In\u017cynierskiej w Bia\u0142ymstoku Sk\u0142adnica akt powsta\u0142a 1 kwietnia 1957 r. \u2013 w \u00f3smym roku dzia\u0142alno\u015bci","breadcrumb":{"@id":"https:\/\/pb.edu.pl\/auich\/o-nas\/kalendarium\/#breadcrumb"},"inLanguage":"pl-PL","potentialAction":[{"@type":"ReadAction","target":["https:\/\/pb.edu.pl\/auich\/o-nas\/kalendarium\/"]}]},{"@type":"BreadcrumbList","@id":"https:\/\/pb.edu.pl\/auich\/o-nas\/kalendarium\/#breadcrumb","itemListElement":[{"@type":"ListItem","position":1,"name":"Strona g\u0142\u00f3wna","item":"https:\/\/pb.edu.pl\/auich\/"},{"@type":"ListItem","position":2,"name":"O nas","item":"https:\/\/pb.edu.pl\/auich\/o-nas\/"},{"@type":"ListItem","position":3,"name":"Kalendarium"}]},{"@type":"WebSite","@id":"https:\/\/pb.edu.pl\/auich\/#website","url":"https:\/\/pb.edu.pl\/auich\/","name":"Archiwum Uczelniane i Centrum Historii PB","description":"","potentialAction":[{"@type":"SearchAction","target":{"@type":"EntryPoint","urlTemplate":"https:\/\/pb.edu.pl\/auich\/?s={search_term_string}"},"query-input":{"@type":"PropertyValueSpecification","valueRequired":true,"valueName":"search_term_string"}}],"inLanguage":"pl-PL"}]}},"_links":{"self":[{"href":"https:\/\/pb.edu.pl\/auich\/wp-json\/wp\/v2\/pages\/124","targetHints":{"allow":["GET"]}}],"collection":[{"href":"https:\/\/pb.edu.pl\/auich\/wp-json\/wp\/v2\/pages"}],"about":[{"href":"https:\/\/pb.edu.pl\/auich\/wp-json\/wp\/v2\/types\/page"}],"author":[{"embeddable":true,"href":"https:\/\/pb.edu.pl\/auich\/wp-json\/wp\/v2\/users\/2"}],"replies":[{"embeddable":true,"href":"https:\/\/pb.edu.pl\/auich\/wp-json\/wp\/v2\/comments?post=124"}],"version-history":[{"count":0,"href":"https:\/\/pb.edu.pl\/auich\/wp-json\/wp\/v2\/pages\/124\/revisions"}],"up":[{"embeddable":true,"href":"https:\/\/pb.edu.pl\/auich\/wp-json\/wp\/v2\/pages\/47"}],"wp:attachment":[{"href":"https:\/\/pb.edu.pl\/auich\/wp-json\/wp\/v2\/media?parent=124"}],"curies":[{"name":"wp","href":"https:\/\/api.w.org\/{rel}","templated":true}]}}