{"id":101,"date":"2021-03-09T21:55:13","date_gmt":"2021-03-09T20:55:13","guid":{"rendered":"https:\/\/pb.edu.pl\/auich\/?page_id=101"},"modified":"2023-09-11T08:40:33","modified_gmt":"2023-09-11T06:40:33","slug":"buduj-z-nami-kolekcje","status":"publish","type":"page","link":"https:\/\/pb.edu.pl\/auich\/centrum-historii\/buduj-z-nami-kolekcje\/","title":{"rendered":"Buduj z nami kolekcj\u0119"},"content":{"rendered":"<div class=\"h3\">\u201ePodaruj eksponat&#8221; &#8211; zbi\u00f3rka pami\u0105tek, przedmiot\u00f3w<br \/>\noraz wszelkich \u015bwiadectw historii naszej Uczelni<\/div>\n<p><img loading=\"lazy\" decoding=\"async\" class=\"wp-image-647 alignnone\" src=\"https:\/\/pb.edu.pl\/auich\/wp-content\/uploads\/sites\/63\/2021\/11\/wnetrza_centrum_historii_gabriela_kosciuk_pb-91-300x200.jpg\" alt=\"telefon na biurku\" width=\"591\" height=\"394\" srcset=\"https:\/\/pb.edu.pl\/auich\/wp-content\/uploads\/sites\/63\/2021\/11\/wnetrza_centrum_historii_gabriela_kosciuk_pb-91-300x200.jpg 300w, https:\/\/pb.edu.pl\/auich\/wp-content\/uploads\/sites\/63\/2021\/11\/wnetrza_centrum_historii_gabriela_kosciuk_pb-91-1024x683.jpg 1024w, https:\/\/pb.edu.pl\/auich\/wp-content\/uploads\/sites\/63\/2021\/11\/wnetrza_centrum_historii_gabriela_kosciuk_pb-91-768x512.jpg 768w, https:\/\/pb.edu.pl\/auich\/wp-content\/uploads\/sites\/63\/2021\/11\/wnetrza_centrum_historii_gabriela_kosciuk_pb-91-480x320.jpg 480w, https:\/\/pb.edu.pl\/auich\/wp-content\/uploads\/sites\/63\/2021\/11\/wnetrza_centrum_historii_gabriela_kosciuk_pb-91.jpg 1200w\" sizes=\"auto, (max-width: 591px) 100vw, 591px\" \/><\/p>\n<p>Czekamy na osoby, kt\u00f3re chcia\u0142yby przekaza\u0107 obiekty, dokumenty, zdj\u0119cia itp. zwi\u0105zanych z powstawaniem Uczelni, jej rozwojem oraz dziedzictwem.<\/p>\n<p>Ch\u0119tnych, kt\u00f3rzy chcieliby przekaza\u0107 pami\u0105tki do muzeum, prosimy o zg\u0142oszenie si\u0119 do Archiwum Uczelnianego i Centrum Historii, znajduj\u0105cego si\u0119 na Wydziale Mechanicznym ul. Wiejska 45C pok. 437<\/p>\n<p>Wcze\u015bniej prosimy o kontakt:<br \/>\n513-065-411<br \/>\n<i class=\"fal fa-envelope\"><\/i> <a href=\"#\" rel=\"nofollow\"  onclick=\"this.href='mailto:' + 'centrumhistorii' + '@' + 'pb.edu.pl'\">centrumhistorii [at] pb.edu.pl<\/a>\n&nbsp;<br \/>\n&nbsp;<\/p>\n<div class=\"h3\">\u201eDaj si\u0119 zapami\u0119ta\u0107\u201d<br \/>\n&#8211; akcja po\u015bwi\u0119cona wszystkim pracownikom Politechniki Bia\u0142ostockiej<\/div>\n<p><img loading=\"lazy\" decoding=\"async\" class=\"wp-image-644 alignnone\" src=\"https:\/\/pb.edu.pl\/auich\/wp-content\/uploads\/sites\/63\/2021\/11\/plansza-tapeta-zdjeciaA-300x169.jpg\" alt=\"Logo Politechniki Bia\u0142ostockiej utworzone ze zdj\u0119\u0107\" width=\"584\" height=\"329\" srcset=\"https:\/\/pb.edu.pl\/auich\/wp-content\/uploads\/sites\/63\/2021\/11\/plansza-tapeta-zdjeciaA-300x169.jpg 300w, https:\/\/pb.edu.pl\/auich\/wp-content\/uploads\/sites\/63\/2021\/11\/plansza-tapeta-zdjeciaA-1024x576.jpg 1024w, https:\/\/pb.edu.pl\/auich\/wp-content\/uploads\/sites\/63\/2021\/11\/plansza-tapeta-zdjeciaA-768x432.jpg 768w, https:\/\/pb.edu.pl\/auich\/wp-content\/uploads\/sites\/63\/2021\/11\/plansza-tapeta-zdjeciaA-1536x864.jpg 1536w, https:\/\/pb.edu.pl\/auich\/wp-content\/uploads\/sites\/63\/2021\/11\/plansza-tapeta-zdjeciaA.jpg 1920w\" sizes=\"auto, (max-width: 584px) 100vw, 584px\" \/><\/p>\n<p>Serdecznie zach\u0119camy wszystkich pracownicy Politechniki Bia\u0142ostockiej, kt\u00f3rzy nie wzi\u0119li jeszcze udzia\u0142u w naszej akcji pt. \u201eDaj si\u0119 zapami\u0119ta\u0107\u201d. Chcieliby\u015bmy, aby Pa\u0144stwa fotografie r\u00f3wnie\u017c zosta\u0142y cz\u0119\u015bci\u0105 zbiorowego portretu. Wszystkie zdj\u0119cia cz\u0142onk\u00f3w spo\u0142eczno\u015bci akademickiej, utworz\u0105 kola\u017c logo uczelni. Ta czarno-bia\u0142a wielkoformatowa grafika, stanie si\u0119 wa\u017cn\u0105 cz\u0119\u015bci\u0105 ekspozycji Centrum Historii. Wielu Pracownik\u00f3w przes\u0142a\u0142o nam swoje zdj\u0119cia oraz osobi\u015bcie uczestniczy\u0142o w zorganizowanych sesjach fotograficznych. To wci\u0105\u017c jednak jest ma\u0142e grono, dlatego serdecznie zach\u0119camy by przes\u0142a\u0107 swoj\u0105 fotografi\u0119 formacie legitymacyjnym na nasz adres e- mail:<br \/>\n<i class=\"fal fa-envelope\"><\/i> <a href=\"#\" rel=\"nofollow\"  onclick=\"this.href='mailto:' + 'centrumhistorii' + '@' + 'pb.edu.pl'\">centrumhistorii [at] pb.edu.pl<\/a>\n<p>Prosimy r\u00f3wnie\u017c o do\u0142\u0105czenie zgody na wykorzystanie Pa\u0144stwa wizerunku (formularz poni\u017cej).<br \/>\n&nbsp;<\/p>\n<p><a class=\"pdf\" title=\"otworzy si\u0119 w nowej karcie\" href=\"https:\/\/pb.edu.pl\/auich\/wp-content\/uploads\/sites\/63\/2021\/11\/zgoda-na-wizerunek_Fototapeta_Pracownicy.pdf\" target=\"_blank\" rel=\"noopener\" data-id=\"646\">Zgoda na zezwolenie na utrwalanie i rozpowszechnianie wizerunku (PDF, wersja dost\u0119pna cyfrowo, 251 KB)<\/a><\/p>\n","protected":false},"excerpt":{"rendered":"<p>\u201ePodaruj eksponat&#8221; &#8211; zbi\u00f3rka pami\u0105tek, przedmiot\u00f3w oraz wszelkich \u015bwiadectw historii naszej Uczelni Czekamy na osoby,<\/p>\n","protected":false},"author":2,"featured_media":0,"parent":39,"menu_order":6,"comment_status":"closed","ping_status":"closed","template":"","meta":{"_acf_changed":false,"ngg_post_thumbnail":0,"footnotes":""},"class_list":["post-101","page","type-page","status-publish","hentry"],"acf":[],"yoast_head":"<!-- This site is optimized with the Yoast SEO plugin v27.0 - https:\/\/yoast.com\/product\/yoast-seo-wordpress\/ -->\n<title>Buduj z nami kolekcj\u0119 - Archiwum Uczelniane i Centrum Historii PB<\/title>\n<meta name=\"description\" content=\"\u201ePodaruj eksponat&quot; - zbi\u00f3rka pami\u0105tek, przedmiot\u00f3w oraz wszelkich \u015bwiadectw historii naszej Uczelni Czekamy na osoby, kt\u00f3re chcia\u0142yby przekaza\u0107 obiekty,\" \/>\n<meta name=\"robots\" content=\"index, follow, max-snippet:-1, max-image-preview:large, max-video-preview:-1\" \/>\n<link rel=\"canonical\" href=\"https:\/\/pb.edu.pl\/auich\/centrum-historii\/buduj-z-nami-kolekcje\/\" \/>\n<meta property=\"og:locale\" content=\"pl_PL\" \/>\n<meta property=\"og:type\" content=\"article\" \/>\n<meta property=\"og:title\" content=\"Buduj z nami kolekcj\u0119 - Archiwum Uczelniane i Centrum Historii PB\" \/>\n<meta property=\"og:description\" content=\"\u201ePodaruj eksponat&quot; - zbi\u00f3rka pami\u0105tek, przedmiot\u00f3w oraz wszelkich \u015bwiadectw historii naszej Uczelni Czekamy na osoby, kt\u00f3re chcia\u0142yby przekaza\u0107 obiekty,\" \/>\n<meta property=\"og:url\" content=\"https:\/\/pb.edu.pl\/auich\/centrum-historii\/buduj-z-nami-kolekcje\/\" \/>\n<meta property=\"og:site_name\" content=\"Archiwum Uczelniane i Centrum Historii PB\" \/>\n<meta property=\"article:modified_time\" content=\"2023-09-11T06:40:33+00:00\" \/>\n<meta property=\"og:image\" content=\"https:\/\/pb.edu.pl\/auich\/wp-content\/uploads\/sites\/63\/2021\/11\/wnetrza_centrum_historii_gabriela_kosciuk_pb-91-300x200.jpg\" \/>\n<meta name=\"twitter:card\" content=\"summary_large_image\" \/>\n<meta name=\"twitter:label1\" content=\"Szacowany czas czytania\" \/>\n\t<meta name=\"twitter:data1\" content=\"1 minuta\" \/>\n<script type=\"application\/ld+json\" class=\"yoast-schema-graph\">{\"@context\":\"https:\/\/schema.org\",\"@graph\":[{\"@type\":\"WebPage\",\"@id\":\"https:\/\/pb.edu.pl\/auich\/centrum-historii\/buduj-z-nami-kolekcje\/\",\"url\":\"https:\/\/pb.edu.pl\/auich\/centrum-historii\/buduj-z-nami-kolekcje\/\",\"name\":\"Buduj z nami kolekcj\u0119 - Archiwum Uczelniane i Centrum Historii PB\",\"isPartOf\":{\"@id\":\"https:\/\/pb.edu.pl\/auich\/#website\"},\"primaryImageOfPage\":{\"@id\":\"https:\/\/pb.edu.pl\/auich\/centrum-historii\/buduj-z-nami-kolekcje\/#primaryimage\"},\"image\":{\"@id\":\"https:\/\/pb.edu.pl\/auich\/centrum-historii\/buduj-z-nami-kolekcje\/#primaryimage\"},\"thumbnailUrl\":\"https:\/\/pb.edu.pl\/auich\/wp-content\/uploads\/sites\/63\/2021\/11\/wnetrza_centrum_historii_gabriela_kosciuk_pb-91-300x200.jpg\",\"datePublished\":\"2021-03-09T20:55:13+00:00\",\"dateModified\":\"2023-09-11T06:40:33+00:00\",\"description\":\"\u201ePodaruj eksponat\\\" - zbi\u00f3rka pami\u0105tek, przedmiot\u00f3w oraz wszelkich \u015bwiadectw historii naszej Uczelni Czekamy na osoby, kt\u00f3re chcia\u0142yby przekaza\u0107 obiekty,\",\"breadcrumb\":{\"@id\":\"https:\/\/pb.edu.pl\/auich\/centrum-historii\/buduj-z-nami-kolekcje\/#breadcrumb\"},\"inLanguage\":\"pl-PL\",\"potentialAction\":[{\"@type\":\"ReadAction\",\"target\":[\"https:\/\/pb.edu.pl\/auich\/centrum-historii\/buduj-z-nami-kolekcje\/\"]}]},{\"@type\":\"ImageObject\",\"inLanguage\":\"pl-PL\",\"@id\":\"https:\/\/pb.edu.pl\/auich\/centrum-historii\/buduj-z-nami-kolekcje\/#primaryimage\",\"url\":\"https:\/\/pb.edu.pl\/auich\/wp-content\/uploads\/sites\/63\/2021\/11\/wnetrza_centrum_historii_gabriela_kosciuk_pb-91.jpg\",\"contentUrl\":\"https:\/\/pb.edu.pl\/auich\/wp-content\/uploads\/sites\/63\/2021\/11\/wnetrza_centrum_historii_gabriela_kosciuk_pb-91.jpg\",\"width\":1200,\"height\":800},{\"@type\":\"BreadcrumbList\",\"@id\":\"https:\/\/pb.edu.pl\/auich\/centrum-historii\/buduj-z-nami-kolekcje\/#breadcrumb\",\"itemListElement\":[{\"@type\":\"ListItem\",\"position\":1,\"name\":\"Strona g\u0142\u00f3wna\",\"item\":\"https:\/\/pb.edu.pl\/auich\/\"},{\"@type\":\"ListItem\",\"position\":2,\"name\":\"Centrum Historii\",\"item\":\"https:\/\/pb.edu.pl\/auich\/centrum-historii\/\"},{\"@type\":\"ListItem\",\"position\":3,\"name\":\"Buduj z nami kolekcj\u0119\"}]},{\"@type\":\"WebSite\",\"@id\":\"https:\/\/pb.edu.pl\/auich\/#website\",\"url\":\"https:\/\/pb.edu.pl\/auich\/\",\"name\":\"Archiwum Uczelniane i Centrum Historii PB\",\"description\":\"\",\"potentialAction\":[{\"@type\":\"SearchAction\",\"target\":{\"@type\":\"EntryPoint\",\"urlTemplate\":\"https:\/\/pb.edu.pl\/auich\/?s={search_term_string}\"},\"query-input\":{\"@type\":\"PropertyValueSpecification\",\"valueRequired\":true,\"valueName\":\"search_term_string\"}}],\"inLanguage\":\"pl-PL\"}]}<\/script>\n<!-- \/ Yoast SEO plugin. -->","yoast_head_json":{"title":"Buduj z nami kolekcj\u0119 - Archiwum Uczelniane i Centrum Historii PB","description":"\u201ePodaruj eksponat\" - zbi\u00f3rka pami\u0105tek, przedmiot\u00f3w oraz wszelkich \u015bwiadectw historii naszej Uczelni Czekamy na osoby, kt\u00f3re chcia\u0142yby przekaza\u0107 obiekty,","robots":{"index":"index","follow":"follow","max-snippet":"max-snippet:-1","max-image-preview":"max-image-preview:large","max-video-preview":"max-video-preview:-1"},"canonical":"https:\/\/pb.edu.pl\/auich\/centrum-historii\/buduj-z-nami-kolekcje\/","og_locale":"pl_PL","og_type":"article","og_title":"Buduj z nami kolekcj\u0119 - Archiwum Uczelniane i Centrum Historii PB","og_description":"\u201ePodaruj eksponat\" - zbi\u00f3rka pami\u0105tek, przedmiot\u00f3w oraz wszelkich \u015bwiadectw historii naszej Uczelni Czekamy na osoby, kt\u00f3re chcia\u0142yby przekaza\u0107 obiekty,","og_url":"https:\/\/pb.edu.pl\/auich\/centrum-historii\/buduj-z-nami-kolekcje\/","og_site_name":"Archiwum Uczelniane i Centrum Historii PB","article_modified_time":"2023-09-11T06:40:33+00:00","og_image":[{"url":"https:\/\/pb.edu.pl\/auich\/wp-content\/uploads\/sites\/63\/2021\/11\/wnetrza_centrum_historii_gabriela_kosciuk_pb-91-300x200.jpg","type":"","width":"","height":""}],"twitter_card":"summary_large_image","twitter_misc":{"Szacowany czas czytania":"1 minuta"},"schema":{"@context":"https:\/\/schema.org","@graph":[{"@type":"WebPage","@id":"https:\/\/pb.edu.pl\/auich\/centrum-historii\/buduj-z-nami-kolekcje\/","url":"https:\/\/pb.edu.pl\/auich\/centrum-historii\/buduj-z-nami-kolekcje\/","name":"Buduj z nami kolekcj\u0119 - Archiwum Uczelniane i Centrum Historii PB","isPartOf":{"@id":"https:\/\/pb.edu.pl\/auich\/#website"},"primaryImageOfPage":{"@id":"https:\/\/pb.edu.pl\/auich\/centrum-historii\/buduj-z-nami-kolekcje\/#primaryimage"},"image":{"@id":"https:\/\/pb.edu.pl\/auich\/centrum-historii\/buduj-z-nami-kolekcje\/#primaryimage"},"thumbnailUrl":"https:\/\/pb.edu.pl\/auich\/wp-content\/uploads\/sites\/63\/2021\/11\/wnetrza_centrum_historii_gabriela_kosciuk_pb-91-300x200.jpg","datePublished":"2021-03-09T20:55:13+00:00","dateModified":"2023-09-11T06:40:33+00:00","description":"\u201ePodaruj eksponat\" - zbi\u00f3rka pami\u0105tek, przedmiot\u00f3w oraz wszelkich \u015bwiadectw historii naszej Uczelni Czekamy na osoby, kt\u00f3re chcia\u0142yby przekaza\u0107 obiekty,","breadcrumb":{"@id":"https:\/\/pb.edu.pl\/auich\/centrum-historii\/buduj-z-nami-kolekcje\/#breadcrumb"},"inLanguage":"pl-PL","potentialAction":[{"@type":"ReadAction","target":["https:\/\/pb.edu.pl\/auich\/centrum-historii\/buduj-z-nami-kolekcje\/"]}]},{"@type":"ImageObject","inLanguage":"pl-PL","@id":"https:\/\/pb.edu.pl\/auich\/centrum-historii\/buduj-z-nami-kolekcje\/#primaryimage","url":"https:\/\/pb.edu.pl\/auich\/wp-content\/uploads\/sites\/63\/2021\/11\/wnetrza_centrum_historii_gabriela_kosciuk_pb-91.jpg","contentUrl":"https:\/\/pb.edu.pl\/auich\/wp-content\/uploads\/sites\/63\/2021\/11\/wnetrza_centrum_historii_gabriela_kosciuk_pb-91.jpg","width":1200,"height":800},{"@type":"BreadcrumbList","@id":"https:\/\/pb.edu.pl\/auich\/centrum-historii\/buduj-z-nami-kolekcje\/#breadcrumb","itemListElement":[{"@type":"ListItem","position":1,"name":"Strona g\u0142\u00f3wna","item":"https:\/\/pb.edu.pl\/auich\/"},{"@type":"ListItem","position":2,"name":"Centrum Historii","item":"https:\/\/pb.edu.pl\/auich\/centrum-historii\/"},{"@type":"ListItem","position":3,"name":"Buduj z nami kolekcj\u0119"}]},{"@type":"WebSite","@id":"https:\/\/pb.edu.pl\/auich\/#website","url":"https:\/\/pb.edu.pl\/auich\/","name":"Archiwum Uczelniane i Centrum Historii PB","description":"","potentialAction":[{"@type":"SearchAction","target":{"@type":"EntryPoint","urlTemplate":"https:\/\/pb.edu.pl\/auich\/?s={search_term_string}"},"query-input":{"@type":"PropertyValueSpecification","valueRequired":true,"valueName":"search_term_string"}}],"inLanguage":"pl-PL"}]}},"_links":{"self":[{"href":"https:\/\/pb.edu.pl\/auich\/wp-json\/wp\/v2\/pages\/101","targetHints":{"allow":["GET"]}}],"collection":[{"href":"https:\/\/pb.edu.pl\/auich\/wp-json\/wp\/v2\/pages"}],"about":[{"href":"https:\/\/pb.edu.pl\/auich\/wp-json\/wp\/v2\/types\/page"}],"author":[{"embeddable":true,"href":"https:\/\/pb.edu.pl\/auich\/wp-json\/wp\/v2\/users\/2"}],"replies":[{"embeddable":true,"href":"https:\/\/pb.edu.pl\/auich\/wp-json\/wp\/v2\/comments?post=101"}],"version-history":[{"count":0,"href":"https:\/\/pb.edu.pl\/auich\/wp-json\/wp\/v2\/pages\/101\/revisions"}],"up":[{"embeddable":true,"href":"https:\/\/pb.edu.pl\/auich\/wp-json\/wp\/v2\/pages\/39"}],"wp:attachment":[{"href":"https:\/\/pb.edu.pl\/auich\/wp-json\/wp\/v2\/media?parent=101"}],"curies":[{"name":"wp","href":"https:\/\/api.w.org\/{rel}","templated":true}]}}