{"id":3237,"date":"2026-03-17T21:55:52","date_gmt":"2026-03-17T20:55:52","guid":{"rendered":"https:\/\/pb.edu.pl\/amcm2025\/?page_id=3237"},"modified":"2026-03-17T22:08:30","modified_gmt":"2026-03-17T21:08:30","slug":"podsumowanie-konferencji","status":"publish","type":"page","link":"https:\/\/pb.edu.pl\/amcm2025\/podsumowanie-konferencji\/","title":{"rendered":"Podsumowanie Mi\u0119dzynarodowej Konferencji AMCM 2025"},"content":{"rendered":"<p><strong>Mi\u0119dzynarodowa Konferencja \u201eAnalytical Models and New Concepts in Concrete and Masonry Structures&#8221; (AMCM 2025)<\/strong> odby\u0142a si\u0119 w dniach 3\u20135 grudnia 2025 r. w audytorium C <a href=\"https:\/\/wb.pb.edu.pl\/\">Wydzia\u0142u Budownictwa i Nauk o \u015arodowisku Politechniki Bia\u0142ostockiej<\/a> przy ul. Wiejskiej 45 E w Bia\u0142ymstoku. By\u0142a to jedenasta edycja cyklicznego wydarzenia, kt\u00f3re po raz pierwszy zorganizowano w 1993 roku w\u0142a\u015bnie w Politechnice Bia\u0142ostockiej \u2014 konferencja po 32 latach \u201ezatoczy\u0142a ko\u0142o&#8221;, wracaj\u0105c do miejsca swoich narodzin. <a href=\"https:\/\/pb.edu.pl\/amcm2025\/about-conference\/organized-by\/\">Organizatorem konferencji<\/a> by\u0142 Wydzia\u0142 Budownictwa i Nauk o \u015arodowisku PB we wsp\u00f3\u0142pracy z Polskim Zwi\u0105zkiem In\u017cynier\u00f3w i Technik\u00f3w Budownictwa Oddzia\u0142 w Bia\u0142ymstoku oraz Sekcj\u0105 Konstrukcji Betonowych Komitetu In\u017cynierii L\u0105dowej i Wodnej PAN. <a href=\"https:\/\/pb.edu.pl\/amcm2025\/about-conference\/patronages\/\">Patronat honorowy<\/a> sprawowali Minister Infrastruktury, Marsza\u0142ek Wojew\u00f3dztwa Podlaskiego oraz Prezydent Miasta Bia\u0142egostoku natomiast patronat krajowy Wojewoda Podlaski Jacek Brzozowski, Rektor PB dr hab. in\u017c. Marta Kosior-Kazberuk, PZITB, Polska Izba In\u017cynier\u00f3w Budownictwa, Polska Akademia Nauk. <a href=\"https:\/\/pb.edu.pl\/amcm2025\/about-conference\/patronages\/\">Mi\u0119dzynarodowy patronat<\/a> nad wydarzeniem obj\u0119\u0142y organizacje: RILEM, fib (Mi\u0119dzynarodowa Federacja Konstrukcji Betonowych) oraz ACI (Ameryka\u0144ski Instytut Betonu) a partnerami przedsi\u0119wzi\u0119cia byli: Wojew\u00f3dztwo Podlaskie, Miasto Bia\u0142ystok, Astra Technologia Betonu, Sch\u00f6ck, PPP IdeaPro oraz PP Nordica Polska.<\/p>\n<p>W konferencji AMCM 2025 wzi\u0119\u0142o udzia\u0142 blisko 100 uczestnik\u00f3w z 11 kraj\u00f3w, w tym ze Stan\u00f3w Zjednoczonych, Kanady, Brazylii, Indii, Chin, Czech, Hiszpanii, Niemiec, Izraela, Portugalii i Polski. Podczas trzydniowych obrad zaprezentowano \u0142\u0105cznie 43 referaty.<\/p>\n<p>Przewodnicz\u0105c\u0105 <a href=\"https:\/\/pb.edu.pl\/amcm2025\/committees\/scientific-committee\/\">Komitetu Naukowego<\/a> by\u0142a dr hab. in\u017c. Marta Kosior-Kazberuk, prof. PB, Rektor Politechniki Bia\u0142ostockiej. Wiceprzewodnicz\u0105cymi zostali Micha\u0142 Bo\u0142tryk (Dziekan Wydzia\u0142u Budownictwa i Nauk o \u015arodowisku PB) oraz Wit Derkowski (Przewodnicz\u0105cy Sekcji Konstrukcji Betonowych KILiW PAN).<\/p>\n<p>Konferencja stanowi\u0142a forum wymiany do\u015bwiadcze\u0144 naukowych i badawczych w zakresie konstrukcji \u017celbetowych, betonowych i murowych. G\u0142\u00f3wne tematy obejmowa\u0142y takie zagadnienia jak beton i innowacyjne materia\u0142y, w\u0142a\u015bciwo\u015bci konstrukcji i projektowanie, metody i zarz\u0105dzanie budow\u0105, konstrukcje wybitne (outstanding structures), konstrukcje murowe, konstrukcje kompozytowe i innowacyjne materia\u0142y kompozytowe, dynamiczna diagnostyka konstrukcji, prefabrykowane konstrukcje i materia\u0142y, zr\u00f3wnowa\u017cony rozw\u00f3j, konstrukcje specjalne<\/p>\n<p>Konferencja obejmowa\u0142a trzy sesje plenarne z wyk\u0142adami zaproszonych ekspert\u00f3w. Prof. dr hab. in\u017c. Jan Bie\u0144 (Politechnika Wroc\u0142awska) wyg\u0142osi\u0142 wyk\u0142ad plenarny pt. \u201eGerontologia Techniczna Most\u00f3w Betonowych&#8221;. Prof. Agnieszka Bigaj-van Vliet (Holenderska Organizacja na rzecz Stosowanych Bada\u0144 Naukowych, cz\u0142onek Prezydium fib) przedstawi\u0142a wyk\u0142ad o roli Mi\u0119dzynarodowej Federacji Betonu Konstrukcyjnego i Model Code 2020 w umo\u017cliwianiu innowacji w zakresie konstrukcji betonowych. Prof. Bigaj-van Vliet podkre\u015bli\u0142a, \u017ce jednym z najwa\u017cniejszych zada\u0144 konferencji AMCM jest skonfrontowanie teorii z praktycznymi potrzebami przemys\u0142u: \u201eNauka jest podstaw\u0105 rozwoju przemys\u0142u, to kluczowa my\u015bl, kt\u00f3ra powinna towarzyszy\u0107 naukowcom i praktykom bran\u017cy budowlanej. Tematy dekarbonizacji, automatyzacji produkcji, nowe techniki obliczeniowe oraz metody analiz to wyzwania, kt\u00f3rych technologia pilnie potrzebuje&#8221;.<\/p>\n<p>Jednym z dominuj\u0105cych temat\u00f3w by\u0142a gospodarka o obiegu zamkni\u0119tym w budownictwie. Dr hab. in\u017c. Wit Derkowski, prof. PK, Przewodnicz\u0105cy Sekcji Konstrukcji Betonowych KILiW PAN, wskazywa\u0142 na konieczno\u015b\u0107 projektowania obiekt\u00f3w z opcj\u0105 demonta\u017cu i ponownego u\u017cycia, budynk\u00f3w o potencjale adaptacji do zmieniaj\u0105cych si\u0119 warunk\u00f3w oraz obiekt\u00f3w zeroemisyjnych. Zwr\u00f3ci\u0142 r\u00f3wnie\u017c uwag\u0119 na wyzwanie dotycz\u0105ce wsp\u00f3\u0142pracy nauki z przemys\u0142em \u2014 kluczowej dla wdra\u017cania innowacji w praktyce budowlanej. Naukowcy Politechniki Bia\u0142ostockiej zaprezentowali swoje osi\u0105gni\u0119cia w badaniach element\u00f3w ze zbrojeniem niemetalicznym, kt\u00f3re ma zast\u0105pi\u0107 klasyczn\u0105 stal, zmniejszaj\u0105c \u015blad CO\u2082 budownictwa. Uczelnia prowadzi tak\u017ce aktywne prace nad recyclingiem betonu, posiadaj\u0105c w tym zakresie zg\u0142oszenia patentowe. Na Politechnice Bia\u0142ostockiej realizowane s\u0105 tak\u017ce <strong>flagowe<\/strong> projekty z zakresu gospodarki o obiegu zamkni\u0119tym, w kt\u00f3rych zu\u017cyte \u0142opaty turbin wiatrowych przekszta\u0142cane s\u0105 w innowacyjne ekrany akustyczne dla infrastruktury drogowej.<\/p>\n<p>Podczas konferencji przedstawiono r\u00f3wnie\u017c wk\u0142ad naukowc\u00f3w w ochron\u0119 dziedzictwa kulturowego, w tym badania i prace konserwatorskie w XVI-wiecznych supraskich katakumbach monasterskich (Pomnik Historii RP od 2023 r.) oraz technologi\u0119 naprawy sklepie\u0144 Archikatedry Bia\u0142ostockiej opracowan\u0105 m.in. przez prof. Czes\u0142awa Miedzia\u0142owskiego i Rektor PB prof. Mart\u0119 Kosior-Kazberuk. Wyk\u0142ad g\u0142\u00f3wny pt. \u201eKluczowe zagadnienia w konserwacji historycznych konstrukcji murowych. Studia przypadk\u00f3w z Hiszpanii\u201d wyg\u0142osi\u0142a prof. Mar\u00eda Aurora Fl\u00f3rez de la Colina z Politechniki w Madrycie (Universidad Polit\u00e9cnica de Madrid, Madryt, Hiszpania).<\/p>\n<p><a href=\"https:\/\/pb.edu.pl\/amcm2025\/about-conference\/conference-program\/\">Trzydniowy program<\/a> obejmowa\u0142: 3 grudnia 2025 (\u015broda) &#8211; rejestracja, uroczyste otwarcie, Sesja Plenarna I, Sesje I\u2013II; 4 grudnia 2025 (czwartek) Sesja Plenarna II, udzia\u0142 w \u015awi\u0119cie Politechniki Bia\u0142ostockiej, sesje r\u00f3wnoleg\u0142e III\u2013V, uroczysta kolacja; 5 grudnia 2025 (pi\u0105tek)&nbsp; Sesja Plenarna III, Sesja VI, podsumowanie obrad i zamkni\u0119cie, lunch, wyjazd na wizyt\u0119 studyjn\u0105 do Wilna. Po zamkni\u0119ciu obrad cz\u0119\u015b\u0107 uczestnik\u00f3w wzi\u0119\u0142a udzia\u0142 w wizycie studyjnej na Wile\u0144skim Uniwersytecie Technicznym im. Giedymina (Litwa), obejmuj\u0105cej zwiedzanie uczelni oraz Wilna (6 grudnia 2025 r.).<\/p>\n<p>Dr hab. in\u017c. Miros\u0142aw Broniewicz, prof. PB, przewodnicz\u0105cy Komitetu Organizacyjnego AMCM 2025, podkre\u015bli\u0142: \u201eZnaczenia konferencji nie spos\u00f3b przeceni\u0107. Skupi\u0142a najwybitniejszych naukowc\u00f3w, przynosz\u0105c wiele pozytywnych warto\u015bci. Szczeg\u00f3lnie m\u0142odym naukowcom umo\u017cliwi\u0142a doskona\u0142y rozw\u00f3j w ich pracy, wymian\u0119 do\u015bwiadcze\u0144 i idei&#8221;. Dr hab. in\u017c. Jolanta Prusiel, prof. PB, z Katedry Konstrukcji Budowlanych i Mechaniki Budowli wskaza\u0142a, \u017ce konferencja stanowi\u0142a \u201e\u015bwietn\u0105 platform\u0119 wymiany my\u015bli, zw\u0142aszcza dla m\u0142odych naukowc\u00f3w buduj\u0105cych swoj\u0105 karier\u0119 zawodow\u0105 w Politechnice Bia\u0142ostockiej&#8221;. Konferencja AMCM ma ponad 30-letni\u0105 tradycj\u0119. Pierwsza edycja odby\u0142a si\u0119 w 1993 roku w Politechnice Bia\u0142ostockiej, a kolejne edycje organizowano co trzy lata w r\u00f3\u017cnych o\u015brodkach akademickich: Politechnice \u0141\u00f3dzkiej (1996, 2008), Politechnice Wroc\u0142awskiej (1999, 2014), Politechnice Krakowskiej (2002, 2011), Politechnice \u015al\u0105skiej (2005, 2017) i Politechnice Lubelskiej (2020). Powr\u00f3t do Bia\u0142egostoku po ponad trzech dekadach mia\u0142 wymiar symboliczny \u2014 konferencja wr\u00f3ci\u0142a do miejsca, w kt\u00f3rym narodzi\u0142a si\u0119 idea modeli obliczeniowych w konstrukcjach betonowych.<\/p>\n<p>Trzydniowa konferencja zako\u0144czy\u0142a si\u0119 opracowaniem monografii zawieraj\u0105cej zestaw abstrakt\u00f3w, natomiast wybrane wyst\u0105pienia zostan\u0105 opublikowane w renomowanych, wysoko punktowanych czasopismach naukowych: <em>Archiwum In\u017cynierii Budowlanej<\/em>, <em>Materia\u0142y Budowlane<\/em> oraz <em>Ekonomia i \u015arodowisko<\/em>.<\/p>\n<p><a href=\"https:\/\/pb.edu.pl\/amcm2025\/about-conference\/conference-program\/\">W programie AMCM 2025<\/a> zaplanowano kilka wyra\u017anie wyodr\u0119bnionych imprez towarzysz\u0105cych i element\u00f3w cz\u0119\u015bci \u201esocial\u201d: Stanowi\u0142y je kolacja powitalna \/ dinner pierwszego dnia \u2013 3 grudnia; gala dinner \u2013 drugiego dnia, 4 grudnia 2025 r., jako g\u0142\u00f3wne wydarzenie towarzyskie konferencji; udzia\u0142 w \u015awi\u0119cie Politechniki Bia\u0142ostockiej \u2013 4 grudnia w po\u0142udnie uczestnicy konferencji wzi\u0119li udzia\u0142 w oficjalnych obchodach \u015awi\u0119ta PB (element programu o charakterze zar\u00f3wno akademickim, jak i integracyjnym). Imprezy towarzysz\u0105ce AMCM 2025 mia\u0142y zdecydowanie integracyjno\u2011networkingowy charakter, z akcentem na spokojn\u0105, profesjonaln\u0105 atmosfer\u0119 i budowanie relacji mi\u0119dzynarodowych. Zwie\u0144czeniem konferencji by\u0142a wizyta studyjna do Wilna, kt\u00f3ra obejmowa\u0142a przejazd, regionaln\u0105 kolacj\u0119 na Litwie, nast\u0119pnego dnia wizyt\u0119 na Uniwersytecie Wile\u0144skim, zwiedzanie Wilna oraz wsp\u00f3lny lunch; by\u0142a traktowana jako rozszerzona cz\u0119\u015b\u0107 towarzysz\u0105co-studyjna konferencji.<\/p>\n<p>Na stoiskach wystawienniczych zaprezentowali si\u0119 partnerzy i sponsorzy konferencji m.in. Astra Technologia Betonu, Sch\u00f6ck, PPP IdeaPro, PP Nordica. W relacjach uczestnik\u00f3w konferencji i wypowiedziach organizator\u00f3w konferencja jest opisywana jako wysoko oceniana, szczeg\u00f3lnie przez m\u0142odych naukowc\u00f3w, w\u0142a\u015bnie ze wzgl\u0119du na mo\u017cliwo\u015b\u0107 swobodnej wymiany my\u015bli i rozwijania sieci kontakt\u00f3w \u2013 wydarzenia towarzysz\u0105ce s\u0105 wi\u0119c traktowane jako kluczowe uzupe\u0142nienie cz\u0119\u015bci merytorycznej, a nie \u201eoderwany bankiet\u201d.<\/p>\n<p>G\u0142\u00f3wne tematy sesji AMCM 2025 by\u0142y zgrupowane w kilka blok\u00f3w tematycznych z obszaru konstrukcji betonowych i murowych. Najwa\u017cniejsze \u201eparasole\u201d tematyczne to:<\/p>\n<ol>\n<li>Concrete and Innovative Materials \u2013 materia\u0142y betonowe, beton w z\u0142o\u017conym stanie napr\u0119\u017cenia, HPC, projektowanie trwa\u0142ych i zr\u00f3wnowa\u017conych beton\u00f3w, niskoemisyjne materia\u0142y, recykling i cyrkularno\u015b\u0107 w budownictwie, metody bada\u0144 i oceny konstrukcji.<\/li>\n<li>Structural Performance and Design \u2013 zaawansowane metody projektowania, modelowanie numeryczne, modele obliczeniowe zgodne z nowymi normami (np. Model Code), analiza dynamiczna, monitoring stanu technicznego, ocena trwa\u0142o\u015bci i cyklu \u017cycia konstrukcji.<\/li>\n<li>Construction Methods and Management \u2013 prefabrykacja i spr\u0119\u017canie, BIM, systemy zarz\u0105dzania procesem budowlanym, nowe techniki wykonawstwa, cyfryzacja procesu budowy, ocena istniej\u0105cych obiekt\u00f3w.<\/li>\n<li>Outstanding Structures \u2013 modelowanie i projektowanie most\u00f3w, tuneli, konstrukcji offshore, obiekt\u00f3w j\u0105drowych, fundament\u00f3w i innych \u201especial structures\u201d o podwy\u017cszonych wymaganiach bezpiecze\u0144stwa i niezawodno\u015bci.<\/li>\n<li>Masonry Structures \u2013 projektowanie i ocena konstrukcji murowych (tak\u017ce historycznych), modelowanie muru, zaprawy, degradacja i starzenie, probabilistyczne modele starzenia si\u0119 konstrukcji murowych.<\/li>\n<li>Composite structures and innovative composite materials \u2013 FRP, kompozytowe wzmocnienia i zbrojenia, nowe materia\u0142y kompozytowe, modelowanie konstrukcji kompozytowych, standardy wzmacniania FRP.<\/li>\n<li>Dynamic diagnostics of structures \u2013 drgania, analiza sejsmiczna, wp\u0142yw drga\u0144 na konstrukcje i u\u017cytkownik\u00f3w, identyfikacja modalna, monitoring drganiowy, sterowanie i izolacja drga\u0144.<\/li>\n<li>Prefabricated structures and materials \u2013 zagadnienia zwi\u0105zane z projektowaniem i eksploatacj\u0105 konstrukcji prefabrykowanych oraz materia\u0142ami do prefabrykacji.<\/li>\n<li>Sustainable development \/ Circularity in construction \u2013 zr\u00f3wnowa\u017cone projektowanie, obni\u017canie \u015bladu w\u0119glowego, gospodarka o obiegu zamkni\u0119tym w budownictwie, materia\u0142y dla budynk\u00f3w energooszcz\u0119dnych.<\/li>\n<\/ol>\n<p>Na konferencji AMCM 2025 temat \u201eConcrete and Innovative Materials\u201d by\u0142 rozumiany przede wszystkim w kierunku zr\u00f3wnowa\u017conych, niskoemisyjnych i zaawansowanych beton\u00f3w oraz zbrojenia. Przyk\u0142adowe grupy innowacyjnych materia\u0142\u00f3w betonowych, kt\u00f3re wpisywa\u0142y si\u0119 w zakres sesji to betony wysokowarto\u015bciowe (HPC) i o podwy\u017cszonej trwa\u0142o\u015bci \u2013 zoptymalizowane sk\u0142ady, dodatki mineralne, lepsza odporno\u015b\u0107 na z\u0142o\u017cony stan napr\u0119\u017cenia, zm\u0119czenie i obci\u0105\u017cenia d\u0142ugotrwa\u0142e; niskoemisyjne betony\/low\u2011carbon concrete \u2013 mieszanki z obni\u017conym udzia\u0142em klinkieru, wykorzystaniem dodatk\u00f3w (popio\u0142y, \u017cu\u017cle, inne produkty uboczne), projektowane pod k\u0105tem redukcji \u015bladu CO\u2082 i cyrkularno\u015bci w budownictwie; betony z kruszywem z recyklingu \u2013 rozw\u00f3j cementowych materia\u0142\u00f3w kompozytowych wykorzystuj\u0105cych kruszywo z recyklingu betonu; betony zbrojone niemetalicznie (kompozytowo) \u2013 zastosowanie pr\u0119t\u00f3w FRP, w\u0142\u00f3kien i mikropr\u0119t\u00f3w kompozytowych jako zbrojenia pod\u0142u\u017cnego i rozproszonego; &nbsp;materia\u0142y dla budynk\u00f3w energooszcz\u0119dnych i renowacji \u2013 mieszanki betonowe i zaprawy projektowane specjalnie do termomodernizacji oraz renowacji budynk\u00f3w o podwy\u017cszonej efektywno\u015bci energetycznej (np. kompatybilno\u015b\u0107 z materia\u0142ami izolacyjnymi, trwa\u0142o\u015b\u0107 w systemach ETICS)<\/p>\n<p>\u201eNowo\u015bci\u201d w modelowaniu numerycznym dotyczy\u0142y g\u0142\u00f3wnie bardziej zaawansowanych modeli materia\u0142owych, zgodno\u015bci z nowymi kodami oraz wchodzenia w AI\/ML. Mo\u017cna je stre\u015bci\u0107 w kilku blokach:<\/p>\n<ol type=\"a\">\n<li>zaawansowane modele numeryczne dla konstrukcji betonowych i murowych \u2013 sesje obejmowa\u0142y rozw\u00f3j modeli MES dla betonu (p\u0119kanie, zgniot, pe\u0142zanie, reologia), muru oraz konstrukcji kompozytowych, z naciskiem na lepsze odwzorowanie nieliniowo\u015bci materia\u0142owej i pracy zarysowanej konstrukcji.<\/li>\n<li>modele zgodne z nowymi normami \/ Model Code \u2013 w sekcji \u201eModels for concrete structures analysis according to new Codes\u201d dyskutowano modele obliczeniowe uwzgl\u0119dniaj\u0105ce wymagania najnowszych norm i Model Code (np. fib Model Code 2020), w tym nowe podej\u015bcia do no\u015bno\u015bci, zarysowania, niezawodno\u015bci i analizy w stanie granicznym u\u017cytkowalno\u015bci.<\/li>\n<li>deep learning i AI w in\u017cynierii konstrukcji \u2013 jako osobny w\u0105tek w tematyce \u201eStructural Performance and Design\u201d pojawi\u0142y si\u0119 zagadnienia \u201eDeep learning for structural engineering\u201d, czyli wykorzystanie sieci neuronowych do: predykcji odpowiedzi konstrukcji, identyfikacji uszkodze\u0144, redukcji modeli numerycznych oraz przyspieszenia analiz nieliniowych.<\/li>\n<li>modele nielosowe i probabilistyczne dla monitoringu konstrukcji \u2013 omawiano \u201eNon\u2011Deterministic models for structural health monitoring\u201d, czyli podej\u015bcia probabilistyczne i stochastyczne w modelowaniu konstrukcji oraz w ocenie ich stanu na podstawie danych pomiarowych (drgania, ugi\u0119cia, monitoring d\u0142ugoterminowy).<\/li>\n<li>modelowanie cyklu \u017cycia i trwa\u0142o\u015bci \u2013 \u201eLife\u2011Cycle performance assessment of civil engineering systems\u201d obejmowa\u0142o modele numeryczne \u0142\u0105cz\u0105ce mechanik\u0119 konstrukcji z degradacj\u0105 (karbonatyzacja, korozja zbrojenia, zm\u0119czenie) i analiz\u0105 LCA\/LCC konstrukcji w czasie \u017cycia.<\/li>\n<\/ol>\n<p>W dyskusjach na AMCM 2025 mocno wybrzmia\u0142o kilka kluczowych wyzwa\u0144, z kt\u00f3rymi mierzy si\u0119 dzi\u015b bran\u017ca budowlana (szczeg\u00f3lnie beton i konstrukcje murowe):<\/p>\n<ol type=\"a\">\n<li>dekarbonizacja i \u015blad w\u0119glowy \u2013 wskazywano, \u017ce budownictwo musi przyspieszy\u0107 redukcj\u0119 emisji, zar\u00f3wno poprzez nowe materia\u0142y (low\u2011carbon concrete), jak i optymalizacj\u0119 projektowania oraz ca\u0142ego cyklu \u017cycia obiektu.<\/li>\n<li>gospodarka o obiegu zamkni\u0119tym \u2013 dr hab. in\u017c. Wit Derkowski podkre\u015bla\u0142, \u017ce sektor budowlany ma \u201ezaleg\u0142o\u015bci\u201d w zakresie circular economy: projektowania pod demonta\u017c, ponowne u\u017cycie element\u00f3w, recykling betonu i kruszyw oraz minimalizacj\u0119 odpad\u00f3w na etapie realizacji.<\/li>\n<li>automatyzacja i cyfryzacja produkcji\/budowy \u2013 w wyst\u0105pieniach (m.in. prof. Agnieszki Bigaj\u2011van Vliet) jako pilne potrzeby wymieniano automatyzacj\u0119 produkcji element\u00f3w, zastosowanie nowych technik obliczeniowych i metod analiz, a tak\u017ce lepsz\u0105 integracj\u0119 narz\u0119dzi cyfrowych w projektowaniu i wykonawstwie.<\/li>\n<li>luka mi\u0119dzy nauk\u0105 a praktyk\u0105 \u2013 podkre\u015blano, \u017ce jednym z g\u0142\u00f3wnych zada\u0144 AMCM jest \u201eskonfrontowanie teorii z praktycznymi potrzebami przemys\u0142u\u201d; wyzwaniem jest prze\u0142o\u017cenie zaawansowanych modeli numerycznych i nowych materia\u0142\u00f3w na proste, zrozumia\u0142e wytyczne i narz\u0119dzia dla projektant\u00f3w i wykonawc\u00f3w.<\/li>\n<li>Wyczerpywanie zasob\u00f3w kruszyw \u2013 w materia\u0142ach konferencyjnych jako \u201epressing challenge\u201d wymieniono m.in. wyczerpywanie naturalnych kruszyw, zw\u0142aszcza piasku, co dodatkowo wzmacnia presj\u0119 na rozw\u00f3j technologii recyklingu betonu i alternatywnych surowc\u00f3w.<\/li>\n<\/ol>\n<p>Trzydniowa konferencja AMCM 2025 w Bia\u0142ymstoku potwierdzi\u0142a siln\u0105 pozycj\u0119 polskich o\u015brodk\u00f3w w \u015bwiatowych badaniach nad modelowaniem i projektowaniem konstrukcji betonowych oraz murowych. Tematyka obrad \u2013 od innowacyjnych materia\u0142\u00f3w, przez diagnostyk\u0119 dynamiczn\u0105, po zr\u00f3wnowa\u017cony rozw\u00f3j \u2013 odpowiada aktualnym globalnym trendom: dekarbonizacji budownictwa, rozwoju kompozyt\u00f3w i prefabrykacji oraz cyfryzacji proces\u00f3w projektowania i oceny trwa\u0142o\u015bci.<\/p>\n<p>Konferencja wpisa\u0142a si\u0119 w mi\u0119dzynarodowy nurt prac nad zaawansowanymi modelami numerycznymi, niezawodno\u015bci\u0105 konstrukcji i wykorzystaniem nowych materia\u0142\u00f3w o podwy\u017cszonej trwa\u0142o\u015bci, co znajduje odzwierciedlenie w programach organizacji takich jak fib, RILEM czy ACI. Obecno\u015b\u0107 ekspert\u00f3w z wielu kraj\u00f3w oraz wysoki poziom merytoryczny referat\u00f3w wskazuj\u0105, \u017ce wyniki prezentowane na AMCM 2025 mog\u0105 by\u0107 w\u0142\u0105czane do globalnych baz wiedzy i stanowi\u0107 punkt odniesienia dla dalszych bada\u0144 nad konstrukcjami betonowymi i murowymi.<br \/>\n&nbsp;<\/p>\n<p><a href=\"https:\/\/pb.edu.pl\/amcm2025\/wp-content\/uploads\/sites\/139\/2026\/03\/zdjecie-grupowe.jpg\"><img loading=\"lazy\" decoding=\"async\" src=\"https:\/\/pb.edu.pl\/amcm2025\/wp-content\/uploads\/sites\/139\/2026\/03\/zdjecie-grupowe.jpg\" alt=\"Zdj\u0119cie grupowe uczestnik\u00f3w konferencji\" width=\"1600\" height=\"900\" class=\"aligncenter size-full wp-image-3244\" srcset=\"https:\/\/pb.edu.pl\/amcm2025\/wp-content\/uploads\/sites\/139\/2026\/03\/zdjecie-grupowe.jpg 1600w, https:\/\/pb.edu.pl\/amcm2025\/wp-content\/uploads\/sites\/139\/2026\/03\/zdjecie-grupowe-300x169.jpg 300w, https:\/\/pb.edu.pl\/amcm2025\/wp-content\/uploads\/sites\/139\/2026\/03\/zdjecie-grupowe-1024x576.jpg 1024w, https:\/\/pb.edu.pl\/amcm2025\/wp-content\/uploads\/sites\/139\/2026\/03\/zdjecie-grupowe-768x432.jpg 768w, https:\/\/pb.edu.pl\/amcm2025\/wp-content\/uploads\/sites\/139\/2026\/03\/zdjecie-grupowe-1536x864.jpg 1536w\" sizes=\"auto, (max-width: 1600px) 100vw, 1600px\" \/><\/a><\/p>\n","protected":false},"excerpt":{"rendered":"<p>Mi\u0119dzynarodowa Konferencja \u201eAnalytical Models and New Concepts in Concrete and Masonry Structures&#8221; (AMCM 2025) odby\u0142a<\/p>\n","protected":false},"author":2,"featured_media":0,"parent":0,"menu_order":12,"comment_status":"closed","ping_status":"closed","template":"","meta":{"_acf_changed":false,"ngg_post_thumbnail":0,"footnotes":""},"class_list":["post-3237","page","type-page","status-publish","hentry"],"acf":[],"_links":{"self":[{"href":"https:\/\/pb.edu.pl\/amcm2025\/wp-json\/wp\/v2\/pages\/3237","targetHints":{"allow":["GET"]}}],"collection":[{"href":"https:\/\/pb.edu.pl\/amcm2025\/wp-json\/wp\/v2\/pages"}],"about":[{"href":"https:\/\/pb.edu.pl\/amcm2025\/wp-json\/wp\/v2\/types\/page"}],"author":[{"embeddable":true,"href":"https:\/\/pb.edu.pl\/amcm2025\/wp-json\/wp\/v2\/users\/2"}],"replies":[{"embeddable":true,"href":"https:\/\/pb.edu.pl\/amcm2025\/wp-json\/wp\/v2\/comments?post=3237"}],"version-history":[{"count":7,"href":"https:\/\/pb.edu.pl\/amcm2025\/wp-json\/wp\/v2\/pages\/3237\/revisions"}],"predecessor-version":[{"id":3248,"href":"https:\/\/pb.edu.pl\/amcm2025\/wp-json\/wp\/v2\/pages\/3237\/revisions\/3248"}],"wp:attachment":[{"href":"https:\/\/pb.edu.pl\/amcm2025\/wp-json\/wp\/v2\/media?parent=3237"}],"curies":[{"name":"wp","href":"https:\/\/api.w.org\/{rel}","templated":true}]}}