{"id":2990,"date":"2025-02-12T23:51:43","date_gmt":"2025-02-12T22:51:43","guid":{"rendered":"https:\/\/pb.edu.pl\/amcm2025\/?page_id=2990"},"modified":"2025-03-27T11:19:00","modified_gmt":"2025-03-27T10:19:00","slug":"accommodation","status":"publish","type":"page","link":"https:\/\/pb.edu.pl\/amcm2025\/for-authors\/accommodation\/","title":{"rendered":"Accommodation"},"content":{"rendered":"<p>The nearest accommodation can be found in the hotels listed below.<\/p>\n<p>Please contact your chosen hotel directly to make a reservation. Conference participants make reservations and payments themselves.<\/p>\n<p><strong>Hotel Pod Herbem<\/strong> is an intimate and unique property that provides its Guests with the perfect conditions for both work and leisure. A stay at our hotel guarantees wonderful relaxation, an extraordinary atmosphere, and unforgettable moments.<br \/>\nIt is located in close proximity to Zwierzyniecki Park, which offers a variety of opportunities for physically active people, such as jogging paths, cycling routes, and tennis courts.<\/p>\n<p>Hotel offer our Guests spacious, comfortable rooms in the Standard, Deluxe, and Superior categories.<\/p>\n<p>Check-in is from 02:00 PM, and check-out is until 12:00 PM.<\/p>\n<p>address: Pogodna 16, 15-354 Bia\u0142ystok<br \/>\nphone: +48 85 742 92 46<br \/>\nmobile: +48 504 049 426<br \/>\ne-mail: recepcja@hotel-podherbem.pl<br \/>\n<a href=\"https:\/\/www.hotel-podherbem.pl\/\">Hotel Pod Herbem<\/a><\/p>\n<hr>\n<p><strong>Hotel Titanic<\/strong> is an intimate property offering accommodation, conference, and catering services.<\/p>\n<p>We provide our Guests with 28 rooms, a restaurant, and 3 conference and training rooms.<\/p>\n<p>The property features a monitored free parking lot, an elevator, and wireless internet access.<\/p>\n<p>Hotel Titanic guarantees exquisite cuisine, stylish interiors, and a unique atmosphere.<\/p>\n<p>Check-in is from 02:00 PM, and check-out is until 12:00 PM.<\/p>\n<p>address: Pogodna 16, 15-354 Bia\u0142ystok<br \/>\nphone: +48 85 742 92 46<br \/>\nmobile: +48 532 600 092<br \/>\ne-mail: recepcja@ckbtitanic.pl<br \/>\n<a href=\"http:\/\/ckbtitanic.pl\/\">Hotel Titanic<\/a><\/p>\n<hr>\n<p><strong>Hotel Silver<\/strong> is located 2.5 km from Bia\u0142ystok G\u0142\u00f3wny Railway Station. It offers a restaurant and modern, air-conditioned rooms with free wireless internet access. Free parking is available on site. <\/p>\n<p>Each room is equipped with a flat-screen TV with satellite channels and a laptop safe. The bathroom includes a shower and a hairdryer.  <\/p>\n<p>Check-in is from 02:00 PM, and check-out is until 12:00 PM.<\/p>\n<p>address: Miko\u0142aja Kopernika 97, 15-396 Bia\u0142ystok<br \/>\nphone: +48 85 744 88 11<br \/>\ne-mail: hotel@hotelsilver.com.pl<\/p>\n<hr>\n<p><strong>Hotel Hampton by Hilton<\/strong> is the first Hilton hotel in the Podlasie region. <\/p>\n<p>We are located in a quiet corner of Lipowa Street, in the heart of Bia\u0142ystok&#8217;s historic and prestigious district.<\/p>\n<p>The city&#8217;s major attractions, such as the Branicki Palace, Ko\u015bciuszki Square, Planty Park, and the Opera and Philharmonic, are just a 10-minute walk away.<\/p>\n<p>Check-in is at 03:00 PM and check-out is at 12:00 PM.<\/p>\n<p>Breakfast is included in the price of accommodation, served buffet style from 6:30 to 10:30.<\/p>\n<p>The hotel offers an underground monitored parking facility, with a reservation required for a parking space.<\/p>\n<p>address: Szymborskiej 2, 15-424 Bia\u0142ystok<br \/>\nphone: +48 85 777 00 31<br \/>\nmobile: +48 600 449 021<\/p>\n<p>e-mail:reservation@hamptonbialystok.pl<\/p>\n<p>Direct booking in a special price: <a href=\"https:\/\/group.hamptoninn.com\/cbicz1\">group.hamptoninn.com\/cbicz1<\/a><\/p>\n","protected":false},"excerpt":{"rendered":"<p>The nearest accommodation can be found in the hotels listed below. Please contact your chosen<\/p>\n","protected":false},"author":2,"featured_media":0,"parent":2642,"menu_order":5,"comment_status":"closed","ping_status":"closed","template":"","meta":{"_acf_changed":false,"ngg_post_thumbnail":0,"footnotes":""},"class_list":["post-2990","page","type-page","status-publish","hentry"],"acf":[],"_links":{"self":[{"href":"https:\/\/pb.edu.pl\/amcm2025\/wp-json\/wp\/v2\/pages\/2990","targetHints":{"allow":["GET"]}}],"collection":[{"href":"https:\/\/pb.edu.pl\/amcm2025\/wp-json\/wp\/v2\/pages"}],"about":[{"href":"https:\/\/pb.edu.pl\/amcm2025\/wp-json\/wp\/v2\/types\/page"}],"author":[{"embeddable":true,"href":"https:\/\/pb.edu.pl\/amcm2025\/wp-json\/wp\/v2\/users\/2"}],"replies":[{"embeddable":true,"href":"https:\/\/pb.edu.pl\/amcm2025\/wp-json\/wp\/v2\/comments?post=2990"}],"version-history":[{"count":0,"href":"https:\/\/pb.edu.pl\/amcm2025\/wp-json\/wp\/v2\/pages\/2990\/revisions"}],"up":[{"embeddable":true,"href":"https:\/\/pb.edu.pl\/amcm2025\/wp-json\/wp\/v2\/pages\/2642"}],"wp:attachment":[{"href":"https:\/\/pb.edu.pl\/amcm2025\/wp-json\/wp\/v2\/media?parent=2990"}],"curies":[{"name":"wp","href":"https:\/\/api.w.org\/{rel}","templated":true}]}}