{"id":2701,"date":"2025-01-13T23:06:13","date_gmt":"2025-01-13T22:06:13","guid":{"rendered":"https:\/\/pb.edu.pl\/amcm2025\/?page_id=2701"},"modified":"2025-05-26T20:55:46","modified_gmt":"2025-05-26T18:55:46","slug":"upload-your-abstract","status":"publish","type":"page","link":"https:\/\/pb.edu.pl\/amcm2025\/upload-your-abstract\/","title":{"rendered":"Upload Your Abstract \/ Paper"},"content":{"rendered":"<p>Fields marked with (*) are required.<\/p>\n\n<div class=\"wpcf7 no-js\" id=\"wpcf7-f2901-o1\" lang=\"pl-PL\" dir=\"ltr\" data-wpcf7-id=\"2901\">\n<div class=\"screen-reader-response\"><p role=\"status\" aria-live=\"polite\" aria-atomic=\"true\"><\/p> <ul><\/ul><\/div>\n<form action=\"\/amcm2025\/wp-json\/wp\/v2\/pages\/2701#wpcf7-f2901-o1\" method=\"post\" class=\"wpcf7-form init\" aria-label=\"Formularz kontaktowy\" enctype=\"multipart\/form-data\" novalidate=\"novalidate\" data-status=\"init\">\n<fieldset class=\"hidden-fields-container\"><input type=\"hidden\" name=\"_wpcf7\" value=\"2901\" \/><input type=\"hidden\" name=\"_wpcf7_version\" value=\"6.1.5\" \/><input type=\"hidden\" name=\"_wpcf7_locale\" value=\"pl_PL\" \/><input type=\"hidden\" name=\"_wpcf7_unit_tag\" value=\"wpcf7-f2901-o1\" \/><input type=\"hidden\" name=\"_wpcf7_container_post\" value=\"0\" \/><input type=\"hidden\" name=\"_wpcf7_posted_data_hash\" value=\"\" \/><input type=\"hidden\" name=\"_wpcf7cf_hidden_group_fields\" value=\"[]\" \/><input type=\"hidden\" name=\"_wpcf7cf_hidden_groups\" value=\"[]\" \/><input type=\"hidden\" name=\"_wpcf7cf_visible_groups\" value=\"[]\" \/><input type=\"hidden\" name=\"_wpcf7cf_repeaters\" value=\"[]\" \/><input type=\"hidden\" name=\"_wpcf7cf_steps\" value=\"{}\" \/><input type=\"hidden\" name=\"_wpcf7cf_options\" value=\"{&quot;form_id&quot;:2901,&quot;conditions&quot;:[{&quot;then_field&quot;:&quot;chose-yes&quot;,&quot;and_rules&quot;:[{&quot;if_field&quot;:&quot;full-paper&quot;,&quot;operator&quot;:&quot;equals&quot;,&quot;if_value&quot;:&quot;Upload full paper&quot;}]},{&quot;then_field&quot;:&quot;abstract-yes&quot;,&quot;and_rules&quot;:[{&quot;if_field&quot;:&quot;abstract&quot;,&quot;operator&quot;:&quot;equals&quot;,&quot;if_value&quot;:&quot;Upload Your abstract&quot;}]}],&quot;settings&quot;:{&quot;animation&quot;:&quot;yes&quot;,&quot;animation_intime&quot;:200,&quot;animation_outtime&quot;:200,&quot;conditions_ui&quot;:&quot;normal&quot;,&quot;notice_dismissed&quot;:false,&quot;notice_dismissed_update-cf7-6.0.2&quot;:true}}\" \/>\n<\/fieldset>\n<div class=\"wpcf7-turnstile cf-turnstile\" data-sitekey=\"0x4AAAAAACDP-G-k0g-pygWP\" data-response-field-name=\"_wpcf7_turnstile_response\"><\/div>\n\n<div class=\"row\">\n\t<div class=\"col-md-12 mx-auto\">\n\t\t<div class=\"row\">\n\t\t\t<div class=\"col-md-4\">\n\t\t\t\t<p><label for=\"title\"> Academic title: <sup>*<\/sup><\/label><br \/>\n<span class=\"wpcf7-form-control-wrap\" data-name=\"title\"><input size=\"40\" maxlength=\"400\" class=\"wpcf7-form-control wpcf7-text wpcf7-validates-as-required\" id=\"title\" aria-required=\"true\" aria-invalid=\"false\" value=\"\" type=\"text\" name=\"title\" \/><\/span>\n\t\t\t\t<\/p>\n\t\t\t<\/div>\n\t\t\t<div class=\"col-md-4\">\n\t\t\t\t<p><label for=\"firstname\"> First name\/Name: <sup>*<\/sup><\/label><br \/>\n<span class=\"wpcf7-form-control-wrap\" data-name=\"firstname\"><input size=\"40\" maxlength=\"400\" class=\"wpcf7-form-control wpcf7-text wpcf7-validates-as-required\" id=\"firstname\" aria-required=\"true\" aria-invalid=\"false\" value=\"\" type=\"text\" name=\"firstname\" \/><\/span>\n\t\t\t\t<\/p>\n\t\t\t<\/div>\n\t\t\t<div class=\"col-md-4\">\n\t\t\t\t<p><label for=\"surname\"> Last name\/Surname\/Family name: <sup>*<\/sup><\/label><br \/>\n<span class=\"wpcf7-form-control-wrap\" data-name=\"surname\"><input size=\"40\" maxlength=\"400\" class=\"wpcf7-form-control wpcf7-text wpcf7-validates-as-required\" id=\"surname\" aria-required=\"true\" aria-invalid=\"false\" value=\"\" type=\"text\" name=\"surname\" \/><\/span>\n\t\t\t\t<\/p>\n\t\t\t<\/div>\n\t\t<\/div>\n\t\t<div class=\"row\">\n\t\t\t<div class=\"col-md-6\">\n\t\t\t\t<p><label for=\"institution\"> Institution: <sup>*<\/sup><\/label><br \/>\n<span class=\"wpcf7-form-control-wrap\" data-name=\"institution\"><input size=\"40\" maxlength=\"400\" class=\"wpcf7-form-control wpcf7-text wpcf7-validates-as-required\" id=\"institution\" aria-required=\"true\" aria-invalid=\"false\" value=\"\" type=\"text\" name=\"institution\" \/><\/span>\n\t\t\t\t<\/p>\n\t\t\t<\/div>\n\t\t\t<div class=\"col-md-6\">\n\t\t\t\t<p><label for=\"email\"> E-mail address: <sup>*<\/sup><\/label><br \/>\n<span class=\"wpcf7-form-control-wrap\" data-name=\"email\"><input size=\"40\" maxlength=\"400\" class=\"wpcf7-form-control wpcf7-email wpcf7-validates-as-required wpcf7-text wpcf7-validates-as-email\" id=\"email\" aria-required=\"true\" aria-invalid=\"false\" value=\"\" type=\"email\" name=\"email\" \/><\/span>\n\t\t\t\t<\/p>\n\t\t\t<\/div>\n\t\t\t<div class=\"col-md-6\">\n\t\t\t\t<p><label for=\"address\"> Correspondence address:<\/label><br \/>\n<span class=\"wpcf7-form-control-wrap\" data-name=\"address\"><textarea cols=\"40\" rows=\"10\" maxlength=\"2000\" class=\"wpcf7-form-control wpcf7-textarea\" id=\"address\" aria-invalid=\"false\" name=\"address\"><\/textarea><\/span>\n\t\t\t\t<\/p>\n\t\t\t<\/div>\n\t\t<\/div>\n\t\t<div class=\"row\">\n\t\t\t<div class=\"col-md-12\">\n\t\t\t\t<p><label for=\"paper-title\"> Proposed title of the abstract \/ paper: *<\/label><br \/>\n<span class=\"wpcf7-form-control-wrap\" data-name=\"paper-title\"><input size=\"40\" maxlength=\"400\" class=\"wpcf7-form-control wpcf7-text wpcf7-validates-as-required\" id=\"paper-title\" aria-required=\"true\" aria-invalid=\"false\" value=\"\" type=\"text\" name=\"paper-title\" \/><\/span>\n\t\t\t\t<\/p>\n\t\t\t<\/div>\n\t\t\t<div class=\"col-md-6\">\n\t\t\t\t<p><label for=\"magazine\"> Journal: * <\/label><br \/>\n<span class=\"wpcf7-form-control-wrap\" data-name=\"magazine\"><select class=\"wpcf7-form-control wpcf7-select wpcf7-validates-as-required\" id=\"magazine\" aria-required=\"true\" aria-invalid=\"false\" name=\"magazine\"><option value=\"\">&#8212;Prosz\u0119 wybra\u0107 opcj\u0119&#8212;<\/option><option value=\"Archives of Civil Engineering\">Archives of Civil Engineering<\/option><option value=\"Materia\u0142y Budowlane\">Materia\u0142y Budowlane<\/option><option value=\"Environment and Economics\">Environment and Economics<\/option><option value=\"Builder\">Builder<\/option><option value=\"I don&#039;t have a preference\">I don&#039;t have a preference<\/option><\/select><\/span>\n\t\t\t\t<\/p>\n\t\t\t<\/div>\n\t\t<\/div>\n\t\t<div class=\"row\">\n\t\t\t<div class=\"col-md-12\">\n\t\t\t\t<p><label for=\"abstract\">Abstract: *<\/label><br \/>\n<span class=\"wpcf7-form-control-wrap\" data-name=\"abstract\"><span class=\"wpcf7-form-control wpcf7-radio\" id=\"abstract\"><span class=\"wpcf7-list-item first\"><label><input type=\"radio\" name=\"abstract\" value=\"Upload Your abstract\" \/><span class=\"wpcf7-list-item-label\">Upload Your abstract<\/span><\/label><\/span><span class=\"wpcf7-list-item last\"><label><input type=\"radio\" name=\"abstract\" value=\"I declare that I have already uploaded an abstract\" \/><span class=\"wpcf7-list-item-label\">I declare that I have already uploaded an abstract<\/span><\/label><\/span><\/span><\/span>\n\t\t\t\t<\/p>\n\t\t\t<\/div>\n\t\t<\/div>\n\t\t<div data-id=\"abstract-yes\" data-orig_data_id=\"abstract-yes\" data-clear_on_hide class=\"\" data-class=\"wpcf7cf_group\">\n\t\t\t<div class=\"row\">\n\t\t\t\t<div class=\"col-md-6\">\n\t\t\t\t\t<p><label>Upload Your abstract (obligatory) - DOC file (max size 3 MB): *<\/label><br \/>\n<span class=\"wpcf7-form-control-wrap\" data-name=\"abstract-doc-file\"><input size=\"40\" class=\"wpcf7-form-control wpcf7-file wpcf7-validates-as-required\" accept=\".doc,.docx\" aria-required=\"true\" aria-invalid=\"false\" type=\"file\" name=\"abstract-doc-file\" \/><\/span>\n\t\t\t\t\t<\/p>\n\t\t\t\t<\/div>\n\t\t\t\t<div class=\"col-md-6\">\n\t\t\t\t\t<p><label>Upload Your abstract (obligatory) - PDF file (max size 3 MB): *<\/label><br \/>\n<span class=\"wpcf7-form-control-wrap\" data-name=\"abstract-pdf-file\"><input size=\"40\" class=\"wpcf7-form-control wpcf7-file wpcf7-validates-as-required\" accept=\".pdf\" aria-required=\"true\" aria-invalid=\"false\" type=\"file\" name=\"abstract-pdf-file\" \/><\/span>\n\t\t\t\t\t<\/p>\n\t\t\t\t<\/div>\n\t\t\t<\/div>\n\t\t<\/div>\n\t\t<div class=\"row\">\n\t\t\t<div class=\"col-md-12\">\n\t\t\t\t<p><label for=\"full-paper\">Full paper: *<\/label><br \/>\n<span class=\"wpcf7-form-control-wrap\" data-name=\"full-paper\"><span class=\"wpcf7-form-control wpcf7-radio\" id=\"full-paper\"><span class=\"wpcf7-list-item first\"><label><input type=\"radio\" name=\"full-paper\" value=\"Upload full paper\" \/><span class=\"wpcf7-list-item-label\">Upload full paper<\/span><\/label><\/span><span class=\"wpcf7-list-item\"><label><input type=\"radio\" name=\"full-paper\" value=\"I declare that I&#039;ll upload full paper later\" \/><span class=\"wpcf7-list-item-label\">I declare that I&#039;ll upload full paper later<\/span><\/label><\/span><span class=\"wpcf7-list-item last\"><label><input type=\"radio\" name=\"full-paper\" value=\"I am not uploading the full paper because I chose to attend with an abstract only\" \/><span class=\"wpcf7-list-item-label\">I am not uploading the full paper because I chose to attend with an abstract only<\/span><\/label><\/span><\/span><\/span>\n\t\t\t\t<\/p>\n\t\t\t<\/div>\n\t\t<\/div>\n\t\t<div data-id=\"chose-yes\" data-orig_data_id=\"chose-yes\" data-clear_on_hide class=\"\" data-class=\"wpcf7cf_group\">\n\t\t\t<div class=\"row\">\n\t\t\t\t<div class=\"col-md-12\">\n\t\t\t\t\t<p style=\"font-size: 1.65rem\">Please upload the full paper below\n\t\t\t\t\t<\/p>\n\t\t\t\t<\/div>\n\t\t\t\t<div class=\"col-md-6\">\n\t\t\t\t\t<p><label>Upload Your full paper - DOC file (max size 9 MB): *<\/label><br \/>\n<span class=\"wpcf7-form-control-wrap\" data-name=\"paper-doc-file\"><input size=\"40\" class=\"wpcf7-form-control wpcf7-file wpcf7-validates-as-required\" accept=\".doc,.docx\" aria-required=\"true\" aria-invalid=\"false\" type=\"file\" name=\"paper-doc-file\" \/><\/span>\n\t\t\t\t\t<\/p>\n\t\t\t\t<\/div>\n\t\t\t\t<div class=\"col-md-6\">\n\t\t\t\t\t<p><label>Upload Your full paper - PDF file (max size 9 MB): *<\/label><br \/>\n<span class=\"wpcf7-form-control-wrap\" data-name=\"paper-pdf-file\"><input size=\"40\" class=\"wpcf7-form-control wpcf7-file wpcf7-validates-as-required\" accept=\".pdf\" aria-required=\"true\" aria-invalid=\"false\" type=\"file\" name=\"paper-pdf-file\" \/><\/span>\n\t\t\t\t\t<\/p>\n\t\t\t\t<\/div>\n\t\t\t<\/div>\n\t\t<\/div>\n\t\t<div class=\"row\">\n\t\t\t<div class=\"col-md-12\">\n\t\t\t<hr \/>\n\t\t\t<\/div>\n\t\t<\/div>\n\t\t<div class=\"row\">\n\t\t\t<div class=\"col-md-12\">\n\t\t\t\t<p><span class=\"wpcf7-form-control-wrap\" data-name=\"acceptance-100\"><span class=\"wpcf7-form-control wpcf7-acceptance\"><span class=\"wpcf7-list-item\"><label><input type=\"checkbox\" name=\"acceptance-100\" value=\"1\" aria-invalid=\"false\" \/><span class=\"wpcf7-list-item-label\">I acknowledge that in connection with the stationary organisation of the conference, for information and promotional purposes, the Organiser shall record the course of the event by means of photographic reports, as a result of which photos with images of the Participants, as an element of the image documenting the course of the event, may be posted on the Organiser's website and social networking profiles, on which the Organiser has an account. By participating in the conference, I consent to the processing of the image registered during its course.<\/span><\/label><\/span><\/span><\/span>\n\t\t\t\t<\/p>\n\t\t\t\t<p><span class=\"wpcf7-form-control-wrap\" data-name=\"acceptance-101\"><span class=\"wpcf7-form-control wpcf7-acceptance\"><span class=\"wpcf7-list-item\"><label><input type=\"checkbox\" name=\"acceptance-101\" value=\"1\" aria-invalid=\"false\" \/><span class=\"wpcf7-list-item-label\">I have read the Administrator's information on the processing of personal data.<\/span><\/label><\/span><\/span><\/span>\n\t\t\t\t<\/p>\n\t\t\t\t<p style=\"text-indent: 32px;font-weight: 400;font-size: 1.65rem\"><a href=\"https:\/\/pb.edu.pl\/amcm2025\/registration\/information-clause-gdpr\/\" target=\"_blank\">Information clause (GDPR)<\/a>\n\t\t\t\t<\/p>\n\t\t\t<\/div>\n\t\t<\/div>\n\t\t<div class=\"row\">\n\t\t\t<div class=\"col-md-12\">\n\t\t\t<hr \/>\n\t\t\t<\/div>\n\t\t<\/div>\n\t\t<div class=\"row\">\n\t\t\t<div class=\"col-md-12 text-right\">\n\t\t\t\t<p><input class=\"wpcf7-form-control wpcf7-submit has-spinner\" type=\"submit\" value=\"Send\" \/>\n\t\t\t\t<\/p>\n\t\t\t<\/div>\n\t\t<\/div>\n\t<\/div>\n<\/div><div class=\"wpcf7-response-output\" aria-hidden=\"true\"><\/div>\n<\/form>\n<\/div>\n\n<p>For information and promotional purposes, we will record the conference by means of photographic and audio-video reports. Selected parts of the Conference may be published on our website. By registering, you consent to the recording of your image during the conference.  <\/p>\n","protected":false},"excerpt":{"rendered":"<p>Fields marked with (*) are required. For information and promotional purposes, we will record the<\/p>\n","protected":false},"author":2,"featured_media":0,"parent":0,"menu_order":0,"comment_status":"closed","ping_status":"closed","template":"","meta":{"_acf_changed":false,"ngg_post_thumbnail":0,"footnotes":""},"class_list":["post-2701","page","type-page","status-publish","hentry"],"acf":[],"_links":{"self":[{"href":"https:\/\/pb.edu.pl\/amcm2025\/wp-json\/wp\/v2\/pages\/2701","targetHints":{"allow":["GET"]}}],"collection":[{"href":"https:\/\/pb.edu.pl\/amcm2025\/wp-json\/wp\/v2\/pages"}],"about":[{"href":"https:\/\/pb.edu.pl\/amcm2025\/wp-json\/wp\/v2\/types\/page"}],"author":[{"embeddable":true,"href":"https:\/\/pb.edu.pl\/amcm2025\/wp-json\/wp\/v2\/users\/2"}],"replies":[{"embeddable":true,"href":"https:\/\/pb.edu.pl\/amcm2025\/wp-json\/wp\/v2\/comments?post=2701"}],"version-history":[{"count":0,"href":"https:\/\/pb.edu.pl\/amcm2025\/wp-json\/wp\/v2\/pages\/2701\/revisions"}],"wp:attachment":[{"href":"https:\/\/pb.edu.pl\/amcm2025\/wp-json\/wp\/v2\/media?parent=2701"}],"curies":[{"name":"wp","href":"https:\/\/api.w.org\/{rel}","templated":true}]}}