{"id":2626,"date":"2025-01-12T21:29:55","date_gmt":"2025-01-12T20:29:55","guid":{"rendered":"https:\/\/pb.edu.pl\/amcm2025\/?page_id=2626"},"modified":"2025-07-03T22:14:49","modified_gmt":"2025-07-03T20:14:49","slug":"international-advisory-committee","status":"publish","type":"page","link":"https:\/\/pb.edu.pl\/amcm2025\/committees\/international-advisory-committee\/","title":{"rendered":"International Advisory Committee"},"content":{"rendered":"<p><strong>Hakim Abdelgader<\/strong> <span class=\"text-dark\">University of Tripoli (Libya)<\/span><br \/>\n<strong>Erkan Akpinar<\/strong> <span class=\"text-dark\">Kocaeli University (Turkey)<\/span><br \/>\n<strong>Riadh Al-Mahaidi<\/strong> <span class=\"text-dark\">Swinburne University of Technology (Australia)<\/span><br \/>\n<strong>Gyorgy Balazs<\/strong> <span class=\"text-dark\">Budapest University of Technology and Economics (Hungary)<\/span><br \/>\n<strong>Joaquim Barros<\/strong> <span class=\"text-dark\">University of Minho (Portugal)<\/span><br \/>\n<strong>Abdeldjelil Belarbi<\/strong> <span class=\"text-dark\">University of Huston (USA)<\/span><br \/>\n<strong>Agnieszka Bigaj-van Vliet<\/strong> <span class=\"text-dark\">Netherlands Organization for Applied Scientific Research (The Netherlands)<\/span><br \/>\n<strong>Billy Boshoff<\/strong> <span class=\"text-dark\">University of Pretoria (South Africa)<\/span><br \/>\n<strong>Vladimir Cervenka<\/strong> <span class=\"text-dark\">CEO at Cervenka Consulting (Czech Republic)<\/span><br \/>\n<strong>Frank Dehn<\/strong> <span class=\"text-dark\">The Karlsruhe Institute of Technology (Germany)<\/span><br \/>\n<strong>Vincenzo Di Naso<\/strong> <span class=\"text-dark\">University of Florence (Italia)<\/span><br \/>\n<strong>Christopher Eamon<\/strong> <span class=\"text-dark\">Wayne State University (USA)<\/span><br \/>\n<strong>Raafat El-Hacha<\/strong> <span class=\"text-dark\">University of Calgary (Canada)<\/span><br \/>\n<strong>Jose Maria Fernandez Rodriguez<\/strong> <span class=\"text-dark\">University of Cordoba (Spain)<\/span><br \/>\n<strong>M.A. Fl\u00f3rez de la Colina<\/strong> <span class=\"text-dark\">Technical University of Madrit (Spain)<\/span><br \/>\n<strong>Alper Ilki<\/strong> <span class=\"text-dark\">Istanbul Technical University (Turkey)<\/span><br \/>\n<strong>Jos\u00e9 Ram\u00f3n Jim\u00e9nez Romero<\/strong> <span class=\"text-dark\">University of Cordoba (Spain)<\/span><br \/>\n<strong>Lujien Mohammed<\/strong> <span class=\"text-dark\">Hama University (Syria)<\/span><br \/>\n<strong>G. Murali<\/strong> <span class=\"text-dark\">Graphic Era Deemed to be University (India)<\/span><br \/>\n<strong>Antonio Nanni<\/strong> <span class=\"text-dark\">University of Miami (USA)<\/span><br \/>\n<strong>Piotr Noakowski<\/strong> <span class=\"text-dark\">Dortmund University of Technology (Germany)<\/span><br \/>\n<strong>Andrzej S. Nowak<\/strong> <span class=\"text-dark\">Auburn University (USA)<\/span><br \/>\n<strong>Ioan Pepenar<\/strong> <span class=\"text-dark\">Research Institute for Construction and Technology \u2013 ICECON S.A (Romania)<\/span><br \/>\n<strong>Anton Schindler<\/strong> <span class=\"text-dark\">Auburn University (USA)<\/span><br \/>\n<strong>Tsuyoshi Takada<\/strong> <span class=\"text-dark\">University of Tokyo (Japan)<\/span><br \/>\n<strong>Tamon Ueda<\/strong> <span class=\"text-dark\">Shenzhen University and Hokkaido University (Japan)<\/span><br \/>\n<strong>Leonas Ustinovi\u010dius<\/strong> <span class=\"text-dark\">Vilnius Gediminas Technical University (Lithuania)<\/span><br \/>\n<strong>Joost C. Walraven<\/strong> <span class=\"text-dark\">Delft University of Technology (The Netherlands)<\/span><br \/>\n<strong>George Wardeh<\/strong> <span class=\"text-dark\">CY Cergy Paris University (France)<\/span>  <\/p>\n","protected":false},"excerpt":{"rendered":"<p>Hakim Abdelgader University of Tripoli (Libya) Erkan Akpinar Kocaeli University (Turkey) Riadh Al-Mahaidi Swinburne University<\/p>\n","protected":false},"author":2,"featured_media":0,"parent":2621,"menu_order":2,"comment_status":"closed","ping_status":"closed","template":"","meta":{"_acf_changed":false,"ngg_post_thumbnail":0,"footnotes":""},"class_list":["post-2626","page","type-page","status-publish","hentry"],"acf":[],"_links":{"self":[{"href":"https:\/\/pb.edu.pl\/amcm2025\/wp-json\/wp\/v2\/pages\/2626","targetHints":{"allow":["GET"]}}],"collection":[{"href":"https:\/\/pb.edu.pl\/amcm2025\/wp-json\/wp\/v2\/pages"}],"about":[{"href":"https:\/\/pb.edu.pl\/amcm2025\/wp-json\/wp\/v2\/types\/page"}],"author":[{"embeddable":true,"href":"https:\/\/pb.edu.pl\/amcm2025\/wp-json\/wp\/v2\/users\/2"}],"replies":[{"embeddable":true,"href":"https:\/\/pb.edu.pl\/amcm2025\/wp-json\/wp\/v2\/comments?post=2626"}],"version-history":[{"count":0,"href":"https:\/\/pb.edu.pl\/amcm2025\/wp-json\/wp\/v2\/pages\/2626\/revisions"}],"up":[{"embeddable":true,"href":"https:\/\/pb.edu.pl\/amcm2025\/wp-json\/wp\/v2\/pages\/2621"}],"wp:attachment":[{"href":"https:\/\/pb.edu.pl\/amcm2025\/wp-json\/wp\/v2\/media?parent=2626"}],"curies":[{"name":"wp","href":"https:\/\/api.w.org\/{rel}","templated":true}]}}