{"id":30,"date":"2020-05-18T14:50:02","date_gmt":"2020-05-18T12:50:02","guid":{"rendered":"https:\/\/pb.edu.pl\/ai\/?page_id=30"},"modified":"2026-01-27T00:49:09","modified_gmt":"2026-01-26T23:49:09","slug":"wprowadzenie-do-ai-w-pb","status":"publish","type":"page","link":"https:\/\/pb.edu.pl\/ai\/wprowadzenie-do-ai-w-pb\/","title":{"rendered":"Wprowadzenie do AI w Politechnice Bia\u0142ostockiej"},"content":{"rendered":"<p>&nbsp;<br \/>\n<strong>Sztuczna inteligencja (AI)<\/strong> zmienia spos\u00f3b, w jaki uczymy si\u0119, prowadzimy badania i pracujemy. Politechnika Bia\u0142ostocka wspiera innowacyjne wykorzystanie narz\u0119dzi GenAI, jednocze\u015bnie dbaj\u0105c o to, aby ich stosowanie odbywa\u0142o si\u0119 w spos\u00f3b etyczny, bezpieczny i zgodny z warto\u015bciami akademickimi.<\/p>\n<p>Portal zawiera zasady, przyk\u0142ady zastosowa\u0144 i narz\u0119dzia AI dla spo\u0142eczno\u015bci PB: student\u00f3w, pracownik\u00f3w dydaktycznych i administracyjnych.<\/p>\n<p>Og\u00f3lne zasady korzystania z system\u00f3w sztucznej inteligencji (GenAI) okre\u015bla <a href=\"https:\/\/bip.pb.edu.pl\/index.php?event=informacja&amp;id=22455\">Zarz\u0105dzenie Rektora Politechniki Bia\u0142ostockiej Nr 79\/2025,<\/a> kt\u00f3re obowi\u0105zuje ca\u0142\u0105 spo\u0142eczno\u015b\u0107 akademick\u0105 PB.<\/p>\n<p>Kwestie zwi\u0105zane z dydaktyk\u0105 i kszta\u0142ceniem zosta\u0142y opisane w <a href=\"https:\/\/bip.pb.edu.pl\/index.php?event=informacja&amp;id=22584\">Zarz\u0105dzeniu Rektora Politechniki Bia\u0142ostockiej Nr 95\/2025<\/a>.<\/p>\n<p>Uczelnia rozwija kompetencje w zakresie odpowiedzialnego korzystania z AI poprzez szkolenia, warsztaty i materia\u0142y dost\u0119pne w Portalu AI PB.<\/p>\n<div class=\"h4\">Nasza misja:<\/div>\n<ul>\n<li>promowanie odpowiedzialnego korzystania z AI w dydaktyce, nauce i administracji,<\/li>\n<li>zapewnienie transparentno\u015bci i uczciwo\u015bci akademickiej,<\/li>\n<li>ochrona danych, prywatno\u015bci i praw autorskich,<\/li>\n<li>wspieranie rozwoju kompetencji cyfrowych spo\u0142eczno\u015bci PB.<\/li>\n<\/ul>\n<div class=\"h4\">Cele korzystania z AI w PB:<\/div>\n<ul>\n<li>Doskonalenie \u2013 AI mo\u017ce wspiera\u0107 proces uczenia si\u0119 i nauczania, ale nigdy nie zast\u0119puje wiedzy i samodzielnej pracy studenta.<\/li>\n<li>Rozw\u00f3j bada\u0144 \u2013 narz\u0119dzia AI wspomagaj\u0105 analiz\u0119 danych, tworzenie hipotez i przegl\u0105d literatury, przy zachowaniu pe\u0142nej odpowiedzialno\u015bci autor\u00f3w za tre\u015bci naukowe.<\/li>\n<li>Wsparcie administracji \u2013 AI pomaga w usprawnieniu pracy biurowej, tworzeniu dokument\u00f3w i analiz, zawsze pod nadzorem cz\u0142owieka.<\/li>\n<li>Budowanie kultury etycznej i transparentnej \u2013 ka\u017cdorazowe u\u017cycie AI wymaga oznaczenia, tak aby zachowa\u0107 przejrzysto\u015b\u0107 i wiarygodno\u015b\u0107 dzia\u0142a\u0144.<\/li>\n<\/ul>\n<p>Politechnika Bia\u0142ostocka traktuje AI jako narz\u0119dzie wspieraj\u0105ce rozw\u00f3j, a nie zast\u0119puj\u0105ce cz\u0142owieka. Naszym celem jest, aby ca\u0142a spo\u0142eczno\u015b\u0107 akademicka potrafi\u0142a korzysta\u0107 z AI \u015bwiadomie, krytycznie i odpowiedzialnie.<\/p>\n","protected":false},"excerpt":{"rendered":"<p>&nbsp; Sztuczna inteligencja (AI) zmienia spos\u00f3b, w jaki uczymy si\u0119, prowadzimy badania i pracujemy. Politechnika<\/p>\n","protected":false},"author":2,"featured_media":0,"parent":0,"menu_order":1,"comment_status":"closed","ping_status":"closed","template":"","meta":{"_acf_changed":false,"ngg_post_thumbnail":0,"footnotes":""},"class_list":["post-30","page","type-page","status-publish","hentry"],"acf":[],"_links":{"self":[{"href":"https:\/\/pb.edu.pl\/ai\/wp-json\/wp\/v2\/pages\/30","targetHints":{"allow":["GET"]}}],"collection":[{"href":"https:\/\/pb.edu.pl\/ai\/wp-json\/wp\/v2\/pages"}],"about":[{"href":"https:\/\/pb.edu.pl\/ai\/wp-json\/wp\/v2\/types\/page"}],"author":[{"embeddable":true,"href":"https:\/\/pb.edu.pl\/ai\/wp-json\/wp\/v2\/users\/2"}],"replies":[{"embeddable":true,"href":"https:\/\/pb.edu.pl\/ai\/wp-json\/wp\/v2\/comments?post=30"}],"version-history":[{"count":7,"href":"https:\/\/pb.edu.pl\/ai\/wp-json\/wp\/v2\/pages\/30\/revisions"}],"predecessor-version":[{"id":2451,"href":"https:\/\/pb.edu.pl\/ai\/wp-json\/wp\/v2\/pages\/30\/revisions\/2451"}],"wp:attachment":[{"href":"https:\/\/pb.edu.pl\/ai\/wp-json\/wp\/v2\/media?parent=30"}],"curies":[{"name":"wp","href":"https:\/\/api.w.org\/{rel}","templated":true}]}}