{"id":2485,"date":"2026-01-27T18:19:18","date_gmt":"2026-01-27T17:19:18","guid":{"rendered":"https:\/\/pb.edu.pl\/ai\/?page_id=2485"},"modified":"2026-01-27T18:21:23","modified_gmt":"2026-01-27T17:21:23","slug":"szkolenia-pb","status":"publish","type":"page","link":"https:\/\/pb.edu.pl\/ai\/szkolenia-pb\/","title":{"rendered":"Szkolenia &#8211; AI w Politechnice Bia\u0142ostockiej"},"content":{"rendered":"<p>&nbsp;<br \/>\n\t\t<div class=\"box news-box \">\n\t\t<div class=\"row\">\n\t\t\t\n\t\t\t\n\t\t\t\t\n\t\t\t\t\t\t\t\t\t\t<div class=\"col-sm-4\">\n\t\t\t\t\t\t\t\n<article class=\"format-standard\">\n    <span class=\"date text-right\"><i class=\"fal fa-calendar-alt\"><\/i> 08-04-2026<\/span>\n    <a href=\"https:\/\/pb.edu.pl\/uci\/2026\/04\/08\/spotkanie-copilot-chat-w-praktyce-studenckiej\/\">\n      <div class=\"article-image\">\n        <img loading=\"lazy\" decoding=\"async\" width=\"480\" height=\"300\" src=\"https:\/\/pb.edu.pl\/ai\/wp-content\/uploads\/sites\/17\/2026\/04\/Zebrania-Copilot-Chat-w-praktyce-studenckiej-1200-x-800-px-480x300.png\" class=\"attachment-medium-image-16x10 size-medium-image-16x10 wp-post-image\" alt=\"\" \/>      <\/div>\n      <h3>Copilot dla student\u00f3w<\/h3>\n      Spotkanie Copilot Chat w praktyce studenckiejma na celu pokazanie, w jaki    <\/a>\n<\/article>\t\t\t\t\t\t<\/div>\n\t\t\t\t\t\t\t\t\t\t\t<div class=\"col-sm-4\">\n\t\t\t\t\t\t\t\n<article class=\"format-standard\">\n    <span class=\"date text-right\"><i class=\"fal fa-calendar-alt\"><\/i> 19-01-2026<\/span>\n    <a href=\"https:\/\/pb.edu.pl\/uci\/2026\/01\/19\/copilot-chat-free-webinar\/\">\n      <div class=\"article-image\">\n        <img loading=\"lazy\" decoding=\"async\" width=\"480\" height=\"300\" src=\"https:\/\/pb.edu.pl\/ai\/wp-content\/uploads\/sites\/17\/2026\/01\/27-01-2026_Copilot-Chat-Free_webinar_ok-480x300.png\" class=\"attachment-medium-image-16x10 size-medium-image-16x10 wp-post-image\" alt=\"\" \/>      <\/div>\n      <h3>Copilot Chat Free - webinar<\/h3>\n      Serdecznie zapraszamy Pracownik\u00f3w Politechniki Bia\u0142ostockiej do udzia\u0142u w warsztacie po\u015bwi\u0119conym Copilot    <\/a>\n<\/article>\t\t\t\t\t\t<\/div>\n\t\t\t\t\t\t\t\t\t\t\t<div class=\"col-sm-4\">\n\t\t\t\t\t\t\t\n<article class=\"format-standard\">\n    <span class=\"date text-right\"><i class=\"fal fa-calendar-alt\"><\/i> 05-12-2025<\/span>\n    <a href=\"https:\/\/pb.edu.pl\/uci\/2025\/12\/05\/copilot-chat-na-politechnice-bialostockiej\/\">\n      <div class=\"article-image\">\n        <img loading=\"lazy\" decoding=\"async\" width=\"480\" height=\"300\" src=\"https:\/\/pb.edu.pl\/ai\/wp-content\/uploads\/sites\/17\/2025\/12\/Copilot_w_PB-480x300.png\" class=\"attachment-medium-image-16x10 size-medium-image-16x10 wp-post-image\" alt=\"\" \/>      <\/div>\n      <h3>Spotkanie Copilot CHAT na Politechnice Bia\u0142ostockiej<\/h3>\n      Spotkanie Microsoft 365 Copilot Chat ma na celu pokazanie mo\u017cliwo\u015bci bezp\u0142atnej    <\/a>\n<\/article>\t\t\t\t\t\t<\/div>\n\t\t\t\t\t\t\t\t\t\t\t<div class=\"col-sm-4\">\n\t\t\t\t\t\t\t\n<article class=\"format-standard\">\n    <span class=\"date text-right\"><i class=\"fal fa-calendar-alt\"><\/i> 07-10-2025<\/span>\n    <a href=\"https:\/\/pb.edu.pl\/uci\/2025\/10\/07\/darmowy-roczny-dostep-do-microsoft-365-personal-z-copilotem\/\">\n      <div class=\"article-image\">\n        <img loading=\"lazy\" decoding=\"async\" width=\"480\" height=\"300\" src=\"https:\/\/pb.edu.pl\/ai\/wp-content\/uploads\/sites\/17\/2025\/10\/free_copilot_1_year-480x300.png\" class=\"attachment-medium-image-16x10 size-medium-image-16x10 wp-post-image\" alt=\"\" \/>      <\/div>\n      <h3>Darmowy roczny dost\u0119p do Microsoft 365 Personal z Copilotem<\/h3>\n      Studenci Politechniki Bia\u0142ostockiej maj\u0105 mo\u017cliwo\u015b\u0107 bezp\u0142atnie korzysta\u0107 przez rok z Microsoft    <\/a>\n<\/article>\t\t\t\t\t\t<\/div>\n\t\t\t\t\t\n\t\t\t\t\n\t\t\t\t\t<\/div>\n\t\t\t\t\t<\/div>\n\n","protected":false},"excerpt":{"rendered":"<p>&nbsp;<\/p>\n","protected":false},"author":2,"featured_media":0,"parent":0,"menu_order":0,"comment_status":"closed","ping_status":"closed","template":"","meta":{"_acf_changed":false,"ngg_post_thumbnail":0,"footnotes":""},"class_list":["post-2485","page","type-page","status-publish","hentry"],"acf":[],"_links":{"self":[{"href":"https:\/\/pb.edu.pl\/ai\/wp-json\/wp\/v2\/pages\/2485","targetHints":{"allow":["GET"]}}],"collection":[{"href":"https:\/\/pb.edu.pl\/ai\/wp-json\/wp\/v2\/pages"}],"about":[{"href":"https:\/\/pb.edu.pl\/ai\/wp-json\/wp\/v2\/types\/page"}],"author":[{"embeddable":true,"href":"https:\/\/pb.edu.pl\/ai\/wp-json\/wp\/v2\/users\/2"}],"replies":[{"embeddable":true,"href":"https:\/\/pb.edu.pl\/ai\/wp-json\/wp\/v2\/comments?post=2485"}],"version-history":[{"count":2,"href":"https:\/\/pb.edu.pl\/ai\/wp-json\/wp\/v2\/pages\/2485\/revisions"}],"predecessor-version":[{"id":2488,"href":"https:\/\/pb.edu.pl\/ai\/wp-json\/wp\/v2\/pages\/2485\/revisions\/2488"}],"wp:attachment":[{"href":"https:\/\/pb.edu.pl\/ai\/wp-json\/wp\/v2\/media?parent=2485"}],"curies":[{"name":"wp","href":"https:\/\/api.w.org\/{rel}","templated":true}]}}