{"id":2290,"date":"2026-01-10T23:26:57","date_gmt":"2026-01-10T22:26:57","guid":{"rendered":"https:\/\/pb.edu.pl\/ai\/?page_id=2290"},"modified":"2026-01-28T12:41:12","modified_gmt":"2026-01-28T11:41:12","slug":"szkolenia","status":"publish","type":"page","link":"https:\/\/pb.edu.pl\/ai\/szkolenia\/","title":{"rendered":"Szkolenia"},"content":{"rendered":"<p>&nbsp;<\/p>\n<div class=\"h2\">Aktualno\u015bci<\/div>\n\t\t<div class=\"box news-box \">\n\t\t<div class=\"row\">\n\t\t\t\n\t\t\t\n\t\t\t\t\n\t\t\t\t\t\t\t\t\t\t<div class=\"col-sm-4\">\n\t\t\t\t\t\t\t\n<article class=\"format-standard\">\n    <span class=\"date text-right\"><i class=\"fal fa-calendar-alt\"><\/i> 08-04-2026<\/span>\n    <a href=\"https:\/\/pb.edu.pl\/uci\/2026\/04\/08\/spotkanie-copilot-chat-w-praktyce-studenckiej\/\">\n      <div class=\"article-image\">\n        <img loading=\"lazy\" decoding=\"async\" width=\"480\" height=\"300\" src=\"https:\/\/pb.edu.pl\/ai\/wp-content\/uploads\/sites\/17\/2026\/04\/Zebrania-Copilot-Chat-w-praktyce-studenckiej-1200-x-800-px-480x300.png\" class=\"attachment-medium-image-16x10 size-medium-image-16x10 wp-post-image\" alt=\"\" \/>      <\/div>\n      <h3>Copilot dla student\u00f3w<\/h3>\n      Spotkanie Copilot Chat w praktyce studenckiejma na celu pokazanie, w jaki    <\/a>\n<\/article>\t\t\t\t\t\t<\/div>\n\t\t\t\t\t\t\t\t\t\t\t<div class=\"col-sm-4\">\n\t\t\t\t\t\t\t\n<article class=\"format-standard\">\n    <span class=\"date text-right\"><i class=\"fal fa-calendar-alt\"><\/i> 19-01-2026<\/span>\n    <a href=\"https:\/\/pb.edu.pl\/uci\/2026\/01\/19\/copilot-chat-free-webinar\/\">\n      <div class=\"article-image\">\n        <img loading=\"lazy\" decoding=\"async\" width=\"480\" height=\"300\" src=\"https:\/\/pb.edu.pl\/ai\/wp-content\/uploads\/sites\/17\/2026\/01\/27-01-2026_Copilot-Chat-Free_webinar_ok-480x300.png\" class=\"attachment-medium-image-16x10 size-medium-image-16x10 wp-post-image\" alt=\"\" \/>      <\/div>\n      <h3>Copilot Chat Free - webinar<\/h3>\n      Serdecznie zapraszamy Pracownik\u00f3w Politechniki Bia\u0142ostockiej do udzia\u0142u w warsztacie po\u015bwi\u0119conym Copilot    <\/a>\n<\/article>\t\t\t\t\t\t<\/div>\n\t\t\t\t\t\t\t\t\t\t\t<div class=\"col-sm-4\">\n\t\t\t\t\t\t\t\n<article class=\"format-standard\">\n    <span class=\"date text-right\"><i class=\"fal fa-calendar-alt\"><\/i> 05-12-2025<\/span>\n    <a href=\"https:\/\/pb.edu.pl\/uci\/2025\/12\/05\/copilot-chat-na-politechnice-bialostockiej\/\">\n      <div class=\"article-image\">\n        <img loading=\"lazy\" decoding=\"async\" width=\"480\" height=\"300\" src=\"https:\/\/pb.edu.pl\/ai\/wp-content\/uploads\/sites\/17\/2025\/12\/Copilot_w_PB-480x300.png\" class=\"attachment-medium-image-16x10 size-medium-image-16x10 wp-post-image\" alt=\"\" \/>      <\/div>\n      <h3>Spotkanie Copilot CHAT na Politechnice Bia\u0142ostockiej<\/h3>\n      Spotkanie Microsoft 365 Copilot Chat ma na celu pokazanie mo\u017cliwo\u015bci bezp\u0142atnej    <\/a>\n<\/article>\t\t\t\t\t\t<\/div>\n\t\t\t\t\t\n\t\t\t\t\n\t\t\t\t\t<\/div>\n\t\t\t\t\t<\/div>\n\n<p style=\"text-align: right;\"><a class=\"h3\" href=\"\/ai\/szkolenia-pb\/\">Zobacz wszystkie<\/a><\/p>\n<hr>\n<div class=\"h3\">Szkolenia oraz kursy dla pracownik\u00f3w Politechniki Bia\u0142ostockiej &#8211; nagrania wideo<\/div>\n<ul>\n<li><a href=\"https:\/\/pbial-my.sharepoint.com\/:v:\/g\/personal\/uci_pbial_onmicrosoft_com\/IQApbrwZR42hRpHk7Uvv4pNVATQL0Xn2xEuYZlB52Taj3ro?nav=eyJyZWZlcnJhbEluZm8iOnsicmVmZXJyYWxBcHAiOiJTdHJlYW1XZWJBcHAiLCJyZWZlcnJhbFZpZXciOiJTaGFyZURpYWxvZy1MaW5rIiwicmVmZXJyYWxBcHBQbGF0Zm9ybSI6IldlYiIsInJlZmVycmFsTW9kZSI6InZpZXcifX0%3D&#038;e=fdnrql\">Mo\u017cliwo\u015bci wykorzystania Microsoft 365 Copilot w pracy akademickiej oraz administracyjnej<\/a> &#8211; szkolenie z 26.01.2026 dla zamkni\u0119tego grona u\u017cytkownik\u00f3w posiadaj\u0105cych dost\u0119p do rozszerzonej wersji Microsoft 365 Copilot.<\/li>\n<li><a href=\"https:\/\/pbial-my.sharepoint.com\/:v:\/g\/personal\/uci_pbial_onmicrosoft_com\/IQAHDtfTHpDtR7TWNoyqPPeiAZFBY4Ixxzauc_ZoVKMR8qU?nav=eyJyZWZlcnJhbEluZm8iOnsicmVmZXJyYWxBcHAiOiJTdHJlYW1XZWJBcHAiLCJyZWZlcnJhbFZpZXciOiJTaGFyZURpYWxvZy1MaW5rIiwicmVmZXJyYWxBcHBQbGF0Zm9ybSI6IldlYiIsInJlZmVycmFsTW9kZSI6InZpZXcifX0%3D&#038;e=AS2GSC\">Zapoznanie z podstawowymi oraz rozszerzonymi mo\u017cliwo\u015bciami Copilot Chat Free<\/a> &#8211; szkolenie z 27.01.2026 skierowane do pracownik\u00f3w naukowych oraz pracownik\u00f3w administracji. Bezp\u0142atna wersja Copilot Chat Free.<\/li>\n<li><a href=\"https:\/\/pbial-my.sharepoint.com\/:v:\/g\/personal\/uci_pbial_onmicrosoft_com\/IQBdNSzj3TqmTJJWaqG6dO3KAVWHPEP2JBQ0rFnZVt4kVm0?nav=eyJyZWZlcnJhbEluZm8iOnsicmVmZXJyYWxBcHAiOiJTdHJlYW1XZWJBcHAiLCJyZWZlcnJhbFZpZXciOiJTaGFyZURpYWxvZy1MaW5rIiwicmVmZXJyYWxBcHBQbGF0Zm9ybSI6IldlYiIsInJlZmVycmFsTW9kZSI6InZpZXcifX0%3D&amp;e=uTUKA9\">Webinar Microsoft 365 Copilot Chat \u2013 AI w pracy administracji uczelni (PB)-20251215_104638UTC-Meeting Recording.mp4<\/a> &#8211; szkolenie podstawowe dla pracownik\u00f3w administracyjnych PB (dost\u0119pne po zalogowaniu).<\/li>\n<li><a href=\"https:\/\/learn.microsoft.com\/en-us\/training\/paths\/explore-microsoft-365-copilot-business-chat\/\">Explore Microsoft&nbsp;365&nbsp;Copilot&nbsp;Chat \u2013 Learning Path<\/a> &#8211; Kompleksowy kurs podzielony na cztery modu\u0142y, wprowadzaj\u0105cy w tematyk\u0119, pokazuj\u0105cy tworzenie efektywnych prompt\u00f3w, korzystanie z funkcji AI i aspekt\u00f3w bezpiecze\u0144stwa. Czas trwania ca\u0142o\u015bci: oko\u0142o 1 godziny i 36 minut. Ten kurs pozwoli Ci szybko opanowa\u0107 Copilot Chat i bezpiecznie korzysta\u0107 z jego funkcji w ramach Microsoft.<\/li>\n<\/ul>\n<div class=\"h3\">Rekomendowane wydarzenia i szkolenia zewn\u0119trzne<\/div>\n<ul>\n<li><strong>Talent Days<\/strong> &#8211; wydarzenia w sze\u015bciu miastach Polski, webinaria oraz kursy online dla m\u0142odych wchodz\u0105cych na rynek pracy.\n<p>Strona programu &#8211; <a href=\"https:\/\/talentdays.pl\/ai-skills\">talentdays.pl\/ai-skills<\/a><\/p>\n<p><a href=\"https:\/\/talentdays.pl\/ai-skills-wprowadzenie-do-ai\">Kurs z certyfikatem \u201eKompleksowy przewodnik o sztucznej inteligencji\u201d<\/a><\/p>\n<p><a href=\"https:\/\/talentdays.pl\/ai-w-biznesie-i-codziennym-zyciu\">Certyfikowany kurs AI w biznesie i codziennym \u017cyciu<\/a>\n<\/li>\n<li><strong>Econverse<\/strong> &#8211; wydarzenia na uczelniach oraz szkolenia z certyfikatem dost\u0119pne online.\n<p>Strona programu oraz kursy online &#8211; <a href=\"https:\/\/www.econverse.org\/aiready\">www.econverse.org\/aiready<\/a>\n<\/li>\n<li><strong>Academic Partners<\/strong> &#8211; sesje eksperckie podczas najwi\u0119kszych wydarze\u0144 technologicznych takich jak Data Science Summit, Python Summit (i inne), oraz&nbsp;szkolenia z certyfikatem dost\u0119pne online (dla najlepszych wej\u015bci\u00f3wki na kolejne wydarzenia)\n<p>Strona z kursami online oraz stypendium na kolejne wydarzenia: <a href=\"https:\/\/fundacjaap.org.pl\/microsoftchallenge\/\">fundacjaap.org.pl\/microsoftchallenge\/<\/a>\n<\/li>\n<\/ul>\n","protected":false},"excerpt":{"rendered":"<p>&nbsp; Aktualno\u015bci Zobacz wszystkie Szkolenia oraz kursy dla pracownik\u00f3w Politechniki Bia\u0142ostockiej &#8211; nagrania wideo Mo\u017cliwo\u015bci<\/p>\n","protected":false},"author":2,"featured_media":0,"parent":0,"menu_order":0,"comment_status":"closed","ping_status":"closed","template":"","meta":{"_acf_changed":false,"ngg_post_thumbnail":0,"footnotes":""},"class_list":["post-2290","page","type-page","status-publish","hentry"],"acf":[],"_links":{"self":[{"href":"https:\/\/pb.edu.pl\/ai\/wp-json\/wp\/v2\/pages\/2290","targetHints":{"allow":["GET"]}}],"collection":[{"href":"https:\/\/pb.edu.pl\/ai\/wp-json\/wp\/v2\/pages"}],"about":[{"href":"https:\/\/pb.edu.pl\/ai\/wp-json\/wp\/v2\/types\/page"}],"author":[{"embeddable":true,"href":"https:\/\/pb.edu.pl\/ai\/wp-json\/wp\/v2\/users\/2"}],"replies":[{"embeddable":true,"href":"https:\/\/pb.edu.pl\/ai\/wp-json\/wp\/v2\/comments?post=2290"}],"version-history":[{"count":20,"href":"https:\/\/pb.edu.pl\/ai\/wp-json\/wp\/v2\/pages\/2290\/revisions"}],"predecessor-version":[{"id":2558,"href":"https:\/\/pb.edu.pl\/ai\/wp-json\/wp\/v2\/pages\/2290\/revisions\/2558"}],"wp:attachment":[{"href":"https:\/\/pb.edu.pl\/ai\/wp-json\/wp\/v2\/media?parent=2290"}],"curies":[{"name":"wp","href":"https:\/\/api.w.org\/{rel}","templated":true}]}}