{"id":2284,"date":"2026-01-10T23:19:09","date_gmt":"2026-01-10T22:19:09","guid":{"rendered":"https:\/\/pb.edu.pl\/ai\/?page_id=2284"},"modified":"2026-01-28T12:40:08","modified_gmt":"2026-01-28T11:40:08","slug":"rekomendowane-narzedzia","status":"publish","type":"page","link":"https:\/\/pb.edu.pl\/ai\/rekomendowane-narzedzia\/","title":{"rendered":"Rekomendowane narz\u0119dzia"},"content":{"rendered":"<div class=\"rekomendowane\"><i class=\"fa-light fa-square-check\"><\/i> Rekomendowane narz\u0119dzie: Microsoft Copilot Chat.<\/div>\n<div class=\"rekomendowane\"><i class=\"fa-light fa-triangle-exclamation\"><\/i> Ostro\u017cnie: Zewn\u0119trzne narz\u0119dzia AI (np. darmowe wersje ChatGPT) \u2013 ryzyko naruszenia bezpiecze\u0144stwa danych.<\/div>\n<div class=\"rekomendowane\"><i class=\"fa-light fa-square-xmark\"><\/i> Zakazane: Narz\u0119dzia AI wymagaj\u0105ce podawania prywatnych danych lub niezgodne z regulacjami PB.<\/div>\n<p>&nbsp;<br \/>\nPolitechnika Bia\u0142ostocka udost\u0119pnia swoim studentom i pracownikom nowoczesne rozwi\u0105zania AI, kt\u00f3re wspieraj\u0105 nauk\u0119, badania i codzienn\u0105 prac\u0119. <strong>Rekomendowanym narz\u0119dziem jest Microsoft Copilot<\/strong>, w tym dost\u0119pny dla wszystkich <strong>Copilot Chat<\/strong>, dost\u0119pny w ramach pakietu <strong>Microsoft 365 A3<\/strong>.<\/p>\n<div class=\"h3\">Dlaczego warto korzysta\u0107 z Copilot Chat?<\/div>\n<ul>\n<li>Zintegrowany z aplikacjami Microsoft 365 (Word, Excel, PowerPoint, Outlook, Teams).<\/li>\n<li>Wspiera tworzenie tre\u015bci, analiz\u0119 danych i automatyzacj\u0119 zada\u0144.<\/li>\n<li>Zapewnia zgodno\u015b\u0107 z polityk\u0105 bezpiecze\u0144stwa Politechniki Bia\u0142ostockiej.<\/li>\n<\/ul>\n<div class=\"h3\">Bezpiecze\u0144stwo przede wszystkim<\/div>\n<p>Aby korzysta\u0107 z Copilot Chat w spos\u00f3b bezpieczny, <strong>nale\u017cy by\u0107 zalogowanym przy u\u017cyciu danych uczelnianych<br \/>\n(konto @st.pb.edu.pl, @student.pb.edu.pl, etc.)<\/strong>. Tylko wtedy:<\/p>\n<ul>\n<li>Twoje dane s\u0105 chronione zgodnie z regulacjami RODO.<\/li>\n<li>Komunikacja odbywa si\u0119 w bezpiecznym \u015brodowisku Microsoft.<\/li>\n<li>Masz dost\u0119p do pe\u0142nej funkcjonalno\u015bci narz\u0119dzia.<\/li>\n<\/ul>\n<div class=\"h3\">Jak zacz\u0105\u0107?<\/div>\n<ol>\n<li>Zaloguj si\u0119 do Microsoft 365 u\u017cywaj\u0105c danych uczelnianych.<\/li>\n<li>Uruchom aplikacj\u0119 (Teams, Word, Excel) i skorzystaj z funkcji Copilot.<\/li>\n<li>Sprawd\u017a instrukcje i poradniki dotycz\u0105ce korzystania z AI.<br \/>\nOto oficjalne szkolenie Microsoftu po\u015bwi\u0119cone Copilot Chat:<\/p>\n<p><strong>Explore Microsoft 365 Copilot Chat \u2013 Learning Path<\/strong><br \/>\nKompleksowy kurs podzielony na cztery modu\u0142y, wprowadzaj\u0105cy w tematyk\u0119, pokazuj\u0105cy tworzenie efektywnych prompt\u00f3w, korzystanie z funkcji AI i&nbsp;aspekt\u00f3w bezpiecze\u0144stwa. Ten kurs pozwoli Ci szybko opanowa\u0107 Copilot Chat i bezpiecznie korzysta\u0107 z jego funkcji w ramach Microsoft\u202f365.<\/p>\n<p>Czas trwania ca\u0142o\u015bci: oko\u0142o 1 godziny i 36 minut<\/p>\n<p>Przejd\u017a do szkolenia: <a href=\"https:\/\/learn.microsoft.com\/en-us\/training\/paths\/explore-microsoft-365-copilot-business-chat\/\">learn.microsoft.com<\/a><\/li>\n<\/ol>\n<p>&nbsp;<\/p>\n","protected":false},"excerpt":{"rendered":"<p>Rekomendowane narz\u0119dzie: Microsoft Copilot Chat. Ostro\u017cnie: Zewn\u0119trzne narz\u0119dzia AI (np. darmowe wersje ChatGPT) \u2013 ryzyko<\/p>\n","protected":false},"author":2,"featured_media":0,"parent":0,"menu_order":5,"comment_status":"closed","ping_status":"closed","template":"","meta":{"_acf_changed":false,"ngg_post_thumbnail":0,"footnotes":""},"class_list":["post-2284","page","type-page","status-publish","hentry"],"acf":[],"_links":{"self":[{"href":"https:\/\/pb.edu.pl\/ai\/wp-json\/wp\/v2\/pages\/2284","targetHints":{"allow":["GET"]}}],"collection":[{"href":"https:\/\/pb.edu.pl\/ai\/wp-json\/wp\/v2\/pages"}],"about":[{"href":"https:\/\/pb.edu.pl\/ai\/wp-json\/wp\/v2\/types\/page"}],"author":[{"embeddable":true,"href":"https:\/\/pb.edu.pl\/ai\/wp-json\/wp\/v2\/users\/2"}],"replies":[{"embeddable":true,"href":"https:\/\/pb.edu.pl\/ai\/wp-json\/wp\/v2\/comments?post=2284"}],"version-history":[{"count":22,"href":"https:\/\/pb.edu.pl\/ai\/wp-json\/wp\/v2\/pages\/2284\/revisions"}],"predecessor-version":[{"id":2557,"href":"https:\/\/pb.edu.pl\/ai\/wp-json\/wp\/v2\/pages\/2284\/revisions\/2557"}],"wp:attachment":[{"href":"https:\/\/pb.edu.pl\/ai\/wp-json\/wp\/v2\/media?parent=2284"}],"curies":[{"name":"wp","href":"https:\/\/api.w.org\/{rel}","templated":true}]}}