{"id":2271,"date":"2026-01-10T23:10:09","date_gmt":"2026-01-10T22:10:09","guid":{"rendered":"https:\/\/pb.edu.pl\/ai\/?page_id=2271"},"modified":"2026-01-28T12:39:20","modified_gmt":"2026-01-28T11:39:20","slug":"dane-syntetyczne","status":"publish","type":"page","link":"https:\/\/pb.edu.pl\/ai\/oznaczanie-tresci\/przyklady-oznaczen\/dane-syntetyczne\/","title":{"rendered":"Dane syntetyczne"},"content":{"rendered":"<p><strong>Je\u017celi badanie naukowe, publikacja, rozprawa lub praca dyplomowa wykorzystuje lub bazuje na danych syntetycznych<\/strong>, to kluczowe jest, by w tre\u015bci dokumentu wprost zaznaczy\u0107, \u017ce u\u017cyte dane maj\u0105 charakter syntetyczny. <\/p>\n<p>Do takich danych powinny by\u0107 do\u0142\u0105czone odpowiednie metadane, kt\u00f3re jasno potwierdzaj\u0105 ich syntetyczne pochodzenie oraz opisuj\u0105 proces ich generowania.<\/p>\n<p>Przyk\u0142ad:<br \/>\nJe\u017celi dane zapisane s\u0105 w arkuszu kalkulacyjnym (np. w formacie CSV lub Excel), do pliku z danymi nale\u017cy do\u0142\u0105czy\u0107 plik README.txt zawieraj\u0105cy informacj\u0119:<\/p>\n<p><em>Niniejszy zbi\u00f3r danych zosta\u0142 automatycznie wygenerowany z u\u017cyciem generatywnej sztucznej inteligencji, przy wykorzystaniu:<\/p>\n<ul>\n<li>promptu, np.: \u201eWygeneruj dane o nast\u0119puj\u0105cych cechach\u2026\u201d,<\/li>\n<li>przyk\u0142adowych warto\u015bci, np. struktura tabeli z wybranymi rekordami,<\/li>\n<li>okre\u015blonych wymaga\u0144 dotycz\u0105cych zbioru, np.: \u201eco najmniej N wierszy, kolumny C1, C2, C3, gdzie C1 zawiera warto\u015bci wzrostu os\u00f3b rozk\u0142adu normalnego w zakresie 1\u20132 m, C2\u2026\u201d.<\/li>\n<\/ul>\n<p><\/em><\/p>\n<p>W pracy nale\u017cy wskaza\u0107:<br \/>\n<em>Model i data u\u017cycia: Copilot 10.2025 r.<\/em><br \/>\n&nbsp;<\/p>\n<p><strong>Je\u017celi dane s\u0105 udost\u0119pniane lub przesy\u0142ane do zewn\u0119trznych repozytori\u00f3w lub platform (np.&nbsp;Microsoft OneDrive, Dropbox, Google Drive, OpenML itp.)<\/strong>, to plik README.txt z opisem \u017ar\u00f3d\u0142a i&nbsp;charakterystyki danych musi by\u0107 dystrybuowany razem z danymi. <\/p>\n<p>Mo\u017cna to zapewni\u0107 poprzez umieszczenie danych oraz pliku README.txt w jednym archiwum ZIP albo poprzez umieszczenie wymaganych informacji w dedykowanych polach systemu, je\u015bli taka funkcjonalno\u015b\u0107 zosta\u0142a przewidziana.<\/p>\n","protected":false},"excerpt":{"rendered":"<p>Je\u017celi badanie naukowe, publikacja, rozprawa lub praca dyplomowa wykorzystuje lub bazuje na danych syntetycznych, to<\/p>\n","protected":false},"author":2,"featured_media":0,"parent":2170,"menu_order":3,"comment_status":"closed","ping_status":"closed","template":"","meta":{"_acf_changed":false,"ngg_post_thumbnail":0,"footnotes":""},"class_list":["post-2271","page","type-page","status-publish","hentry"],"acf":[],"_links":{"self":[{"href":"https:\/\/pb.edu.pl\/ai\/wp-json\/wp\/v2\/pages\/2271","targetHints":{"allow":["GET"]}}],"collection":[{"href":"https:\/\/pb.edu.pl\/ai\/wp-json\/wp\/v2\/pages"}],"about":[{"href":"https:\/\/pb.edu.pl\/ai\/wp-json\/wp\/v2\/types\/page"}],"author":[{"embeddable":true,"href":"https:\/\/pb.edu.pl\/ai\/wp-json\/wp\/v2\/users\/2"}],"replies":[{"embeddable":true,"href":"https:\/\/pb.edu.pl\/ai\/wp-json\/wp\/v2\/comments?post=2271"}],"version-history":[{"count":7,"href":"https:\/\/pb.edu.pl\/ai\/wp-json\/wp\/v2\/pages\/2271\/revisions"}],"predecessor-version":[{"id":2556,"href":"https:\/\/pb.edu.pl\/ai\/wp-json\/wp\/v2\/pages\/2271\/revisions\/2556"}],"up":[{"embeddable":true,"href":"https:\/\/pb.edu.pl\/ai\/wp-json\/wp\/v2\/pages\/2170"}],"wp:attachment":[{"href":"https:\/\/pb.edu.pl\/ai\/wp-json\/wp\/v2\/media?parent=2271"}],"curies":[{"name":"wp","href":"https:\/\/api.w.org\/{rel}","templated":true}]}}