{"id":2269,"date":"2026-01-10T23:09:41","date_gmt":"2026-01-10T22:09:41","guid":{"rendered":"https:\/\/pb.edu.pl\/ai\/?page_id=2269"},"modified":"2026-01-28T00:08:25","modified_gmt":"2026-01-27T23:08:25","slug":"prezentacja-slajdy-wykladowe","status":"publish","type":"page","link":"https:\/\/pb.edu.pl\/ai\/oznaczanie-tresci\/przyklady-oznaczen\/prezentacja-slajdy-wykladowe\/","title":{"rendered":"Prezentacja (slajdy wyk\u0142adowe)"},"content":{"rendered":"<div class=\"h4\">Slajd ko\u0144cowy (styl listy punktowanej):<\/div>\n<p><em>\u201eSzczeg\u00f3\u0142owe o\u015bwiadczenie GenAI:<\/p>\n<p>&#8211; Model i data u\u017cycia: Copilot, 10.2025 r.<br \/>\nTryby u\u017cytkowania: Generowanie list punktowanych dla slajd\u00f3w 3-12.<\/p>\n<p>&#8211; Model i data u\u017cycia: DALL-E, 10.2025 r.<br \/>\nTryby u\u017cytkowania: Generowanie wykres\u00f3w dla slajdu 3.\u201d<\/em><br \/>\n&nbsp;<\/p>\n<div class=\"h4\">Slajd ko\u0144cowy (styl konwersacyjny):<\/div>\n<p><em>\u201ePrzygotowuj\u0105c t\u0119 prezentacj\u0119, wykorzystano narz\u0119dzia GenAI jako wsparcie w tworzeniu tre\u015bci &#8211; Copilot (10.2025 r.) zosta\u0142 wykorzystany do wygenerowania list punktowanych na slajdach 3-12.\u201d<\/em><\/p>\n","protected":false},"excerpt":{"rendered":"<p>Slajd ko\u0144cowy (styl listy punktowanej): \u201eSzczeg\u00f3\u0142owe o\u015bwiadczenie GenAI: &#8211; Model i data u\u017cycia: Copilot, 10.2025<\/p>\n","protected":false},"author":2,"featured_media":0,"parent":2170,"menu_order":2,"comment_status":"closed","ping_status":"closed","template":"","meta":{"_acf_changed":false,"ngg_post_thumbnail":0,"footnotes":""},"class_list":["post-2269","page","type-page","status-publish","hentry"],"acf":[],"_links":{"self":[{"href":"https:\/\/pb.edu.pl\/ai\/wp-json\/wp\/v2\/pages\/2269","targetHints":{"allow":["GET"]}}],"collection":[{"href":"https:\/\/pb.edu.pl\/ai\/wp-json\/wp\/v2\/pages"}],"about":[{"href":"https:\/\/pb.edu.pl\/ai\/wp-json\/wp\/v2\/types\/page"}],"author":[{"embeddable":true,"href":"https:\/\/pb.edu.pl\/ai\/wp-json\/wp\/v2\/users\/2"}],"replies":[{"embeddable":true,"href":"https:\/\/pb.edu.pl\/ai\/wp-json\/wp\/v2\/comments?post=2269"}],"version-history":[{"count":4,"href":"https:\/\/pb.edu.pl\/ai\/wp-json\/wp\/v2\/pages\/2269\/revisions"}],"predecessor-version":[{"id":2310,"href":"https:\/\/pb.edu.pl\/ai\/wp-json\/wp\/v2\/pages\/2269\/revisions\/2310"}],"up":[{"embeddable":true,"href":"https:\/\/pb.edu.pl\/ai\/wp-json\/wp\/v2\/pages\/2170"}],"wp:attachment":[{"href":"https:\/\/pb.edu.pl\/ai\/wp-json\/wp\/v2\/media?parent=2269"}],"curies":[{"name":"wp","href":"https:\/\/api.w.org\/{rel}","templated":true}]}}