{"id":2267,"date":"2026-01-10T23:09:09","date_gmt":"2026-01-10T22:09:09","guid":{"rendered":"https:\/\/pb.edu.pl\/ai\/?page_id=2267"},"modified":"2026-01-28T00:23:16","modified_gmt":"2026-01-27T23:23:16","slug":"praca-dyplomowa-rozprawa-doktorska","status":"publish","type":"page","link":"https:\/\/pb.edu.pl\/ai\/oznaczanie-tresci\/przyklady-oznaczen\/praca-dyplomowa-rozprawa-doktorska\/","title":{"rendered":"Praca dyplomowa\/rozprawa doktorska"},"content":{"rendered":"<div class=\"h4\">Pocz\u0105tek pracy:<\/div>\n<div class=\"wazne\"><em>\u201ePrzy pisaniu tej rozprawy wykorzystano narz\u0119dzia generatywnej sztucznej inteligencji (Copilot, wersja wydana w sierpniu 2025 roku) do wsparcia w tworzeniu tre\u015bci i analizie materia\u0142\u00f3w. Wi\u0119cej szczeg\u00f3\u0142\u00f3w na temat u\u017cytkowania znajduje si\u0119 w za\u0142\u0105czniku.\u201d<\/em><\/div>\n<p>&nbsp;<\/p>\n<div class=\"h4\">Uwaga w za\u0142\u0105czniku do pracy dyplomowej zgodnie z<\/div>\n<p> <a class=\"pdf\" href=\"https:\/\/pb.edu.pl\/ai\/wp-content\/uploads\/sites\/162\/2026\/01\/Zalacznik-do-Zarzadzenia-95-2025.pdf\" target=\"_blank\" rel=\"noopener\" data-id=\"2261\">Za\u0142\u0105cznikiem do Zarz\u0105dzenia Nr 95\/2025 Rektora PB (PDF, 94 KB, otworzy si\u0119 w nowej karcie)<\/a>:<\/p>\n<div class=\"wazne\">\n<div class=\"table-responsive\">\n<table class=\"table table-bordered\">\n<thead>\n<tr>\n<th>Narz\u0119dzia<\/th>\n<th>Obszar wykorzystania<\/th>\n<\/tr>\n<\/thead>\n<tbody>\n<tr>\n<td>Przyk\u0142ad: <em>Copilot, edycja z marca 2024 roku<\/em><\/td>\n<td>Przyk\u0142ad: <em>Wspomagano opracowanie tekst\u00f3w i list punktowanych &#8211; Rozdzia\u0142y 2\u20134<\/em><\/td>\n<\/tr>\n<tr>\n<td>&nbsp;<\/td>\n<td>&nbsp;<\/td>\n<\/tr>\n<\/tbody>\n<\/table>\n<\/div>\n<\/div>\n","protected":false},"excerpt":{"rendered":"<p>Pocz\u0105tek pracy: \u201ePrzy pisaniu tej rozprawy wykorzystano narz\u0119dzia generatywnej sztucznej inteligencji (Copilot, wersja wydana w<\/p>\n","protected":false},"author":2,"featured_media":0,"parent":2170,"menu_order":1,"comment_status":"closed","ping_status":"closed","template":"","meta":{"_acf_changed":false,"ngg_post_thumbnail":0,"footnotes":""},"class_list":["post-2267","page","type-page","status-publish","hentry"],"acf":[],"_links":{"self":[{"href":"https:\/\/pb.edu.pl\/ai\/wp-json\/wp\/v2\/pages\/2267","targetHints":{"allow":["GET"]}}],"collection":[{"href":"https:\/\/pb.edu.pl\/ai\/wp-json\/wp\/v2\/pages"}],"about":[{"href":"https:\/\/pb.edu.pl\/ai\/wp-json\/wp\/v2\/types\/page"}],"author":[{"embeddable":true,"href":"https:\/\/pb.edu.pl\/ai\/wp-json\/wp\/v2\/users\/2"}],"replies":[{"embeddable":true,"href":"https:\/\/pb.edu.pl\/ai\/wp-json\/wp\/v2\/comments?post=2267"}],"version-history":[{"count":6,"href":"https:\/\/pb.edu.pl\/ai\/wp-json\/wp\/v2\/pages\/2267\/revisions"}],"predecessor-version":[{"id":2532,"href":"https:\/\/pb.edu.pl\/ai\/wp-json\/wp\/v2\/pages\/2267\/revisions\/2532"}],"up":[{"embeddable":true,"href":"https:\/\/pb.edu.pl\/ai\/wp-json\/wp\/v2\/pages\/2170"}],"wp:attachment":[{"href":"https:\/\/pb.edu.pl\/ai\/wp-json\/wp\/v2\/media?parent=2267"}],"curies":[{"name":"wp","href":"https:\/\/api.w.org\/{rel}","templated":true}]}}