{"id":2255,"date":"2026-01-10T22:51:34","date_gmt":"2026-01-10T21:51:34","guid":{"rendered":"https:\/\/pb.edu.pl\/ai\/?page_id=2255"},"modified":"2026-01-28T12:36:53","modified_gmt":"2026-01-28T11:36:53","slug":"co-deklarowac","status":"publish","type":"page","link":"https:\/\/pb.edu.pl\/ai\/oznaczanie-tresci\/co-deklarowac\/","title":{"rendered":"Co nale\u017cy deklarowa\u0107?"},"content":{"rendered":"<p>W przypadku braku wyra\u017anych wytycznych od wydawc\u00f3w lub organ\u00f3w finansuj\u0105cych badania lub innych konkretnych wskaz\u00f3wek np. od nauczycieli, pe\u0142ne o\u015bwiadczenie GenAI powinno zawiera\u0107 we wst\u0119pie og\u00f3ln\u0105 deklaracj\u0119 wykorzystania narz\u0119dzi GenAI (np. \u201ePraca zawiera fragmenty powsta\u0142e przy u\u017cyciu narz\u0119dzi GenAI\u201d), a w dalszej cz\u0119\u015bci nast\u0119puj\u0105ce informacje, przedstawione w jasny i zwi\u0119z\u0142y spos\u00f3b:<\/p>\n<ul>\n<li><strong>Identyfikacja narz\u0119dzi GenAI oraz ich wersji<\/strong><br \/>\nWska\u017c pe\u0142n\u0105 nazw\u0119 u\u017cytego narz\u0119dzia (np. \u201eChatGPT\u201d jako aplikacj\u0119 lub \u201eGPT\u201d jako model) wraz z dat\u0105 u\u017cycia, np. \u201eChatGPT-4, 10.2025 r.\u201d. Je\u017celi korzystasz z kilku narz\u0119dzi, wymie\u0144 ka\u017cdorazowo ich nazwy i&nbsp;daty u\u017cycia.<\/li>\n<li><strong>Obszar wykorzystania narz\u0119dzia<\/strong><br \/>\nPodaj, do jakich dzia\u0142a\u0144 wykorzysta\u0142a\u015b\/e\u015b wybrane rozwi\u0105zania, np.:<\/p>\n<ul>\n<li>podczas przygotowania prezentacji: \u201eWspomagano opracowanie tekst\u00f3w i list punktowanych\u201d, \u201eWygenerowano wykresy pogl\u0105dowe\u201d, \u201eStworzono materia\u0142y multimedialne do cel\u00f3w dydaktycznych, takich jak prezentacje czy notatki z wyk\u0142ad\u00f3w\u201d; <\/li>\n<li>w pracy dyplomowej: \u201eZredagowano i ulepszono tekst w zakresie przejrzysto\u015bci i sp\u00f3jno\u015bci\u201d, \u201eWygenerowano wykresy i diagramy dla wizualizacji wynik\u00f3w\u201d, \u201eAutomatycznie wspierano proces pisania\u201d, \u201eStworzono ilustracje do cz\u0119\u015bci metodologicznej\u201d.<\/li>\n<\/ul>\n<p>Wska\u017c konkretne miejsca zastosowania narz\u0119dzia:<br \/>\nPodaj, w kt\u00f3rych fragmentach pracy wykorzysta\u0142a\u015b\/e\u015b GenAI, np. \u201eWykresy w rozdziale 2, podrozdziale 2.3\u201d, \u201eRozdzia\u0142y 2\u20134\u201d, \u201eIlustracje i wykresy do slajd\u00f3w 12 i 13\u201d, \u201ePrzegl\u0105d literatury w paragrafie 2 opracowany z u\u017cyciem GenAI\u201d.<\/p>\n<p>Zgodnie z <a  class=\"pdf\" href=\"https:\/\/pb.edu.pl\/ai\/wp-content\/uploads\/sites\/162\/2026\/01\/Zalacznik-do-Zarzadzenia-95-2025.pdf\" target=\"_blank\" data-id=\"2261\" >Za\u0142\u0105cznikiem do Zarz\u0105dzenia Nr 95\/2025 Rektora PB <span>(PDF, 94 KB, otworzy si\u0119 w nowej karcie)<\/span><\/a>\n<\/li>\n<\/ul>\n<p><a href=\"https:\/\/pb.edu.pl\/oficyna-wydawnicza\/wp-content\/uploads\/sites\/4\/2025\/10\/Zalaczniknr5-Oswiadczenie-Autora-o-korzystaniu-z-AI.docx\">O\u015bwiadczenie autora o korzystaniu z AI<\/a> \u2013 za\u0142\u0105cznik nr 5 Oficyny Wydawniczej PB (dla publikacji).<\/p>\n","protected":false},"excerpt":{"rendered":"<p>W przypadku braku wyra\u017anych wytycznych od wydawc\u00f3w lub organ\u00f3w finansuj\u0105cych badania lub innych konkretnych wskaz\u00f3wek<\/p>\n","protected":false},"author":2,"featured_media":0,"parent":272,"menu_order":2,"comment_status":"closed","ping_status":"closed","template":"","meta":{"_acf_changed":false,"ngg_post_thumbnail":0,"footnotes":""},"class_list":["post-2255","page","type-page","status-publish","hentry"],"acf":[],"_links":{"self":[{"href":"https:\/\/pb.edu.pl\/ai\/wp-json\/wp\/v2\/pages\/2255","targetHints":{"allow":["GET"]}}],"collection":[{"href":"https:\/\/pb.edu.pl\/ai\/wp-json\/wp\/v2\/pages"}],"about":[{"href":"https:\/\/pb.edu.pl\/ai\/wp-json\/wp\/v2\/types\/page"}],"author":[{"embeddable":true,"href":"https:\/\/pb.edu.pl\/ai\/wp-json\/wp\/v2\/users\/2"}],"replies":[{"embeddable":true,"href":"https:\/\/pb.edu.pl\/ai\/wp-json\/wp\/v2\/comments?post=2255"}],"version-history":[{"count":4,"href":"https:\/\/pb.edu.pl\/ai\/wp-json\/wp\/v2\/pages\/2255\/revisions"}],"predecessor-version":[{"id":2553,"href":"https:\/\/pb.edu.pl\/ai\/wp-json\/wp\/v2\/pages\/2255\/revisions\/2553"}],"up":[{"embeddable":true,"href":"https:\/\/pb.edu.pl\/ai\/wp-json\/wp\/v2\/pages\/272"}],"wp:attachment":[{"href":"https:\/\/pb.edu.pl\/ai\/wp-json\/wp\/v2\/media?parent=2255"}],"curies":[{"name":"wp","href":"https:\/\/api.w.org\/{rel}","templated":true}]}}