{"id":2250,"date":"2026-01-10T22:48:53","date_gmt":"2026-01-10T21:48:53","guid":{"rendered":"https:\/\/pb.edu.pl\/ai\/?page_id=2250"},"modified":"2026-01-28T12:38:01","modified_gmt":"2026-01-28T11:38:01","slug":"gdzie-deklarowac","status":"publish","type":"page","link":"https:\/\/pb.edu.pl\/ai\/oznaczanie-tresci\/gdzie-deklarowac\/","title":{"rendered":"Gdzie deklarowa\u0107?"},"content":{"rendered":"<p>Aby zapewni\u0107 przejrzysto\u015b\u0107 wykorzystywania narz\u0119dzi GenAI, warto, by o\u015bwiadczenia dotycz\u0105ce ich u\u017cycia by\u0142y umieszczane w miejscach \u0142atwych do zidentyfikowania przez odbiorc\u0119. Zaleca si\u0119 stosowanie tzw. \u201epodej\u015bcia warstwowego\u201d \u2013 najpierw uwzgl\u0119dnij og\u00f3ln\u0105 informacj\u0119 ju\u017c na pocz\u0105tku dokumentu lub materia\u0142u, a szczeg\u00f3\u0142owe dane przedstaw w odpowiednich, dedykowanych sekcjach.<\/p>\n<p><em>Podczas przygotowywania niniejszej pracy autor (autorzy) korzysta\u0142(-li) z narz\u0119dzia \/ us\u0142ugi [NAZWA NARZ\u0118DZIA \/ SERWISU AI] w celu [OKRE\u015aLENIE CELU \/ ZAKRESU WYKORZYSTANIA]. Po u\u017cyciu tego narz\u0119dzia \/ us\u0142ugi autor (autorzy) dokonali przegl\u0105du, weryfikacji i niezb\u0119dnej edycji tre\u015bci, ponosz\u0105c pe\u0142n\u0105 odpowiedzialno\u015b\u0107 za ostateczn\u0105 zawarto\u015b\u0107 pracy.<\/em><\/p>\n<div class=\"h4\">Przydatne wskaz\u00f3wki w zale\u017cno\u015bci od rodzaju pracy i zastosowania:<\/div>\n<ul>\n<li><strong>Prace dyplomowe i doktorskie<\/strong><br \/>\nKr\u00f3tka adnotacja o u\u017cyciu narz\u0119dzi GenAI powinna pojawi\u0107 si\u0119 we wst\u0119pie, natomiast bardziej szczeg\u00f3\u0142owy opis sposobu i zakresu wykorzystania narz\u0119dzi nale\u017cy zamie\u015bci\u0107 w za\u0142\u0105czniku.<\/li>\n<li><strong>Prezentacje<\/strong><br \/>\nUmie\u015b\u0107 kr\u00f3tk\u0105 wzmiank\u0119 o wsparciu narz\u0119dzi AI ju\u017c na pierwszym slajdzie, np. <em>\u201eWybrane tre\u015bci i&nbsp;materia\u0142y graficzne w tej prezentacji powsta\u0142y przy u\u017cyciu narz\u0119dzi generatywnej sztucznej inteligencji (Copilot, wrzesie\u0144 2025)\u201d<\/em>, a szczeg\u00f3\u0142owe informacje uwzgl\u0119dnij w sekcji ko\u0144cowej lub na slajdzie z&nbsp;podsumowaniem.<\/li>\n<li><strong>Materia\u0142y edukacyjne i informacyjne<\/strong><br \/>\nDodaj zwi\u0119z\u0142\u0105 informacj\u0119 w specjalnej sekcji na pocz\u0105tku materia\u0142u, np. <em>\u201eInformacja dotycz\u0105ca zastosowania narz\u0119dzi generatywnych\u201d<\/em>.<\/li>\n<li><strong>Opisy zbior\u00f3w danych z danymi syntetycznymi<\/strong><br \/>\nW uwagach technicznych jasno opisz, \u017ce u\u017cyto narz\u0119dzi GenAI do wygenerowania danych, podaj\u0105c r\u00f3wnie\u017c oryginalny zbi\u00f3r danych, b\u0119d\u0105cy podstaw\u0105 syntezy, np. <em>\u201eDane syntetyczne w tym zbiorze wygenerowano przy u\u017cyciu modelu GPT-5, w oparciu o charakterystyk\u0119 zbioru danych XYZ\u201d<\/em>.<\/li>\n<li><strong>Wiadomo\u015bci e-mail<\/strong><br \/>\nNa ko\u0144cu wiadomo\u015bci wstaw kr\u00f3tk\u0105 informacj\u0119 o u\u017cyciu Gen AI, np. <em>\u201eWiadomo\u015b\u0107 opracowano z&nbsp;wykorzystaniem narz\u0119dzi GenAI (Copilot, wrzesie\u0144 2025)\u201d<\/em>.<\/li>\n<li><strong>Dokumenty wewn\u0119trzne<\/strong><br \/>\nNa ko\u0144cu pisma wstaw kr\u00f3tk\u0105 informacj\u0119 o u\u017cyciu Gen AI, np. <em>\u201ePismo przygotowano z&nbsp;wykorzystaniem narz\u0119dzi GenAI (Copilot, wrzesie\u0144 2025) i zweryfikowano pod k\u0105tem zgodno\u015bci i&nbsp;poprawno\u015bci\u201d<\/em>.<\/li>\n<\/ul>\n<p>&nbsp;<\/p>\n","protected":false},"excerpt":{"rendered":"<p>Aby zapewni\u0107 przejrzysto\u015b\u0107 wykorzystywania narz\u0119dzi GenAI, warto, by o\u015bwiadczenia dotycz\u0105ce ich u\u017cycia by\u0142y umieszczane w<\/p>\n","protected":false},"author":2,"featured_media":0,"parent":272,"menu_order":3,"comment_status":"closed","ping_status":"closed","template":"","meta":{"_acf_changed":false,"ngg_post_thumbnail":0,"footnotes":""},"class_list":["post-2250","page","type-page","status-publish","hentry"],"acf":[],"_links":{"self":[{"href":"https:\/\/pb.edu.pl\/ai\/wp-json\/wp\/v2\/pages\/2250","targetHints":{"allow":["GET"]}}],"collection":[{"href":"https:\/\/pb.edu.pl\/ai\/wp-json\/wp\/v2\/pages"}],"about":[{"href":"https:\/\/pb.edu.pl\/ai\/wp-json\/wp\/v2\/types\/page"}],"author":[{"embeddable":true,"href":"https:\/\/pb.edu.pl\/ai\/wp-json\/wp\/v2\/users\/2"}],"replies":[{"embeddable":true,"href":"https:\/\/pb.edu.pl\/ai\/wp-json\/wp\/v2\/comments?post=2250"}],"version-history":[{"count":6,"href":"https:\/\/pb.edu.pl\/ai\/wp-json\/wp\/v2\/pages\/2250\/revisions"}],"predecessor-version":[{"id":2555,"href":"https:\/\/pb.edu.pl\/ai\/wp-json\/wp\/v2\/pages\/2250\/revisions\/2555"}],"up":[{"embeddable":true,"href":"https:\/\/pb.edu.pl\/ai\/wp-json\/wp\/v2\/pages\/272"}],"wp:attachment":[{"href":"https:\/\/pb.edu.pl\/ai\/wp-json\/wp\/v2\/media?parent=2250"}],"curies":[{"name":"wp","href":"https:\/\/api.w.org\/{rel}","templated":true}]}}