{"id":2247,"date":"2026-01-10T22:47:01","date_gmt":"2026-01-10T21:47:01","guid":{"rendered":"https:\/\/pb.edu.pl\/ai\/?page_id=2247"},"modified":"2026-01-30T13:58:38","modified_gmt":"2026-01-30T12:58:38","slug":"wytyczne-oznaczania-tresci-ai","status":"publish","type":"page","link":"https:\/\/pb.edu.pl\/ai\/oznaczanie-tresci\/wytyczne-oznaczania-tresci-ai\/","title":{"rendered":"Wytyczne oznaczania tre\u015bci AI"},"content":{"rendered":"<p>W \u015bwietle wytycznych Uczelni dotycz\u0105cych etycznego oraz odpowiedzialnego stosowania generatywnej sztucznej inteligencji (GenAI) w dydaktyce, badaniach i upowszechnianiu wiedzy, szczeg\u00f3lny nacisk k\u0142adzie si\u0119 na jawno\u015b\u0107 oraz uznanie ka\u017cdego znacz\u0105cego wk\u0142adu GenAI, kt\u00f3ry wp\u0142ywa na tre\u015b\u0107 pracy. Deklarowanie wykorzystania GenAI zawsze w przypadku istotnego wsparcia jest niezb\u0119dne, by:<\/p>\n<ul>\n<li><strong>Podkre\u015bli\u0107 rol\u0119 narz\u0119dzi AI w procesie tw\u00f3rczym, naukowym i dydaktycznym<\/strong>, wzmacniaj\u0105c transparentno\u015b\u0107, ochron\u0119 w\u0142asno\u015bci intelektualnej i szacunek dla pracy innych os\u00f3b.<\/li>\n<li><strong>Budowa\u0107 kultur\u0119 odpowiedzialnego korzystania z nowych technologii <\/strong>przy jednoczesnym eksponowaniu kluczowej roli cz\u0142owieka \u2013 krytycznej analizy, sprawowania kontroli nad rezultatami oraz weryfikacji dok\u0142adno\u015bci informacji wygenerowanych przez AI, kt\u00f3ra mo\u017ce by\u0107 nieprecyzyjna lub stronnicza.<\/li>\n<li><strong>Zapewni\u0107 przejrzysto\u015b\u0107 i uczciwo\u015b\u0107 akademick\u0105 <\/strong>pozwalaj\u0105c\u0105 na rzeteln\u0105 ocen\u0119 dokona\u0144, tak by ka\u017cdy by\u0142 oceniany wed\u0142ug w\u0142asnych osi\u0105gni\u0119\u0107.<\/li>\n<li><strong>Wspiera\u0107 etyczne postawy<\/strong> w \u015brodowisku akademickim.<\/li>\n<\/ul>\n<hr>\n<div class=\"h4\">Kiedy i co trzeba oznacza\u0107?<\/div>\n<ul>\n<li>Gdy GenAI wygenerowa\u0142o fragmenty tekstu, tabel, wykres\u00f3w lub ilustracji, kt\u00f3re zosta\u0142y w\u0142\u0105czone do pracy.<\/li>\n<li>Gdy GenAI wspomaga\u0142o przygotowanie istotnych cz\u0119\u015bci dokumentu (np. struktura pracy, streszczenie literatury, metodologia).<\/li>\n<li>Gdy w analizach wykorzystano dane syntetyczne wygenerowane przez GenAI.<\/li>\n<\/ul>\n","protected":false},"excerpt":{"rendered":"<p>W \u015bwietle wytycznych Uczelni dotycz\u0105cych etycznego oraz odpowiedzialnego stosowania generatywnej sztucznej inteligencji (GenAI) w dydaktyce,<\/p>\n","protected":false},"author":2,"featured_media":0,"parent":272,"menu_order":1,"comment_status":"closed","ping_status":"closed","template":"","meta":{"_acf_changed":false,"ngg_post_thumbnail":0,"footnotes":""},"class_list":["post-2247","page","type-page","status-publish","hentry"],"acf":[],"_links":{"self":[{"href":"https:\/\/pb.edu.pl\/ai\/wp-json\/wp\/v2\/pages\/2247","targetHints":{"allow":["GET"]}}],"collection":[{"href":"https:\/\/pb.edu.pl\/ai\/wp-json\/wp\/v2\/pages"}],"about":[{"href":"https:\/\/pb.edu.pl\/ai\/wp-json\/wp\/v2\/types\/page"}],"author":[{"embeddable":true,"href":"https:\/\/pb.edu.pl\/ai\/wp-json\/wp\/v2\/users\/2"}],"replies":[{"embeddable":true,"href":"https:\/\/pb.edu.pl\/ai\/wp-json\/wp\/v2\/comments?post=2247"}],"version-history":[{"count":6,"href":"https:\/\/pb.edu.pl\/ai\/wp-json\/wp\/v2\/pages\/2247\/revisions"}],"predecessor-version":[{"id":2568,"href":"https:\/\/pb.edu.pl\/ai\/wp-json\/wp\/v2\/pages\/2247\/revisions\/2568"}],"up":[{"embeddable":true,"href":"https:\/\/pb.edu.pl\/ai\/wp-json\/wp\/v2\/pages\/272"}],"wp:attachment":[{"href":"https:\/\/pb.edu.pl\/ai\/wp-json\/wp\/v2\/media?parent=2247"}],"curies":[{"name":"wp","href":"https:\/\/api.w.org\/{rel}","templated":true}]}}