{"id":13,"date":"2020-05-18T14:40:41","date_gmt":"2020-05-18T12:40:41","guid":{"rendered":"https:\/\/pb.edu.pl\/ai\/?page_id=13"},"modified":"2026-01-27T10:24:53","modified_gmt":"2026-01-27T09:24:53","slug":"home","status":"publish","type":"page","link":"https:\/\/pb.edu.pl\/ai\/","title":{"rendered":""},"content":{"rendered":"<div class=\"img-full\">\n<p><img decoding=\"async\" src=\"https:\/\/pb.edu.pl\/ai\/wp-content\/uploads\/sites\/162\/2026\/01\/baner-1920x465px.jpg\" alt=\"p\u0142yta z procesorem i napisem AI\" \/><\/p>\n<div class=\"img-full-text\">\n<div class=\"img-full-title\">Etyczne i odpowiedzialne<br \/>wykorzystanie narz\u0119dzi<br \/>generatywnej sztucznej inteligencji<br \/>na Politechnice Bia\u0142ostockiej<\/div>\n<\/div>\n<\/div>\n<div class=\"text-wprowadzenie\">Politechnika Bia\u0142ostocka wspiera odpowiedzialne wykorzystanie sztucznej inteligencji w edukacji, badaniach i administracji.<br \/>\nW tym serwisie znajdziesz <span>zasady, rekomendacje, materia\u0142y szkoleniowe i przyk\u0142ady zastosowania AI<\/span>.<br \/>\nSerwis nie zast\u0119puje zarz\u0105dze\u0144 Rektora PB, ale pomaga je zrozumie\u0107 i stosowa\u0107 w praktyce.<\/div>\n<div class=\"text-naglowek-home\">Jak korzysta\u0107 z tego serwisu?<\/div>\n<div class=\"text-home\"><strong>Je\u015bli jeste\u015b studentem<\/strong> <i class=\"fa-light fa-arrow-right-long\"><\/i> zacznij od sekcji <a href=\"https:\/\/pb.edu.pl\/ai\/oznaczanie-tresci\/przyklady-oznaczen\/praca-dyplomowa-rozprawa-doktorska\/\">Praca dyplomowa<\/a>.<br \/>\n<strong>Je\u015bli jeste\u015b nauczycielem<\/strong> <i class=\"fa-light fa-arrow-right-long\"><\/i> zobacz sekcj\u0119 <a href=\"https:\/\/pb.edu.pl\/ai\/zasady-korzystania\/ksztalcenie\/\">Kszta\u0142cenie<\/a> oraz <a href=\"https:\/\/pb.edu.pl\/ai\/rekomendowane-narzedzia\/\">Rekomendowane narz\u0119dzia<\/a> i <a href=\"https:\/\/pb.edu.pl\/ai\/szkolenia\/\">Szkolenia<\/a>.<br \/>\n<strong>Je\u015bli pracujesz w administracji<\/strong> <i class=\"fa-light fa-arrow-right-long\"><\/i> przejd\u017a do sekcji <a href=\"https:\/\/pb.edu.pl\/ai\/zasady-korzystania\/administracja\/\" title=\"Administracja\">Administracja <\/a>oraz <a href=\"https:\/\/pb.edu.pl\/ai\/rekomendowane-narzedzia\/\">Rekomendowane narz\u0119dzia<\/a> i <a href=\"https:\/\/pb.edu.pl\/ai\/szkolenia\/\">Szkolenia<\/a>.<\/div>\n<div class=\"row\">\n<div class=\"col-sm-3 text-center\"><a class=\"button\" style=\"width: 100%; padding: 0px 5px 10px 5px;\" href=\"\/ai\/wprowadzenie-do-ai-w-pb\/\"><img loading=\"lazy\" decoding=\"async\" src=\"https:\/\/pb.edu.pl\/ai\/wp-content\/uploads\/sites\/162\/2026\/01\/box-misja.jpg\" alt=\"grafika tarcza ze strza\u0142\u0105\" width=\"800\" height=\"460\" class=\"aligncenter size-full wp-image-2150\" srcset=\"https:\/\/pb.edu.pl\/ai\/wp-content\/uploads\/sites\/162\/2026\/01\/box-misja.jpg 800w, https:\/\/pb.edu.pl\/ai\/wp-content\/uploads\/sites\/162\/2026\/01\/box-misja-300x173.jpg 300w, https:\/\/pb.edu.pl\/ai\/wp-content\/uploads\/sites\/162\/2026\/01\/box-misja-768x442.jpg 768w\" sizes=\"auto, (max-width: 800px) 100vw, 800px\" \/><span class=\"lead\">Wprowadzenie do AI w PB<\/span><\/a><\/div>\n<div class=\"col-sm-3 text-center\"><a class=\"button\" style=\"width: 100%; padding: 0px 5px 10px 5px;\" href=\"\/ai\/zasady-korzystania\/\"><img loading=\"lazy\" decoding=\"async\" src=\"https:\/\/pb.edu.pl\/ai\/wp-content\/uploads\/sites\/162\/2026\/01\/box-zasady.jpg\" alt=\"grafika ksi\u0105\u017cki\" width=\"800\" height=\"460\" class=\"aligncenter size-full wp-image-2152\" srcset=\"https:\/\/pb.edu.pl\/ai\/wp-content\/uploads\/sites\/162\/2026\/01\/box-zasady.jpg 800w, https:\/\/pb.edu.pl\/ai\/wp-content\/uploads\/sites\/162\/2026\/01\/box-zasady-300x173.jpg 300w, https:\/\/pb.edu.pl\/ai\/wp-content\/uploads\/sites\/162\/2026\/01\/box-zasady-768x442.jpg 768w\" sizes=\"auto, (max-width: 800px) 100vw, 800px\" \/><span class=\"lead\">Zasady korzystania<\/span><\/a><\/div>\n<div class=\"col-sm-3 text-center\"><a class=\"button\" style=\"width: 100%; padding: 0px 5px 10px 5px;\" href=\"\/ai\/oznaczanie-tresci\/\"><img loading=\"lazy\" decoding=\"async\" src=\"https:\/\/pb.edu.pl\/ai\/wp-content\/uploads\/sites\/162\/2026\/01\/box-tresci.jpg\" alt=\"grafika piania na tablecie\" width=\"800\" height=\"460\" class=\"aligncenter size-full wp-image-2155\" srcset=\"https:\/\/pb.edu.pl\/ai\/wp-content\/uploads\/sites\/162\/2026\/01\/box-tresci.jpg 800w, https:\/\/pb.edu.pl\/ai\/wp-content\/uploads\/sites\/162\/2026\/01\/box-tresci-300x173.jpg 300w, https:\/\/pb.edu.pl\/ai\/wp-content\/uploads\/sites\/162\/2026\/01\/box-tresci-768x442.jpg 768w\" sizes=\"auto, (max-width: 800px) 100vw, 800px\" \/><span class=\"lead\">Oznaczanie tre\u015bci<\/span><\/a><\/div>\n<div class=\"col-sm-3 text-center\"><a class=\"button\" style=\"width: 100%; padding: 0px 5px 10px 5px;\" href=\"\/ai\/szkolenia\/\"><img loading=\"lazy\" decoding=\"async\" src=\"https:\/\/pb.edu.pl\/ai\/wp-content\/uploads\/sites\/162\/2026\/01\/box-przyklady-new.jpg\" alt=\"grafika d\u0142oni\" width=\"800\" height=\"460\" class=\"aligncenter size-full wp-image-2158\" \/><span class=\"lead\">Szkolenia<\/span><\/a><\/div>\n<\/div>\n<p>&nbsp;<\/p>\n<div class=\"text-center\">\n<p><a class=\"zarzadzenie\" href=\"https:\/\/bip.pb.edu.pl\/index.php?event=informacja&#038;id=22455\">Zarz\u0105dzenie nr 79\/2025 Rektora Politechniki Bia\u0142ostockiej z dnia 22 sierpnia 2025 roku<br \/>w sprawie zasad korzystania z system\u00f3w generatywnej sztucznej inteligencji (GenAI) w Politechnice Bia\u0142ostockiej<\/a><\/p>\n<p><a class=\"zarzadzenie\" href=\"https:\/\/bip.pb.edu.pl\/index.php?event=informacja&#038;id=22584\">Zarz\u0105dzenie nr 95\/2025 Rektora Politechniki Bia\u0142ostockiej z dnia 8 pa\u017adziernika 2025 roku<br \/>w sprawie korzystania z system\u00f3w sztucznej inteligencji (GenAI) w procesie kszta\u0142cenia i dyplomowania w Politechnice Bia\u0142ostockiej<\/a>\n<\/div>\n<p>&nbsp;<\/p>\n","protected":false},"excerpt":{"rendered":"<p>Etyczne i odpowiedzialnewykorzystanie narz\u0119dzigeneratywnej sztucznej inteligencjina Politechnice Bia\u0142ostockiej Politechnika Bia\u0142ostocka wspiera odpowiedzialne wykorzystanie sztucznej inteligencji<\/p>\n","protected":false},"author":2,"featured_media":0,"parent":0,"menu_order":0,"comment_status":"closed","ping_status":"closed","template":"templates\/dzial.php","meta":{"_acf_changed":false,"ngg_post_thumbnail":0,"footnotes":""},"class_list":["post-13","page","type-page","status-publish","hentry"],"acf":[],"_links":{"self":[{"href":"https:\/\/pb.edu.pl\/ai\/wp-json\/wp\/v2\/pages\/13","targetHints":{"allow":["GET"]}}],"collection":[{"href":"https:\/\/pb.edu.pl\/ai\/wp-json\/wp\/v2\/pages"}],"about":[{"href":"https:\/\/pb.edu.pl\/ai\/wp-json\/wp\/v2\/types\/page"}],"author":[{"embeddable":true,"href":"https:\/\/pb.edu.pl\/ai\/wp-json\/wp\/v2\/users\/2"}],"replies":[{"embeddable":true,"href":"https:\/\/pb.edu.pl\/ai\/wp-json\/wp\/v2\/comments?post=13"}],"version-history":[{"count":3,"href":"https:\/\/pb.edu.pl\/ai\/wp-json\/wp\/v2\/pages\/13\/revisions"}],"predecessor-version":[{"id":2479,"href":"https:\/\/pb.edu.pl\/ai\/wp-json\/wp\/v2\/pages\/13\/revisions\/2479"}],"wp:attachment":[{"href":"https:\/\/pb.edu.pl\/ai\/wp-json\/wp\/v2\/media?parent=13"}],"curies":[{"name":"wp","href":"https:\/\/api.w.org\/{rel}","templated":true}]}}