{"id":1083,"date":"2023-06-27T19:59:35","date_gmt":"2023-06-27T17:59:35","guid":{"rendered":"https:\/\/pb.edu.pl\/ai\/?page_id=1083"},"modified":"2026-01-26T23:55:42","modified_gmt":"2026-01-26T22:55:42","slug":"zasady-korzystania","status":"publish","type":"page","link":"https:\/\/pb.edu.pl\/ai\/zasady-korzystania\/","title":{"rendered":"Zasady korzystania"},"content":{"rendered":"<div class=\"h2\">Dlaczego korzystanie z AI wymaga zasad?<\/div>\n<p>AI to nie tylko szansa \u2013 to te\u017c odpowiedzialno\u015b\u0107, ryzyka i obowi\u0105zki prawne.<br \/>\n&nbsp;<br \/>\nZasady korzystania z AI na Politechnice Bia\u0142ostockiej maj\u0105 chroni\u0107:<\/p>\n<ul>\n<li><strong>uczciwo\u015b\u0107 akademick\u0105<\/strong> \u2013 prace i projekty powinny odzwierciedla\u0107 rzeczywisty wk\u0142ad autora, <\/li>\n<li><strong>prawa autorskie i \u017ar\u00f3d\u0142a<\/strong> \u2013 AI mo\u017ce korzysta\u0107 z tre\u015bci, kt\u00f3rych nie wolno powiela\u0107 bez wskazania pochodzenia, <\/li>\n<li><strong>bezpiecze\u0144stwo danych<\/strong> \u2013 szczeg\u00f3lnie danych osobowych i poufnych,<\/li>\n<li><strong>rzetelno\u015b\u0107 informacji<\/strong> \u2013 modele.<\/li>\n<\/ul>\n","protected":false},"excerpt":{"rendered":"<p>Dlaczego korzystanie z AI wymaga zasad? AI to nie tylko szansa \u2013 to te\u017c odpowiedzialno\u015b\u0107,<\/p>\n","protected":false},"author":2,"featured_media":0,"parent":0,"menu_order":2,"comment_status":"closed","ping_status":"closed","template":"","meta":{"_acf_changed":false,"ngg_post_thumbnail":0,"footnotes":""},"class_list":["post-1083","page","type-page","status-publish","hentry"],"acf":[],"_links":{"self":[{"href":"https:\/\/pb.edu.pl\/ai\/wp-json\/wp\/v2\/pages\/1083","targetHints":{"allow":["GET"]}}],"collection":[{"href":"https:\/\/pb.edu.pl\/ai\/wp-json\/wp\/v2\/pages"}],"about":[{"href":"https:\/\/pb.edu.pl\/ai\/wp-json\/wp\/v2\/types\/page"}],"author":[{"embeddable":true,"href":"https:\/\/pb.edu.pl\/ai\/wp-json\/wp\/v2\/users\/2"}],"replies":[{"embeddable":true,"href":"https:\/\/pb.edu.pl\/ai\/wp-json\/wp\/v2\/comments?post=1083"}],"version-history":[{"count":2,"href":"https:\/\/pb.edu.pl\/ai\/wp-json\/wp\/v2\/pages\/1083\/revisions"}],"predecessor-version":[{"id":2410,"href":"https:\/\/pb.edu.pl\/ai\/wp-json\/wp\/v2\/pages\/1083\/revisions\/2410"}],"wp:attachment":[{"href":"https:\/\/pb.edu.pl\/ai\/wp-json\/wp\/v2\/media?parent=1083"}],"curies":[{"name":"wp","href":"https:\/\/api.w.org\/{rel}","templated":true}]}}