{"id":833,"date":"2025-05-27T15:37:48","date_gmt":"2025-05-27T13:37:48","guid":{"rendered":"https:\/\/pb.edu.pl\/across\/?page_id=833"},"modified":"2025-10-10T21:30:53","modified_gmt":"2025-10-10T19:30:53","slug":"dokumenty","status":"publish","type":"page","link":"https:\/\/pb.edu.pl\/across\/dokumenty\/","title":{"rendered":"Dokumenty"},"content":{"rendered":"<p><a  class=\"pdf\" href=\"https:\/\/pb.edu.pl\/across\/wp-content\/uploads\/sites\/147\/2025\/05\/Across-ORCID-information-document_GA.pdf\" target=\"_blank\" data-id=\"839\" >Across ORCID information document_GA <span>(PDF, 304 KB, otworzy si\u0119 w nowej karcie)<\/span><\/a><\/p>\n<p><a  class=\"pdf\" href=\"https:\/\/pb.edu.pl\/across\/wp-content\/uploads\/sites\/147\/2025\/10\/Across-map-shared-version-New.pdf\" target=\"_blank\" data-id=\"1066\" >Across map <span>(PDF, 13 MB, otworzy si\u0119 w nowej karcie)<\/span><\/a><\/p>\n<p><a  class=\"pdf\" href=\"https:\/\/pb.edu.pl\/across\/wp-content\/uploads\/sites\/147\/2025\/10\/Booklet-Across-A4-Eng-shared-version.pdf\" target=\"_blank\" data-id=\"1068\" >Booklet Across Eng <span>(PDF, 31 MB, otworzy si\u0119 w nowej karcie)<\/span><\/a><\/p>\n","protected":false},"excerpt":{"rendered":"<p>Across ORCID information document_GA (PDF, 304 KB, otworzy si\u0119 w nowej karcie) Across map (PDF, 13 MB, otworzy si\u0119 w nowej karcie) Booklet Across Eng (PDF, 31 MB, otworzy si\u0119 w nowej karcie)<\/p>\n","protected":false},"author":2,"featured_media":0,"parent":0,"menu_order":6,"comment_status":"closed","ping_status":"closed","template":"","meta":{"_acf_changed":false,"ngg_post_thumbnail":0,"footnotes":""},"class_list":["post-833","page","type-page","status-publish","hentry"],"acf":[],"_links":{"self":[{"href":"https:\/\/pb.edu.pl\/across\/wp-json\/wp\/v2\/pages\/833","targetHints":{"allow":["GET"]}}],"collection":[{"href":"https:\/\/pb.edu.pl\/across\/wp-json\/wp\/v2\/pages"}],"about":[{"href":"https:\/\/pb.edu.pl\/across\/wp-json\/wp\/v2\/types\/page"}],"author":[{"embeddable":true,"href":"https:\/\/pb.edu.pl\/across\/wp-json\/wp\/v2\/users\/2"}],"replies":[{"embeddable":true,"href":"https:\/\/pb.edu.pl\/across\/wp-json\/wp\/v2\/comments?post=833"}],"version-history":[{"count":0,"href":"https:\/\/pb.edu.pl\/across\/wp-json\/wp\/v2\/pages\/833\/revisions"}],"wp:attachment":[{"href":"https:\/\/pb.edu.pl\/across\/wp-json\/wp\/v2\/media?parent=833"}],"curies":[{"name":"wp","href":"https:\/\/api.w.org\/{rel}","templated":true}]}}