{"id":410,"date":"2025-02-28T13:43:17","date_gmt":"2025-02-28T12:43:17","guid":{"rendered":"https:\/\/pb.edu.pl\/across\/?page_id=410"},"modified":"2025-02-28T13:43:17","modified_gmt":"2025-02-28T12:43:17","slug":"aktualnosci","status":"publish","type":"page","link":"https:\/\/pb.edu.pl\/across\/aktualnosci\/","title":{"rendered":"Aktualno\u015bci"},"content":{"rendered":"\n  <div class=\"box news-box \">\n    <div class=\"row\">\n      \n      \n\n\n                    <div class=\"col-sm-3 mt-3 mb-5\">\n              \n<article class=\"format-standard\">\n    <span class=\"article-date\"><i class=\"fal fa-calendar-alt\"><\/i> 20-04-2026<\/span>\n    <a href=\"https:\/\/pb.edu.pl\/across\/nabor-na-but-research-training-cup-course\/\">\n      <div class=\"article-image\">\n        <img loading=\"lazy\" decoding=\"async\" width=\"480\" height=\"300\" src=\"https:\/\/pb.edu.pl\/across\/wp-content\/uploads\/sites\/147\/2026\/04\/PB-480x300.png\" class=\"img-fluid mb-4 wp-post-image\" alt=\"Zaproszenie do aplikowania na Research &amp; Training Cup Course organizowany na Politechnice Bia\u0142ostockiej\" \/>      <\/div>\n      <div  class=\"article-title\">Nab\u00f3r na BUT Research &#038; Training Cup Course<\/div>\n      <div class=\"article-excerpt\">Nab\u00f3r doktorant\u00f3w zagranicznych na BUT Research & Training Cup Course organizowany na Politechnice Bia\u0142ostockiej<\/div>\n    <\/a>\n<\/article>            <\/div>\n                      <div class=\"col-sm-3 mt-3 mb-5\">\n              \n<article class=\"format-standard\">\n    <span class=\"article-date\"><i class=\"fal fa-calendar-alt\"><\/i> 17-04-2026<\/span>\n    <a href=\"https:\/\/pb.edu.pl\/across\/razem-rozwijamy-uniwersytet-europejski-across-podsumowanie-spotkan-na-wydzialach\/\">\n      <div class=\"article-image\">\n        <img loading=\"lazy\" decoding=\"async\" width=\"480\" height=\"300\" src=\"https:\/\/pb.edu.pl\/across\/wp-content\/uploads\/sites\/147\/2026\/04\/2026-04-08-WBiNS-spotkanie-Across-fot-Iryna-Mikhno-PB-1-1280x800-1-480x300.jpg\" class=\"img-fluid mb-4 wp-post-image\" alt=\"fragment auli, kobieta zwraca si\u0119 do os\u00f3b siedz\u0105cych, w tle prezentacja z napisem Across\" srcset=\"https:\/\/pb.edu.pl\/across\/wp-content\/uploads\/sites\/147\/2026\/04\/2026-04-08-WBiNS-spotkanie-Across-fot-Iryna-Mikhno-PB-1-1280x800-1-480x300.jpg 480w, https:\/\/pb.edu.pl\/across\/wp-content\/uploads\/sites\/147\/2026\/04\/2026-04-08-WBiNS-spotkanie-Across-fot-Iryna-Mikhno-PB-1-1280x800-1-300x188.jpg 300w, https:\/\/pb.edu.pl\/across\/wp-content\/uploads\/sites\/147\/2026\/04\/2026-04-08-WBiNS-spotkanie-Across-fot-Iryna-Mikhno-PB-1-1280x800-1-1024x640.jpg 1024w, https:\/\/pb.edu.pl\/across\/wp-content\/uploads\/sites\/147\/2026\/04\/2026-04-08-WBiNS-spotkanie-Across-fot-Iryna-Mikhno-PB-1-1280x800-1-768x480.jpg 768w, https:\/\/pb.edu.pl\/across\/wp-content\/uploads\/sites\/147\/2026\/04\/2026-04-08-WBiNS-spotkanie-Across-fot-Iryna-Mikhno-PB-1-1280x800-1-800x500.jpg 800w, https:\/\/pb.edu.pl\/across\/wp-content\/uploads\/sites\/147\/2026\/04\/2026-04-08-WBiNS-spotkanie-Across-fot-Iryna-Mikhno-PB-1-1280x800-1.jpg 1280w\" sizes=\"auto, (max-width: 480px) 100vw, 480px\" \/>      <\/div>\n      <div  class=\"article-title\">Razem rozwijamy Uniwersytet Europejski Across! Podsumowanie spotka\u0144 na wydzia\u0142ach<\/div>\n      <div class=\"article-excerpt\">Zako\u0144czyli\u015bmy seri\u0119 spotka\u0144 informacyjnych na wszystkich wydzia\u0142ach Politechniki Bia\u0142ostockiej. Wydarzenia te by\u0142y doskona\u0142\u0105 okazj\u0105 do dyskusji o tym, jak realnie wykorzysta\u0107 unikalny potencja\u0142, kt\u00f3ry daje naszej uczelni status Uniwersytetu Europejskiego Across.<\/div>\n    <\/a>\n<\/article>            <\/div>\n                      <div class=\"col-sm-3 mt-3 mb-5\">\n              \n<article class=\"format-standard\">\n    <span class=\"article-date\"><i class=\"fal fa-calendar-alt\"><\/i> 17-04-2026<\/span>\n    <a href=\"https:\/\/pb.edu.pl\/across\/nabor-wnioskow-na-x-konferencje-doktorantow-uniwersytetu-w-gironie\/\">\n      <div class=\"article-image\">\n        <img loading=\"lazy\" decoding=\"async\" width=\"480\" height=\"300\" src=\"https:\/\/pb.edu.pl\/across\/wp-content\/uploads\/sites\/147\/2026\/04\/www-miniatury-Across-7-480x300.png\" class=\"img-fluid mb-4 wp-post-image\" alt=\"Grafika reklamuj\u0105ca nab\u00f3r wniosk\u00f3w na konferencj\u0119\" \/>      <\/div>\n      <div  class=\"article-title\">Nab\u00f3r wniosk\u00f3w na X Konferencj\u0119 Doktorant\u00f3w Uniwersytetu w Gironie<\/div>\n      <div class=\"article-excerpt\">W dniach od 1 do 4 czerwca 2026 r. w Gironie odb\u0119dzie si\u0119 konferencja organizowana przez Szko\u0142\u0119 Doktorsk\u0105 Uniwersytetu w Gironie. Studenci Szko\u0142y Doktorskiej PB, kt\u00f3rzy zakwalifikowali si\u0119 do udzia\u0142u w konferencji w drodze rekrutacji prowadzonej przez organizatora, mog\u0105 ubiega\u0107 si\u0119 o dofinansowanie wyjazdu.<\/div>\n    <\/a>\n<\/article>            <\/div>\n                      <div class=\"col-sm-3 mt-3 mb-5\">\n              \n<article class=\"format-standard\">\n    <span class=\"article-date\"><i class=\"fal fa-calendar-alt\"><\/i> 10-04-2026<\/span>\n    <a href=\"https:\/\/pb.edu.pl\/across\/politechnika-bialostocka-dla-zachowania-trwalosci-lasow-wobec-zmian-klimatu\/\">\n      <div class=\"article-image\">\n        <img loading=\"lazy\" decoding=\"async\" width=\"480\" height=\"300\" src=\"https:\/\/pb.edu.pl\/across\/wp-content\/uploads\/sites\/147\/2026\/04\/2026-04-09-Ogolnopolska-Konferencja-Naukowa-fot-Iryna-Mikhno-PB-1-1280x800-1-480x300.jpg\" class=\"img-fluid mb-4 wp-post-image\" alt=\"Wyk\u0142adowca podczas prezentacji na Og\u00f3lnopolskiej Konferencji\" srcset=\"https:\/\/pb.edu.pl\/across\/wp-content\/uploads\/sites\/147\/2026\/04\/2026-04-09-Ogolnopolska-Konferencja-Naukowa-fot-Iryna-Mikhno-PB-1-1280x800-1-480x300.jpg 480w, https:\/\/pb.edu.pl\/across\/wp-content\/uploads\/sites\/147\/2026\/04\/2026-04-09-Ogolnopolska-Konferencja-Naukowa-fot-Iryna-Mikhno-PB-1-1280x800-1-300x188.jpg 300w, https:\/\/pb.edu.pl\/across\/wp-content\/uploads\/sites\/147\/2026\/04\/2026-04-09-Ogolnopolska-Konferencja-Naukowa-fot-Iryna-Mikhno-PB-1-1280x800-1-1024x640.jpg 1024w, https:\/\/pb.edu.pl\/across\/wp-content\/uploads\/sites\/147\/2026\/04\/2026-04-09-Ogolnopolska-Konferencja-Naukowa-fot-Iryna-Mikhno-PB-1-1280x800-1-768x480.jpg 768w, https:\/\/pb.edu.pl\/across\/wp-content\/uploads\/sites\/147\/2026\/04\/2026-04-09-Ogolnopolska-Konferencja-Naukowa-fot-Iryna-Mikhno-PB-1-1280x800-1-800x500.jpg 800w, https:\/\/pb.edu.pl\/across\/wp-content\/uploads\/sites\/147\/2026\/04\/2026-04-09-Ogolnopolska-Konferencja-Naukowa-fot-Iryna-Mikhno-PB-1-1280x800-1.jpg 1280w\" sizes=\"auto, (max-width: 480px) 100vw, 480px\" \/>      <\/div>\n      <div  class=\"article-title\">Politechnika Bia\u0142ostocka dla zachowania trwa\u0142o\u015bci las\u00f3w wobec zmian klimatu<\/div>\n      <div class=\"article-excerpt\">Jak skutecznie chroni\u0107 polskie lasy w dobie gwa\u0142townych zmian klimatu, post\u0119puj\u0105cego odwodnienia oraz presji gatunk\u00f3w inwazyjnych?<\/div>\n    <\/a>\n<\/article>            <\/div>\n                      <div class=\"col-sm-3 mt-3 mb-5\">\n              \n<article class=\"format-standard\">\n    <span class=\"article-date\"><i class=\"fal fa-calendar-alt\"><\/i> 09-04-2026<\/span>\n    <a href=\"https:\/\/pb.edu.pl\/across\/nabor-wnioskow-mozliwosc-publikacji-artykulow-w-wysokopunktowanych-czasopismach-naukowych\/\">\n      <div class=\"article-image\">\n        <img loading=\"lazy\" decoding=\"async\" width=\"480\" height=\"300\" src=\"https:\/\/pb.edu.pl\/across\/wp-content\/uploads\/sites\/147\/2026\/04\/wue-mini-logo-480x300.jpg\" class=\"img-fluid mb-4 wp-post-image\" alt=\"logo programu uniwersytety europejskie nawa\" \/>      <\/div>\n      <div  class=\"article-title\">Nab\u00f3r wniosk\u00f3w \u2013 mo\u017cliwo\u015b\u0107 publikacji artyku\u0142\u00f3w w wysokopunktowanych czasopismach naukowych<\/div>\n      <div class=\"article-excerpt\">Zapraszamy pracownik\u00f3w i naukowc\u00f3w Politechniki Bia\u0142ostockiej do sk\u0142adania wniosk\u00f3w o finansowanie publikacji artyku\u0142\u00f3w naukowych w wysokopunktowanych czasopismach, realizowanych we wsp\u00f3\u0142autorstwie z partnerami z sojuszu Across.<\/div>\n    <\/a>\n<\/article>            <\/div>\n                      <div class=\"col-sm-3 mt-3 mb-5\">\n              \n<article class=\"format-standard\">\n    <span class=\"article-date\"><i class=\"fal fa-calendar-alt\"><\/i> 07-04-2026<\/span>\n    <a href=\"https:\/\/pb.edu.pl\/across\/wyjazd-studyjny-do-universitat-de-girona\/\">\n      <div class=\"article-image\">\n        <img loading=\"lazy\" decoding=\"async\" width=\"480\" height=\"300\" src=\"https:\/\/pb.edu.pl\/across\/wp-content\/uploads\/sites\/147\/2026\/04\/Wizyta-na-Universitat-de-Girona-Arch-prywatne-P-Rynkowski_mini-480x300.jpg\" class=\"img-fluid mb-4 wp-post-image\" alt=\"Uczestnicy wyjazdu Wizyta na Universitat de Girona\" srcset=\"https:\/\/pb.edu.pl\/across\/wp-content\/uploads\/sites\/147\/2026\/04\/Wizyta-na-Universitat-de-Girona-Arch-prywatne-P-Rynkowski_mini-480x300.jpg 480w, https:\/\/pb.edu.pl\/across\/wp-content\/uploads\/sites\/147\/2026\/04\/Wizyta-na-Universitat-de-Girona-Arch-prywatne-P-Rynkowski_mini-800x500.jpg 800w\" sizes=\"auto, (max-width: 480px) 100vw, 480px\" \/>      <\/div>\n      <div  class=\"article-title\">Wyjazd studyjny do Universitat de Girona<\/div>\n      <div class=\"article-excerpt\">W dniach 23-27 marca 2026 r. dr in\u017c. Piotr Rynkowski wraz z sze\u015bcioma studentami kierunku In\u017cynierii \u015arodowiska Politechniki Bia\u0142ostockiej uczestniczyli w wyje\u017adzie studyjnym do Universitat de Girona w Hiszpanii<\/div>\n    <\/a>\n<\/article>            <\/div>\n                      <div class=\"col-sm-3 mt-3 mb-5\">\n              \n<article class=\"format-standard\">\n    <span class=\"article-date\"><i class=\"fal fa-calendar-alt\"><\/i> 02-04-2026<\/span>\n    <a href=\"https:\/\/pb.edu.pl\/across\/dialog-uniwersytetow-europejskich-podczas-dni-rumunskich-w-politechnice-bialostockiej\/\">\n      <div class=\"article-image\">\n        <img loading=\"lazy\" decoding=\"async\" width=\"480\" height=\"300\" src=\"https:\/\/pb.edu.pl\/across\/wp-content\/uploads\/sites\/147\/2026\/04\/2026-03-26-Uczestnicy-wykladow-w-ramach-Dni-Rumunskich-na-Politechnice_Bialostockiej-fot-Iryna-Mikhno-PB-480x300-1-480x300.jpg\" class=\"img-fluid mb-4 wp-post-image\" alt=\"Uczestnik wyk\u0142ad\u00f3w w ramach Dni Rumu\u0144skich na Politechnice Bia\u0142ostockiej przed plakatem Across\" \/>      <\/div>\n      <div  class=\"article-title\">Dialog uniwersytet\u00f3w europejskich podczas Dni Rumu\u0144skich w Politechnice Bia\u0142ostockiej<\/div>\n      <div class=\"article-excerpt\">Dyplomacja, wsp\u00f3lna historia i nowoczesna edukacja spotka\u0142y si\u0119 w murach Politechniki Bia\u0142ostockiej podczas Dni Rumu\u0144skich (25\u201326 marca 2026 r.). Nasza uczelnia nie tylko celebrowa\u0142a relacje z partnerami z po\u0142udnia, ale sta\u0142a si\u0119 platform\u0105 wymiany unikalnych do\u015bwiadcze\u0144 mi\u0119dzy mi\u0119dzynarodowymi sojuszami: Across oraz NEOLAiA.<\/div>\n    <\/a>\n<\/article>            <\/div>\n                      <div class=\"col-sm-3 mt-3 mb-5\">\n              \n<article class=\"format-standard\">\n    <span class=\"article-date\"><i class=\"fal fa-calendar-alt\"><\/i> 02-04-2026<\/span>\n    <a href=\"https:\/\/pb.edu.pl\/across\/nabor-wnioskow-na-szkoly-letnie-across\/\">\n      <div class=\"article-image\">\n        <img loading=\"lazy\" decoding=\"async\" width=\"480\" height=\"300\" src=\"https:\/\/pb.edu.pl\/across\/wp-content\/uploads\/sites\/147\/2026\/04\/www-miniatury-Across-6-480x300.png\" class=\"img-fluid mb-4 wp-post-image\" alt=\"Grafika reklamuj\u0105ca og\u0142oszenie naboru na szko\u0142y letnie Across\" \/>      <\/div>\n      <div  class=\"article-title\">Nab\u00f3r wniosk\u00f3w na szko\u0142y letnie Across<\/div>\n      <div class=\"article-excerpt\">Uniwersytet Europejski Across og\u0142asza nab\u00f3r wniosk\u00f3w na organizacj\u0119 mi\u0119dzynarodowych szk\u00f3\u0142 letnich (Across Summer Schools), kt\u00f3re b\u0119d\u0105 realizowane w latach 2026\u20132028.<\/div>\n    <\/a>\n<\/article>            <\/div>\n                      <div class=\"col-sm-3 mt-3 mb-5\">\n              \n<article class=\"format-standard\">\n    <span class=\"article-date\"><i class=\"fal fa-calendar-alt\"><\/i> 01-04-2026<\/span>\n    <a href=\"https:\/\/pb.edu.pl\/across\/relacja-ze-stazu-dydaktyczno-naukowego-w-universitat-de-girona\/\">\n      <div class=\"article-image\">\n        <img loading=\"lazy\" decoding=\"async\" width=\"480\" height=\"300\" src=\"https:\/\/pb.edu.pl\/across\/wp-content\/uploads\/sites\/147\/2026\/04\/Staz-na-University-of-Girona-arch-pryw-F-Broniewicz-4-2048x1536-1-480x300.jpg\" class=\"img-fluid mb-4 wp-post-image\" alt=\"Budynek University of Girona widoczny na tle intensywnie pomara\u0144czowo\u2011r\u00f3\u017cowego nieba o zachodzie s\u0142o\u0144ca; przed budynkiem drzewa bez li\u015bci i kampusowa aleja\" srcset=\"https:\/\/pb.edu.pl\/across\/wp-content\/uploads\/sites\/147\/2026\/04\/Staz-na-University-of-Girona-arch-pryw-F-Broniewicz-4-2048x1536-1-480x300.jpg 480w, https:\/\/pb.edu.pl\/across\/wp-content\/uploads\/sites\/147\/2026\/04\/Staz-na-University-of-Girona-arch-pryw-F-Broniewicz-4-2048x1536-1-800x500.jpg 800w\" sizes=\"auto, (max-width: 480px) 100vw, 480px\" \/>      <\/div>\n      <div  class=\"article-title\">Relacja ze sta\u017cu dydaktyczno-naukowego w Universitat de Girona<\/div>\n      <div class=\"article-excerpt\">W dniach 2-23 marca 2026 r. dr in\u017c. Filip Broniewicz, pracownik Wydzia\u0142u Budownictwa i Nauk o \u015arodowisku Politechniki Bia\u0142ostockiej, odby\u0142 sta\u017c dydaktyczno-naukowy na Universitat de Girona (UdG) w ramach projektu NAWA \u201eACROSS \u2013 Transgraniczny Uniwersytet Europejski\u201d<\/div>\n    <\/a>\n<\/article>            <\/div>\n                      <div class=\"col-sm-3 mt-3 mb-5\">\n              \n<article class=\"format-standard\">\n    <span class=\"article-date\"><i class=\"fal fa-calendar-alt\"><\/i> 20-03-2026<\/span>\n    <a href=\"https:\/\/pb.edu.pl\/across\/pierwsze-mikroposwiadczenia-w-politechnice-bialostockiej-krok-w-strone-edukacji-przyszlosci\/\">\n      <div class=\"article-image\">\n        <img loading=\"lazy\" decoding=\"async\" width=\"480\" height=\"300\" src=\"https:\/\/pb.edu.pl\/across\/wp-content\/uploads\/sites\/147\/2026\/03\/2026-03-09-Mikroposwiadczenia-na-Wydziale-Mechanicznym-fot-Dariusz-Piekut-PB-5-1280x800-1-480x300.jpg\" class=\"img-fluid mb-4 wp-post-image\" alt=\"Studenci podczas kursu \u201eSmart Home design and configuration in Grenton system\u201d na Wydziale Mechanicznym Politechniki Bia\u0142ostockiej\" srcset=\"https:\/\/pb.edu.pl\/across\/wp-content\/uploads\/sites\/147\/2026\/03\/2026-03-09-Mikroposwiadczenia-na-Wydziale-Mechanicznym-fot-Dariusz-Piekut-PB-5-1280x800-1-480x300.jpg 480w, https:\/\/pb.edu.pl\/across\/wp-content\/uploads\/sites\/147\/2026\/03\/2026-03-09-Mikroposwiadczenia-na-Wydziale-Mechanicznym-fot-Dariusz-Piekut-PB-5-1280x800-1-300x188.jpg 300w, https:\/\/pb.edu.pl\/across\/wp-content\/uploads\/sites\/147\/2026\/03\/2026-03-09-Mikroposwiadczenia-na-Wydziale-Mechanicznym-fot-Dariusz-Piekut-PB-5-1280x800-1-1024x640.jpg 1024w, https:\/\/pb.edu.pl\/across\/wp-content\/uploads\/sites\/147\/2026\/03\/2026-03-09-Mikroposwiadczenia-na-Wydziale-Mechanicznym-fot-Dariusz-Piekut-PB-5-1280x800-1-768x480.jpg 768w, https:\/\/pb.edu.pl\/across\/wp-content\/uploads\/sites\/147\/2026\/03\/2026-03-09-Mikroposwiadczenia-na-Wydziale-Mechanicznym-fot-Dariusz-Piekut-PB-5-1280x800-1-800x500.jpg 800w, https:\/\/pb.edu.pl\/across\/wp-content\/uploads\/sites\/147\/2026\/03\/2026-03-09-Mikroposwiadczenia-na-Wydziale-Mechanicznym-fot-Dariusz-Piekut-PB-5-1280x800-1.jpg 1280w\" sizes=\"auto, (max-width: 480px) 100vw, 480px\" \/>      <\/div>\n      <div  class=\"article-title\">Pierwsze mikropo\u015bwiadczenia w Politechnice Bia\u0142ostockiej. Krok w stron\u0119 edukacji przysz\u0142o\u015bci<\/div>\n      <div class=\"article-excerpt\">Politechnika Bia\u0142ostocka wyda\u0142a pierwsze w swojej historii mikropo\u015bwiadczenia. To odpowied\u017a na wyzwania wsp\u00f3\u0142czesnej edukacji. Mikropo\u015bwiadczenia s\u0105 narz\u0119dziem, kt\u00f3re w znacz\u0105cy spos\u00f3b uelastycznia proces kszta\u0142cenia, wpisuje si\u0119 w ide\u0119 LLL (Lifelong Learning) oraz odpowiada na potrzeby rynku pracy. W pilota\u017cowym programie mikrodo\u015bwiadcze\u0144 w Politechnice Bia\u0142ostockiej wzi\u0119li udzia\u0142 studenci z siedmiu kraj\u00f3w.<\/div>\n    <\/a>\n<\/article>            <\/div>\n                      <div class=\"col-sm-3 mt-3 mb-5\">\n              \n<article class=\"format-standard\">\n    <span class=\"article-date\"><i class=\"fal fa-calendar-alt\"><\/i> 20-03-2026<\/span>\n    <a href=\"https:\/\/pb.edu.pl\/across\/i-sympozjum-dydaktyczne-w-politechnice-bialostockiej\/\">\n      <div class=\"article-image\">\n        <img loading=\"lazy\" decoding=\"async\" width=\"480\" height=\"300\" src=\"https:\/\/pb.edu.pl\/across\/wp-content\/uploads\/sites\/147\/2026\/03\/zdjecie-wizerunkowe-480x300.jpg\" class=\"img-fluid mb-4 wp-post-image\" alt=\"Rz\u0105d stoj\u0105cych obok siebie roll\u2011up\u00f3w informacyjnych prezentuj\u0105cych projekty edukacyjne i badawcze, w tym Across European Universities Alliance, CircleRedu, E\u2011Quality oraz Sympozjum Dydaktyczne Wydzia\u0142u In\u017cynierii Zarz\u0105dzania Politechniki Bia\u0142ostockiej, ustawionych w holu budynku uczelni.\" srcset=\"https:\/\/pb.edu.pl\/across\/wp-content\/uploads\/sites\/147\/2026\/03\/zdjecie-wizerunkowe-480x300.jpg 480w, https:\/\/pb.edu.pl\/across\/wp-content\/uploads\/sites\/147\/2026\/03\/zdjecie-wizerunkowe-800x500.jpg 800w\" sizes=\"auto, (max-width: 480px) 100vw, 480px\" \/>      <\/div>\n      <div  class=\"article-title\">I Sympozjum Dydaktyczne w Politechnice Bia\u0142ostockiej<\/div>\n      <div class=\"article-excerpt\">Politechnika Bia\u0142ostocka zorganizowa\u0142a I Sympozjum Dydaktyczne \u201eOblicza bezpiecze\u0144stwa w zarz\u0105dzaniu nowoczesn\u0105 szko\u0142\u0105\u201d. Wydarzenie stanowi\u0142o forum eksperckiej debaty i platform\u0119 wsp\u00f3\u0142pracy mi\u0119dzy uczelni\u0105, szko\u0142ami ponadpodstawowymi, instytucjami o\u015bwiaty oraz samorz\u0105dem. Przy\u015bwieca\u0142a mu idea budowania dobrostanu psychicznego m\u0142odych pokole\u0144 i przyjaznego systemu edukacji.<\/div>\n    <\/a>\n<\/article>            <\/div>\n                      <div class=\"col-sm-3 mt-3 mb-5\">\n              \n<article class=\"format-standard\">\n    <span class=\"article-date\"><i class=\"fal fa-calendar-alt\"><\/i> 19-03-2026<\/span>\n    <a href=\"https:\/\/pb.edu.pl\/across\/i-seminarium-inzynierii-czystego-powietrza-w-politechnice-bialostockiej\/\">\n      <div class=\"article-image\">\n        <img loading=\"lazy\" decoding=\"async\" width=\"480\" height=\"300\" src=\"https:\/\/pb.edu.pl\/across\/wp-content\/uploads\/sites\/147\/2026\/03\/2026-03-I-seminarium-inzynierii-czystego-powietrza-www-1-1280x800-1-480x300.jpg\" class=\"img-fluid mb-4 wp-post-image\" alt=\"Seminarium In\u017cynierii Czystego Powietrza \u201eOd monitoringu jako\u015bci powietrza do jego wp\u0142ywu na zdrowie\u201d - 31.03.2026 Bia\u0142ystok\" srcset=\"https:\/\/pb.edu.pl\/across\/wp-content\/uploads\/sites\/147\/2026\/03\/2026-03-I-seminarium-inzynierii-czystego-powietrza-www-1-1280x800-1-480x300.jpg 480w, https:\/\/pb.edu.pl\/across\/wp-content\/uploads\/sites\/147\/2026\/03\/2026-03-I-seminarium-inzynierii-czystego-powietrza-www-1-1280x800-1-300x188.jpg 300w, https:\/\/pb.edu.pl\/across\/wp-content\/uploads\/sites\/147\/2026\/03\/2026-03-I-seminarium-inzynierii-czystego-powietrza-www-1-1280x800-1-1024x640.jpg 1024w, https:\/\/pb.edu.pl\/across\/wp-content\/uploads\/sites\/147\/2026\/03\/2026-03-I-seminarium-inzynierii-czystego-powietrza-www-1-1280x800-1-768x480.jpg 768w, https:\/\/pb.edu.pl\/across\/wp-content\/uploads\/sites\/147\/2026\/03\/2026-03-I-seminarium-inzynierii-czystego-powietrza-www-1-1280x800-1-800x500.jpg 800w, https:\/\/pb.edu.pl\/across\/wp-content\/uploads\/sites\/147\/2026\/03\/2026-03-I-seminarium-inzynierii-czystego-powietrza-www-1-1280x800-1.jpg 1280w\" sizes=\"auto, (max-width: 480px) 100vw, 480px\" \/>      <\/div>\n      <div  class=\"article-title\">I Seminarium In\u017cynierii Czystego Powietrza w Politechnice Bia\u0142ostockiej<\/div>\n      <div class=\"article-excerpt\">Zapraszamy 31 marca 2026 r. (wtorek), w godz. 12:00 \u2013 14:15, Wydzia\u0142 Budownictwa i Nauk o \u015arodowisku PB, budynek Inno Eko Tech, Aula C<\/div>\n    <\/a>\n<\/article>            <\/div>\n                    <\/div>\n    \n\t<nav class=\"navigation pagination\" aria-label=\"Stronicowanie wpis\u00f3w\">\n\t\t<h2 class=\"screen-reader-text\">Stronicowanie wpis\u00f3w<\/h2>\n\t\t<div class=\"nav-links\"><span aria-current=\"page\" class=\"page-numbers current\">1<\/span>\n<a class=\"page-numbers\" href=\"https:\/\/pb.edu.pl\/across\/wp-json\/wp\/v2\/pages\/410\/page\/2\/\">2<\/a>\n<a class=\"page-numbers\" href=\"https:\/\/pb.edu.pl\/across\/wp-json\/wp\/v2\/pages\/410\/page\/3\/\">3<\/a>\n<span class=\"page-numbers dots\">&hellip;<\/span>\n<a class=\"page-numbers\" href=\"https:\/\/pb.edu.pl\/across\/wp-json\/wp\/v2\/pages\/410\/page\/7\/\">7<\/a>\n<a class=\"next page-numbers\" href=\"https:\/\/pb.edu.pl\/across\/wp-json\/wp\/v2\/pages\/410\/page\/2\/\">Nast\u0119pne<\/a><\/div>\n\t<\/nav>      <\/div>\n\n","protected":false},"excerpt":{"rendered":"","protected":false},"author":2,"featured_media":0,"parent":0,"menu_order":0,"comment_status":"closed","ping_status":"closed","template":"","meta":{"_acf_changed":false,"ngg_post_thumbnail":0,"footnotes":""},"class_list":["post-410","page","type-page","status-publish","hentry"],"acf":[],"_links":{"self":[{"href":"https:\/\/pb.edu.pl\/across\/wp-json\/wp\/v2\/pages\/410","targetHints":{"allow":["GET"]}}],"collection":[{"href":"https:\/\/pb.edu.pl\/across\/wp-json\/wp\/v2\/pages"}],"about":[{"href":"https:\/\/pb.edu.pl\/across\/wp-json\/wp\/v2\/types\/page"}],"author":[{"embeddable":true,"href":"https:\/\/pb.edu.pl\/across\/wp-json\/wp\/v2\/users\/2"}],"replies":[{"embeddable":true,"href":"https:\/\/pb.edu.pl\/across\/wp-json\/wp\/v2\/comments?post=410"}],"version-history":[{"count":0,"href":"https:\/\/pb.edu.pl\/across\/wp-json\/wp\/v2\/pages\/410\/revisions"}],"wp:attachment":[{"href":"https:\/\/pb.edu.pl\/across\/wp-json\/wp\/v2\/media?parent=410"}],"curies":[{"name":"wp","href":"https:\/\/api.w.org\/{rel}","templated":true}]}}