{"id":261,"date":"2025-02-25T17:42:55","date_gmt":"2025-02-25T16:42:55","guid":{"rendered":"https:\/\/pb.edu.pl\/across\/?page_id=261"},"modified":"2025-03-18T11:16:20","modified_gmt":"2025-03-18T10:16:20","slug":"kontakt","status":"publish","type":"page","link":"https:\/\/pb.edu.pl\/across\/kontakt\/","title":{"rendered":"Kontakt"},"content":{"rendered":"<p>Koordynator Uniwersytetu Europejskiego ACROSS z ramienia Politechniki Bia\u0142ostockiej<br \/>\ndr hab. in\u017c. Dorota Anna Krawczyk, prof. PB<br \/>\n <i class=\"fal fa-envelope\"><\/i> <a href=\"#\" rel=\"nofollow\"  onclick=\"this.href='mailto:' + 'd.krawczyk' + '@' + 'pb.edu.pl'\">d.krawczyk [at] pb.edu.pl<\/a>\n<p>Specjalista ds. komunikacji wewn\u0119trznej i zewn\u0119trznej ACROSS<br \/>\nmgr Gra\u017cyna Jakimiuk<br \/>\n <i class=\"fal fa-envelope\"><\/i> <a href=\"#\" rel=\"nofollow\"  onclick=\"this.href='mailto:' + 'g.jakimiuk' + '@' + 'pb.edu.pl'\">g.jakimiuk [at] pb.edu.pl<\/a>, &nbsp; <i class=\"fal fa-phone\"><\/i> +48 85 746 96 62<\/p>\n<p><strong>Biuro<\/strong><br \/>\nul. Wiejska 45A<br \/>\n15-351 Bia\u0142ystok<br \/>\npok\u00f3j C33<\/p>\n<div class=\"h4\">Obs\u0142uga administracyjna projektu<\/div>\n<p><strong>Dzia\u0142 Projekt\u00f3w Mi\u0119dzynarodowych Erasmus+ i NAWA<\/strong><\/p>\n<p>Obs\u0142uga administracyjna WP1. Zarz\u0105dzanie i koordynacja w ramach sojuszu Across<\/p>\n<ul>\nMarta Orpik, pok\u00f3j C29<br \/>\n <i class=\"fal fa-envelope\"><\/i> <a href=\"#\" rel=\"nofollow\"  onclick=\"this.href='mailto:' + 'm.orpik' + '@' + 'pb.edu.pl'\">m.orpik [at] pb.edu.pl<\/a>, &nbsp; <i class=\"fal fa-phone\"><\/i>+48 85 746 70 10\n<\/ul>\n<p>&nbsp;<br \/>\nObs\u0142uga administracyjna WP2. Edukacja bez granic w ramach sojuszu Across<\/p>\n<ul>\nmgr Anna Ulitko-\u0141awicka, pok\u00f3j C29<br \/>\n <i class=\"fal fa-envelope\"><\/i> <a href=\"#\" rel=\"nofollow\"  onclick=\"this.href='mailto:' + 'a.lawicka' + '@' + 'pb.edu.pl'\">a.lawicka [at] pb.edu.pl<\/a>, &nbsp; <i class=\"fal fa-phone\"><\/i> +48 85 746 70 28\n<\/ul>\n<p>&nbsp;<br \/>\nObs\u0142uga administracyjna WP3. Badania i innowacje bez granic w ramach sojuszu Across<\/p>\n<ul>\nmgr Izabela Karpi\u0144ska, pok\u00f3j C29<br \/>\n <i class=\"fal fa-envelope\"><\/i> <a href=\"#\" rel=\"nofollow\"  onclick=\"this.href='mailto:' + 'izabela.karpinska' + '@' + 'pb.edu.pl'\">izabela.karpinska [at] pb.edu.pl<\/a>, &nbsp; <i class=\"fal fa-phone\"><\/i> +48 85 746 70 10\n<\/ul>\n<p>&nbsp;<br \/>\nObs\u0142uga administracyjna WP4. Wp\u0142yw i rozpowszechnianie bez granic w ramach sojuszu Across<\/p>\n<ul>\nmgr in\u017c. Agata Dzieko\u0144ska, pok\u00f3j C29<br \/>\n <i class=\"fal fa-envelope\"><\/i> <a href=\"#\" rel=\"nofollow\"  onclick=\"this.href='mailto:' + 'a.dziekonska' + '@' + 'pb.edu.pl'\">a.dziekonska [at] pb.edu.pl<\/a>, &nbsp; <i class=\"fal fa-phone\"><\/i>+48 85 746 96 61\n<\/ul>\n<p>&nbsp;<br \/>\nAdministrator serwisu www<\/p>\n<ul>\ndr in\u017c. Tomasz Hu\u015bcio<br \/>\n <i class=\"fal fa-envelope\"><\/i> <a href=\"#\" rel=\"nofollow\"  onclick=\"this.href='mailto:' + 't.huscio' + '@' + 'pb.edu.pl'\">t.huscio [at] pb.edu.pl<\/a>\n<\/ul>\n<p>&nbsp;<\/p>\n<p><img loading=\"lazy\" decoding=\"async\" class=\"aligncenter wp-image-645\" src=\"https:\/\/pb.edu.pl\/across\/wp-content\/uploads\/sites\/147\/2025\/03\/PL-Dofinansowane-przez-UE-POS.jpg\" alt=\"Dofinansowane przez Uni\u0119 Europejsk\u0105 POS\" width=\"600\" height=\"121\" srcset=\"https:\/\/pb.edu.pl\/across\/wp-content\/uploads\/sites\/147\/2025\/03\/PL-Dofinansowane-przez-UE-POS.jpg 1400w, https:\/\/pb.edu.pl\/across\/wp-content\/uploads\/sites\/147\/2025\/03\/PL-Dofinansowane-przez-UE-POS-300x61.jpg 300w, https:\/\/pb.edu.pl\/across\/wp-content\/uploads\/sites\/147\/2025\/03\/PL-Dofinansowane-przez-UE-POS-1024x207.jpg 1024w, https:\/\/pb.edu.pl\/across\/wp-content\/uploads\/sites\/147\/2025\/03\/PL-Dofinansowane-przez-UE-POS-768x155.jpg 768w\" sizes=\"auto, (max-width: 600px) 100vw, 600px\" \/><\/p>\n","protected":false},"excerpt":{"rendered":"<p>Koordynator Uniwersytetu Europejskiego ACROSS z ramienia Politechniki Bia\u0142ostockiej dr hab. in\u017c. Dorota Anna Krawczyk, prof. PB Specjalista ds. komunikacji wewn\u0119trznej i zewn\u0119trznej ACROSS mgr Gra\u017cyna Jakimiuk , &nbsp; +48 85 746 96 62 Biuro ul. Wiejska 45A 15-351 Bia\u0142ystok pok\u00f3j C33 Obs\u0142uga administracyjna projektu Dzia\u0142 Projekt\u00f3w Mi\u0119dzynarodowych Erasmus+ i NAWA Obs\u0142uga administracyjna WP1. Zarz\u0105dzanie i [&hellip;]<\/p>\n","protected":false},"author":2,"featured_media":0,"parent":0,"menu_order":5,"comment_status":"closed","ping_status":"closed","template":"","meta":{"_acf_changed":false,"ngg_post_thumbnail":0,"footnotes":""},"class_list":["post-261","page","type-page","status-publish","hentry"],"acf":[],"_links":{"self":[{"href":"https:\/\/pb.edu.pl\/across\/wp-json\/wp\/v2\/pages\/261","targetHints":{"allow":["GET"]}}],"collection":[{"href":"https:\/\/pb.edu.pl\/across\/wp-json\/wp\/v2\/pages"}],"about":[{"href":"https:\/\/pb.edu.pl\/across\/wp-json\/wp\/v2\/types\/page"}],"author":[{"embeddable":true,"href":"https:\/\/pb.edu.pl\/across\/wp-json\/wp\/v2\/users\/2"}],"replies":[{"embeddable":true,"href":"https:\/\/pb.edu.pl\/across\/wp-json\/wp\/v2\/comments?post=261"}],"version-history":[{"count":0,"href":"https:\/\/pb.edu.pl\/across\/wp-json\/wp\/v2\/pages\/261\/revisions"}],"wp:attachment":[{"href":"https:\/\/pb.edu.pl\/across\/wp-json\/wp\/v2\/media?parent=261"}],"curies":[{"name":"wp","href":"https:\/\/api.w.org\/{rel}","templated":true}]}}