{"id":259,"date":"2025-02-25T17:42:43","date_gmt":"2025-02-25T16:42:43","guid":{"rendered":"https:\/\/pb.edu.pl\/across\/?page_id=259"},"modified":"2025-11-21T17:01:39","modified_gmt":"2025-11-21T16:01:39","slug":"aplikuj","status":"publish","type":"page","link":"https:\/\/pb.edu.pl\/across\/aplikuj\/","title":{"rendered":"Aplikuj"},"content":{"rendered":"<p><strong>Rekrutacja w ramach programu NAWA &#8211; Wsparcie Uniwersytet\u00f3w Europejskich<\/strong><\/p>\n<p>Przed z\u0142o\u017ceniem wniosku aplikacyjnego prosz\u0119 o zapoznanie si\u0119 z informacjami dotycz\u0105cymi uczestnictwa w&nbsp;projekcie na stronie <a href=\"https:\/\/pb.edu.pl\/iros\/projekty-nawa\/wsparcie-uniwersytetow-europejskich\/zadania\/\">projektu<\/a>.<\/p>\n<div class=\"accordion\" id=\"accordion-1\">\n<div class=\"accordion-item\"><h2 class=\"accordion-header\"><button class=\"accordion-button collapsed\" type=\"button\" data-bs-toggle=\"collapse\" data-bs-target=\"#collapse69d3350aae138\" aria-expanded=\"false\" aria-controls=\"collapse69d3350aae138\">Internships for Employees\/ Phd Students of Bia\u0142ystok University of Technology<\/button><\/h2><div id=\"collapse69d3350aae138\" class=\"accordion-collapse collapse\" data-bs-parent=\"#accordion-1\"><div class=\"accordion-body\">\n<strong>Activity Type:<\/strong> Internships for Employees\/ Phd Students of Bia\u0142ystok University of Technology<\/p>\n<p><strong>Date of activity<\/strong>: an individually agreed date between the scholarship holder and the host university, but no later than 31 July 2026<\/p>\n<p><strong>On-site location:<\/strong>&nbsp; a partner university individually agreed upon from among the following:<\/p>\n<ul>\n<li>Chemnitz University of Technology, Germany<\/li>\n<li>University of Perpignan, France<\/li>\n<li>University of Girona, Spain<\/li>\n<li>University of Udine, Italy<\/li>\n<li>University of Ruse, Bulgaria<\/li>\n<li>University of Craiova, Romania<\/li>\n<li>University of Nova Gorica, Slovenia<\/li>\n<li>University of Banja Luka, Bosnia and Herzegovina<\/li>\n<\/ul>\n<p>&nbsp;<br \/>\n<strong>Call for applications:<\/strong><\/p>\n<p><a class=\"pdf\" href=\"https:\/\/pb.edu.pl\/iros\/wp-content\/uploads\/sites\/24\/2025\/09\/Ogloszenie-o-naborze-na-staze-w-uczelni-ACROSS-1.pdf\" target=\"_blank\" rel=\"noopener\" data-id=\"26923\">Og\u0142oszenie o naborze na sta\u017ce w uczelni ACROSS (PDF, 650 KB, otworzy si\u0119 w nowej karcie)<\/a><\/p>\n<p><a class=\"doc\" title=\"pobierz plik\" href=\"https:\/\/pb.edu.pl\/iros\/wp-content\/uploads\/sites\/24\/2025\/09\/Zal-1-CONFIRMATION-OF-ACCEPTANCE.docx\" data-id=\"26925\">Za\u0142. 1 CONFIRMATION OF ACCEPTANCE (DOCX, 117 KB)<\/a><\/p>\n<p><a class=\"pdf\" href=\"https:\/\/pb.edu.pl\/iros\/wp-content\/uploads\/sites\/24\/2025\/09\/Informacja-Administratora-RODO.pdf\" target=\"_blank\" rel=\"noopener\" data-id=\"26927\">Informacja Administratora RODO (PDF, 135 KB, otworzy si\u0119 w nowej karcie)<\/a><br \/>\n&nbsp;<br \/>\n<strong>Application link<\/strong> &#8211; <a href=\"https:\/\/forms.office.com\/Pages\/ResponsePage.aspx?id=jfpgeCGkpUCDJwcSAm6Q5KgdvsKZnC5GtZtT__IJGnBUMzgyUUNWMlNXMENIT1JET1lYOFNENzlJOC4u\">Link to recruitment form<\/a><br \/>\n&nbsp;<br \/>\n<strong>Participants selected for the project will receive:<\/strong><\/p>\n<ul>\n<li>A&nbsp;<strong>scholarship<\/strong>&nbsp;to cover travel expenses (<strong>3000 PLN<\/strong> \u2013 Germany, Bosnia and Herzegovina, Romania, Slovenia; <strong>4000 PLN<\/strong> \u2013 France, Bulgaria, Italy; 6000 PLN \u2013 Spain)<\/li>\n<li>A&nbsp;<strong>lump sum<\/strong>&nbsp;for living and accommodation costs (<strong>300 PLN\/ per 1 day<\/strong> &#8211; Bosnia and Herzegovina, Romania, Bulgaria; <strong>400 PLN\/ per 1 day<\/strong> \u2013 Germany, Slovenia, France, Italy, Spain)<\/li>\n<\/ul>\n<\/div><\/div><\/div>\n<div class=\"accordion-item\"><h2 class=\"accordion-header\"><button class=\"accordion-button collapsed\" type=\"button\" data-bs-toggle=\"collapse\" data-bs-target=\"#collapse69d3350aae167\" aria-expanded=\"false\" aria-controls=\"collapse69d3350aae167\">Study Visits for Students and Employees of Bia\u0142ystok University of Technology<\/button><\/h2><div id=\"collapse69d3350aae167\" class=\"accordion-collapse collapse\" data-bs-parent=\"#accordion-1\"><div class=\"accordion-body\">\n<strong>Activity Type:<\/strong> Study Visits for Students and Employees of Bia\u0142ystok University of Technology<\/p>\n<p><strong>Date of activity<\/strong>: an individually agreed date between the academic teacher (acting as the study visit supervisor) and the host university, but no later than 30 June 2026<\/p>\n<p><strong>On-site location:<\/strong> a partner university individually agreed upon from among the following:<\/p>\n<ul>\n<li>Chemnitz University of Technology, Germany<\/li>\n<li>University of Perpignan, France<\/li>\n<li>University of Girona, Spain<\/li>\n<li>University of Udine, Italy<\/li>\n<li>University of Ruse, Bulgaria<\/li>\n<li>University of Craiova, Romania<\/li>\n<li>University of Nova Gorica, Slovenia<\/li>\n<li>University of Banja Luka, Bosnia and Herzegovina<\/li>\n<\/ul>\n<p>&nbsp;<br \/>\n<strong>Call for applications:<\/strong><\/p>\n<p><a class=\"pdf\" href=\"https:\/\/pb.edu.pl\/iros\/wp-content\/uploads\/sites\/24\/2025\/09\/Ogloszenie-o-naborze-na-grupowe-wizyty-studyjne-.pdf\" target=\"_blank\" rel=\"noopener\" data-id=\"26932\">Og\u0142oszenie o naborze na grupowe wizyty studyjne (PDF, 286 KB, otworzy si\u0119 w nowej karcie)<\/a><\/p>\n<p><a class=\"doc\" title=\"pobierz plik\" href=\"https:\/\/pb.edu.pl\/iros\/wp-content\/uploads\/sites\/24\/2025\/09\/Zal-1-CONFIRMATION-OF-ACCEPTANCE-2.docx\" data-id=\"26934\">Za\u0142. 1 CONFIRMATION OF ACCEPTANCE (DOCX, 118 KB)<\/a><\/p>\n<p><a class=\"pdf\" href=\"https:\/\/pb.edu.pl\/iros\/wp-content\/uploads\/sites\/24\/2025\/09\/Informacja-Administratora-RODO-1.pdf\" target=\"_blank\" rel=\"noopener\" data-id=\"26930\">Informacja Administratora RODO (PDF, 135 KB, otworzy si\u0119 w nowej karcie)<\/a><br \/>\n&nbsp;<br \/>\n<strong>Application link<\/strong> &#8211; <a href=\"https:\/\/forms.office.com\/Pages\/ResponsePage.aspx?id=jfpgeCGkpUCDJwcSAm6Q5KgdvsKZnC5GtZtT__IJGnBUQjlaQkNNM1o3VEhZVks5TUlORjI3SkgxOS4u\">Link to recruitment form<\/a><br \/>\n&nbsp;<br \/>\n<strong>Participants selected for the project will receive:<\/strong><\/p>\n<ul>\n<li>A scholarship to cover travel expenses (<strong>3000 PLN<\/strong> \u2013 Germany, Bosnia and Herzegovina, Romania, Slovenia; <strong>4000 PLN<\/strong> \u2013 France, Bulgaria, Italy; 6000 PLN \u2013 Spain)<\/li>\n<li>A lump sum&nbsp;for living and accommodation costs (<strong>300 PLN\/ per 1 day<\/strong> &#8211; Bosnia and Herzegovina, Romania, Bulgaria; <strong>400 PLN\/ per 1 day<\/strong> \u2013 Germany, Slovenia, France, Italy, Spain)<\/li>\n<li>A residency scholarship (<strong>75 PLN\/ per 1 day<\/strong> \u2013 students, <strong>250 PLN\/ per 1 day<\/strong> \u2013 teachers)<\/li>\n<\/ul>\n<\/div><\/div><\/div>\n<div class=\"accordion-item\"><h2 class=\"accordion-header\"><button class=\"accordion-button collapsed\" type=\"button\" data-bs-toggle=\"collapse\" data-bs-target=\"#collapse69d3350aae173\" aria-expanded=\"false\" aria-controls=\"collapse69d3350aae173\">Internships for Employees\/PhD Students of Across Partner Universities at Bia\u0142ystok University of Technology<\/button><\/h2><div id=\"collapse69d3350aae173\" class=\"accordion-collapse collapse\" data-bs-parent=\"#accordion-1\"><div class=\"accordion-body\">\n<strong>Activity Type:<\/strong> Internships for Employees\/ Phd Students of Across Partner Universities at Bialystok University of Technology<\/p>\n<p><strong>Date of activity:<\/strong> a date to be individually agreed upon between the scholarship holder and the internship supervisor from Bialystok University of Technology, but no later than 31 July 2026.<\/p>\n<p><strong>On-site location:<\/strong> Bia\u0142ystok University of Technology, 45A, Wiejska Street, 15-351 Bialystok, Poland:<\/p>\n<ul>\n<li>Faculty of Civil Engineering and Environmental Sciences &#8211; 45 E Wiejska, 15-351 Bialystok<\/li>\n<li>Faculty of Electrical Engineering &#8211; 45 D Wiejska Street, 15-351 Bialystok<\/li>\n<li>Faculty of Mechanical Engineering &#8211; 45 C Wiejska, 15-351 Bialystok<\/li>\n<li>Faculty of Computer Science &#8211; 45 A Wiejska, 15-351 Bialystok<\/li>\n<li>Faculty of Architecture \u2013 11 Oskara Sosnowskiego Street, 15-893 Bia\u0142ystok<\/li>\n<li>Faculty of Engineering Management &#8211; 2 Ojca Tarasiuka Street, 16-001 Kleosin<\/li>\n<\/ul>\n<p><strong>Call for applications:<\/strong><br \/>\n<a class=\"pdf\" href=\"https:\/\/pb.edu.pl\/iros\/wp-content\/uploads\/sites\/24\/2025\/11\/Call-for-Applications-1.pdf\" target=\"_blank\" rel=\"noopener\" data-id=\"28004\">Call for Applications (PDF, 238 KB, otworzy si\u0119 w nowej karcie)<\/a><\/p>\n<p><strong>Project Participation Regulations<\/strong> &#8211; <a href=\"https:\/\/pb.edu.pl\/iros\/projekty-nawa\/wsparcie-uniwersytetow-europejskich\/dokumenty\/\">pb.edu.pl\/iros\/projekty-nawa\/wsparcie-uniwersytetow-europejskich\/dokumenty\/<\/a><\/p>\n<p><strong>Application link<\/strong> &#8211; <a href=\"https:\/\/forms.office.com\/Pages\/ResponsePage.aspx?id=jfpgeCGkpUCDJwcSAm6Q5KgdvsKZnC5GtZtT__IJGnBUODY0N1RISTJOWEtLMVRGRTczT08zSFdCRy4u\">Internship Application Form \u2013 Wype\u0142nij formularz<\/a><\/p>\n<p><strong>Participants selected for the project will receive:<\/strong><\/p>\n<ol>\n<li>A&nbsp;scholarship&nbsp;to cover travel expenses (round trip):\n<ul>\n<li><strong>1500 PLN<\/strong>&nbsp;\u2013 Interns from Germany, Bosnia and Herzegovina, Romania and Slovenia;&nbsp;<\/li>\n<li><strong>2000 PLN<\/strong>&nbsp;\u2013 Interns from France, Bulgaria, Italy;<\/li>\n<li><strong>3000 PLN<\/strong> \u2013 Interns from Spain<\/li>\n<\/ul>\n<\/li>\n<li>A&nbsp;<strong>lump sum <\/strong>for living and accommodation costs&nbsp; <strong>&#8211; 300 PLN per day spent in Poland<\/strong><\/li>\n<\/ol>\n<\/div><\/div><\/div>\n<\/div>\n<p>&nbsp;<br \/>\n&nbsp;<\/p>\n<div class=\"text-center\">Projekty \u201eAcross \u2013 Transgraniczny Uniwersytet Europejski\u201d i \u201eWsp\u00f3lnie ku doskona\u0142o\u015bci<br \/>\n\u2013 Politechnika Bia\u0142ostocka w&nbsp;dzia\u0142aniach sojuszu Across-PBAcross\u201d finansowane ze \u015brodk\u00f3w Unii Europejskiej<br \/>\nz Funduszu Europejskiego dla&nbsp;Rozwoju Spo\u0142ecznego 2021-2027 (FERS)<br \/>\nw ramach projektu NAWA pt. \u201eWsparcie sojuszy Uniwersytet\u00f3w Europejskich\u201d o numerze FERS.01.05-IP.08-0219\/23.<\/div>\n<p><img decoding=\"async\" class=\"img-fluid aligncenter size-full wp-image-1176\" src=\"https:\/\/pb.edu.pl\/across\/wp-content\/uploads\/sites\/147\/2025\/11\/FERS-RP-UE-NAWA-poziom-kolor.png\" alt=\"logo FERS RP UE NAWA\" width=\"915\" srcset=\"https:\/\/pb.edu.pl\/across\/wp-content\/uploads\/sites\/147\/2025\/11\/FERS-RP-UE-NAWA-poziom-kolor.png 2500w, https:\/\/pb.edu.pl\/across\/wp-content\/uploads\/sites\/147\/2025\/11\/FERS-RP-UE-NAWA-poziom-kolor-300x32.png 300w, https:\/\/pb.edu.pl\/across\/wp-content\/uploads\/sites\/147\/2025\/11\/FERS-RP-UE-NAWA-poziom-kolor-1024x109.png 1024w, https:\/\/pb.edu.pl\/across\/wp-content\/uploads\/sites\/147\/2025\/11\/FERS-RP-UE-NAWA-poziom-kolor-768x82.png 768w, https:\/\/pb.edu.pl\/across\/wp-content\/uploads\/sites\/147\/2025\/11\/FERS-RP-UE-NAWA-poziom-kolor-1536x163.png 1536w, https:\/\/pb.edu.pl\/across\/wp-content\/uploads\/sites\/147\/2025\/11\/FERS-RP-UE-NAWA-poziom-kolor-2048x218.png 2048w\" sizes=\"(max-width: 2500px) 100vw, 2500px\" \/><\/p>\n<p><!--\n<img loading=\"lazy\" decoding=\"async\" class=\"aligncenter wp-image-645\" src=\"https:\/\/pb.edu.pl\/across\/wp-content\/uploads\/sites\/147\/2025\/03\/PL-Dofinansowane-przez-UE-POS.jpg\" alt=\"Dofinansowane przez Uni\u0119 Europejsk\u0105 POS\" width=\"600\" height=\"121\" srcset=\"https:\/\/pb.edu.pl\/across\/wp-content\/uploads\/sites\/147\/2025\/03\/PL-Dofinansowane-przez-UE-POS.jpg 1400w, https:\/\/pb.edu.pl\/across\/wp-content\/uploads\/sites\/147\/2025\/03\/PL-Dofinansowane-przez-UE-POS-300x61.jpg 300w, https:\/\/pb.edu.pl\/across\/wp-content\/uploads\/sites\/147\/2025\/03\/PL-Dofinansowane-przez-UE-POS-1024x207.jpg 1024w, https:\/\/pb.edu.pl\/across\/wp-content\/uploads\/sites\/147\/2025\/03\/PL-Dofinansowane-przez-UE-POS-768x155.jpg 768w\" sizes=\"auto, (max-width: 600px) 100vw, 600px\" \/>\n--><\/p>\n","protected":false},"excerpt":{"rendered":"<p>Rekrutacja w ramach programu NAWA &#8211; Wsparcie Uniwersytet\u00f3w Europejskich Przed z\u0142o\u017ceniem wniosku aplikacyjnego prosz\u0119 o zapoznanie si\u0119 z informacjami dotycz\u0105cymi uczestnictwa w&nbsp;projekcie na stronie projektu. &nbsp; &nbsp; Projekty \u201eAcross \u2013 Transgraniczny Uniwersytet Europejski\u201d i \u201eWsp\u00f3lnie ku doskona\u0142o\u015bci \u2013 Politechnika Bia\u0142ostocka w&nbsp;dzia\u0142aniach sojuszu Across-PBAcross\u201d finansowane ze \u015brodk\u00f3w Unii Europejskiej z Funduszu Europejskiego dla&nbsp;Rozwoju Spo\u0142ecznego 2021-2027 (FERS) [&hellip;]<\/p>\n","protected":false},"author":2,"featured_media":0,"parent":0,"menu_order":4,"comment_status":"closed","ping_status":"closed","template":"","meta":{"_acf_changed":false,"ngg_post_thumbnail":0,"footnotes":""},"class_list":["post-259","page","type-page","status-publish","hentry"],"acf":[],"_links":{"self":[{"href":"https:\/\/pb.edu.pl\/across\/wp-json\/wp\/v2\/pages\/259","targetHints":{"allow":["GET"]}}],"collection":[{"href":"https:\/\/pb.edu.pl\/across\/wp-json\/wp\/v2\/pages"}],"about":[{"href":"https:\/\/pb.edu.pl\/across\/wp-json\/wp\/v2\/types\/page"}],"author":[{"embeddable":true,"href":"https:\/\/pb.edu.pl\/across\/wp-json\/wp\/v2\/users\/2"}],"replies":[{"embeddable":true,"href":"https:\/\/pb.edu.pl\/across\/wp-json\/wp\/v2\/comments?post=259"}],"version-history":[{"count":0,"href":"https:\/\/pb.edu.pl\/across\/wp-json\/wp\/v2\/pages\/259\/revisions"}],"wp:attachment":[{"href":"https:\/\/pb.edu.pl\/across\/wp-json\/wp\/v2\/media?parent=259"}],"curies":[{"name":"wp","href":"https:\/\/api.w.org\/{rel}","templated":true}]}}